{"id":59002,"date":"2023-05-11T00:44:07","date_gmt":"2023-05-10T22:44:07","guid":{"rendered":"https:\/\/fcom.pro\/sklep\/revetement-disolation-thermique-at-termo\/"},"modified":"2026-02-10T18:29:05","modified_gmt":"2026-02-10T17:29:05","slug":"revetement-disolation-thermique-at-termo","status":"publish","type":"product","link":"https:\/\/fcom.pro\/fr\/boutique\/revetement-disolation-thermique-at-termo\/","title":{"rendered":"Rev\u00eatement d&#8217;isolation thermique AT Termo"},"content":{"rendered":"\t\t<div data-elementor-type=\"product-post\" data-elementor-id=\"59002\" class=\"elementor elementor-59002 elementor-18049\" data-elementor-post-type=\"product\">\n\t\t\t\t<section class=\"elementor-element elementor-element-9068d84 section-indicator  e-con-full e-flex e-con e-parent\" data-id=\"9068d84\" data-element_type=\"container\" data-e-type=\"container\">\n\t\t<div class=\"elementor-element elementor-element-6e69a3b e-flex e-con-boxed e-con e-child\" data-id=\"6e69a3b\" data-element_type=\"container\" data-e-type=\"container\" data-settings=\"{&quot;background_background&quot;:&quot;classic&quot;}\">\n\t\t\t\t\t<div class=\"e-con-inner\">\n\t\t<div class=\"elementor-element elementor-element-c0dc9a7 e-con-full e-flex e-con e-child\" data-id=\"c0dc9a7\" data-element_type=\"container\" data-e-type=\"container\">\n\t\t<div class=\"elementor-element elementor-element-defe38e e-con-full e-flex e-con e-child\" data-id=\"defe38e\" data-element_type=\"container\" data-e-type=\"container\">\n\t\t\t\t<div class=\"elementor-element elementor-element-5d670c8 elementor-invisible elementor-widget elementor-widget-text-editor\" data-id=\"5d670c8\" data-element_type=\"widget\" data-e-type=\"widget\" data-settings=\"{&quot;_animation&quot;:&quot;fadeInUp&quot;,&quot;motion_fx_motion_fx_scrolling&quot;:&quot;yes&quot;,&quot;motion_fx_opacity_effect&quot;:&quot;yes&quot;,&quot;motion_fx_opacity_direction&quot;:&quot;in-out&quot;,&quot;motion_fx_opacity_range&quot;:{&quot;unit&quot;:&quot;%&quot;,&quot;size&quot;:&quot;&quot;,&quot;sizes&quot;:{&quot;start&quot;:70,&quot;end&quot;:90}},&quot;motion_fx_opacity_level&quot;:{&quot;unit&quot;:&quot;px&quot;,&quot;size&quot;:10,&quot;sizes&quot;:[]},&quot;motion_fx_devices&quot;:[&quot;desktop&quot;,&quot;tablet&quot;,&quot;mobile&quot;]}\" data-widget_type=\"text-editor.default\">\n\t\t\t\t<div class=\"elementor-widget-container\">\n\t\t\t\t\t\t\t\t\t<p>Un produit unique parmi les mat\u00e9riaux d&#8217;isolation et de protection qui fonctionne bien dans le secteur de la construction et de l&#8217;industrie.<\/p><p>Le rev\u00eatement d&#8217;isolation thermique AT Termo\u00ae combine le meilleur de tous les mondes :<\/p><ul><li><strong>Application simple<\/strong> &#8211; rouleau, pinceau ou unit\u00e9 de peinture.<\/li><li><strong>tr\u00e8s bonnes propri\u00e9t\u00e9s d&#8217;isolation thermique &#8211;<\/strong> une couche de 1 mm \u00e9quivaut \u00e0 10 cm de mousse de polystyr\u00e8ne<\/li><li>Respectueux de l<strong>&#8216;environnement <\/strong>&#8211; rev\u00eatement \u00e0 base d&#8217;eau \u00e0 faible teneur en COV<\/li><\/ul>\t\t\t\t\t\t\t\t<\/div>\n\t\t\t\t<\/div>\n\t\t\t\t<\/div>\n\t\t<div class=\"elementor-element elementor-element-96ca0c2 e-con-full e-flex e-con e-child\" data-id=\"96ca0c2\" data-element_type=\"container\" data-e-type=\"container\">\n\t\t\t\t<div class=\"elementor-element elementor-element-1629abb elementor-widget elementor-widget-image\" data-id=\"1629abb\" data-element_type=\"widget\" data-e-type=\"widget\" data-widget_type=\"image.default\">\n\t\t\t\t<div class=\"elementor-widget-container\">\n\t\t\t\t\t\t\t\t\t\t\t\t\t\t\t<img loading=\"lazy\" decoding=\"async\" width=\"800\" height=\"800\" src=\"https:\/\/fcom.pro\/wp-content\/uploads\/2023\/05\/kanister_20L_attermo.png\" class=\"attachment-large size-large wp-image-55424\" alt=\"Rev\u00eatement d&#039;isolation thermique AT Termo\" srcset=\"https:\/\/fcom.pro\/wp-content\/uploads\/2023\/05\/kanister_20L_attermo.png 1000w, https:\/\/fcom.pro\/wp-content\/uploads\/2023\/05\/kanister_20L_attermo-300x300.png 300w, https:\/\/fcom.pro\/wp-content\/uploads\/2023\/05\/kanister_20L_attermo-150x150.png 150w, https:\/\/fcom.pro\/wp-content\/uploads\/2023\/05\/kanister_20L_attermo-768x768.png 768w\" sizes=\"auto, (max-width: 800px) 100vw, 800px\" title=\"\">\t\t\t\t\t\t\t\t\t\t\t\t\t\t\t<\/div>\n\t\t\t\t<\/div>\n\t\t\t\t<\/div>\n\t\t\t\t<\/div>\n\t\t\t\t\t<\/div>\n\t\t\t\t<\/div>\n\t\t<div class=\"elementor-element elementor-element-cad8dc9 e-con-full e-flex e-con e-child\" data-id=\"cad8dc9\" data-element_type=\"container\" data-e-type=\"container\">\n\t\t<div class=\"elementor-element elementor-element-c57b6e3 e-con-full e-flex e-con e-child\" data-id=\"c57b6e3\" data-element_type=\"container\" data-e-type=\"container\">\n\t\t\t\t<div class=\"elementor-element elementor-element-a045055 elementor-invisible elementor-widget elementor-widget-heading\" data-id=\"a045055\" data-element_type=\"widget\" data-e-type=\"widget\" data-settings=\"{&quot;_animation&quot;:&quot;fadeInUp&quot;}\" data-widget_type=\"heading.default\">\n\t\t\t\t<div class=\"elementor-widget-container\">\n\t\t\t\t\t<h1 class=\"elementor-heading-title elementor-size-default\">AT Termo<sup>\u00ae<\/sup><\/h1>\t\t\t\t<\/div>\n\t\t\t\t<\/div>\n\t\t\t\t<div class=\"elementor-element elementor-element-0689c8c elementor-invisible elementor-widget elementor-widget-heading\" data-id=\"0689c8c\" data-element_type=\"widget\" data-e-type=\"widget\" data-settings=\"{&quot;_animation&quot;:&quot;fadeInUp&quot;}\" data-widget_type=\"heading.default\">\n\t\t\t\t<div class=\"elementor-widget-container\">\n\t\t\t\t\t<h2 class=\"elementor-heading-title elementor-size-default\">dans la construction<\/h2>\t\t\t\t<\/div>\n\t\t\t\t<\/div>\n\t\t\t\t<\/div>\n\t\t<div class=\"elementor-element elementor-element-3ea4793 e-flex e-con-boxed e-con e-child\" data-id=\"3ea4793\" data-element_type=\"container\" data-e-type=\"container\">\n\t\t\t\t\t<div class=\"e-con-inner\">\n\t\t\t\t<div class=\"elementor-element elementor-element-edea6fa elementor-widget elementor-widget-image\" data-id=\"edea6fa\" data-element_type=\"widget\" data-e-type=\"widget\" data-widget_type=\"image.default\">\n\t\t\t\t<div class=\"elementor-widget-container\">\n\t\t\t\t\t\t\t\t\t\t\t\t\t\t\t<img decoding=\"async\" src=\"https:\/\/fcom.pro\/wp-content\/uploads\/2023\/10\/61924050487eb7da3af71272e3a4.jpg\" title=\"\" alt=\"\" loading=\"lazy\">\t\t\t\t\t\t\t\t\t\t\t\t\t\t\t<\/div>\n\t\t\t\t<\/div>\n\t\t\t\t<div class=\"elementor-element elementor-element-8c7956b elementor-invisible elementor-widget elementor-widget-text-editor\" data-id=\"8c7956b\" data-element_type=\"widget\" data-e-type=\"widget\" data-settings=\"{&quot;motion_fx_motion_fx_scrolling&quot;:&quot;yes&quot;,&quot;motion_fx_opacity_effect&quot;:&quot;yes&quot;,&quot;motion_fx_opacity_direction&quot;:&quot;in-out&quot;,&quot;motion_fx_opacity_range&quot;:{&quot;unit&quot;:&quot;%&quot;,&quot;size&quot;:&quot;&quot;,&quot;sizes&quot;:{&quot;start&quot;:70,&quot;end&quot;:90}},&quot;_animation&quot;:&quot;fadeInUp&quot;,&quot;motion_fx_opacity_level&quot;:{&quot;unit&quot;:&quot;px&quot;,&quot;size&quot;:10,&quot;sizes&quot;:[]},&quot;motion_fx_devices&quot;:[&quot;desktop&quot;,&quot;tablet&quot;,&quot;mobile&quot;]}\" data-widget_type=\"text-editor.default\">\n\t\t\t\t<div class=\"elementor-widget-container\">\n\t\t\t\t\t\t\t\t\t<p>L&#8217;AT <sup>Termo\u00ae<\/sup> est utilis\u00e9 pour l&#8217;isolation thermique ext\u00e9rieure et int\u00e9rieure et le rev\u00eatement de protection dans des b\u00e2timents tels que<\/p>\n<ul>\n<li>les <b>pi\u00e8ces pr\u00e9sentant un taux d&#8217;humidit\u00e9 \u00e9lev\u00e9<\/b> et un risque de moisissures,<\/li>\n<li>les <b>installations publiques<\/b>, les h\u00f4pitaux, les cliniques m\u00e9dicales et divers types de bureaux,<\/li>\n<li>les <b>b\u00e2timents historiques<\/b> o\u00f9 la laine ou le polystyr\u00e8ne ne peuvent \u00eatre utilis\u00e9s en raison de la forme complexe de la fa\u00e7ade,<\/li>\n<li><b>toute cloison <\/b>en brique, en pl\u00e2tre ou en b\u00e9ton<\/li>\n<\/ul>\n<p>Le produit est <b>respectueux de l&#8217;environnement et de la sant\u00e9<\/b>, et permet de travailler non seulement \u00e0 l&#8217;ext\u00e9rieur, mais aussi \u00e0 l&#8217;int\u00e9rieur, tout en respectant les r\u00e8gles de base en mati\u00e8re de sant\u00e9 et de s\u00e9curit\u00e9.<\/p>\n<p>Il r\u00e9siste aux intemp\u00e9ries et cr\u00e9e un microclimat int\u00e9rieur agr\u00e9able.<\/p>\n<p>Il peut \u00eatre teint\u00e9 directement dans n&#8217;importe quelle couleur ou d&#8217;autres produits de dispersion \u00e0 base d&#8217;eau peuvent \u00eatre appliqu\u00e9s dessus. L&#8217;utilisation de l&#8217;AT <sup>Termo\u00ae<\/sup> \u00e0 l&#8217;ext\u00e9rieur et \u00e0 l&#8217;int\u00e9rieur d&#8217;un b\u00e2timent permet de pr\u00e9server le volume cubique de la pi\u00e8ce, d&#8217;isoler des fa\u00e7ades \u00e0 l&#8217;architecture spatiale complexe, d&#8217;am\u00e9liorer le confort thermique \u00e0 l&#8217;int\u00e9rieur et de r\u00e9duire les d\u00e9lais de construction. <\/p>\n<p>L&#8217;application du rev\u00eatement dans les installations de loisirs expos\u00e9es \u00e0 l&#8217;humidit\u00e9, telles que les piscines et les saunas, \u00e9limine efficacement le ph\u00e9nom\u00e8ne d&#8217;efflorescence des moisissures ; en outre, les surfaces peintes emp\u00eachent la multiplication des bact\u00e9ries nocives telles que Staphylococcus aureus, E.coli ou les bacilles de la pneumonie. <\/p>\n<p>L&#8217;AT <sup>Termo\u00ae<\/sup> est \u00e9galement utilis\u00e9 pour l&#8217;isolation thermique des murs et de diverses cloisons de b\u00e2timents o\u00f9 l&#8217;absence ou l&#8217;insuffisance d&#8217;isolation thermique entra\u00eene des ponts thermiques et, par cons\u00e9quent, des pertes de chaleur et souvent des probl\u00e8mes li\u00e9s \u00e0 la condensation sur ces cloisons.<\/p>\t\t\t\t\t\t\t\t<\/div>\n\t\t\t\t<\/div>\n\t\t\t\t\t<\/div>\n\t\t\t\t<\/div>\n\t\t\t\t<\/div>\n\t\t<div class=\"elementor-element elementor-element-e4ba370 e-con-full e-flex e-con e-child\" data-id=\"e4ba370\" data-element_type=\"container\" data-e-type=\"container\">\n\t\t<div class=\"elementor-element elementor-element-df1eff6 e-con-full e-flex e-con e-child\" data-id=\"df1eff6\" data-element_type=\"container\" data-e-type=\"container\">\n\t\t\t\t<div class=\"elementor-element elementor-element-3ee2be0 elementor-invisible elementor-widget elementor-widget-heading\" data-id=\"3ee2be0\" data-element_type=\"widget\" data-e-type=\"widget\" data-settings=\"{&quot;_animation&quot;:&quot;fadeInUp&quot;}\" data-widget_type=\"heading.default\">\n\t\t\t\t<div class=\"elementor-widget-container\">\n\t\t\t\t\t<h1 class=\"elementor-heading-title elementor-size-default\">AT Termo<sup>\u00ae<\/sup><\/h1>\t\t\t\t<\/div>\n\t\t\t\t<\/div>\n\t\t\t\t<div class=\"elementor-element elementor-element-dd06027 elementor-invisible elementor-widget elementor-widget-heading\" data-id=\"dd06027\" data-element_type=\"widget\" data-e-type=\"widget\" data-settings=\"{&quot;_animation&quot;:&quot;fadeInUp&quot;}\" data-widget_type=\"heading.default\">\n\t\t\t\t<div class=\"elementor-widget-container\">\n\t\t\t\t\t<h2 class=\"elementor-heading-title elementor-size-default\">dans l'industrie<\/h2>\t\t\t\t<\/div>\n\t\t\t\t<\/div>\n\t\t\t\t<\/div>\n\t\t<div class=\"elementor-element elementor-element-e77cb80 e-flex e-con-boxed e-con e-child\" data-id=\"e77cb80\" data-element_type=\"container\" data-e-type=\"container\">\n\t\t\t\t\t<div class=\"e-con-inner\">\n\t\t\t\t<div class=\"elementor-element elementor-element-a0c8eb3 elementor-widget elementor-widget-image\" data-id=\"a0c8eb3\" data-element_type=\"widget\" data-e-type=\"widget\" data-widget_type=\"image.default\">\n\t\t\t\t<div class=\"elementor-widget-container\">\n\t\t\t\t\t\t\t\t\t\t\t\t\t\t\t<img loading=\"lazy\" decoding=\"async\" width=\"800\" height=\"450\" src=\"https:\/\/fcom.pro\/wp-content\/uploads\/2024\/03\/20181016_122844-1024x576.jpg\" class=\"attachment-large size-large wp-image-54926\" alt=\"\" srcset=\"https:\/\/fcom.pro\/wp-content\/uploads\/2024\/03\/20181016_122844-1024x576.jpg 1024w, https:\/\/fcom.pro\/wp-content\/uploads\/2024\/03\/20181016_122844-300x169.jpg 300w, https:\/\/fcom.pro\/wp-content\/uploads\/2024\/03\/20181016_122844-768x432.jpg 768w, https:\/\/fcom.pro\/wp-content\/uploads\/2024\/03\/20181016_122844.jpg 1500w\" sizes=\"auto, (max-width: 800px) 100vw, 800px\" title=\"\">\t\t\t\t\t\t\t\t\t\t\t\t\t\t\t<\/div>\n\t\t\t\t<\/div>\n\t\t\t\t<div class=\"elementor-element elementor-element-27b3eba elementor-invisible elementor-widget elementor-widget-text-editor\" data-id=\"27b3eba\" data-element_type=\"widget\" data-e-type=\"widget\" data-settings=\"{&quot;motion_fx_motion_fx_scrolling&quot;:&quot;yes&quot;,&quot;motion_fx_opacity_effect&quot;:&quot;yes&quot;,&quot;motion_fx_opacity_direction&quot;:&quot;in-out&quot;,&quot;motion_fx_opacity_range&quot;:{&quot;unit&quot;:&quot;%&quot;,&quot;size&quot;:&quot;&quot;,&quot;sizes&quot;:{&quot;start&quot;:70,&quot;end&quot;:90}},&quot;_animation&quot;:&quot;fadeInUp&quot;,&quot;motion_fx_opacity_level&quot;:{&quot;unit&quot;:&quot;px&quot;,&quot;size&quot;:10,&quot;sizes&quot;:[]},&quot;motion_fx_devices&quot;:[&quot;desktop&quot;,&quot;tablet&quot;,&quot;mobile&quot;]}\" data-widget_type=\"text-editor.default\">\n\t\t\t\t<div class=\"elementor-widget-container\">\n\t\t\t\t\t\t\t\t\t<p>AT <sup>Termo\u00ae<\/sup> est un rev\u00eatement qui offre une protection efficace contre la p\u00e9n\u00e9tration du gel et la condensation superficielle et r\u00e9sout le probl\u00e8me des ponts thermiques. Recommand\u00e9 pour l&#8217;isolation et la protection d&#8217;\u00e9l\u00e9ments en acier tels que : <\/p><ul><li>les canalisations d&#8217;eau chaude et d&#8217;eau froide,<\/li><li>raccords sanitaires, vannes<\/li><li>les conduits, raccords et tuyaux de ventilation et de climatisation,<\/li><li>la couverture,<\/li><li>les garages en t\u00f4le,<\/li><li>des conteneurs,<\/li><li>installations industrielles, etc.<\/li><\/ul><p>AT <sup>Termo\u00ae<\/sup> a une forte adh\u00e9rence aux m\u00e9taux sans corrosion superficielle et \u00e0 la plupart des mat\u00e9riaux de construction. Il est respectueux de l&#8217;environnement et peut \u00eatre utilis\u00e9 en toute s\u00e9curit\u00e9 \u00e0 l&#8217;int\u00e9rieur comme \u00e0 l&#8217;ext\u00e9rieur. <\/p><p>Notre rev\u00eatement d&#8217;isolation thermique n&#8217;augmente pas la charge sur la structure isol\u00e9e et pr\u00e9serve sa dimension originale. Le rev\u00eatement AT <sup>Termo\u00ae<\/sup> est notamment utilis\u00e9 comme protection thermique pour l&#8217;\u00e9lectronique dans des \u00e9quipements sp\u00e9cialis\u00e9s o\u00f9 l&#8217;utilisation de mat\u00e9riaux d&#8217;isolation thermique traditionnels n&#8217;est pas possible en raison du peu d&#8217;espace disponible.  <\/p>\t\t\t\t\t\t\t\t<\/div>\n\t\t\t\t<\/div>\n\t\t\t\t\t<\/div>\n\t\t\t\t<\/div>\n\t\t\t\t<\/div>\n\t\t\t\t<\/section>\n\t\t\t\t<\/div>\n\t\t","protected":false},"excerpt":{"rendered":"<p>Produit teint\u00e9, non retournable.<\/p>\n","protected":false},"featured_media":55424,"comment_status":"open","ping_status":"closed","template":"","meta":[],"product_brand":[],"product_cat":[2737,2765],"product_tag":[2739,2738],"class_list":{"0":"post-59002","1":"product","2":"type-product","3":"status-publish","4":"has-post-thumbnail","6":"product_cat-at-termo-fr","7":"product_cat-farba-termoizolacyjna-fr","8":"product_tag-produkt-z-kalkulatorem-fr","9":"product_tag-produkt-z-kolorem-fr","11":"first","12":"instock","13":"taxable","14":"shipping-taxable","15":"purchasable","16":"product-type-variable","17":"has-default-attributes"},"_links":{"self":[{"href":"https:\/\/fcom.pro\/fr\/wp-json\/wp\/v2\/product\/59002","targetHints":{"allow":["GET"]}}],"collection":[{"href":"https:\/\/fcom.pro\/fr\/wp-json\/wp\/v2\/product"}],"about":[{"href":"https:\/\/fcom.pro\/fr\/wp-json\/wp\/v2\/types\/product"}],"replies":[{"embeddable":true,"href":"https:\/\/fcom.pro\/fr\/wp-json\/wp\/v2\/comments?post=59002"}],"version-history":[{"count":0,"href":"https:\/\/fcom.pro\/fr\/wp-json\/wp\/v2\/product\/59002\/revisions"}],"wp:featuredmedia":[{"embeddable":true,"href":"https:\/\/fcom.pro\/fr\/wp-json\/wp\/v2\/media\/55424"}],"wp:attachment":[{"href":"https:\/\/fcom.pro\/fr\/wp-json\/wp\/v2\/media?parent=59002"}],"wp:term":[{"taxonomy":"product_brand","embeddable":true,"href":"https:\/\/fcom.pro\/fr\/wp-json\/wp\/v2\/product_brand?post=59002"},{"taxonomy":"product_cat","embeddable":true,"href":"https:\/\/fcom.pro\/fr\/wp-json\/wp\/v2\/product_cat?post=59002"},{"taxonomy":"product_tag","embeddable":true,"href":"https:\/\/fcom.pro\/fr\/wp-json\/wp\/v2\/product_tag?post=59002"}],"curies":[{"name":"wp","href":"https:\/\/api.w.org\/{rel}","templated":true}]}}