{"id":58897,"date":"2021-09-23T10:16:14","date_gmt":"2021-09-23T08:16:14","guid":{"rendered":"https:\/\/fcom.pro\/sklep\/peinture-disolation-thermique-gotherm\/"},"modified":"2026-01-27T12:46:57","modified_gmt":"2026-01-27T11:46:57","slug":"peinture-disolation-thermique-gotherm","status":"publish","type":"product","link":"https:\/\/fcom.pro\/fr\/boutique\/peinture-disolation-thermique-gotherm\/","title":{"rendered":"Peinture d&#8217;isolation thermique GoTherm"},"content":{"rendered":"\t\t<div data-elementor-type=\"product-post\" data-elementor-id=\"58897\" class=\"elementor elementor-58897 elementor-4194\" data-elementor-post-type=\"product\">\n\t\t\t\t<div class=\"elementor-element elementor-element-91b24c2 e-con-full content-wrapper e-flex e-con e-parent\" data-id=\"91b24c2\" data-element_type=\"container\" data-e-type=\"container\">\n\t\t<div class=\"elementor-element elementor-element-3808857 e-con-full content-wrapper e-flex e-con e-child\" data-id=\"3808857\" data-element_type=\"container\" data-e-type=\"container\">\n\t\t<div class=\"elementor-element elementor-element-072da75 e-con-full e-flex e-con e-child\" data-id=\"072da75\" data-element_type=\"container\" data-e-type=\"container\">\n\t\t\t\t<div class=\"elementor-element elementor-element-fbfbf38 elementor-widget elementor-widget-image\" data-id=\"fbfbf38\" data-element_type=\"widget\" data-e-type=\"widget\" data-widget_type=\"image.default\">\n\t\t\t\t<div class=\"elementor-widget-container\">\n\t\t\t\t\t\t\t\t\t\t\t\t\t\t\t<img loading=\"lazy\" decoding=\"async\" width=\"768\" height=\"768\" src=\"https:\/\/fcom.pro\/wp-content\/uploads\/2021\/09\/gotherm_10l_png_min-768x768.png\" class=\"attachment-medium_large size-medium_large wp-image-53681\" alt=\"Rev\u00eatement d&#039;isolation thermique GoTherm\" srcset=\"https:\/\/fcom.pro\/wp-content\/uploads\/2021\/09\/gotherm_10l_png_min-768x768.png 768w, https:\/\/fcom.pro\/wp-content\/uploads\/2021\/09\/gotherm_10l_png_min-300x300.png 300w, https:\/\/fcom.pro\/wp-content\/uploads\/2021\/09\/gotherm_10l_png_min-150x150.png 150w, https:\/\/fcom.pro\/wp-content\/uploads\/2021\/09\/gotherm_10l_png_min.png 1000w\" sizes=\"auto, (max-width: 768px) 100vw, 768px\" title=\"\">\t\t\t\t\t\t\t\t\t\t\t\t\t\t\t<\/div>\n\t\t\t\t<\/div>\n\t\t\t\t<\/div>\n\t\t<div class=\"elementor-element elementor-element-da32404 e-con-full e-flex e-con e-child\" data-id=\"da32404\" data-element_type=\"container\" data-e-type=\"container\">\n\t\t\t\t<div class=\"elementor-element elementor-element-14624a6 elementor-invisible elementor-widget elementor-widget-text-editor\" data-id=\"14624a6\" data-element_type=\"widget\" data-e-type=\"widget\" data-settings=\"{&quot;_animation&quot;:&quot;fadeInUp&quot;,&quot;motion_fx_motion_fx_scrolling&quot;:&quot;yes&quot;,&quot;motion_fx_opacity_effect&quot;:&quot;yes&quot;,&quot;motion_fx_opacity_direction&quot;:&quot;in-out&quot;,&quot;motion_fx_opacity_range&quot;:{&quot;unit&quot;:&quot;%&quot;,&quot;size&quot;:&quot;&quot;,&quot;sizes&quot;:{&quot;start&quot;:70,&quot;end&quot;:90}},&quot;motion_fx_opacity_level&quot;:{&quot;unit&quot;:&quot;px&quot;,&quot;size&quot;:10,&quot;sizes&quot;:[]},&quot;motion_fx_devices&quot;:[&quot;desktop&quot;,&quot;tablet&quot;,&quot;mobile&quot;]}\" data-widget_type=\"text-editor.default\">\n\t\t\t\t<div class=\"elementor-widget-container\">\n\t\t\t\t\t\t\t\t\t<p>Les rev\u00eatements d&#8217;isolation thermique \u00e0 base d&#8217;eau GoTherm<sup>\u00ae<\/sup> que nous produisons sont des produits polyvalents fabriqu\u00e9s \u00e0 <strong>partir de composants provenant des principaux fabricants polonais<\/strong>.<\/p>\n<p>Le rev\u00eatement GoTherm<sup>\u00ae<\/sup> existe en deux versions, commun\u00e9ment appel\u00e9es <strong>p\u00e2te d&#8217;isolation thermique<\/strong> et <strong>peinture d&#8217;isolation thermique<\/strong>. La version p\u00e2te (produit dense) a une consistance similaire \u00e0 celle du mastic et doit \u00eatre appliqu\u00e9e \u00e0 l&#8217;aide d&#8217;une spatule ou d&#8217;une truelle, tandis que la version peinture (produit liquide) a une consistance similaire \u00e0 celle des peintures \u00e0 \u00e9mulsion et peut donc \u00eatre appliqu\u00e9e \u00e0 l&#8217;aide d&#8217;un pinceau, d&#8217;un rouleau ou d&#8217;une unit\u00e9 de peinture. &nbsp;<\/p>\t\t\t\t\t\t\t\t<\/div>\n\t\t\t\t<\/div>\n\t\t\t\t<\/div>\n\t\t\t\t<\/div>\n\t\t<div class=\"elementor-element elementor-element-43f8251 e-con-full e-flex e-con e-child\" data-id=\"43f8251\" data-element_type=\"container\" data-e-type=\"container\">\n\t\t<div class=\"elementor-element elementor-element-5d6e4a1 e-con-full e-flex e-con e-child\" data-id=\"5d6e4a1\" data-element_type=\"container\" data-e-type=\"container\">\n\t\t\t\t<div class=\"elementor-element elementor-element-98aefb0 elementor-widget elementor-widget-image\" data-id=\"98aefb0\" data-element_type=\"widget\" data-e-type=\"widget\" data-widget_type=\"image.default\">\n\t\t\t\t<div class=\"elementor-widget-container\">\n\t\t\t\t\t\t\t\t\t\t\t\t<figure class=\"wp-caption\">\n\t\t\t\t\t\t\t\t\t\t<img loading=\"lazy\" decoding=\"async\" width=\"800\" height=\"498\" src=\"https:\/\/fcom.pro\/wp-content\/uploads\/2023\/06\/Reflection-outside.gif\" class=\"attachment-large size-large wp-image-53690\" alt=\"\" title=\"\">\t\t\t\t\t\t\t\t\t\t\t<figcaption class=\"widget-image-caption wp-caption-text\">Isolation du b\u00e2timent par l'ext\u00e9rieur<\/figcaption>\n\t\t\t\t\t\t\t\t\t\t<\/figure>\n\t\t\t\t\t\t\t\t\t<\/div>\n\t\t\t\t<\/div>\n\t\t\t\t<div class=\"elementor-element elementor-element-92cdaea elementor-widget elementor-widget-image\" data-id=\"92cdaea\" data-element_type=\"widget\" data-e-type=\"widget\" data-widget_type=\"image.default\">\n\t\t\t\t<div class=\"elementor-widget-container\">\n\t\t\t\t\t\t\t\t\t\t\t\t<figure class=\"wp-caption\">\n\t\t\t\t\t\t\t\t\t\t<img loading=\"lazy\" decoding=\"async\" width=\"800\" height=\"498\" src=\"https:\/\/fcom.pro\/wp-content\/uploads\/2023\/06\/Reflection-inside.gif\" class=\"attachment-large size-large wp-image-53687\" alt=\"\" title=\"\">\t\t\t\t\t\t\t\t\t\t\t<figcaption class=\"widget-image-caption wp-caption-text\">Isolation du b\u00e2timent par l'int\u00e9rieur<\/figcaption>\n\t\t\t\t\t\t\t\t\t\t<\/figure>\n\t\t\t\t\t\t\t\t\t<\/div>\n\t\t\t\t<\/div>\n\t\t\t\t<div class=\"elementor-element elementor-element-4294ee9 elementor-widget elementor-widget-image\" data-id=\"4294ee9\" data-element_type=\"widget\" data-e-type=\"widget\" data-widget_type=\"image.default\">\n\t\t\t\t<div class=\"elementor-widget-container\">\n\t\t\t\t\t\t\t\t\t\t\t\t<figure class=\"wp-caption\">\n\t\t\t\t\t\t\t\t\t\t<img loading=\"lazy\" decoding=\"async\" width=\"800\" height=\"498\" src=\"https:\/\/fcom.pro\/wp-content\/uploads\/2023\/06\/Mold.gif\" class=\"attachment-large size-large wp-image-53684\" alt=\"\" title=\"\">\t\t\t\t\t\t\t\t\t\t\t<figcaption class=\"widget-image-caption wp-caption-text\">Protection contre la condensation, la formation de moisissures et la prolif\u00e9ration bact\u00e9rienne. Il suffit de nettoyer la surface et d'appliquer le rev\u00eatement.   <\/figcaption>\n\t\t\t\t\t\t\t\t\t\t<\/figure>\n\t\t\t\t\t\t\t\t\t<\/div>\n\t\t\t\t<\/div>\n\t\t\t\t<\/div>\n\t\t<div class=\"elementor-element elementor-element-eb9d367 e-con-full e-flex e-con e-child\" data-id=\"eb9d367\" data-element_type=\"container\" data-e-type=\"container\">\n\t\t<div class=\"elementor-element elementor-element-c3ff9cd e-con-full e-flex e-con e-child\" data-id=\"c3ff9cd\" data-element_type=\"container\" data-e-type=\"container\">\n\t\t<div class=\"elementor-element elementor-element-b0b82b3 e-con-full e-flex e-con e-child\" data-id=\"b0b82b3\" data-element_type=\"container\" data-e-type=\"container\">\n\t\t\t\t<div class=\"elementor-element elementor-element-0c6f94f elementor-invisible elementor-widget elementor-widget-text-editor\" data-id=\"0c6f94f\" data-element_type=\"widget\" data-e-type=\"widget\" data-settings=\"{&quot;_animation&quot;:&quot;fadeInUp&quot;,&quot;motion_fx_motion_fx_scrolling&quot;:&quot;yes&quot;,&quot;motion_fx_opacity_effect&quot;:&quot;yes&quot;,&quot;motion_fx_opacity_direction&quot;:&quot;in-out&quot;,&quot;motion_fx_opacity_range&quot;:{&quot;unit&quot;:&quot;%&quot;,&quot;size&quot;:&quot;&quot;,&quot;sizes&quot;:{&quot;start&quot;:70,&quot;end&quot;:90}},&quot;motion_fx_opacity_level&quot;:{&quot;unit&quot;:&quot;px&quot;,&quot;size&quot;:10,&quot;sizes&quot;:[]},&quot;motion_fx_devices&quot;:[&quot;desktop&quot;,&quot;tablet&quot;,&quot;mobile&quot;]}\" data-widget_type=\"text-editor.default\">\n\t\t\t\t<div class=\"elementor-widget-container\">\n\t\t\t\t\t\t\t\t\t<p>GoTherm<sup>\u00ae<\/sup> est utilis\u00e9 pour l&#8217;<b>isolation thermique ext\u00e9rieure et int\u00e9rieure<\/b>, le rev\u00eatement de protection des cloisons de b\u00e2timents et la <b>protection contre les br\u00fblures caus\u00e9es par les surfaces chaudes<\/b>. Il poss\u00e8de des <b>propri\u00e9t\u00e9s fongicides et bact\u00e9ricides<\/b> et <b>emp\u00eache la formation de condensation<\/b> en cas de diff\u00e9rences de temp\u00e9rature \u00e9lev\u00e9es. <\/p>\t\t\t\t\t\t\t\t<\/div>\n\t\t\t\t<\/div>\n\t\t\t\t<\/div>\n\t\t\t\t<\/div>\n\t\t<div class=\"elementor-element elementor-element-42b835f e-con-full e-flex e-con e-child\" data-id=\"42b835f\" data-element_type=\"container\" data-e-type=\"container\">\n\t\t<div class=\"elementor-element elementor-element-76a6507 e-con-full e-flex e-con e-child\" data-id=\"76a6507\" data-element_type=\"container\" data-e-type=\"container\">\n\t\t\t\t<div class=\"elementor-element elementor-element-0066d06 elementor-invisible elementor-widget elementor-widget-heading\" data-id=\"0066d06\" data-element_type=\"widget\" data-e-type=\"widget\" data-settings=\"{&quot;_animation&quot;:&quot;fadeInUp&quot;}\" data-widget_type=\"heading.default\">\n\t\t\t\t<div class=\"elementor-widget-container\">\n\t\t\t\t\t<h2 class=\"elementor-heading-title elementor-size-default\">Exemples d'applications<\/h2>\t\t\t\t<\/div>\n\t\t\t\t<\/div>\n\t\t\t\t<div class=\"elementor-element elementor-element-3916869 elementor-invisible elementor-widget elementor-widget-text-editor\" data-id=\"3916869\" data-element_type=\"widget\" data-e-type=\"widget\" data-settings=\"{&quot;_animation&quot;:&quot;fadeInUp&quot;,&quot;motion_fx_motion_fx_scrolling&quot;:&quot;yes&quot;,&quot;motion_fx_opacity_effect&quot;:&quot;yes&quot;,&quot;motion_fx_opacity_direction&quot;:&quot;in-out&quot;,&quot;motion_fx_opacity_range&quot;:{&quot;unit&quot;:&quot;%&quot;,&quot;size&quot;:&quot;&quot;,&quot;sizes&quot;:{&quot;start&quot;:70,&quot;end&quot;:90}},&quot;motion_fx_opacity_level&quot;:{&quot;unit&quot;:&quot;px&quot;,&quot;size&quot;:10,&quot;sizes&quot;:[]},&quot;motion_fx_devices&quot;:[&quot;desktop&quot;,&quot;tablet&quot;,&quot;mobile&quot;]}\" data-widget_type=\"text-editor.default\">\n\t\t\t\t<div class=\"elementor-widget-container\">\n\t\t\t\t\t\t\t\t\t<ul><li>les pi\u00e8ces dont l&#8217;isolation est insuffisante.<\/li><li>les pi\u00e8ces pr\u00e9sentant un taux d&#8217;humidit\u00e9 \u00e9lev\u00e9 et un risque de moisissures,<\/li><li>les \u00e9quipements publics tels que les h\u00f4pitaux, les cabinets m\u00e9dicaux et divers types de bureaux,<\/li><li>les b\u00e2timents historiques o\u00f9 la laine ou le polystyr\u00e8ne ne peuvent \u00eatre utilis\u00e9s en raison de la forme complexe de la fa\u00e7ade,<\/li><li>les cloisons en brique, en pl\u00e2tre, en b\u00e9ton et les \u00e9l\u00e9ments en bois,<\/li><li>les composants d&#8217;installations industrielles.<\/li><\/ul>\t\t\t\t\t\t\t\t<\/div>\n\t\t\t\t<\/div>\n\t\t\t\t<\/div>\n\t\t\t\t<\/div>\n\t\t<div class=\"elementor-element elementor-element-5f7018c e-con-full e-flex e-con e-child\" data-id=\"5f7018c\" data-element_type=\"container\" data-e-type=\"container\">\n\t\t<div class=\"elementor-element elementor-element-009a1cc e-con-full e-flex e-con e-child\" data-id=\"009a1cc\" data-element_type=\"container\" data-e-type=\"container\">\n\t\t\t\t<div class=\"elementor-element elementor-element-6bf6b66 elementor-invisible elementor-widget elementor-widget-heading\" data-id=\"6bf6b66\" data-element_type=\"widget\" data-e-type=\"widget\" data-settings=\"{&quot;_animation&quot;:&quot;fadeInUp&quot;}\" data-widget_type=\"heading.default\">\n\t\t\t\t<div class=\"elementor-widget-container\">\n\t\t\t\t\t<h2 class=\"elementor-heading-title elementor-size-default\">\u00c9cologique et inoffensif<\/h2>\t\t\t\t<\/div>\n\t\t\t\t<\/div>\n\t\t\t\t<div class=\"elementor-element elementor-element-b40e67b elementor-invisible elementor-widget elementor-widget-text-editor\" data-id=\"b40e67b\" data-element_type=\"widget\" data-e-type=\"widget\" data-settings=\"{&quot;_animation&quot;:&quot;fadeInUp&quot;,&quot;motion_fx_motion_fx_scrolling&quot;:&quot;yes&quot;,&quot;motion_fx_opacity_effect&quot;:&quot;yes&quot;,&quot;motion_fx_opacity_direction&quot;:&quot;in-out&quot;,&quot;motion_fx_opacity_range&quot;:{&quot;unit&quot;:&quot;%&quot;,&quot;size&quot;:&quot;&quot;,&quot;sizes&quot;:{&quot;start&quot;:70,&quot;end&quot;:90}},&quot;motion_fx_opacity_level&quot;:{&quot;unit&quot;:&quot;px&quot;,&quot;size&quot;:10,&quot;sizes&quot;:[]},&quot;motion_fx_devices&quot;:[&quot;desktop&quot;,&quot;tablet&quot;,&quot;mobile&quot;]}\" data-widget_type=\"text-editor.default\">\n\t\t\t\t<div class=\"elementor-widget-container\">\n\t\t\t\t\t\t\t\t\t<p>Notre produit est \u00e0 base d&#8217;eau et donc respectueux de l&#8217;homme et de l&#8217;environnement !<\/p><p>Alors que les normes autorisent une teneur maximale en COV (Compos\u00e9s Organiques Volatils) de 30 g\/l (pour l&#8217;int\u00e9rieur) ou 130 g\/l (pour l&#8217;ext\u00e9rieur) dans les peintures et vernis, <strong>GoTherm n&#8217;en contient que des traces &#8211; 0,6 g\/l !<\/strong><\/p>\t\t\t\t\t\t\t\t<\/div>\n\t\t\t\t<\/div>\n\t\t\t\t<\/div>\n\t\t\t\t<\/div>\n\t\t\t\t<\/div>\n\t\t\t\t<\/div>\n\t\t<div class=\"elementor-element elementor-element-c66cd63 e-con-full e-flex e-con e-child\" data-id=\"c66cd63\" data-element_type=\"container\" data-e-type=\"container\">\n\t\t<div class=\"elementor-element elementor-element-b01ce18 e-con-full e-flex e-con e-child\" data-id=\"b01ce18\" data-element_type=\"container\" data-e-type=\"container\">\n\t\t\t\t<div class=\"elementor-element elementor-element-dbdb395 elementor-widget elementor-widget-image\" data-id=\"dbdb395\" data-element_type=\"widget\" data-e-type=\"widget\" data-widget_type=\"image.default\">\n\t\t\t\t<div class=\"elementor-widget-container\">\n\t\t\t\t\t\t\t\t\t\t\t\t\t\t\t<img loading=\"lazy\" decoding=\"async\" width=\"692\" height=\"537\" src=\"https:\/\/fcom.pro\/wp-content\/uploads\/2023\/05\/9029ac494de0afe08afd31d582c5.jpg\" class=\"attachment-large size-large wp-image-53636\" alt=\"\" srcset=\"https:\/\/fcom.pro\/wp-content\/uploads\/2023\/05\/9029ac494de0afe08afd31d582c5.jpg 692w, https:\/\/fcom.pro\/wp-content\/uploads\/2023\/05\/9029ac494de0afe08afd31d582c5-300x233.jpg 300w, https:\/\/fcom.pro\/wp-content\/uploads\/2023\/05\/9029ac494de0afe08afd31d582c5-600x466.jpg 600w\" sizes=\"auto, (max-width: 692px) 100vw, 692px\" title=\"\">\t\t\t\t\t\t\t\t\t\t\t\t\t\t\t<\/div>\n\t\t\t\t<\/div>\n\t\t\t\t<\/div>\n\t\t<div class=\"elementor-element elementor-element-56df547 e-con-full e-flex e-con e-child\" data-id=\"56df547\" data-element_type=\"container\" data-e-type=\"container\">\n\t\t\t\t<div class=\"elementor-element elementor-element-8d6b200 elementor-invisible elementor-widget elementor-widget-heading\" data-id=\"8d6b200\" data-element_type=\"widget\" data-e-type=\"widget\" data-settings=\"{&quot;_animation&quot;:&quot;fadeInUp&quot;}\" data-widget_type=\"heading.default\">\n\t\t\t\t<div class=\"elementor-widget-container\">\n\t\t\t\t\t<h2 class=\"elementor-heading-title elementor-size-default\">Finition de la surface<\/h2>\t\t\t\t<\/div>\n\t\t\t\t<\/div>\n\t\t\t\t<div class=\"elementor-element elementor-element-0e08afa elementor-invisible elementor-widget elementor-widget-text-editor\" data-id=\"0e08afa\" data-element_type=\"widget\" data-e-type=\"widget\" data-settings=\"{&quot;_animation&quot;:&quot;fadeInUp&quot;,&quot;motion_fx_motion_fx_scrolling&quot;:&quot;yes&quot;,&quot;motion_fx_opacity_effect&quot;:&quot;yes&quot;,&quot;motion_fx_opacity_direction&quot;:&quot;in-out&quot;,&quot;motion_fx_opacity_range&quot;:{&quot;unit&quot;:&quot;%&quot;,&quot;size&quot;:&quot;&quot;,&quot;sizes&quot;:{&quot;start&quot;:70,&quot;end&quot;:90}},&quot;motion_fx_opacity_level&quot;:{&quot;unit&quot;:&quot;px&quot;,&quot;size&quot;:10,&quot;sizes&quot;:[]},&quot;motion_fx_devices&quot;:[&quot;desktop&quot;,&quot;tablet&quot;,&quot;mobile&quot;]}\" data-widget_type=\"text-editor.default\">\n\t\t\t\t<div class=\"elementor-widget-container\">\n\t\t\t\t\t\t\t\t\t<p>L&#8217;application d <strong>&#8216;une peinture d&#8217;isolation thermique<\/strong> (au rouleau ou au pistolet) produit une <strong>texture<\/strong>, due \u00e0 la teneur \u00e9lev\u00e9e en microsph\u00e8res de verre du produit.<\/p>\n<p>Il n&#8217;est possible d&#8217;obtenir <strong>une finition lisse<\/strong> qu&#8217;en \u00e9talant le <strong>compos\u00e9 thermique<\/strong> (\u00e0 l&#8217;aide d&#8217;une truelle ou d&#8217;un couteau \u00e0 mastic), ce qui requiert toutefois de l&#8217;exp\u00e9rience et de l&#8217;habilet\u00e9 dans l&#8217;application du lissage.<\/p>\t\t\t\t\t\t\t\t<\/div>\n\t\t\t\t<\/div>\n\t\t\t\t<\/div>\n\t\t\t\t<\/div>\n\t\t<div class=\"elementor-element elementor-element-8213600 e-con-full e-flex elementor-invisible e-con e-child\" data-id=\"8213600\" data-element_type=\"container\" data-e-type=\"container\" data-settings=\"{&quot;animation&quot;:&quot;fadeInUp&quot;}\">\n\t\t<div class=\"elementor-element elementor-element-ccad5c8 e-con-full e-flex e-con e-child\" data-id=\"ccad5c8\" data-element_type=\"container\" data-e-type=\"container\">\n\t\t\t\t<div class=\"elementor-element elementor-element-0b7c708 elementor-invisible elementor-widget elementor-widget-heading\" data-id=\"0b7c708\" data-element_type=\"widget\" data-e-type=\"widget\" data-settings=\"{&quot;_animation&quot;:&quot;fadeInUp&quot;}\" data-widget_type=\"heading.default\">\n\t\t\t\t<div class=\"elementor-widget-container\">\n\t\t\t\t\t<h2 class=\"elementor-heading-title elementor-size-default\">Couleur<\/h2>\t\t\t\t<\/div>\n\t\t\t\t<\/div>\n\t\t\t\t<div class=\"elementor-element elementor-element-1dde47b elementor-widget__width-initial elementor-invisible elementor-widget elementor-widget-text-editor\" data-id=\"1dde47b\" data-element_type=\"widget\" data-e-type=\"widget\" data-settings=\"{&quot;_animation&quot;:&quot;fadeInUp&quot;}\" data-widget_type=\"text-editor.default\">\n\t\t\t\t<div class=\"elementor-widget-container\">\n\t\t\t\t\t\t\t\t\t<p>Les deux versions de GoTherm<sup>\u00ae<\/sup> sont livr\u00e9es en blanc de mani\u00e8re standard, tandis que le produit liquide peut \u00eatre color\u00e9 selon notre <a href=\"https:\/\/fcom.pro\/wp-content\/uploads\/2023\/06\/FCOM-paleta-kolorow.pdf\" target=\"_blank\" rel=\"noopener\">palette de couleurs de base<\/a>. Nous pouvons \u00e9galement teindre le produit dans d&#8217;autres couleurs.<\/p>\t\t\t\t\t\t\t\t<\/div>\n\t\t\t\t<\/div>\n\t\t\t\t<\/div>\n\t\t\t\t<div class=\"elementor-element elementor-element-5e5a464 elementor-align-justify elementor-widget elementor-widget-button\" data-id=\"5e5a464\" data-element_type=\"widget\" data-e-type=\"widget\" data-widget_type=\"button.default\">\n\t\t\t\t<div class=\"elementor-widget-container\">\n\t\t\t\t\t\t\t\t\t<div class=\"elementor-button-wrapper\">\n\t\t\t\t\t<a class=\"elementor-button elementor-button-link elementor-size-sm\" href=\"#elementor-action%3Aaction%3Dpopup%3Aopen%26settings%3DeyJpZCI6NjAxOTMsInRvZ2dsZSI6ZmFsc2V9\">\n\t\t\t\t\t\t<span class=\"elementor-button-content-wrapper\">\n\t\t\t\t\t\t\t\t\t<span class=\"elementor-button-text\">Une autre couleur vous int\u00e9resse ? Ecrivez-nous ! <\/span>\n\t\t\t\t\t<\/span>\n\t\t\t\t\t<\/a>\n\t\t\t\t<\/div>\n\t\t\t\t\t\t\t\t<\/div>\n\t\t\t\t<\/div>\n\t\t\t\t<\/div>\n\t\t\t\t<\/div>\n\t\t\t\t<\/div>\n\t\t","protected":false},"excerpt":{"rendered":"<p>Produit teint\u00e9, non retournable.<\/p>\n","protected":false},"featured_media":53681,"comment_status":"open","ping_status":"closed","template":"","meta":[],"product_brand":[],"product_cat":[2766,2765],"product_tag":[2739,2738],"class_list":{"0":"post-58897","1":"product","2":"type-product","3":"status-publish","4":"has-post-thumbnail","6":"product_cat-gotherm-fr","7":"product_cat-farba-termoizolacyjna-fr","8":"product_tag-produkt-z-kalkulatorem-fr","9":"product_tag-produkt-z-kolorem-fr","11":"first","12":"instock","13":"taxable","14":"shipping-taxable","15":"purchasable","16":"product-type-variable"},"_links":{"self":[{"href":"https:\/\/fcom.pro\/fr\/wp-json\/wp\/v2\/product\/58897","targetHints":{"allow":["GET"]}}],"collection":[{"href":"https:\/\/fcom.pro\/fr\/wp-json\/wp\/v2\/product"}],"about":[{"href":"https:\/\/fcom.pro\/fr\/wp-json\/wp\/v2\/types\/product"}],"replies":[{"embeddable":true,"href":"https:\/\/fcom.pro\/fr\/wp-json\/wp\/v2\/comments?post=58897"}],"version-history":[{"count":0,"href":"https:\/\/fcom.pro\/fr\/wp-json\/wp\/v2\/product\/58897\/revisions"}],"wp:featuredmedia":[{"embeddable":true,"href":"https:\/\/fcom.pro\/fr\/wp-json\/wp\/v2\/media\/53681"}],"wp:attachment":[{"href":"https:\/\/fcom.pro\/fr\/wp-json\/wp\/v2\/media?parent=58897"}],"wp:term":[{"taxonomy":"product_brand","embeddable":true,"href":"https:\/\/fcom.pro\/fr\/wp-json\/wp\/v2\/product_brand?post=58897"},{"taxonomy":"product_cat","embeddable":true,"href":"https:\/\/fcom.pro\/fr\/wp-json\/wp\/v2\/product_cat?post=58897"},{"taxonomy":"product_tag","embeddable":true,"href":"https:\/\/fcom.pro\/fr\/wp-json\/wp\/v2\/product_tag?post=58897"}],"curies":[{"name":"wp","href":"https:\/\/api.w.org\/{rel}","templated":true}]}}