{"id":58674,"date":"2024-03-14T12:44:44","date_gmt":"2024-03-14T11:44:44","guid":{"rendered":"https:\/\/fcom.pro\/sklep\/primaire-avec-nano-argent\/"},"modified":"2025-12-02T11:29:06","modified_gmt":"2025-12-02T10:29:06","slug":"primaire-avec-nano-argent","status":"publish","type":"product","link":"https:\/\/fcom.pro\/fr\/boutique\/primaire-avec-nano-argent\/","title":{"rendered":"Primaire avec nano-argent"},"content":{"rendered":"\t\t<div data-elementor-type=\"product-post\" data-elementor-id=\"58674\" class=\"elementor elementor-58674 elementor-33052\" data-elementor-post-type=\"product\">\n\t\t\t\t<div class=\"elementor-element elementor-element-1da2843 e-con-full content-wrapper e-flex e-con e-child\" data-id=\"1da2843\" data-element_type=\"container\" data-e-type=\"container\">\n\t\t<div class=\"elementor-element elementor-element-9435e66 e-con-full e-flex e-con e-child\" data-id=\"9435e66\" data-element_type=\"container\" data-e-type=\"container\">\n\t\t\t\t<div class=\"elementor-element elementor-element-cc028a8 elementor-widget elementor-widget-text-editor\" data-id=\"cc028a8\" data-element_type=\"widget\" data-e-type=\"widget\" data-widget_type=\"text-editor.default\">\n\t\t\t\t<div class=\"elementor-widget-container\">\n\t\t\t\t\t\t\t\t\tPrimaire professionnel <span style=\"font-weight: bolder; text-align: start;\">recommand\u00e9 pour une utilisation avant l&#8217;application de rev\u00eatements d&#8217;isolation thermique<\/span> de la gamme GoTherm\u00ae et AT Termo\u00ae a \u00e9t\u00e9 sp\u00e9cialement formul\u00e9 pour donner d&#8217;excellents r\u00e9sultats.\t\t\t\t\t\t\t\t<\/div>\n\t\t\t\t<\/div>\n\t\t\t\t<\/div>\n\t\t<div class=\"elementor-element elementor-element-587df40 e-flex e-con-boxed e-con e-child\" data-id=\"587df40\" data-element_type=\"container\" data-e-type=\"container\">\n\t\t\t\t\t<div class=\"e-con-inner\">\n\t\t\t\t<div class=\"elementor-element elementor-element-b855fa5 elementor-widget elementor-widget-heading\" data-id=\"b855fa5\" data-element_type=\"widget\" data-e-type=\"widget\" data-widget_type=\"heading.default\">\n\t\t\t\t<div class=\"elementor-widget-container\">\n\t\t\t\t\t<h2 class=\"elementor-heading-title elementor-size-default\">Application<\/h2>\t\t\t\t<\/div>\n\t\t\t\t<\/div>\n\t\t<div class=\"elementor-element elementor-element-ac64851 e-con-full e-flex e-con e-child\" data-id=\"ac64851\" data-element_type=\"container\" data-e-type=\"container\">\n\t\t<div class=\"elementor-element elementor-element-f3f1faa e-con-full e-flex e-con e-child\" data-id=\"f3f1faa\" data-element_type=\"container\" data-e-type=\"container\">\n\t\t\t\t<div class=\"elementor-element elementor-element-362d23a elementor-widget elementor-widget-image\" data-id=\"362d23a\" data-element_type=\"widget\" data-e-type=\"widget\" data-widget_type=\"image.default\">\n\t\t\t\t<div class=\"elementor-widget-container\">\n\t\t\t\t\t\t\t\t\t\t\t\t\t\t\t<img loading=\"lazy\" decoding=\"async\" width=\"800\" height=\"800\" src=\"https:\/\/fcom.pro\/wp-content\/uploads\/2024\/03\/podklad-2L-1024x1024.jpg\" class=\"attachment-large size-large wp-image-55034\" alt=\"\" srcset=\"https:\/\/fcom.pro\/wp-content\/uploads\/2024\/03\/podklad-2L-1024x1024.jpg 1024w, https:\/\/fcom.pro\/wp-content\/uploads\/2024\/03\/podklad-2L-300x300.jpg 300w, https:\/\/fcom.pro\/wp-content\/uploads\/2024\/03\/podklad-2L-150x150.jpg 150w, https:\/\/fcom.pro\/wp-content\/uploads\/2024\/03\/podklad-2L-768x768.jpg 768w\" sizes=\"auto, (max-width: 800px) 100vw, 800px\" title=\"\">\t\t\t\t\t\t\t\t\t\t\t\t\t\t\t<\/div>\n\t\t\t\t<\/div>\n\t\t\t\t<\/div>\n\t\t<div class=\"elementor-element elementor-element-90946e5 e-con-full e-flex e-con e-child\" data-id=\"90946e5\" data-element_type=\"container\" data-e-type=\"container\">\n\t\t\t\t<div class=\"elementor-element elementor-element-ff5358e elementor-widget elementor-widget-text-editor\" data-id=\"ff5358e\" data-element_type=\"widget\" data-e-type=\"widget\" data-widget_type=\"text-editor.default\">\n\t\t\t\t<div class=\"elementor-widget-container\">\n\t\t\t\t\t\t\t\t\t<p>Gr\u00e2ce \u00e0 sa formule unique, enrichie de nanoparticules d&#8217;argent, ce produit <strong>am\u00e9liore<\/strong> non seulement <strong>la couverture des couleurs intenses<\/strong>, mais aussi <strong>la r\u00e9sistance des surfaces aux bact\u00e9ries et champignons nocifs.<\/strong><\/p><p>Cet appr\u00eat sert \u00e9galement de <strong>protection pour les substrats faibles et instables<\/strong>, tout en <strong>augmentant l&#8217;adh\u00e9rence des<\/strong> peintures et des compos\u00e9s d&#8217;isolation thermique. Il est id\u00e9al pour les applications <strong>int\u00e9rieures et ext\u00e9rieures<\/strong>, car il peut \u00eatre appliqu\u00e9 sur <strong>une vari\u00e9t\u00e9 de substrats<\/strong> tels que le ciment, le ciment-chaux, le gypse, les plaques de pl\u00e2tre et autres. <\/p><p>Gr\u00e2ce \u00e0 cette formulation, le travail d&#8217;application du rev\u00eatement d&#8217;isolation thermique devient plus efficace et plus durable, assurant la protection et l&#8217;isolation thermique pour les ann\u00e9es \u00e0 venir.<\/p>\t\t\t\t\t\t\t\t<\/div>\n\t\t\t\t<\/div>\n\t\t\t\t<\/div>\n\t\t\t\t<\/div>\n\t\t\t\t\t<\/div>\n\t\t\t\t<\/div>\n\t\t<div class=\"elementor-element elementor-element-844edc9 e-con-full e-flex e-con e-child\" data-id=\"844edc9\" data-element_type=\"container\" data-e-type=\"container\">\n\t\t\t\t<div class=\"elementor-element elementor-element-1ff852c elementor-widget elementor-widget-heading\" data-id=\"1ff852c\" data-element_type=\"widget\" data-e-type=\"widget\" data-widget_type=\"heading.default\">\n\t\t\t\t<div class=\"elementor-widget-container\">\n\t\t\t\t\t<h2 class=\"elementor-heading-title elementor-size-default\">Application<\/h2>\t\t\t\t<\/div>\n\t\t\t\t<\/div>\n\t\t\t\t<div class=\"elementor-element elementor-element-b36a425 elementor-widget elementor-widget-text-editor\" data-id=\"b36a425\" data-element_type=\"widget\" data-e-type=\"widget\" data-widget_type=\"text-editor.default\">\n\t\t\t\t<div class=\"elementor-widget-container\">\n\t\t\t\t\t\t\t\t\t<p>L&#8217;application doit se faire \u00e0 une temp\u00e9rature ambiante et \u00e0 une temp\u00e9rature du support non inf\u00e9rieures \u00e0 +5\u00b0C. Le primaire est appliqu\u00e9 au rouleau ou \u00e0 la brosse, sur un <strong>support sec, exempt de poussi\u00e8re, de graisse et de salet\u00e9<\/strong>. Il est recommand\u00e9 d&#8217;appliquer le produit en deux fois, sans dilution, avec un temps de s\u00e9chage de 2 heures entre les couches.  <\/p>\t\t\t\t\t\t\t\t<\/div>\n\t\t\t\t<\/div>\n\t\t\t\t<\/div>\n\t\t\t\t<\/div>\n\t\t\t\t<\/div>\n\t\t","protected":false},"excerpt":{"rendered":"<p>Primaire professionnel recommand\u00e9 pour une utilisation avant l&#8217;application de rev\u00eatements d&#8217;isolation thermique de la gamme GoTherm\u00ae et AT Termo\u00ae a \u00e9t\u00e9 sp\u00e9cialement formul\u00e9 pour donner d&#8217;excellents r\u00e9sultats. Application Gr\u00e2ce \u00e0 sa formule unique, enrichie de nanoparticules d&#8217;argent, ce produit am\u00e9liore non seulement la couverture des couleurs intenses, mais aussi la r\u00e9sistance des surfaces aux bact\u00e9ries [&hellip;]<\/p>\n","protected":false},"featured_media":57167,"comment_status":"open","ping_status":"closed","template":"","meta":[],"product_brand":[],"product_cat":[2748],"product_tag":[],"class_list":{"0":"post-58674","1":"product","2":"type-product","3":"status-publish","4":"has-post-thumbnail","6":"product_cat-podklad-fr","7":"product_shipping_class-2l-fr","9":"first","10":"instock","11":"taxable","12":"shipping-taxable","13":"purchasable","14":"product-type-variable","15":"has-default-attributes"},"_links":{"self":[{"href":"https:\/\/fcom.pro\/fr\/wp-json\/wp\/v2\/product\/58674","targetHints":{"allow":["GET"]}}],"collection":[{"href":"https:\/\/fcom.pro\/fr\/wp-json\/wp\/v2\/product"}],"about":[{"href":"https:\/\/fcom.pro\/fr\/wp-json\/wp\/v2\/types\/product"}],"replies":[{"embeddable":true,"href":"https:\/\/fcom.pro\/fr\/wp-json\/wp\/v2\/comments?post=58674"}],"version-history":[{"count":0,"href":"https:\/\/fcom.pro\/fr\/wp-json\/wp\/v2\/product\/58674\/revisions"}],"wp:featuredmedia":[{"embeddable":true,"href":"https:\/\/fcom.pro\/fr\/wp-json\/wp\/v2\/media\/57167"}],"wp:attachment":[{"href":"https:\/\/fcom.pro\/fr\/wp-json\/wp\/v2\/media?parent=58674"}],"wp:term":[{"taxonomy":"product_brand","embeddable":true,"href":"https:\/\/fcom.pro\/fr\/wp-json\/wp\/v2\/product_brand?post=58674"},{"taxonomy":"product_cat","embeddable":true,"href":"https:\/\/fcom.pro\/fr\/wp-json\/wp\/v2\/product_cat?post=58674"},{"taxonomy":"product_tag","embeddable":true,"href":"https:\/\/fcom.pro\/fr\/wp-json\/wp\/v2\/product_tag?post=58674"}],"curies":[{"name":"wp","href":"https:\/\/api.w.org\/{rel}","templated":true}]}}