{"id":58661,"date":"2021-09-23T10:30:55","date_gmt":"2021-09-23T08:30:55","guid":{"rendered":"https:\/\/fcom.pro\/sklep\/compose-disolation-thermique-gotherm\/"},"modified":"2026-02-10T18:29:05","modified_gmt":"2026-02-10T17:29:05","slug":"compose-disolation-thermique-gotherm","status":"publish","type":"product","link":"https:\/\/fcom.pro\/fr\/boutique\/compose-disolation-thermique-gotherm\/","title":{"rendered":"Compos\u00e9 d&#8217;isolation thermique GoTherm"},"content":{"rendered":"\t\t<div data-elementor-type=\"product-post\" data-elementor-id=\"58661\" class=\"elementor elementor-58661 elementor-4220\" data-elementor-post-type=\"product\">\n\t\t\t\t<div class=\"elementor-element elementor-element-be8a4e9 e-con-full content-wrapper e-flex e-con e-parent\" data-id=\"be8a4e9\" data-element_type=\"container\" data-e-type=\"container\">\n\t\t<div class=\"elementor-element elementor-element-b5f48ca e-con-full content-wrapper e-flex e-con e-child\" data-id=\"b5f48ca\" data-element_type=\"container\" data-e-type=\"container\">\n\t\t<div class=\"elementor-element elementor-element-16a10e3 e-con-full e-flex e-con e-child\" data-id=\"16a10e3\" data-element_type=\"container\" data-e-type=\"container\">\n\t\t\t\t<div class=\"elementor-element elementor-element-ae59001 elementor-widget elementor-widget-image\" data-id=\"ae59001\" data-element_type=\"widget\" data-e-type=\"widget\" data-widget_type=\"image.default\">\n\t\t\t\t<div class=\"elementor-widget-container\">\n\t\t\t\t\t\t\t\t\t\t\t\t\t\t\t<img loading=\"lazy\" decoding=\"async\" width=\"768\" height=\"768\" src=\"https:\/\/fcom.pro\/wp-content\/uploads\/2021\/09\/gotherm_masa_5l_min-768x768.png\" class=\"attachment-medium_large size-medium_large wp-image-55262\" alt=\"Compos\u00e9 d&#039;isolation thermique GoTherm\" srcset=\"https:\/\/fcom.pro\/wp-content\/uploads\/2021\/09\/gotherm_masa_5l_min-768x768.png 768w, https:\/\/fcom.pro\/wp-content\/uploads\/2021\/09\/gotherm_masa_5l_min-300x300.png 300w, https:\/\/fcom.pro\/wp-content\/uploads\/2021\/09\/gotherm_masa_5l_min-150x150.png 150w, https:\/\/fcom.pro\/wp-content\/uploads\/2021\/09\/gotherm_masa_5l_min.png 1000w\" sizes=\"auto, (max-width: 768px) 100vw, 768px\" title=\"\">\t\t\t\t\t\t\t\t\t\t\t\t\t\t\t<\/div>\n\t\t\t\t<\/div>\n\t\t\t\t<\/div>\n\t\t<div class=\"elementor-element elementor-element-1dae354 e-con-full e-flex e-con e-child\" data-id=\"1dae354\" data-element_type=\"container\" data-e-type=\"container\">\n\t\t\t\t<div class=\"elementor-element elementor-element-3522750 elementor-invisible elementor-widget elementor-widget-text-editor\" data-id=\"3522750\" data-element_type=\"widget\" data-e-type=\"widget\" data-settings=\"{&quot;_animation&quot;:&quot;fadeInUp&quot;,&quot;motion_fx_motion_fx_scrolling&quot;:&quot;yes&quot;,&quot;motion_fx_opacity_effect&quot;:&quot;yes&quot;,&quot;motion_fx_opacity_direction&quot;:&quot;in-out&quot;,&quot;motion_fx_opacity_range&quot;:{&quot;unit&quot;:&quot;%&quot;,&quot;size&quot;:&quot;&quot;,&quot;sizes&quot;:{&quot;start&quot;:70,&quot;end&quot;:90}},&quot;motion_fx_opacity_level&quot;:{&quot;unit&quot;:&quot;px&quot;,&quot;size&quot;:10,&quot;sizes&quot;:[]},&quot;motion_fx_devices&quot;:[&quot;desktop&quot;,&quot;tablet&quot;,&quot;mobile&quot;]}\" data-widget_type=\"text-editor.default\">\n\t\t\t\t<div class=\"elementor-widget-container\">\n\t\t\t\t\t\t\t\t\t<p>Les rev\u00eatements d&#8217;isolation thermique \u00e0 base d&#8217;eau GoTherm<sup>\u00ae<\/sup> que nous produisons sont des produits polyvalents fabriqu\u00e9s \u00e0 <strong>partir de composants provenant des principaux fabricants polonais<\/strong>.<\/p>\n<p>Le rev\u00eatement GoTherm<sup>\u00ae<\/sup> existe en deux versions, commun\u00e9ment appel\u00e9es <strong>p\u00e2te d&#8217;isolation thermique<\/strong> et <strong>peinture d&#8217;isolation thermique<\/strong>. La version p\u00e2te (produit dense) a une consistance similaire \u00e0 celle du mastic et doit \u00eatre appliqu\u00e9e \u00e0 l&#8217;aide d&#8217;une spatule ou d&#8217;une truelle, tandis que la version peinture (produit liquide) a une consistance similaire \u00e0 celle des peintures \u00e0 \u00e9mulsion et peut donc \u00eatre appliqu\u00e9e \u00e0 l&#8217;aide d&#8217;un pinceau, d&#8217;un rouleau ou d&#8217;une unit\u00e9 de peinture. &nbsp;<\/p>\t\t\t\t\t\t\t\t<\/div>\n\t\t\t\t<\/div>\n\t\t\t\t<\/div>\n\t\t\t\t<\/div>\n\t\t<div class=\"elementor-element elementor-element-bc53a72 e-con-full e-flex e-con e-child\" data-id=\"bc53a72\" data-element_type=\"container\" data-e-type=\"container\">\n\t\t<div class=\"elementor-element elementor-element-994f642 e-con-full e-flex e-con e-child\" data-id=\"994f642\" data-element_type=\"container\" data-e-type=\"container\">\n\t\t\t\t<div class=\"elementor-element elementor-element-53f0d4e elementor-widget elementor-widget-image\" data-id=\"53f0d4e\" data-element_type=\"widget\" data-e-type=\"widget\" data-widget_type=\"image.default\">\n\t\t\t\t<div class=\"elementor-widget-container\">\n\t\t\t\t\t\t\t\t\t\t\t\t<figure class=\"wp-caption\">\n\t\t\t\t\t\t\t\t\t\t<img loading=\"lazy\" decoding=\"async\" width=\"800\" height=\"498\" src=\"https:\/\/fcom.pro\/wp-content\/uploads\/2023\/06\/Reflection-outside.gif\" class=\"attachment-large size-large wp-image-53690\" alt=\"\" title=\"\">\t\t\t\t\t\t\t\t\t\t\t<figcaption class=\"widget-image-caption wp-caption-text\">Isolation du b\u00e2timent par l'ext\u00e9rieur<\/figcaption>\n\t\t\t\t\t\t\t\t\t\t<\/figure>\n\t\t\t\t\t\t\t\t\t<\/div>\n\t\t\t\t<\/div>\n\t\t\t\t<div class=\"elementor-element elementor-element-7e93996 elementor-widget elementor-widget-image\" data-id=\"7e93996\" data-element_type=\"widget\" data-e-type=\"widget\" data-widget_type=\"image.default\">\n\t\t\t\t<div class=\"elementor-widget-container\">\n\t\t\t\t\t\t\t\t\t\t\t\t<figure class=\"wp-caption\">\n\t\t\t\t\t\t\t\t\t\t<img loading=\"lazy\" decoding=\"async\" width=\"800\" height=\"498\" src=\"https:\/\/fcom.pro\/wp-content\/uploads\/2023\/06\/Reflection-inside.gif\" class=\"attachment-large size-large wp-image-53687\" alt=\"\" title=\"\">\t\t\t\t\t\t\t\t\t\t\t<figcaption class=\"widget-image-caption wp-caption-text\">Isolation du b\u00e2timent par l'int\u00e9rieur<\/figcaption>\n\t\t\t\t\t\t\t\t\t\t<\/figure>\n\t\t\t\t\t\t\t\t\t<\/div>\n\t\t\t\t<\/div>\n\t\t\t\t<div class=\"elementor-element elementor-element-8e7b6b4 elementor-widget elementor-widget-image\" data-id=\"8e7b6b4\" data-element_type=\"widget\" data-e-type=\"widget\" data-widget_type=\"image.default\">\n\t\t\t\t<div class=\"elementor-widget-container\">\n\t\t\t\t\t\t\t\t\t\t\t\t<figure class=\"wp-caption\">\n\t\t\t\t\t\t\t\t\t\t<img loading=\"lazy\" decoding=\"async\" width=\"800\" height=\"498\" src=\"https:\/\/fcom.pro\/wp-content\/uploads\/2023\/06\/Mold.gif\" class=\"attachment-large size-large wp-image-53684\" alt=\"\" title=\"\">\t\t\t\t\t\t\t\t\t\t\t<figcaption class=\"widget-image-caption wp-caption-text\">Protection contre la condensation, la formation de moisissures et la prolif\u00e9ration bact\u00e9rienne. Il suffit de nettoyer la surface et d'appliquer le rev\u00eatement.   <\/figcaption>\n\t\t\t\t\t\t\t\t\t\t<\/figure>\n\t\t\t\t\t\t\t\t\t<\/div>\n\t\t\t\t<\/div>\n\t\t\t\t<\/div>\n\t\t<div class=\"elementor-element elementor-element-0f98c5f e-con-full e-flex e-con e-child\" data-id=\"0f98c5f\" data-element_type=\"container\" data-e-type=\"container\">\n\t\t<div class=\"elementor-element elementor-element-56255ba e-con-full e-flex e-con e-child\" data-id=\"56255ba\" data-element_type=\"container\" data-e-type=\"container\">\n\t\t<div class=\"elementor-element elementor-element-d8e9c50 e-con-full e-flex e-con e-child\" data-id=\"d8e9c50\" data-element_type=\"container\" data-e-type=\"container\">\n\t\t\t\t<div class=\"elementor-element elementor-element-b0d25c7 elementor-invisible elementor-widget elementor-widget-text-editor\" data-id=\"b0d25c7\" data-element_type=\"widget\" data-e-type=\"widget\" data-settings=\"{&quot;_animation&quot;:&quot;fadeInUp&quot;,&quot;motion_fx_motion_fx_scrolling&quot;:&quot;yes&quot;,&quot;motion_fx_opacity_effect&quot;:&quot;yes&quot;,&quot;motion_fx_opacity_direction&quot;:&quot;in-out&quot;,&quot;motion_fx_opacity_range&quot;:{&quot;unit&quot;:&quot;%&quot;,&quot;size&quot;:&quot;&quot;,&quot;sizes&quot;:{&quot;start&quot;:70,&quot;end&quot;:90}},&quot;motion_fx_opacity_level&quot;:{&quot;unit&quot;:&quot;px&quot;,&quot;size&quot;:10,&quot;sizes&quot;:[]},&quot;motion_fx_devices&quot;:[&quot;desktop&quot;,&quot;tablet&quot;,&quot;mobile&quot;]}\" data-widget_type=\"text-editor.default\">\n\t\t\t\t<div class=\"elementor-widget-container\">\n\t\t\t\t\t\t\t\t\t<p>GoTherm<sup>\u00ae<\/sup> est utilis\u00e9 pour l&#8217;<b>isolation thermique ext\u00e9rieure et int\u00e9rieure<\/b>, le rev\u00eatement de protection des cloisons de b\u00e2timents et la <b>protection contre les br\u00fblures caus\u00e9es par les surfaces chaudes<\/b>. Il poss\u00e8de des <b>propri\u00e9t\u00e9s fongicides et bact\u00e9ricides<\/b> et <b>emp\u00eache la formation de condensation<\/b> en cas de diff\u00e9rences de temp\u00e9rature \u00e9lev\u00e9es. <\/p>\t\t\t\t\t\t\t\t<\/div>\n\t\t\t\t<\/div>\n\t\t\t\t<\/div>\n\t\t\t\t<\/div>\n\t\t<div class=\"elementor-element elementor-element-ea54870 e-con-full e-flex e-con e-child\" data-id=\"ea54870\" data-element_type=\"container\" data-e-type=\"container\">\n\t\t<div class=\"elementor-element elementor-element-ee91896 e-con-full e-flex e-con e-child\" data-id=\"ee91896\" data-element_type=\"container\" data-e-type=\"container\">\n\t\t\t\t<div class=\"elementor-element elementor-element-a3b1e54 elementor-invisible elementor-widget elementor-widget-heading\" data-id=\"a3b1e54\" data-element_type=\"widget\" data-e-type=\"widget\" data-settings=\"{&quot;_animation&quot;:&quot;fadeInUp&quot;}\" data-widget_type=\"heading.default\">\n\t\t\t\t<div class=\"elementor-widget-container\">\n\t\t\t\t\t<h2 class=\"elementor-heading-title elementor-size-default\">Exemples d'applications<\/h2>\t\t\t\t<\/div>\n\t\t\t\t<\/div>\n\t\t\t\t<div class=\"elementor-element elementor-element-9e06c7a elementor-invisible elementor-widget elementor-widget-text-editor\" data-id=\"9e06c7a\" data-element_type=\"widget\" data-e-type=\"widget\" data-settings=\"{&quot;_animation&quot;:&quot;fadeInUp&quot;,&quot;motion_fx_motion_fx_scrolling&quot;:&quot;yes&quot;,&quot;motion_fx_opacity_effect&quot;:&quot;yes&quot;,&quot;motion_fx_opacity_direction&quot;:&quot;in-out&quot;,&quot;motion_fx_opacity_range&quot;:{&quot;unit&quot;:&quot;%&quot;,&quot;size&quot;:&quot;&quot;,&quot;sizes&quot;:{&quot;start&quot;:70,&quot;end&quot;:90}},&quot;motion_fx_opacity_level&quot;:{&quot;unit&quot;:&quot;px&quot;,&quot;size&quot;:10,&quot;sizes&quot;:[]},&quot;motion_fx_devices&quot;:[&quot;desktop&quot;,&quot;tablet&quot;,&quot;mobile&quot;]}\" data-widget_type=\"text-editor.default\">\n\t\t\t\t<div class=\"elementor-widget-container\">\n\t\t\t\t\t\t\t\t\t<ul><li>les pi\u00e8ces dont l&#8217;isolation est insuffisante.<\/li><li>les pi\u00e8ces pr\u00e9sentant un taux d&#8217;humidit\u00e9 \u00e9lev\u00e9 et un risque de moisissures,<\/li><li>les \u00e9quipements publics tels que les h\u00f4pitaux, les cabinets m\u00e9dicaux et divers types de bureaux,<\/li><li>les b\u00e2timents historiques o\u00f9 la laine ou le polystyr\u00e8ne ne peuvent \u00eatre utilis\u00e9s en raison de la forme complexe de la fa\u00e7ade,<\/li><li>les cloisons en brique, en pl\u00e2tre, en b\u00e9ton et les \u00e9l\u00e9ments en bois,<\/li><li>les composants d&#8217;installations industrielles.<\/li><\/ul>\t\t\t\t\t\t\t\t<\/div>\n\t\t\t\t<\/div>\n\t\t\t\t<\/div>\n\t\t\t\t<\/div>\n\t\t<div class=\"elementor-element elementor-element-fb5c058 e-con-full e-flex e-con e-child\" data-id=\"fb5c058\" data-element_type=\"container\" data-e-type=\"container\">\n\t\t<div class=\"elementor-element elementor-element-378c2aa e-con-full e-flex e-con e-child\" data-id=\"378c2aa\" data-element_type=\"container\" data-e-type=\"container\">\n\t\t\t\t<div class=\"elementor-element elementor-element-b5a3bcf elementor-invisible elementor-widget elementor-widget-heading\" data-id=\"b5a3bcf\" data-element_type=\"widget\" data-e-type=\"widget\" data-settings=\"{&quot;_animation&quot;:&quot;fadeInUp&quot;}\" data-widget_type=\"heading.default\">\n\t\t\t\t<div class=\"elementor-widget-container\">\n\t\t\t\t\t<h2 class=\"elementor-heading-title elementor-size-default\">\u00c9cologique et inoffensif<\/h2>\t\t\t\t<\/div>\n\t\t\t\t<\/div>\n\t\t\t\t<div class=\"elementor-element elementor-element-93a4d42 elementor-invisible elementor-widget elementor-widget-text-editor\" data-id=\"93a4d42\" data-element_type=\"widget\" data-e-type=\"widget\" data-settings=\"{&quot;_animation&quot;:&quot;fadeInUp&quot;,&quot;motion_fx_motion_fx_scrolling&quot;:&quot;yes&quot;,&quot;motion_fx_opacity_effect&quot;:&quot;yes&quot;,&quot;motion_fx_opacity_direction&quot;:&quot;in-out&quot;,&quot;motion_fx_opacity_range&quot;:{&quot;unit&quot;:&quot;%&quot;,&quot;size&quot;:&quot;&quot;,&quot;sizes&quot;:{&quot;start&quot;:70,&quot;end&quot;:90}},&quot;motion_fx_opacity_level&quot;:{&quot;unit&quot;:&quot;px&quot;,&quot;size&quot;:10,&quot;sizes&quot;:[]},&quot;motion_fx_devices&quot;:[&quot;desktop&quot;,&quot;tablet&quot;,&quot;mobile&quot;]}\" data-widget_type=\"text-editor.default\">\n\t\t\t\t<div class=\"elementor-widget-container\">\n\t\t\t\t\t\t\t\t\t<p>Notre produit est \u00e0 base d&#8217;eau et donc respectueux de l&#8217;homme et de l&#8217;environnement !<\/p><p>Alors que les normes autorisent une teneur maximale en COV (Compos\u00e9s Organiques Volatils) de 30 g\/l (pour l&#8217;int\u00e9rieur) ou 130 g\/l (pour l&#8217;ext\u00e9rieur) dans les peintures et vernis, <strong>GoTherm n&#8217;en contient que des traces &#8211; 0,6 g\/l !<\/strong><\/p>\t\t\t\t\t\t\t\t<\/div>\n\t\t\t\t<\/div>\n\t\t\t\t<\/div>\n\t\t\t\t<\/div>\n\t\t\t\t<\/div>\n\t\t\t\t<\/div>\n\t\t<div class=\"elementor-element elementor-element-52a498e e-con-full e-flex e-con e-child\" data-id=\"52a498e\" data-element_type=\"container\" data-e-type=\"container\">\n\t\t<div class=\"elementor-element elementor-element-75cb536 e-con-full e-flex e-con e-child\" data-id=\"75cb536\" data-element_type=\"container\" data-e-type=\"container\">\n\t\t\t\t<div class=\"elementor-element elementor-element-aff2691 elementor-widget elementor-widget-image\" data-id=\"aff2691\" data-element_type=\"widget\" data-e-type=\"widget\" data-widget_type=\"image.default\">\n\t\t\t\t<div class=\"elementor-widget-container\">\n\t\t\t\t\t\t\t\t\t\t\t\t\t\t\t<img loading=\"lazy\" decoding=\"async\" width=\"692\" height=\"537\" src=\"https:\/\/fcom.pro\/wp-content\/uploads\/2023\/05\/9029ac494de0afe08afd31d582c5.jpg\" class=\"attachment-large size-large wp-image-53636\" alt=\"\" srcset=\"https:\/\/fcom.pro\/wp-content\/uploads\/2023\/05\/9029ac494de0afe08afd31d582c5.jpg 692w, https:\/\/fcom.pro\/wp-content\/uploads\/2023\/05\/9029ac494de0afe08afd31d582c5-300x233.jpg 300w, https:\/\/fcom.pro\/wp-content\/uploads\/2023\/05\/9029ac494de0afe08afd31d582c5-600x466.jpg 600w\" sizes=\"auto, (max-width: 692px) 100vw, 692px\" title=\"\">\t\t\t\t\t\t\t\t\t\t\t\t\t\t\t<\/div>\n\t\t\t\t<\/div>\n\t\t\t\t<\/div>\n\t\t<div class=\"elementor-element elementor-element-d9c1c00 e-con-full e-flex e-con e-child\" data-id=\"d9c1c00\" data-element_type=\"container\" data-e-type=\"container\">\n\t\t\t\t<div class=\"elementor-element elementor-element-7aca021 elementor-invisible elementor-widget elementor-widget-heading\" data-id=\"7aca021\" data-element_type=\"widget\" data-e-type=\"widget\" data-settings=\"{&quot;_animation&quot;:&quot;fadeInUp&quot;}\" data-widget_type=\"heading.default\">\n\t\t\t\t<div class=\"elementor-widget-container\">\n\t\t\t\t\t<h2 class=\"elementor-heading-title elementor-size-default\">Finition de la surface<\/h2>\t\t\t\t<\/div>\n\t\t\t\t<\/div>\n\t\t\t\t<div class=\"elementor-element elementor-element-5d5735f elementor-invisible elementor-widget elementor-widget-text-editor\" data-id=\"5d5735f\" data-element_type=\"widget\" data-e-type=\"widget\" data-settings=\"{&quot;_animation&quot;:&quot;fadeInUp&quot;,&quot;motion_fx_motion_fx_scrolling&quot;:&quot;yes&quot;,&quot;motion_fx_opacity_effect&quot;:&quot;yes&quot;,&quot;motion_fx_opacity_direction&quot;:&quot;in-out&quot;,&quot;motion_fx_opacity_range&quot;:{&quot;unit&quot;:&quot;%&quot;,&quot;size&quot;:&quot;&quot;,&quot;sizes&quot;:{&quot;start&quot;:70,&quot;end&quot;:90}},&quot;motion_fx_opacity_level&quot;:{&quot;unit&quot;:&quot;px&quot;,&quot;size&quot;:10,&quot;sizes&quot;:[]},&quot;motion_fx_devices&quot;:[&quot;desktop&quot;,&quot;tablet&quot;,&quot;mobile&quot;]}\" data-widget_type=\"text-editor.default\">\n\t\t\t\t<div class=\"elementor-widget-container\">\n\t\t\t\t\t\t\t\t\t<p>L&#8217;application d <strong>&#8216;une peinture d&#8217;isolation thermique<\/strong> (au rouleau ou au pistolet) produit une <strong>texture<\/strong>, due \u00e0 la teneur \u00e9lev\u00e9e en microsph\u00e8res de verre du produit.<\/p>\n<p>Il n&#8217;est possible d&#8217;obtenir <strong>une finition lisse<\/strong> qu&#8217;en \u00e9talant le <strong>compos\u00e9 thermique<\/strong> (\u00e0 l&#8217;aide d&#8217;une truelle ou d&#8217;un couteau \u00e0 mastic), ce qui requiert toutefois de l&#8217;exp\u00e9rience et de l&#8217;habilet\u00e9 dans l&#8217;application du lissage.<\/p>\t\t\t\t\t\t\t\t<\/div>\n\t\t\t\t<\/div>\n\t\t\t\t<\/div>\n\t\t\t\t<\/div>\n\t\t\t\t<\/div>\n\t\t\t\t<\/div>\n\t\t","protected":false},"excerpt":{"rendered":"<p>Produit teint\u00e9, non retournable.<\/p>\n","protected":false},"featured_media":55262,"comment_status":"open","ping_status":"closed","template":"","meta":[],"product_brand":[],"product_cat":[2766,2736],"product_tag":[2739],"class_list":{"0":"post-58661","1":"product","2":"type-product","3":"status-publish","4":"has-post-thumbnail","6":"product_cat-gotherm-fr","7":"product_cat-masa-termoizolacyjna-fr","8":"product_tag-produkt-z-kalkulatorem-fr","9":"product_shipping_class-masa-fr","11":"first","12":"instock","13":"taxable","14":"shipping-taxable","15":"purchasable","16":"product-type-variable","17":"has-default-attributes"},"_links":{"self":[{"href":"https:\/\/fcom.pro\/fr\/wp-json\/wp\/v2\/product\/58661","targetHints":{"allow":["GET"]}}],"collection":[{"href":"https:\/\/fcom.pro\/fr\/wp-json\/wp\/v2\/product"}],"about":[{"href":"https:\/\/fcom.pro\/fr\/wp-json\/wp\/v2\/types\/product"}],"replies":[{"embeddable":true,"href":"https:\/\/fcom.pro\/fr\/wp-json\/wp\/v2\/comments?post=58661"}],"version-history":[{"count":0,"href":"https:\/\/fcom.pro\/fr\/wp-json\/wp\/v2\/product\/58661\/revisions"}],"wp:featuredmedia":[{"embeddable":true,"href":"https:\/\/fcom.pro\/fr\/wp-json\/wp\/v2\/media\/55262"}],"wp:attachment":[{"href":"https:\/\/fcom.pro\/fr\/wp-json\/wp\/v2\/media?parent=58661"}],"wp:term":[{"taxonomy":"product_brand","embeddable":true,"href":"https:\/\/fcom.pro\/fr\/wp-json\/wp\/v2\/product_brand?post=58661"},{"taxonomy":"product_cat","embeddable":true,"href":"https:\/\/fcom.pro\/fr\/wp-json\/wp\/v2\/product_cat?post=58661"},{"taxonomy":"product_tag","embeddable":true,"href":"https:\/\/fcom.pro\/fr\/wp-json\/wp\/v2\/product_tag?post=58661"}],"curies":[{"name":"wp","href":"https:\/\/api.w.org\/{rel}","templated":true}]}}