{"id":58577,"date":"2021-02-28T11:59:15","date_gmt":"2021-02-28T10:59:15","guid":{"rendered":"https:\/\/fcom.pro\/sklep\/gotherm-seal\/"},"modified":"2026-01-21T10:18:56","modified_gmt":"2026-01-21T09:18:56","slug":"gotherm-seal","status":"publish","type":"product","link":"https:\/\/fcom.pro\/fr\/boutique\/gotherm-seal\/","title":{"rendered":"GoTherm Seal"},"content":{"rendered":"\t\t<div data-elementor-type=\"product-post\" data-elementor-id=\"58577\" class=\"elementor elementor-58577 elementor-1212\" data-elementor-post-type=\"product\">\n\t\t\t\t<div class=\"elementor-element elementor-element-9e0bd76 e-con-full e-flex e-con e-parent\" data-id=\"9e0bd76\" data-element_type=\"container\" data-e-type=\"container\">\n\t\t<div class=\"elementor-element elementor-element-49cf12a e-con-full e-flex e-con e-child\" data-id=\"49cf12a\" data-element_type=\"container\" data-e-type=\"container\">\n\t\t\t\t<div class=\"elementor-element elementor-element-80eac4a elementor-widget elementor-widget-image\" data-id=\"80eac4a\" data-element_type=\"widget\" data-e-type=\"widget\" data-widget_type=\"image.default\">\n\t\t\t\t<div class=\"elementor-widget-container\">\n\t\t\t\t\t\t\t\t\t\t\t\t\t\t\t<img loading=\"lazy\" decoding=\"async\" width=\"800\" height=\"438\" src=\"https:\/\/fcom.pro\/wp-content\/uploads\/2024\/03\/seal-1024x561.jpg\" class=\"attachment-large size-large wp-image-54908\" alt=\"\" srcset=\"https:\/\/fcom.pro\/wp-content\/uploads\/2024\/03\/seal-1024x561.jpg 1024w, https:\/\/fcom.pro\/wp-content\/uploads\/2024\/03\/seal-300x164.jpg 300w, https:\/\/fcom.pro\/wp-content\/uploads\/2024\/03\/seal-768x421.jpg 768w\" sizes=\"auto, (max-width: 800px) 100vw, 800px\" title=\"\">\t\t\t\t\t\t\t\t\t\t\t\t\t\t\t<\/div>\n\t\t\t\t<\/div>\n\t\t\t\t<\/div>\n\t\t<div class=\"elementor-element elementor-element-78439b6 e-con-full e-flex e-con e-child\" data-id=\"78439b6\" data-element_type=\"container\" data-e-type=\"container\">\n\t\t\t\t<div class=\"elementor-element elementor-element-22461d6 elementor-widget elementor-widget-text-editor\" data-id=\"22461d6\" data-element_type=\"widget\" data-e-type=\"widget\" data-widget_type=\"text-editor.default\">\n\t\t\t\t<div class=\"elementor-widget-container\">\n\t\t\t\t\t\t\t\t\t<p>GoTherm\u00ae Seal est un mastic d&#8217;\u00e9tanch\u00e9it\u00e9 min\u00e9ral en cartouche sp\u00e9cialement d\u00e9velopp\u00e9 pour le secteur de la construction. Il se distingue par ses excellentes propri\u00e9t\u00e9s d&#8217;isolation thermique et de protection. Il r\u00e9siste aux intemp\u00e9ries, <b>isole les ponts thermiques<\/b> et <b>emp\u00eache<\/b> efficacement <b>la condensation<\/b> et la <b>formation de moisissures<\/b>. GoTherm Seal en tube se caract\u00e9rise \u00e9galement par sa grande \u00e9lasticit\u00e9 et son lent processus de vieillissement.   <\/p><p>Contrairement aux compos\u00e9s acryliques et silicones traditionnels, GoTherm Seal est <b>facile \u00e0 recouvrir d&#8217;une peinture d\u00e9corative<\/b>, de sorte qu&#8217;<b>il ne se d\u00e9marque pas du mur peint<\/b>.<\/p><ul><li>Pr\u00e9venir les ponts thermiques &#8211; gr\u00e2ce \u00e0 ses propri\u00e9t\u00e9s d&#8217;isolation thermique, GoTherm Seal \u00e9limine efficacement les ponts thermiques.<\/li><li>Eliminez les lacunes et les fissures &#8211; Le mastic GoTherm, gr\u00e2ce \u00e0 sa grande flexibilit\u00e9, vous permet de combler les lacunes et de masquer les fissures existantes.<\/li><\/ul>\t\t\t\t\t\t\t\t<\/div>\n\t\t\t\t<\/div>\n\t\t\t\t<\/div>\n\t\t\t\t<\/div>\n\t\t<div class=\"elementor-element elementor-element-0f71838 e-con-full e-flex e-con e-parent\" data-id=\"0f71838\" data-element_type=\"container\" data-e-type=\"container\">\n\t\t<div class=\"elementor-element elementor-element-0ab9d04 e-con-full e-flex e-con e-child\" data-id=\"0ab9d04\" data-element_type=\"container\" data-e-type=\"container\">\n\t\t\t\t<div class=\"elementor-element elementor-element-008a720 elementor-widget elementor-widget-image\" data-id=\"008a720\" data-element_type=\"widget\" data-e-type=\"widget\" data-widget_type=\"image.default\">\n\t\t\t\t<div class=\"elementor-widget-container\">\n\t\t\t\t\t\t\t\t\t\t\t\t\t\t\t<img loading=\"lazy\" decoding=\"async\" width=\"800\" height=\"534\" src=\"https:\/\/fcom.pro\/wp-content\/uploads\/2024\/03\/MG_41671-1024x683.jpg\" class=\"attachment-large size-large wp-image-54914\" alt=\"\" srcset=\"https:\/\/fcom.pro\/wp-content\/uploads\/2024\/03\/MG_41671-1024x683.jpg 1024w, https:\/\/fcom.pro\/wp-content\/uploads\/2024\/03\/MG_41671-300x200.jpg 300w, https:\/\/fcom.pro\/wp-content\/uploads\/2024\/03\/MG_41671-768x512.jpg 768w\" sizes=\"auto, (max-width: 800px) 100vw, 800px\" title=\"\">\t\t\t\t\t\t\t\t\t\t\t\t\t\t\t<\/div>\n\t\t\t\t<\/div>\n\t\t\t\t<\/div>\n\t\t<div class=\"elementor-element elementor-element-867c451 e-con-full e-flex e-con e-child\" data-id=\"867c451\" data-element_type=\"container\" data-e-type=\"container\">\n\t\t\t\t<div class=\"elementor-element elementor-element-55d6afa elementor-widget elementor-widget-heading\" data-id=\"55d6afa\" data-element_type=\"widget\" data-e-type=\"widget\" data-widget_type=\"heading.default\">\n\t\t\t\t<div class=\"elementor-widget-container\">\n\t\t\t\t\t<h2 class=\"elementor-heading-title elementor-size-default\">Exemples d'applications<\/h2>\t\t\t\t<\/div>\n\t\t\t\t<\/div>\n\t\t\t\t<div class=\"elementor-element elementor-element-9ef3f09 elementor-widget elementor-widget-text-editor\" data-id=\"9ef3f09\" data-element_type=\"widget\" data-e-type=\"widget\" data-widget_type=\"text-editor.default\">\n\t\t\t\t<div class=\"elementor-widget-container\">\n\t\t\t\t\t\t\t\t\t<ul><li>l&#8217;isolation thermique des joints de dilatation,<\/li><li>joint d&#8217;isolation thermique autour des fen\u00eatres et des portes,<\/li><li>le remplissage des espaces et des cavit\u00e9s dans les panneaux de polystyr\u00e8ne,<\/li><li>isolation thermique et masquage des goujons de montage en mousse de polystyr\u00e8ne,<\/li><li>\u00e9liminer les ponts thermiques,<\/li><li>l&#8217;\u00e9tanch\u00e9it\u00e9 des conduits de ventilation et de climatisation.<\/li><\/ul>\t\t\t\t\t\t\t\t<\/div>\n\t\t\t\t<\/div>\n\t\t\t\t<\/div>\n\t\t\t\t<\/div>\n\t\t<div class=\"elementor-element elementor-element-b9698ee e-con-full e-flex e-con e-parent\" data-id=\"b9698ee\" data-element_type=\"container\" data-e-type=\"container\">\n\t\t<div class=\"elementor-element elementor-element-6b1dbc9 e-con-full e-flex e-con e-child\" data-id=\"6b1dbc9\" data-element_type=\"container\" data-e-type=\"container\">\n\t\t\t\t<div class=\"elementor-element elementor-element-ae5a5ef elementor-widget elementor-widget-gallery\" data-id=\"ae5a5ef\" data-element_type=\"widget\" data-e-type=\"widget\" data-settings=\"{&quot;columns&quot;:3,&quot;overlay_description&quot;:&quot;caption&quot;,&quot;lazyload&quot;:&quot;yes&quot;,&quot;gallery_layout&quot;:&quot;grid&quot;,&quot;columns_tablet&quot;:2,&quot;columns_mobile&quot;:1,&quot;gap&quot;:{&quot;unit&quot;:&quot;px&quot;,&quot;size&quot;:10,&quot;sizes&quot;:[]},&quot;gap_tablet&quot;:{&quot;unit&quot;:&quot;px&quot;,&quot;size&quot;:10,&quot;sizes&quot;:[]},&quot;gap_mobile&quot;:{&quot;unit&quot;:&quot;px&quot;,&quot;size&quot;:10,&quot;sizes&quot;:[]},&quot;aspect_ratio&quot;:&quot;3:2&quot;,&quot;content_hover_animation&quot;:&quot;fade-in&quot;}\" data-widget_type=\"gallery.default\">\n\t\t\t\t<div class=\"elementor-widget-container\">\n\t\t\t\t\t\t\t<div class=\"elementor-gallery__container\">\n\t\t\t\t\t<\/div>\n\t\t\t\t\t<\/div>\n\t\t\t\t<\/div>\n\t\t\t\t<\/div>\n\t\t\t\t<\/div>\n\t\t<div class=\"elementor-element elementor-element-2e5de5d e-con-full e-flex e-con e-parent\" data-id=\"2e5de5d\" data-element_type=\"container\" data-e-type=\"container\">\n\t\t<div class=\"elementor-element elementor-element-c3282e8 e-con-full e-flex e-con e-child\" data-id=\"c3282e8\" data-element_type=\"container\" data-e-type=\"container\">\n\t\t\t\t<div class=\"elementor-element elementor-element-e8697e0 elementor-widget elementor-widget-video\" data-id=\"e8697e0\" data-element_type=\"widget\" data-e-type=\"widget\" data-settings=\"{&quot;youtube_url&quot;:&quot;https:\\\/\\\/youtu.be\\\/XVXSRGH8ttw&quot;,&quot;video_type&quot;:&quot;youtube&quot;,&quot;controls&quot;:&quot;yes&quot;}\" data-widget_type=\"video.default\">\n\t\t\t\t<div class=\"elementor-widget-container\">\n\t\t\t\t\t\t\t<div class=\"elementor-wrapper elementor-open-inline\">\n\t\t\t<div class=\"elementor-video\"><\/div>\t\t<\/div>\n\t\t\t\t\t\t<\/div>\n\t\t\t\t<\/div>\n\t\t\t\t<\/div>\n\t\t<div class=\"elementor-element elementor-element-a35f791 e-con-full e-flex e-con e-child\" data-id=\"a35f791\" data-element_type=\"container\" data-e-type=\"container\">\n\t\t\t\t<div class=\"elementor-element elementor-element-5de8982 elementor-widget elementor-widget-heading\" data-id=\"5de8982\" data-element_type=\"widget\" data-e-type=\"widget\" data-widget_type=\"heading.default\">\n\t\t\t\t<div class=\"elementor-widget-container\">\n\t\t\t\t\t<h3 class=\"elementor-heading-title elementor-size-default\">L'isolation des ponts thermiques est triviale !<\/h3>\t\t\t\t<\/div>\n\t\t\t\t<\/div>\n\t\t\t\t<div class=\"elementor-element elementor-element-233a57b elementor-widget elementor-widget-text-editor\" data-id=\"233a57b\" data-element_type=\"widget\" data-e-type=\"widget\" data-widget_type=\"text-editor.default\">\n\t\t\t\t<div class=\"elementor-widget-container\">\n\t\t\t\t\t\t\t\t\t<div class=\"is-layout-flex wp-container-5 wp-block-columns\"><div class=\"is-layout-flow wp-block-column is-vertically-aligned-center\"><p>Il est extr\u00eamement facile et pratique de s\u00e9curiser les ponts thermiques, les interstices et les fissures avec le mastic d&#8217;isolation thermique en tube GoTherm Seal !<\/p><\/div><\/div>\t\t\t\t\t\t\t\t<\/div>\n\t\t\t\t<\/div>\n\t\t\t\t<\/div>\n\t\t\t\t<\/div>\n\t\t\t\t<\/div>\n\t\t","protected":false},"excerpt":{"rendered":"<p>GoTherm\u00ae Seal est un mastic d&#8217;\u00e9tanch\u00e9it\u00e9 min\u00e9ral en cartouche sp\u00e9cialement d\u00e9velopp\u00e9 pour le secteur de la construction. Il se distingue par ses excellentes propri\u00e9t\u00e9s d&#8217;isolation thermique et de protection. Il r\u00e9siste aux intemp\u00e9ries, isole les ponts thermiques et emp\u00eache efficacement la condensation et la formation de moisissures. GoTherm Seal en tube se caract\u00e9rise \u00e9galement par [&hellip;]<\/p>\n","protected":false},"featured_media":54950,"comment_status":"open","ping_status":"closed","template":"","meta":[],"product_brand":[],"product_cat":[2757],"product_tag":[2759],"class_list":{"0":"post-58577","1":"product","2":"type-product","3":"status-publish","4":"has-post-thumbnail","6":"product_cat-termoizolacyjny-uszczelniacz-fr","7":"product_tag-gotherm-fr-2","8":"product_shipping_class-seal-fr","10":"first","11":"instock","12":"taxable","13":"shipping-taxable","14":"purchasable","15":"product-type-simple"},"_links":{"self":[{"href":"https:\/\/fcom.pro\/fr\/wp-json\/wp\/v2\/product\/58577","targetHints":{"allow":["GET"]}}],"collection":[{"href":"https:\/\/fcom.pro\/fr\/wp-json\/wp\/v2\/product"}],"about":[{"href":"https:\/\/fcom.pro\/fr\/wp-json\/wp\/v2\/types\/product"}],"replies":[{"embeddable":true,"href":"https:\/\/fcom.pro\/fr\/wp-json\/wp\/v2\/comments?post=58577"}],"version-history":[{"count":0,"href":"https:\/\/fcom.pro\/fr\/wp-json\/wp\/v2\/product\/58577\/revisions"}],"wp:featuredmedia":[{"embeddable":true,"href":"https:\/\/fcom.pro\/fr\/wp-json\/wp\/v2\/media\/54950"}],"wp:attachment":[{"href":"https:\/\/fcom.pro\/fr\/wp-json\/wp\/v2\/media?parent=58577"}],"wp:term":[{"taxonomy":"product_brand","embeddable":true,"href":"https:\/\/fcom.pro\/fr\/wp-json\/wp\/v2\/product_brand?post=58577"},{"taxonomy":"product_cat","embeddable":true,"href":"https:\/\/fcom.pro\/fr\/wp-json\/wp\/v2\/product_cat?post=58577"},{"taxonomy":"product_tag","embeddable":true,"href":"https:\/\/fcom.pro\/fr\/wp-json\/wp\/v2\/product_tag?post=58577"}],"curies":[{"name":"wp","href":"https:\/\/api.w.org\/{rel}","templated":true}]}}