{"id":58458,"date":"2023-10-19T16:19:29","date_gmt":"2023-10-19T14:19:29","guid":{"rendered":"https:\/\/fcom.pro\/sklep\/rouleau-de-peinture-en-nylon\/"},"modified":"2025-06-25T14:14:22","modified_gmt":"2025-06-25T12:14:22","slug":"rouleau-de-peinture-en-nylon","status":"publish","type":"product","link":"https:\/\/fcom.pro\/fr\/boutique\/rouleau-de-peinture-en-nylon\/","title":{"rendered":"Rouleau de peinture en nylon"},"content":{"rendered":"\t\t<div data-elementor-type=\"product-post\" data-elementor-id=\"58458\" class=\"elementor elementor-58458 elementor-27573\" data-elementor-post-type=\"product\">\n\t\t\t\t<div class=\"elementor-element elementor-element-b96b3e0 e-flex e-con-boxed e-con e-parent\" data-id=\"b96b3e0\" data-element_type=\"container\" data-e-type=\"container\">\n\t\t\t\t\t<div class=\"e-con-inner\">\n\t\t\t\t<div class=\"elementor-element elementor-element-d56e193 elementor-invisible elementor-widget elementor-widget-text-editor\" data-id=\"d56e193\" data-element_type=\"widget\" data-e-type=\"widget\" data-settings=\"{&quot;_animation&quot;:&quot;fadeInUp&quot;,&quot;motion_fx_motion_fx_scrolling&quot;:&quot;yes&quot;,&quot;motion_fx_opacity_effect&quot;:&quot;yes&quot;,&quot;motion_fx_opacity_direction&quot;:&quot;in-out&quot;,&quot;motion_fx_opacity_range&quot;:{&quot;unit&quot;:&quot;%&quot;,&quot;size&quot;:&quot;&quot;,&quot;sizes&quot;:{&quot;start&quot;:70,&quot;end&quot;:90}},&quot;motion_fx_opacity_level&quot;:{&quot;unit&quot;:&quot;px&quot;,&quot;size&quot;:10,&quot;sizes&quot;:[]},&quot;motion_fx_devices&quot;:[&quot;desktop&quot;,&quot;tablet&quot;,&quot;mobile&quot;]}\" data-widget_type=\"text-editor.default\">\n\t\t\t\t<div class=\"elementor-widget-container\">\n\t\t\t\t\t\t\t\t\t<p><strong>Rouleau en nylon \u00e0 poils courts<\/strong> (6 mm) adapt\u00e9 \u00e0 l&#8217;application de peintures et de rev\u00eatements thermiques sur des surfaces \u00e0 <strong>faible rugosit\u00e9<\/strong>.<\/p><p>Pour les surfaces rugueuses (telles que les fa\u00e7ades), nous recommandons l&#8217;utilisation d&#8217;un rouleau \u00e0 cordes polyacrylique \u00e0 poils longs. <a href=\"https:\/\/fcom.pro\/fr\/sklep\/rouleau-de-peinture-a-cordes\/\"><strong>rouleau \u00e0 cordes polyacrylique \u00e0 poils longs<\/strong><\/a>.<\/p>\t\t\t\t\t\t\t\t<\/div>\n\t\t\t\t<\/div>\n\t\t\t\t\t<\/div>\n\t\t\t\t<\/div>\n\t\t<div class=\"elementor-element elementor-element-b336c6d e-flex e-con-boxed e-con e-parent\" data-id=\"b336c6d\" data-element_type=\"container\" data-e-type=\"container\">\n\t\t\t\t\t<div class=\"e-con-inner\">\n\t\t\t\t\t<\/div>\n\t\t\t\t<\/div>\n\t\t\t\t<\/div>\n\t\t","protected":false},"excerpt":{"rendered":"<p>Rouleau en nylon \u00e0 poils courts (6 mm) adapt\u00e9 \u00e0 l&#8217;application de peintures et de rev\u00eatements thermiques sur des surfaces \u00e0 faible rugosit\u00e9. Pour les surfaces rugueuses (telles que les fa\u00e7ades), nous recommandons l&#8217;utilisation d&#8217;un rouleau \u00e0 cordes polyacrylique \u00e0 poils longs. rouleau \u00e0 cordes polyacrylique \u00e0 poils longs.<\/p>\n","protected":false},"featured_media":54824,"comment_status":"closed","ping_status":"closed","template":"","meta":[],"product_brand":[],"product_cat":[2774],"product_tag":[],"class_list":{"0":"post-58458","1":"product","2":"type-product","3":"status-publish","4":"has-post-thumbnail","6":"product_cat-narzedzia-fr","7":"product_shipping_class-walek-fr","9":"first","10":"instock","11":"taxable","12":"shipping-taxable","13":"purchasable","14":"product-type-simple"},"_links":{"self":[{"href":"https:\/\/fcom.pro\/fr\/wp-json\/wp\/v2\/product\/58458","targetHints":{"allow":["GET"]}}],"collection":[{"href":"https:\/\/fcom.pro\/fr\/wp-json\/wp\/v2\/product"}],"about":[{"href":"https:\/\/fcom.pro\/fr\/wp-json\/wp\/v2\/types\/product"}],"replies":[{"embeddable":true,"href":"https:\/\/fcom.pro\/fr\/wp-json\/wp\/v2\/comments?post=58458"}],"version-history":[{"count":0,"href":"https:\/\/fcom.pro\/fr\/wp-json\/wp\/v2\/product\/58458\/revisions"}],"wp:featuredmedia":[{"embeddable":true,"href":"https:\/\/fcom.pro\/fr\/wp-json\/wp\/v2\/media\/54824"}],"wp:attachment":[{"href":"https:\/\/fcom.pro\/fr\/wp-json\/wp\/v2\/media?parent=58458"}],"wp:term":[{"taxonomy":"product_brand","embeddable":true,"href":"https:\/\/fcom.pro\/fr\/wp-json\/wp\/v2\/product_brand?post=58458"},{"taxonomy":"product_cat","embeddable":true,"href":"https:\/\/fcom.pro\/fr\/wp-json\/wp\/v2\/product_cat?post=58458"},{"taxonomy":"product_tag","embeddable":true,"href":"https:\/\/fcom.pro\/fr\/wp-json\/wp\/v2\/product_tag?post=58458"}],"curies":[{"name":"wp","href":"https:\/\/api.w.org\/{rel}","templated":true}]}}