{"id":58452,"date":"2023-10-20T10:56:06","date_gmt":"2023-10-20T08:56:06","guid":{"rendered":"https:\/\/fcom.pro\/sklep\/rouleau-de-peinture-a-cordes\/"},"modified":"2025-06-25T14:14:23","modified_gmt":"2025-06-25T12:14:23","slug":"rouleau-de-peinture-a-cordes","status":"publish","type":"product","link":"https:\/\/fcom.pro\/fr\/boutique\/rouleau-de-peinture-a-cordes\/","title":{"rendered":"Rouleau de peinture \u00e0 cordes"},"content":{"rendered":"\t\t<div data-elementor-type=\"product-post\" data-elementor-id=\"58452\" class=\"elementor elementor-58452 elementor-27592\" data-elementor-post-type=\"product\">\n\t\t\t\t<div class=\"elementor-element elementor-element-35eb50d e-flex e-con-boxed e-con e-parent\" data-id=\"35eb50d\" data-element_type=\"container\" data-e-type=\"container\">\n\t\t\t\t\t<div class=\"e-con-inner\">\n\t\t\t\t<div class=\"elementor-element elementor-element-bd7fa5b elementor-widget elementor-widget-text-editor\" data-id=\"bd7fa5b\" data-element_type=\"widget\" data-e-type=\"widget\" data-widget_type=\"text-editor.default\">\n\t\t\t\t<div class=\"elementor-widget-container\">\n\t\t\t\t\t\t\t\t\t<p><strong>Rouleau filaire polyacrylique \u00e0 poils longs<\/strong> pour l&#8217;application de peintures d&#8217;isolation thermique sur des surfaces <strong>rugueuses<\/strong> (p. ex. fa\u00e7ade).<\/p><p>Pour les surfaces l\u00e9g\u00e8rement rugueuses (par exemple, les murs \u00e0 l&#8217;int\u00e9rieur), nous recommandons l&#8217;utilisation d&#8217;un <a href=\"https:\/\/fcom.pro\/fr\/sklep\/rouleau-de-peinture-en-nylon\/\"><strong>d&#8217;un rouleau en nylon \u00e0 poils courts<\/strong><\/a>.<\/p>\t\t\t\t\t\t\t\t<\/div>\n\t\t\t\t<\/div>\n\t\t\t\t\t<\/div>\n\t\t\t\t<\/div>\n\t\t<div class=\"elementor-element elementor-element-b459abf e-flex e-con-boxed e-con e-parent\" data-id=\"b459abf\" data-element_type=\"container\" data-e-type=\"container\">\n\t\t\t\t\t<div class=\"e-con-inner\">\n\t\t\t\t\t<\/div>\n\t\t\t\t<\/div>\n\t\t\t\t<\/div>\n\t\t","protected":false},"excerpt":{"rendered":"<p>Rouleau filaire polyacrylique \u00e0 poils longs pour l&#8217;application de peintures d&#8217;isolation thermique sur des surfaces rugueuses (p. ex. fa\u00e7ade). Pour les surfaces l\u00e9g\u00e8rement rugueuses (par exemple, les murs \u00e0 l&#8217;int\u00e9rieur), nous recommandons l&#8217;utilisation d&#8217;un d&#8217;un rouleau en nylon \u00e0 poils courts.<\/p>\n","protected":false},"featured_media":54830,"comment_status":"closed","ping_status":"closed","template":"","meta":[],"product_brand":[],"product_cat":[2774],"product_tag":[],"class_list":{"0":"post-58452","1":"product","2":"type-product","3":"status-publish","4":"has-post-thumbnail","6":"product_cat-narzedzia-fr","7":"product_shipping_class-walek-fr","9":"first","10":"instock","11":"taxable","12":"shipping-taxable","13":"purchasable","14":"product-type-simple"},"_links":{"self":[{"href":"https:\/\/fcom.pro\/fr\/wp-json\/wp\/v2\/product\/58452","targetHints":{"allow":["GET"]}}],"collection":[{"href":"https:\/\/fcom.pro\/fr\/wp-json\/wp\/v2\/product"}],"about":[{"href":"https:\/\/fcom.pro\/fr\/wp-json\/wp\/v2\/types\/product"}],"replies":[{"embeddable":true,"href":"https:\/\/fcom.pro\/fr\/wp-json\/wp\/v2\/comments?post=58452"}],"version-history":[{"count":0,"href":"https:\/\/fcom.pro\/fr\/wp-json\/wp\/v2\/product\/58452\/revisions"}],"wp:featuredmedia":[{"embeddable":true,"href":"https:\/\/fcom.pro\/fr\/wp-json\/wp\/v2\/media\/54830"}],"wp:attachment":[{"href":"https:\/\/fcom.pro\/fr\/wp-json\/wp\/v2\/media?parent=58452"}],"wp:term":[{"taxonomy":"product_brand","embeddable":true,"href":"https:\/\/fcom.pro\/fr\/wp-json\/wp\/v2\/product_brand?post=58452"},{"taxonomy":"product_cat","embeddable":true,"href":"https:\/\/fcom.pro\/fr\/wp-json\/wp\/v2\/product_cat?post=58452"},{"taxonomy":"product_tag","embeddable":true,"href":"https:\/\/fcom.pro\/fr\/wp-json\/wp\/v2\/product_tag?post=58452"}],"curies":[{"name":"wp","href":"https:\/\/api.w.org\/{rel}","templated":true}]}}