{"id":59969,"date":"2025-08-22T14:34:47","date_gmt":"2025-08-22T12:34:47","guid":{"rendered":"https:\/\/fcom.pro\/impression\/"},"modified":"2025-08-22T14:53:57","modified_gmt":"2025-08-22T12:53:57","slug":"impression","status":"publish","type":"page","link":"https:\/\/fcom.pro\/fr\/impression\/","title":{"rendered":"Impression"},"content":{"rendered":"\t\t<div data-elementor-type=\"wp-page\" data-elementor-id=\"59969\" class=\"elementor elementor-59969 elementor-59965\" data-elementor-post-type=\"page\">\n\t\t\t\t<div class=\"elementor-element elementor-element-19425e6 e-flex e-con-boxed e-con e-parent\" data-id=\"19425e6\" data-element_type=\"container\" data-e-type=\"container\">\n\t\t\t\t\t<div class=\"e-con-inner\">\n\t\t\t\t<div class=\"elementor-element elementor-element-c45b03c elementor-widget elementor-widget-heading\" data-id=\"c45b03c\" data-element_type=\"widget\" data-e-type=\"widget\" data-widget_type=\"heading.default\">\n\t\t\t\t<div class=\"elementor-widget-container\">\n\t\t\t\t\t<h2 class=\"elementor-heading-title elementor-size-default\">Impression<\/h2>\t\t\t\t<\/div>\n\t\t\t\t<\/div>\n\t\t\t\t<div class=\"elementor-element elementor-element-7cf14696 elementor-widget elementor-widget-shortcode\" data-id=\"7cf14696\" data-element_type=\"widget\" data-e-type=\"widget\" data-widget_type=\"shortcode.default\">\n\t\t\t\t<div class=\"elementor-widget-container\">\n\t\t\t\t\t\t\t<div class=\"elementor-shortcode\">\n<!-- Legal document generated by Complianz | GDPR\/CCPA Cookie Consent https:\/\/wordpress.org\/plugins\/complianz-gdpr -->\n<div id=\"cmplz-document\" class=\"cmplz-document impressum cmplz-document-all\"><p><i>Cette imprint a \u00e9t\u00e9 mise \u00e0 jour pour la derni\u00e8re fois le 11 mars 2026.<\/i><\/p><p class=\"cmplz-subtitle\">Le propri\u00e9taire de ce site web est\u00a0:<\/p><p>FCOM Sp. z o.o. Sp. z o.o.<br>43-502 Czechowice-Dziedzice, ul. W\u0119glowa 14<br>Pologne<br>E-mail\u00a0:&nbsp;<span class=\"cmplz-obfuscate\">&#098;i&#117;&#114;&#111;@<span class=\"cmplz-fmail-domain\">&#101;&#120;.&#099;o&#109;<\/span>&#102;c&#111;m&#046;pro<\/span><br>Num\u00e9ro de t\u00e9l\u00e9phone\u00a0: +48732970200<br>ID TVA\u00a0:&nbsp;PL6381839670<\/p><p class=\"cmplz-subtitle\">Le(s) repr\u00e9sentant(s) l\u00e9gal(aux) de FCOM Sp. z o.o. Sp. z o.o.\u00a0:<\/p><p>Filip Bielakow<\/p><h2>1. G\u00e9n\u00e9ral<\/h2><p class=\"cmplz-subtitle\">1.1 Nous sommes enregistr\u00e9s chez KRS sous le num\u00e9ro de licence ou d\u2019enregistrement\u00a0:<\/p><p>0000813044<\/p><p>Vous pouvez acc\u00e9der \u00e0 ces r\u00e8gles et r\u00e8glements ici\u00a0:<br \/>https:\/\/fcom.pro\/regulamin-sprzedazy-i-dostaw\/<\/p><p>Nous sommes dispos\u00e9s ou oblig\u00e9s de participer \u00e0 des proc\u00e9dures de r\u00e8glement des litiges devant une commission d\u2019arbitrage des consommateurs.<\/p><h2>2. Les informations suivantes sont obligatoires selon la loi allemande.<\/h2><\/div><\/div>\n\t\t\t\t\t\t<\/div>\n\t\t\t\t<\/div>\n\t\t\t\t\t<\/div>\n\t\t\t\t<\/div>\n\t\t\t\t<\/div>\n\t\t","protected":false},"excerpt":{"rendered":"<p>Impression<\/p>\n","protected":false},"author":1,"featured_media":0,"parent":0,"menu_order":0,"comment_status":"closed","ping_status":"closed","template":"","meta":{"footnotes":""},"class_list":["post-59969","page","type-page","status-publish","hentry"],"_links":{"self":[{"href":"https:\/\/fcom.pro\/fr\/wp-json\/wp\/v2\/pages\/59969","targetHints":{"allow":["GET"]}}],"collection":[{"href":"https:\/\/fcom.pro\/fr\/wp-json\/wp\/v2\/pages"}],"about":[{"href":"https:\/\/fcom.pro\/fr\/wp-json\/wp\/v2\/types\/page"}],"author":[{"embeddable":true,"href":"https:\/\/fcom.pro\/fr\/wp-json\/wp\/v2\/users\/1"}],"replies":[{"embeddable":true,"href":"https:\/\/fcom.pro\/fr\/wp-json\/wp\/v2\/comments?post=59969"}],"version-history":[{"count":0,"href":"https:\/\/fcom.pro\/fr\/wp-json\/wp\/v2\/pages\/59969\/revisions"}],"wp:attachment":[{"href":"https:\/\/fcom.pro\/fr\/wp-json\/wp\/v2\/media?parent=59969"}],"curies":[{"name":"wp","href":"https:\/\/api.w.org\/{rel}","templated":true}]}}