{"id":57500,"date":"2024-03-15T11:57:12","date_gmt":"2024-03-15T10:57:12","guid":{"rendered":"https:\/\/fcom.pro\/produits\/primaire-avec-nano-argent\/"},"modified":"2025-09-10T15:43:27","modified_gmt":"2025-09-10T13:43:27","slug":"primaire-avec-nano-argent","status":"publish","type":"page","link":"https:\/\/fcom.pro\/fr\/produits\/primaire-avec-nano-argent\/","title":{"rendered":"Primaire avec nano-argent"},"content":{"rendered":"\t\t<div data-elementor-type=\"wp-page\" data-elementor-id=\"57500\" class=\"elementor elementor-57500 elementor-33116\" data-elementor-post-type=\"page\">\n\t\t\t\t<div class=\"elementor-element elementor-element-732de99 e-con-full e-flex e-con e-parent\" data-id=\"732de99\" data-element_type=\"container\" data-e-type=\"container\" id=\"particles-js\" data-settings=\"{&quot;background_background&quot;:&quot;classic&quot;}\">\n\t\t<div class=\"elementor-element elementor-element-e80895c e-con-full e-flex e-con e-child\" data-id=\"e80895c\" data-element_type=\"container\" data-e-type=\"container\" id=\"particles-js\">\n\t\t<div class=\"elementor-element elementor-element-663341f e-con-full e-flex e-con e-child\" data-id=\"663341f\" data-element_type=\"container\" data-e-type=\"container\">\n\t\t<div class=\"elementor-element elementor-element-5482a1b e-con-full elementor-hidden-mobile e-flex e-con e-child\" data-id=\"5482a1b\" data-element_type=\"container\" data-e-type=\"container\">\n\t\t\t\t<div class=\"elementor-element elementor-element-bc952f1 elementor-align-justify elementor-mobile-align-left return-button elementor-widget elementor-widget-button\" data-id=\"bc952f1\" data-element_type=\"widget\" data-e-type=\"widget\" data-widget_type=\"button.default\">\n\t\t\t\t<div class=\"elementor-widget-container\">\n\t\t\t\t\t\t\t\t\t<div class=\"elementor-button-wrapper\">\n\t\t\t\t\t<a class=\"elementor-button elementor-button-link elementor-size-sm\" href=\"https:\/\/fcom.pro\/fr\/produits\/\">\n\t\t\t\t\t\t<span class=\"elementor-button-content-wrapper\">\n\t\t\t\t\t\t<span class=\"elementor-button-icon\">\n\t\t\t\t<svg aria-hidden=\"true\" class=\"e-font-icon-svg e-fas-arrow-left\" viewBox=\"0 0 448 512\" xmlns=\"http:\/\/www.w3.org\/2000\/svg\"><path d=\"M257.5 445.1l-22.2 22.2c-9.4 9.4-24.6 9.4-33.9 0L7 273c-9.4-9.4-9.4-24.6 0-33.9L201.4 44.7c9.4-9.4 24.6-9.4 33.9 0l22.2 22.2c9.5 9.5 9.3 25-.4 34.3L136.6 216H424c13.3 0 24 10.7 24 24v32c0 13.3-10.7 24-24 24H136.6l120.5 114.8c9.8 9.3 10 24.8.4 34.3z\"><\/path><\/svg>\t\t\t<\/span>\n\t\t\t\t\t\t\t\t\t<span class=\"elementor-button-text\">  Retour<\/span>\n\t\t\t\t\t<\/span>\n\t\t\t\t\t<\/a>\n\t\t\t\t<\/div>\n\t\t\t\t\t\t\t\t<\/div>\n\t\t\t\t<\/div>\n\t\t\t\t<\/div>\n\t\t<div class=\"elementor-element elementor-element-ad94588 e-con-full e-flex e-con e-child\" data-id=\"ad94588\" data-element_type=\"container\" data-e-type=\"container\">\n\t\t\t\t<div class=\"elementor-element elementor-element-9960cf1 elementor-invisible elementor-widget elementor-widget-heading\" data-id=\"9960cf1\" data-element_type=\"widget\" data-e-type=\"widget\" data-settings=\"{&quot;_animation&quot;:&quot;fadeInUp&quot;}\" data-widget_type=\"heading.default\">\n\t\t\t\t<div class=\"elementor-widget-container\">\n\t\t\t\t\t<h1 class=\"elementor-heading-title elementor-size-default\">L'ab\u00e9c\u00e9daire<\/h1>\t\t\t\t<\/div>\n\t\t\t\t<\/div>\n\t\t\t\t<div class=\"elementor-element elementor-element-c812b7f elementor-invisible elementor-widget elementor-widget-heading\" data-id=\"c812b7f\" data-element_type=\"widget\" data-e-type=\"widget\" data-settings=\"{&quot;_animation&quot;:&quot;fadeInUp&quot;}\" data-widget_type=\"heading.default\">\n\t\t\t\t<div class=\"elementor-widget-container\">\n\t\t\t\t\t<h2 class=\"elementor-heading-title elementor-size-default\">avec du nano-argent<\/h2>\t\t\t\t<\/div>\n\t\t\t\t<\/div>\n\t\t\t\t<\/div>\n\t\t\t\t<\/div>\n\t\t\t\t<div class=\"elementor-element elementor-element-52ae940 elementor-absolute elementor-invisible elementor-widget elementor-widget-html\" data-id=\"52ae940\" data-element_type=\"widget\" data-e-type=\"widget\" data-settings=\"{&quot;motion_fx_motion_fx_scrolling&quot;:&quot;yes&quot;,&quot;motion_fx_opacity_effect&quot;:&quot;yes&quot;,&quot;motion_fx_opacity_direction&quot;:&quot;in-out&quot;,&quot;_position&quot;:&quot;absolute&quot;,&quot;motion_fx_opacity_range&quot;:{&quot;unit&quot;:&quot;%&quot;,&quot;size&quot;:&quot;&quot;,&quot;sizes&quot;:{&quot;start&quot;:0,&quot;end&quot;:30}},&quot;_animation&quot;:&quot;fadeInUp&quot;,&quot;motion_fx_opacity_level&quot;:{&quot;unit&quot;:&quot;px&quot;,&quot;size&quot;:10,&quot;sizes&quot;:[]},&quot;motion_fx_devices&quot;:[&quot;desktop&quot;,&quot;tablet&quot;,&quot;mobile&quot;]}\" data-widget_type=\"html.default\">\n\t\t\t\t<div class=\"elementor-widget-container\">\n\t\t\t\t\t<a href=\"#scroll\">\r\n    <lottie-player autoplay=\"\" loop=\"\" mode=\"normal\" src=\"https:\/\/fcom.pro\/wp-content\/uploads\/2023\/05\/arrow_scroll.json\" style=\"width: 80px;\">\r\n    <\/lottie-player>\r\n<\/a>\t\t\t\t<\/div>\n\t\t\t\t<\/div>\n\t\t\t\t<\/div>\n\t\t\t\t<\/div>\n\t\t<section class=\"elementor-element elementor-element-649477d section-indicator section--bg section--bright e-flex e-con-boxed e-con e-parent\" data-id=\"649477d\" data-element_type=\"container\" data-e-type=\"container\">\n\t\t\t\t\t<div class=\"e-con-inner\">\n\t\t<div class=\"elementor-element elementor-element-cc27a6e e-con-full oval-wrapper e-flex e-con e-child\" data-id=\"cc27a6e\" data-element_type=\"container\" data-e-type=\"container\" data-settings=\"{&quot;background_background&quot;:&quot;classic&quot;,&quot;motion_fx_motion_fx_scrolling&quot;:&quot;yes&quot;,&quot;motion_fx_scale_effect&quot;:&quot;yes&quot;,&quot;motion_fx_scale_speed&quot;:{&quot;unit&quot;:&quot;px&quot;,&quot;size&quot;:15,&quot;sizes&quot;:[]},&quot;motion_fx_scale_range&quot;:{&quot;unit&quot;:&quot;%&quot;,&quot;size&quot;:&quot;&quot;,&quot;sizes&quot;:{&quot;start&quot;:0,&quot;end&quot;:11}},&quot;position&quot;:&quot;absolute&quot;,&quot;motion_fx_scale_direction&quot;:&quot;out-in&quot;,&quot;motion_fx_devices&quot;:[&quot;desktop&quot;,&quot;tablet&quot;,&quot;mobile&quot;]}\">\n\t\t\t\t<\/div>\n\t\t<div class=\"elementor-element elementor-element-9243567 e-con-full content-wrapper e-flex e-con e-child\" data-id=\"9243567\" data-element_type=\"container\" data-e-type=\"container\">\n\t\t<div class=\"elementor-element elementor-element-26327c5 e-con-full e-flex e-con e-child\" data-id=\"26327c5\" data-element_type=\"container\" data-e-type=\"container\">\n\t\t\t\t<div class=\"elementor-element elementor-element-8898aa3 elementor-widget elementor-widget-text-editor\" data-id=\"8898aa3\" data-element_type=\"widget\" data-e-type=\"widget\" data-widget_type=\"text-editor.default\">\n\t\t\t\t<div class=\"elementor-widget-container\">\n\t\t\t\t\t\t\t\t\t<p><span style=\"text-align: start;\">Primaire professionnel <\/span><span style=\"font-weight: bolder; text-align: start;\">recommand\u00e9 pour une utilisation avant l&#8217;application de rev\u00eatements d&#8217;isolation thermique<\/span><span style=\"text-align: start;\"> de la gamme GoTherm\u00ae et AT Termo\u00ae a \u00e9t\u00e9 sp\u00e9cialement formul\u00e9 pour donner d&#8217;excellents r\u00e9sultats.<\/span><\/p>\t\t\t\t\t\t\t\t<\/div>\n\t\t\t\t<\/div>\n\t\t\t\t<\/div>\n\t\t<div class=\"elementor-element elementor-element-2f73a55 e-flex e-con-boxed e-con e-child\" data-id=\"2f73a55\" data-element_type=\"container\" data-e-type=\"container\">\n\t\t\t\t\t<div class=\"e-con-inner\">\n\t\t\t\t<div class=\"elementor-element elementor-element-66f0c5f elementor-widget elementor-widget-heading\" data-id=\"66f0c5f\" data-element_type=\"widget\" data-e-type=\"widget\" data-widget_type=\"heading.default\">\n\t\t\t\t<div class=\"elementor-widget-container\">\n\t\t\t\t\t<h2 class=\"elementor-heading-title elementor-size-default\">Application<\/h2>\t\t\t\t<\/div>\n\t\t\t\t<\/div>\n\t\t\t\t<div class=\"elementor-element elementor-element-da28624 elementor-widget elementor-widget-image\" data-id=\"da28624\" data-element_type=\"widget\" data-e-type=\"widget\" data-widget_type=\"image.default\">\n\t\t\t\t<div class=\"elementor-widget-container\">\n\t\t\t\t\t\t\t\t\t\t\t\t\t\t\t<img loading=\"lazy\" decoding=\"async\" width=\"800\" height=\"800\" src=\"https:\/\/fcom.pro\/wp-content\/uploads\/2024\/03\/podklad-2L-1024x1024.jpg\" class=\"attachment-large size-large wp-image-55034\" alt=\"\" srcset=\"https:\/\/fcom.pro\/wp-content\/uploads\/2024\/03\/podklad-2L-1024x1024.jpg 1024w, https:\/\/fcom.pro\/wp-content\/uploads\/2024\/03\/podklad-2L-300x300.jpg 300w, https:\/\/fcom.pro\/wp-content\/uploads\/2024\/03\/podklad-2L-150x150.jpg 150w, https:\/\/fcom.pro\/wp-content\/uploads\/2024\/03\/podklad-2L-768x768.jpg 768w\" sizes=\"auto, (max-width: 800px) 100vw, 800px\" title=\"\">\t\t\t\t\t\t\t\t\t\t\t\t\t\t\t<\/div>\n\t\t\t\t<\/div>\n\t\t\t\t<div class=\"elementor-element elementor-element-16d507c elementor-widget elementor-widget-text-editor\" data-id=\"16d507c\" data-element_type=\"widget\" data-e-type=\"widget\" data-widget_type=\"text-editor.default\">\n\t\t\t\t<div class=\"elementor-widget-container\">\n\t\t\t\t\t\t\t\t\t<p>Gr\u00e2ce \u00e0 sa formule unique, enrichie de nanoparticules d&#8217;argent, ce produit <strong>am\u00e9liore<\/strong> non seulement <strong>la couverture des couleurs intenses<\/strong>, mais aussi <strong>la r\u00e9sistance des surfaces aux bact\u00e9ries et champignons nocifs.<\/strong><\/p><p>Cet appr\u00eat sert \u00e9galement de <strong>protection pour les substrats faibles et instables<\/strong>, tout en <strong>augmentant l&#8217;adh\u00e9rence des<\/strong> peintures et des compos\u00e9s d&#8217;isolation thermique. Il est id\u00e9al pour les applications <strong>int\u00e9rieures et ext\u00e9rieures<\/strong>, car il peut \u00eatre appliqu\u00e9 sur <strong>une vari\u00e9t\u00e9 de substrats<\/strong> tels que le ciment, le ciment-chaux, le gypse, les plaques de pl\u00e2tre et autres. <\/p><p>Gr\u00e2ce \u00e0 cette formulation, le travail d&#8217;application du rev\u00eatement d&#8217;isolation thermique devient plus efficace et plus durable, assurant la protection et l&#8217;isolation thermique pour les ann\u00e9es \u00e0 venir.<\/p>\t\t\t\t\t\t\t\t<\/div>\n\t\t\t\t<\/div>\n\t\t\t\t\t<\/div>\n\t\t\t\t<\/div>\n\t\t<div class=\"elementor-element elementor-element-77227b4 e-con-full e-flex e-con e-child\" data-id=\"77227b4\" data-element_type=\"container\" data-e-type=\"container\">\n\t\t\t\t<div class=\"elementor-element elementor-element-861ca17 elementor-widget elementor-widget-heading\" data-id=\"861ca17\" data-element_type=\"widget\" data-e-type=\"widget\" data-widget_type=\"heading.default\">\n\t\t\t\t<div class=\"elementor-widget-container\">\n\t\t\t\t\t<h2 class=\"elementor-heading-title elementor-size-default\">Application<\/h2>\t\t\t\t<\/div>\n\t\t\t\t<\/div>\n\t\t\t\t<div class=\"elementor-element elementor-element-3511b18 elementor-widget elementor-widget-text-editor\" data-id=\"3511b18\" data-element_type=\"widget\" data-e-type=\"widget\" data-widget_type=\"text-editor.default\">\n\t\t\t\t<div class=\"elementor-widget-container\">\n\t\t\t\t\t\t\t\t\t<p>L&#8217;application doit se faire \u00e0 une temp\u00e9rature ambiante et \u00e0 une temp\u00e9rature du support non inf\u00e9rieures \u00e0 +5\u00b0C. Le primaire est appliqu\u00e9 au rouleau ou \u00e0 la brosse, sur un <strong>support sec, exempt de poussi\u00e8re, de graisse et de salet\u00e9<\/strong>. Il est recommand\u00e9 d&#8217;appliquer le produit en deux fois, sans dilution, avec un temps de s\u00e9chage de 2 heures entre les couches.  <\/p>\t\t\t\t\t\t\t\t<\/div>\n\t\t\t\t<\/div>\n\t\t\t\t<\/div>\n\t\t<div class=\"elementor-element elementor-element-e73c80a e-con-full e-flex e-con e-child\" data-id=\"e73c80a\" data-element_type=\"container\" data-e-type=\"container\">\n\t\t<div class=\"elementor-element elementor-element-5b73511 e-con-full e-flex e-con e-child\" data-id=\"5b73511\" data-element_type=\"container\" data-e-type=\"container\">\n\t\t\t\t<div class=\"elementor-element elementor-element-75b1479 elementor-align-center elementor-widget elementor-widget-button\" data-id=\"75b1479\" data-element_type=\"widget\" data-e-type=\"widget\" data-widget_type=\"button.default\">\n\t\t\t\t<div class=\"elementor-widget-container\">\n\t\t\t\t\t\t\t\t\t<div class=\"elementor-button-wrapper\">\n\t\t\t\t\t<a class=\"elementor-button elementor-button-link elementor-size-sm\" href=\"https:\/\/fcom.pro\/fr\/boutique\/\">\n\t\t\t\t\t\t<span class=\"elementor-button-content-wrapper\">\n\t\t\t\t\t\t<span class=\"elementor-button-icon\">\n\t\t\t\t<i aria-hidden=\"true\" class=\"icon icon-shopping-cart-2\"><\/i>\t\t\t<\/span>\n\t\t\t\t\t\t\t\t\t<span class=\"elementor-button-text\">Acheter sur l'e-shop<\/span>\n\t\t\t\t\t<\/span>\n\t\t\t\t\t<\/a>\n\t\t\t\t<\/div>\n\t\t\t\t\t\t\t\t<\/div>\n\t\t\t\t<\/div>\n\t\t\t\t<\/div>\n\t\t\t\t<\/div>\n\t\t\t\t<div class=\"elementor-element elementor-element-1e2a143 elementor-widget elementor-widget-template\" data-id=\"1e2a143\" data-element_type=\"widget\" data-e-type=\"widget\" data-widget_type=\"template.default\">\n\t\t\t\t<div class=\"elementor-widget-container\">\n\t\t\t\t\t\t\t<div class=\"elementor-template\">\n\t\t\t\t\t<div data-elementor-type=\"container\" data-elementor-id=\"60871\" class=\"elementor elementor-60871 elementor-60798\" data-elementor-post-type=\"elementor_library\">\n\t\t\t\t<div class=\"elementor-element elementor-element-c2e2974 e-con-full e-flex e-con e-child\" data-id=\"c2e2974\" data-element_type=\"container\" data-e-type=\"container\">\n\t\t\t\t<div class=\"elementor-element elementor-element-3f2057a elementor-invisible elementor-widget elementor-widget-heading\" data-id=\"3f2057a\" data-element_type=\"widget\" data-e-type=\"widget\" data-settings=\"{&quot;_animation&quot;:&quot;fadeInUp&quot;}\" data-widget_type=\"heading.default\">\n\t\t\t\t<div class=\"elementor-widget-container\">\n\t\t\t\t\t<h2 class=\"elementor-heading-title elementor-size-default\">Sp\u00e9cifications techniques<\/h2>\t\t\t\t<\/div>\n\t\t\t\t<\/div>\n\t\t<div class=\"elementor-element elementor-element-d239485 e-con-full e-flex e-con e-child\" data-id=\"d239485\" data-element_type=\"container\" data-e-type=\"container\">\n\t\t\t\t<div class=\"elementor-element elementor-element-3bdc5ba elementor-invisible elementor-widget elementor-widget-text-editor\" data-id=\"3bdc5ba\" data-element_type=\"widget\" data-e-type=\"widget\" data-settings=\"{&quot;_animation&quot;:&quot;fadeInUp&quot;,&quot;motion_fx_motion_fx_scrolling&quot;:&quot;yes&quot;,&quot;motion_fx_opacity_effect&quot;:&quot;yes&quot;,&quot;motion_fx_opacity_direction&quot;:&quot;in-out&quot;,&quot;motion_fx_opacity_range&quot;:{&quot;unit&quot;:&quot;%&quot;,&quot;size&quot;:&quot;&quot;,&quot;sizes&quot;:{&quot;start&quot;:70,&quot;end&quot;:90}},&quot;motion_fx_opacity_level&quot;:{&quot;unit&quot;:&quot;px&quot;,&quot;size&quot;:10,&quot;sizes&quot;:[]},&quot;motion_fx_devices&quot;:[&quot;desktop&quot;,&quot;tablet&quot;,&quot;mobile&quot;]}\" data-widget_type=\"text-editor.default\">\n\t\t\t\t<div class=\"elementor-widget-container\">\n\t\t\t\t\t\t\t\t\t<table class=\"mobile-table\">\n<tbody>\n<tr>\n<td style=\"text-align: left;\"><strong>Emballage<\/strong><\/td>\n<td>2L, 5L<\/td>\n<\/tr>\n<tr>\n<td style=\"text-align: left;\"><strong>Performance<\/strong><\/td>\n<td>10m<sup>2<\/sup>\/L(en fonction de l&#8217;absorption de la surface)<\/td>\n<\/tr>\n<tr>\n<td style=\"text-align: left;\"><strong>Temps de s\u00e9chage<\/strong><\/td>\n<td>2 heures<\/td>\n<\/tr>\n<tr>\n<td style=\"text-align: left;\"><strong>Application<\/strong><\/td>\n<td>Am\u00e9liore l&#8217;opacit\u00e9 des couleurs intenses,\naugmente la r\u00e9sistance des surfaces aux bact\u00e9ries et aux champignons<\/td>\n<\/tr>\n<tr>\n<td style=\"text-align: left;\"><strong>M\u00e9thode d&#8217;application<\/strong><\/td>\n<td>pinceau, rouleau<\/td>\n<\/tr>\n<\/tbody>\n<\/table>\n<table class=\"pc-table\">\n<tbody>\n<tr>\n<td style=\"text-align: left;\"><strong>Emballage<\/strong><\/td>\n<td>2L, 5L<\/td>\n<\/tr>\n<tr>\n<td style=\"text-align: left;\"><strong>Performance<\/strong><\/td>\n<td>10m<sup>2<\/sup>\/L(en fonction de l&#8217;absorption de la surface)<\/td>\n<\/tr>\n<tr>\n<td style=\"text-align: left;\"><strong>Temps de s\u00e9chage<\/strong><\/td>\n<td>2 heures<\/td>\n<\/tr>\n<tr>\n<td style=\"text-align: left;\"><strong>Application<\/strong><\/td>\n<td>Am\u00e9liore l&#8217;opacit\u00e9 des couleurs intenses,\naugmente la r\u00e9sistance des surfaces aux bact\u00e9ries et aux champignons<\/td>\n<\/tr>\n<tr>\n<td style=\"text-align: left;\"><strong>M\u00e9thode d&#8217;application<\/strong><\/td>\n<td>pinceau, rouleau<\/td>\n<\/tr>\n<\/tbody>\n<\/table>\t\t\t\t\t\t\t\t<\/div>\n\t\t\t\t<\/div>\n\t\t\t\t<\/div>\n\t\t\t\t<\/div>\n\t\t\t\t<\/div>\n\t\t\t\t<\/div>\n\t\t\t\t\t\t<\/div>\n\t\t\t\t<\/div>\n\t\t\t\t<div class=\"elementor-element elementor-element-1235900 elementor-widget elementor-widget-template\" data-id=\"1235900\" data-element_type=\"widget\" data-e-type=\"widget\" data-widget_type=\"template.default\">\n\t\t\t\t<div class=\"elementor-widget-container\">\n\t\t\t\t\t\t\t<div class=\"elementor-template\">\n\t\t\t\t\t<div data-elementor-type=\"container\" data-elementor-id=\"60776\" class=\"elementor elementor-60776 elementor-60768\" data-elementor-post-type=\"elementor_library\">\n\t\t\t\t<div class=\"elementor-element elementor-element-a7c4505 e-con-full e-flex e-con e-child\" data-id=\"a7c4505\" data-element_type=\"container\" data-e-type=\"container\">\n\t\t\t\t<div class=\"elementor-element elementor-element-3ae4c39 elementor-invisible elementor-widget elementor-widget-heading\" data-id=\"3ae4c39\" data-element_type=\"widget\" data-e-type=\"widget\" data-settings=\"{&quot;_animation&quot;:&quot;fadeInUp&quot;}\" data-widget_type=\"heading.default\">\n\t\t\t\t<div class=\"elementor-widget-container\">\n\t\t\t\t\t<h2 class=\"elementor-heading-title elementor-size-default\">Documents<\/h2>\t\t\t\t<\/div>\n\t\t\t\t<\/div>\n\t\t\t\t<div class=\"elementor-element elementor-element-b291412 elementor-widget elementor-widget-button\" data-id=\"b291412\" data-element_type=\"widget\" data-e-type=\"widget\" data-widget_type=\"button.default\">\n\t\t\t\t<div class=\"elementor-widget-container\">\n\t\t\t\t\t\t\t\t\t<div class=\"elementor-button-wrapper\">\n\t\t\t\t\t<a class=\"elementor-button elementor-button-link elementor-size-sm\" href=\"https:\/\/fcom.pro\/wp-content\/uploads\/2025\/03\/SDS-Base.pdf\" target=\"_blank\">\n\t\t\t\t\t\t<span class=\"elementor-button-content-wrapper\">\n\t\t\t\t\t\t\t\t\t<span class=\"elementor-button-text\">Fiche de donn\u00e9es de s\u00e9curit\u00e9<\/span>\n\t\t\t\t\t<\/span>\n\t\t\t\t\t<\/a>\n\t\t\t\t<\/div>\n\t\t\t\t\t\t\t\t<\/div>\n\t\t\t\t<\/div>\n\t\t\t\t<\/div>\n\t\t\t\t<\/div>\n\t\t\t\t<\/div>\n\t\t\t\t\t\t<\/div>\n\t\t\t\t<\/div>\n\t\t\t\t<\/div>\n\t\t\t\t\t<\/div>\n\t\t\t\t<\/section>\n\t\t<div class=\"elementor-element elementor-element-20b7005 e-flex e-con-boxed e-con e-parent\" data-id=\"20b7005\" data-element_type=\"container\" data-e-type=\"container\">\n\t\t\t\t\t<div class=\"e-con-inner\">\n\t\t\t\t<div class=\"elementor-element elementor-element-2d5c3ed elementor-align-center elementor-widget elementor-widget-button\" data-id=\"2d5c3ed\" data-element_type=\"widget\" data-e-type=\"widget\" data-widget_type=\"button.default\">\n\t\t\t\t<div class=\"elementor-widget-container\">\n\t\t\t\t\t\t\t\t\t<div class=\"elementor-button-wrapper\">\n\t\t\t\t\t<a class=\"elementor-button elementor-button-link elementor-size-sm\" href=\"https:\/\/fcom.pro\/fr\/produits\/\">\n\t\t\t\t\t\t<span class=\"elementor-button-content-wrapper\">\n\t\t\t\t\t\t\t\t\t<span class=\"elementor-button-text\">Retour aux produits<\/span>\n\t\t\t\t\t<\/span>\n\t\t\t\t\t<\/a>\n\t\t\t\t<\/div>\n\t\t\t\t\t\t\t\t<\/div>\n\t\t\t\t<\/div>\n\t\t\t\t\t<\/div>\n\t\t\t\t<\/div>\n\t\t\t\t<\/div>\n\t\t","protected":false},"excerpt":{"rendered":"<p>Retour L&#8217;ab\u00e9c\u00e9daire avec du nano-argent Primaire professionnel recommand\u00e9 pour une utilisation avant l&#8217;application de rev\u00eatements d&#8217;isolation thermique de la gamme GoTherm\u00ae et AT Termo\u00ae a \u00e9t\u00e9 sp\u00e9cialement formul\u00e9 pour donner d&#8217;excellents r\u00e9sultats. Application Gr\u00e2ce \u00e0 sa formule unique, enrichie de nanoparticules d&#8217;argent, ce produit am\u00e9liore non seulement la couverture des couleurs intenses, mais aussi la [&hellip;]<\/p>\n","protected":false},"author":1,"featured_media":0,"parent":57476,"menu_order":0,"comment_status":"closed","ping_status":"closed","template":"","meta":{"footnotes":""},"class_list":["post-57500","page","type-page","status-publish","hentry"],"_links":{"self":[{"href":"https:\/\/fcom.pro\/fr\/wp-json\/wp\/v2\/pages\/57500","targetHints":{"allow":["GET"]}}],"collection":[{"href":"https:\/\/fcom.pro\/fr\/wp-json\/wp\/v2\/pages"}],"about":[{"href":"https:\/\/fcom.pro\/fr\/wp-json\/wp\/v2\/types\/page"}],"author":[{"embeddable":true,"href":"https:\/\/fcom.pro\/fr\/wp-json\/wp\/v2\/users\/1"}],"replies":[{"embeddable":true,"href":"https:\/\/fcom.pro\/fr\/wp-json\/wp\/v2\/comments?post=57500"}],"version-history":[{"count":0,"href":"https:\/\/fcom.pro\/fr\/wp-json\/wp\/v2\/pages\/57500\/revisions"}],"up":[{"embeddable":true,"href":"https:\/\/fcom.pro\/fr\/wp-json\/wp\/v2\/pages\/57476"}],"wp:attachment":[{"href":"https:\/\/fcom.pro\/fr\/wp-json\/wp\/v2\/media?parent=57500"}],"curies":[{"name":"wp","href":"https:\/\/api.w.org\/{rel}","templated":true}]}}