{"id":57443,"date":"2023-06-01T21:30:57","date_gmt":"2023-06-01T19:30:57","guid":{"rendered":"https:\/\/fcom.pro\/comment-cela-fonctionne-t-il\/"},"modified":"2025-06-04T14:30:23","modified_gmt":"2025-06-04T12:30:23","slug":"comment-cela-fonctionne-t-il","status":"publish","type":"page","link":"https:\/\/fcom.pro\/fr\/produits\/comment-cela-fonctionne-t-il\/","title":{"rendered":"Comment cela fonctionne-t-il ?"},"content":{"rendered":"\t\t<div data-elementor-type=\"wp-page\" data-elementor-id=\"57443\" class=\"elementor elementor-57443 elementor-19331\" data-elementor-post-type=\"page\">\n\t\t\t\t<div class=\"elementor-element elementor-element-f17f66c e-con-full e-flex e-con e-parent\" data-id=\"f17f66c\" data-element_type=\"container\" data-e-type=\"container\" id=\"particles-js\" data-settings=\"{&quot;background_background&quot;:&quot;classic&quot;}\">\n\t\t<div class=\"elementor-element elementor-element-6c02cd2 e-con-full e-flex e-con e-child\" data-id=\"6c02cd2\" data-element_type=\"container\" data-e-type=\"container\">\n\t\t<div class=\"elementor-element elementor-element-02797d3 e-con-full e-flex e-con e-child\" data-id=\"02797d3\" data-element_type=\"container\" data-e-type=\"container\">\n\t\t<div class=\"elementor-element elementor-element-3def7fb e-con-full elementor-hidden-mobile e-flex e-con e-child\" data-id=\"3def7fb\" data-element_type=\"container\" data-e-type=\"container\">\n\t\t\t\t<div class=\"elementor-element elementor-element-8cba09b elementor-align-justify elementor-mobile-align-left return-button elementor-widget elementor-widget-button\" data-id=\"8cba09b\" data-element_type=\"widget\" data-e-type=\"widget\" data-widget_type=\"button.default\">\n\t\t\t\t<div class=\"elementor-widget-container\">\n\t\t\t\t\t\t\t\t\t<div class=\"elementor-button-wrapper\">\n\t\t\t\t\t<a class=\"elementor-button elementor-button-link elementor-size-sm\" href=\"https:\/\/fcom.pro\/fr\/produits\/\">\n\t\t\t\t\t\t<span class=\"elementor-button-content-wrapper\">\n\t\t\t\t\t\t<span class=\"elementor-button-icon\">\n\t\t\t\t<svg aria-hidden=\"true\" class=\"e-font-icon-svg e-fas-arrow-left\" viewBox=\"0 0 448 512\" xmlns=\"http:\/\/www.w3.org\/2000\/svg\"><path d=\"M257.5 445.1l-22.2 22.2c-9.4 9.4-24.6 9.4-33.9 0L7 273c-9.4-9.4-9.4-24.6 0-33.9L201.4 44.7c9.4-9.4 24.6-9.4 33.9 0l22.2 22.2c9.5 9.5 9.3 25-.4 34.3L136.6 216H424c13.3 0 24 10.7 24 24v32c0 13.3-10.7 24-24 24H136.6l120.5 114.8c9.8 9.3 10 24.8.4 34.3z\"><\/path><\/svg>\t\t\t<\/span>\n\t\t\t\t\t\t\t\t\t<span class=\"elementor-button-text\">  Retour<\/span>\n\t\t\t\t\t<\/span>\n\t\t\t\t\t<\/a>\n\t\t\t\t<\/div>\n\t\t\t\t\t\t\t\t<\/div>\n\t\t\t\t<\/div>\n\t\t\t\t<\/div>\n\t\t<div class=\"elementor-element elementor-element-e0360ef e-con-full e-flex e-con e-child\" data-id=\"e0360ef\" data-element_type=\"container\" data-e-type=\"container\">\n\t\t\t\t<div class=\"elementor-element elementor-element-a559805 elementor-invisible elementor-widget elementor-widget-heading\" data-id=\"a559805\" data-element_type=\"widget\" data-e-type=\"widget\" data-settings=\"{&quot;_animation&quot;:&quot;fadeInUp&quot;}\" data-widget_type=\"heading.default\">\n\t\t\t\t<div class=\"elementor-widget-container\">\n\t\t\t\t\t<h1 class=\"elementor-heading-title elementor-size-default\">Comment cela fonctionne-t-il ?<\/h1>\t\t\t\t<\/div>\n\t\t\t\t<\/div>\n\t\t\t\t<div class=\"elementor-element elementor-element-8f84ff9 elementor-invisible elementor-widget elementor-widget-heading\" data-id=\"8f84ff9\" data-element_type=\"widget\" data-e-type=\"widget\" data-settings=\"{&quot;_animation&quot;:&quot;fadeInUp&quot;}\" data-widget_type=\"heading.default\">\n\t\t\t\t<div class=\"elementor-widget-container\">\n\t\t\t\t\t<h2 class=\"elementor-heading-title elementor-size-default\">Rev\u00eatement d'isolation thermique<\/h2>\t\t\t\t<\/div>\n\t\t\t\t<\/div>\n\t\t\t\t<\/div>\n\t\t\t\t<\/div>\n\t\t\t\t<div class=\"elementor-element elementor-element-de9c41e elementor-absolute elementor-invisible elementor-widget elementor-widget-html\" data-id=\"de9c41e\" data-element_type=\"widget\" data-e-type=\"widget\" data-settings=\"{&quot;motion_fx_motion_fx_scrolling&quot;:&quot;yes&quot;,&quot;motion_fx_opacity_effect&quot;:&quot;yes&quot;,&quot;motion_fx_opacity_direction&quot;:&quot;in-out&quot;,&quot;_position&quot;:&quot;absolute&quot;,&quot;motion_fx_opacity_range&quot;:{&quot;unit&quot;:&quot;%&quot;,&quot;size&quot;:&quot;&quot;,&quot;sizes&quot;:{&quot;start&quot;:0,&quot;end&quot;:30}},&quot;_animation&quot;:&quot;fadeInUp&quot;,&quot;motion_fx_opacity_level&quot;:{&quot;unit&quot;:&quot;px&quot;,&quot;size&quot;:10,&quot;sizes&quot;:[]},&quot;motion_fx_devices&quot;:[&quot;desktop&quot;,&quot;tablet&quot;,&quot;mobile&quot;]}\" data-widget_type=\"html.default\">\n\t\t\t\t<div class=\"elementor-widget-container\">\n\t\t\t\t\t<a href=\"#scroll\">\r\n    <lottie-player autoplay=\"\" loop=\"\" mode=\"normal\" src=\"https:\/\/fcom.pro\/wp-content\/uploads\/2023\/05\/arrow_scroll.json\" style=\"width: 80px;\">\r\n    <\/lottie-player>\r\n<\/a>\t\t\t\t<\/div>\n\t\t\t\t<\/div>\n\t\t\t\t<\/div>\n\t\t\t\t<\/div>\n\t\t<section class=\"elementor-element elementor-element-222eb6c section--bg section--bright e-flex e-con-boxed e-con e-parent\" data-id=\"222eb6c\" data-element_type=\"container\" data-e-type=\"container\">\n\t\t\t\t\t<div class=\"e-con-inner\">\n\t\t<div class=\"elementor-element elementor-element-e3621eb e-con-full oval-wrapper e-flex e-con e-child\" data-id=\"e3621eb\" data-element_type=\"container\" data-e-type=\"container\" data-settings=\"{&quot;background_background&quot;:&quot;classic&quot;,&quot;motion_fx_motion_fx_scrolling&quot;:&quot;yes&quot;,&quot;motion_fx_scale_effect&quot;:&quot;yes&quot;,&quot;motion_fx_scale_speed&quot;:{&quot;unit&quot;:&quot;px&quot;,&quot;size&quot;:15,&quot;sizes&quot;:[]},&quot;motion_fx_scale_range&quot;:{&quot;unit&quot;:&quot;%&quot;,&quot;size&quot;:&quot;&quot;,&quot;sizes&quot;:{&quot;start&quot;:0,&quot;end&quot;:11}},&quot;position&quot;:&quot;absolute&quot;,&quot;motion_fx_scale_direction&quot;:&quot;out-in&quot;,&quot;motion_fx_devices&quot;:[&quot;desktop&quot;,&quot;tablet&quot;,&quot;mobile&quot;]}\">\n\t\t\t\t<\/div>\n\t\t<div class=\"elementor-element elementor-element-6505d34 e-con-full content-wrapper e-flex e-con e-child\" data-id=\"6505d34\" data-element_type=\"container\" data-e-type=\"container\">\n\t\t<div class=\"elementor-element elementor-element-f0e5b2f e-flex e-con-boxed e-con e-child\" data-id=\"f0e5b2f\" data-element_type=\"container\" data-e-type=\"container\">\n\t\t\t\t\t<div class=\"e-con-inner\">\n\t\t<div class=\"elementor-element elementor-element-2ab7147 e-con-full e-flex e-con e-child\" data-id=\"2ab7147\" data-element_type=\"container\" data-e-type=\"container\">\n\t\t\t\t<div class=\"elementor-element elementor-element-b2f0ccd elementor-widget elementor-widget-text-editor\" data-id=\"b2f0ccd\" data-element_type=\"widget\" data-e-type=\"widget\" data-widget_type=\"text-editor.default\">\n\t\t\t\t<div class=\"elementor-widget-container\">\n\t\t\t\t\t\t\t\t\t<p>Dans la nature, il existe trois m\u00e9canismes de transfert de chaleur : la conduction, le rayonnement et la convection. Les propri\u00e9t\u00e9s d&#8217;isolation thermique des mat\u00e9riaux traditionnels, tels que le polystyr\u00e8ne ou la laine, reposent uniquement sur la conduction de la chaleur, les deux autres m\u00e9canismes \u00e9tant ignor\u00e9s. <\/p><p>La situation est diff\u00e9rente avec nos peintures d&#8217;isolation thermique, car elles utilisent non pas un, mais deux m\u00e9canismes &#8211; la conductivit\u00e9 et le rayonnement. C&#8217;est ce qui leur permet de r\u00e9duire le transport de la chaleur de mani\u00e8re encore plus efficace. <\/p>\t\t\t\t\t\t\t\t<\/div>\n\t\t\t\t<\/div>\n\t\t\t\t<\/div>\n\t\t\t\t\t<\/div>\n\t\t\t\t<\/div>\n\t\t\t\t<div class=\"elementor-element elementor-element-a1fe80c elementor-widget elementor-widget-heading\" data-id=\"a1fe80c\" data-element_type=\"widget\" data-e-type=\"widget\" data-widget_type=\"heading.default\">\n\t\t\t\t<div class=\"elementor-widget-container\">\n\t\t\t\t\t<h1 class=\"elementor-heading-title elementor-size-default\">Conductivit\u00e9<\/h1>\t\t\t\t<\/div>\n\t\t\t\t<\/div>\n\t\t<div class=\"elementor-element elementor-element-f6b5de8 e-con-full e-flex e-con e-child\" data-id=\"f6b5de8\" data-element_type=\"container\" data-e-type=\"container\">\n\t\t<div class=\"elementor-element elementor-element-725e792 e-con-full e-flex e-con e-child\" data-id=\"725e792\" data-element_type=\"container\" data-e-type=\"container\">\n\t\t\t\t<div class=\"elementor-element elementor-element-8a1c47a elementor-widget elementor-widget-image\" data-id=\"8a1c47a\" data-element_type=\"widget\" data-e-type=\"widget\" data-widget_type=\"image.default\">\n\t\t\t\t<div class=\"elementor-widget-container\">\n\t\t\t\t\t\t\t\t\t\t\t\t<figure class=\"wp-caption\">\n\t\t\t\t\t\t\t\t\t\t<img loading=\"lazy\" decoding=\"async\" width=\"700\" height=\"489\" src=\"https:\/\/fcom.pro\/wp-content\/uploads\/2023\/05\/ms12312g2.jpg\" class=\"attachment-large size-large wp-image-53669\" alt=\"Microsph\u00e8res\" srcset=\"https:\/\/fcom.pro\/wp-content\/uploads\/2023\/05\/ms12312g2.jpg 700w, https:\/\/fcom.pro\/wp-content\/uploads\/2023\/05\/ms12312g2-300x210.jpg 300w, https:\/\/fcom.pro\/wp-content\/uploads\/2023\/05\/ms12312g2-600x419.jpg 600w\" sizes=\"auto, (max-width: 700px) 100vw, 700px\" title=\"\">\t\t\t\t\t\t\t\t\t\t\t<figcaption class=\"widget-image-caption wp-caption-text\">Photographie microscopique de microsph\u00e8res de verre<\/figcaption>\n\t\t\t\t\t\t\t\t\t\t<\/figure>\n\t\t\t\t\t\t\t\t\t<\/div>\n\t\t\t\t<\/div>\n\t\t\t\t<\/div>\n\t\t<div class=\"elementor-element elementor-element-b14e13b e-con-full e-flex e-con e-child\" data-id=\"b14e13b\" data-element_type=\"container\" data-e-type=\"container\">\n\t\t\t\t<div class=\"elementor-element elementor-element-e2372f5 elementor-widget elementor-widget-text-editor\" data-id=\"e2372f5\" data-element_type=\"widget\" data-e-type=\"widget\" data-widget_type=\"text-editor.default\">\n\t\t\t\t<div class=\"elementor-widget-container\">\n\t\t\t\t\t\t\t\t\t<p>La peinture d&#8217;isolation thermique est un mat\u00e9riau composite compos\u00e9 d&#8217;une matrice de r\u00e9sine acrylique <strong>renforc\u00e9e par des microsph\u00e8res de c\u00e9ramique<\/strong> dans lesquelles se trouve un vide semblable \u00e0 un aspirateur. Le vide dans les microsph\u00e8res augmente la <strong>r\u00e9sistance thermique<\/strong> et l&#8217;ajout de microsph\u00e8res de diff\u00e9rents diam\u00e8tres permet un meilleur remplissage de la peinture. Il y a des dizaines de microsph\u00e8res par couche de 1 mm d&#8217;\u00e9paisseur, ce qui augmente la r\u00e9sistance thermique \u00e0 la limite de transition d&#8217;une phase \u00e0 l&#8217;autre.  <\/p><p>Un ph\u00e9nom\u00e8ne similaire a \u00e9t\u00e9 utilis\u00e9 dans la conception des fen\u00eatres \u00e0 double vitrage, alors que des solutions \u00e0 triple vitrage sont d\u00e9j\u00e0 utilis\u00e9es. Si l&#8217;on juxtapose une vitre de 5 cm d \u00ab \u00e9paisseur \u00e0 cinq vitres de 1 cm d \u00bb \u00e9paisseur, on observe un effet d&#8217;isolation thermique nettement plus important avec une cloison stratifi\u00e9e. <\/p>\t\t\t\t\t\t\t\t<\/div>\n\t\t\t\t<\/div>\n\t\t\t\t<\/div>\n\t\t\t\t<\/div>\n\t\t<div class=\"elementor-element elementor-element-6dbb372 e-con-full e-flex e-con e-child\" data-id=\"6dbb372\" data-element_type=\"container\" data-e-type=\"container\">\n\t\t<div class=\"elementor-element elementor-element-d44ed28 e-con-full e-flex e-con e-child\" data-id=\"d44ed28\" data-element_type=\"container\" data-e-type=\"container\">\n\t\t\t\t<div class=\"elementor-element elementor-element-d7fdfbc elementor-widget elementor-widget-html\" data-id=\"d7fdfbc\" data-element_type=\"widget\" data-e-type=\"widget\" data-widget_type=\"html.default\">\n\t\t\t\t<div class=\"elementor-widget-container\">\n\t\t\t\t\t<lottie-player autoplay=\"\" loop=\"\" mode=\"normal\" src=\"https:\/\/fcom.pro\/wp-content\/uploads\/2023\/05\/conductivity.json\" class=\"alignleft\">\r\n<\/lottie-player>\t\t\t\t<\/div>\n\t\t\t\t<\/div>\n\t\t\t\t<div class=\"elementor-element elementor-element-86c4d2b figcaption elementor-widget elementor-widget-text-editor\" data-id=\"86c4d2b\" data-element_type=\"widget\" data-e-type=\"widget\" data-widget_type=\"text-editor.default\">\n\t\t\t\t<div class=\"elementor-widget-container\">\n\t\t\t\t\t\t\t\t\t<p>R\u00e9duction du transfert de chaleur \u00e0 la surface du rev\u00eatement d&#8217;isolation thermique<\/p>\t\t\t\t\t\t\t\t<\/div>\n\t\t\t\t<\/div>\n\t\t\t\t<\/div>\n\t\t<div class=\"elementor-element elementor-element-0ff71f3 e-con-full e-flex e-con e-child\" data-id=\"0ff71f3\" data-element_type=\"container\" data-e-type=\"container\">\n\t\t\t\t<div class=\"elementor-element elementor-element-7743038 elementor-widget elementor-widget-text-editor\" data-id=\"7743038\" data-element_type=\"widget\" data-e-type=\"widget\" data-widget_type=\"text-editor.default\">\n\t\t\t\t<div class=\"elementor-widget-container\">\n\t\t\t\t\t\t\t\t\t<p><span style=\"color: var( --e-global-color-text ); background-color: var(--e-global-color-primary); font-family: var( --e-global-typography-primary-font-family ), Sans-serif; font-size: var( --e-global-typography-primary-font-size ); font-weight: var( --e-global-typography-primary-font-weight );\">Parmi les mat\u00e9riaux d&#8217;isolation connus, les panneaux de polystyr\u00e8ne, qui se composent de nombreux granul\u00e9s de polystyr\u00e8ne expans\u00e9 et forment une structure cellulaire, ont une structure et un principe de fonctionnement similaires. Dans les peintures d&#8217;isolation thermique, les granul\u00e9s de polystyr\u00e8ne sont remplac\u00e9s par des microsph\u00e8res de verre de tr\u00e8s petit diam\u00e8tre. <\/span><\/p><p>Gr\u00e2ce \u00e0 eux, la section d&#8217;isolation a \u00e9t\u00e9 r\u00e9duite de quelques centim\u00e8tres \u00e0 quelques millim\u00e8tres, ce qui a ouvert de nouvelles possibilit\u00e9s pour l&#8217;isolation thermique des b\u00e2timents et structures anciens et nouveaux.<\/p>\t\t\t\t\t\t\t\t<\/div>\n\t\t\t\t<\/div>\n\t\t\t\t<div class=\"elementor-element elementor-element-d1687b2 elementor-widget elementor-widget-text-editor\" data-id=\"d1687b2\" data-element_type=\"widget\" data-e-type=\"widget\" data-widget_type=\"text-editor.default\">\n\t\t\t\t<div class=\"elementor-widget-container\">\n\t\t\t\t\t\t\t\t\t<p>Le lambda, param\u00e8tre utilis\u00e9 par le march\u00e9 de la construction, est le coefficient de conductivit\u00e9 thermique. Pour le polystyr\u00e8ne, il s&#8217;agit d&#8217;une valeur d&#8217;environ 0,030 \u00e0 0,045 W\/(m*K) et pour la laine, le coefficient se situe entre 0,032 et 0,038 W\/(m*K). <\/p><p>Nos produits sont caract\u00e9ris\u00e9s par des coefficients de conductivit\u00e9 thermique calcul\u00e9s avec les valeurs suivantes :<\/p><ul><li><sup>GoTherm\u00ae<\/sup> &#8211; 0,00053 W\/(m*K)<\/li><li>AT <sup>Termo\u00ae<\/sup> &#8211; 0,00032 W(m*K)<\/li><\/ul>\t\t\t\t\t\t\t\t<\/div>\n\t\t\t\t<\/div>\n\t\t\t\t<\/div>\n\t\t\t\t<\/div>\n\t\t<div class=\"elementor-element elementor-element-791a839 e-con-full e-flex e-con e-child\" data-id=\"791a839\" data-element_type=\"container\" data-e-type=\"container\">\n\t\t\t\t<\/div>\n\t\t\t\t<div class=\"elementor-element elementor-element-6c8cdd0 elementor-widget elementor-widget-heading\" data-id=\"6c8cdd0\" data-element_type=\"widget\" data-e-type=\"widget\" data-widget_type=\"heading.default\">\n\t\t\t\t<div class=\"elementor-widget-container\">\n\t\t\t\t\t<h1 class=\"elementor-heading-title elementor-size-default\">Rayonnement<\/h1>\t\t\t\t<\/div>\n\t\t\t\t<\/div>\n\t\t<div class=\"elementor-element elementor-element-0e22000 e-flex e-con-boxed e-con e-child\" data-id=\"0e22000\" data-element_type=\"container\" data-e-type=\"container\">\n\t\t\t\t\t<div class=\"e-con-inner\">\n\t\t<div class=\"elementor-element elementor-element-38e1f2a e-con-full e-flex e-con e-child\" data-id=\"38e1f2a\" data-element_type=\"container\" data-e-type=\"container\">\n\t\t<div class=\"elementor-element elementor-element-1a6337a e-con-full e-flex e-con e-child\" data-id=\"1a6337a\" data-element_type=\"container\" data-e-type=\"container\">\n\t\t\t\t<div class=\"elementor-element elementor-element-c5898fb elementor-widget elementor-widget-image\" data-id=\"c5898fb\" data-element_type=\"widget\" data-e-type=\"widget\" data-widget_type=\"image.default\">\n\t\t\t\t<div class=\"elementor-widget-container\">\n\t\t\t\t\t\t\t\t\t\t\t\t\t\t\t<img loading=\"lazy\" decoding=\"async\" width=\"800\" height=\"376\" src=\"https:\/\/fcom.pro\/wp-content\/uploads\/2024\/03\/TSR-1024x481.jpg\" class=\"attachment-large size-large wp-image-54956\" alt=\"\" srcset=\"https:\/\/fcom.pro\/wp-content\/uploads\/2024\/03\/TSR-1024x481.jpg 1024w, https:\/\/fcom.pro\/wp-content\/uploads\/2024\/03\/TSR-300x141.jpg 300w, https:\/\/fcom.pro\/wp-content\/uploads\/2024\/03\/TSR-768x361.jpg 768w, https:\/\/fcom.pro\/wp-content\/uploads\/2024\/03\/TSR.jpg 1921w\" sizes=\"auto, (max-width: 800px) 100vw, 800px\" title=\"\">\t\t\t\t\t\t\t\t\t\t\t\t\t\t\t<\/div>\n\t\t\t\t<\/div>\n\t\t\t\t<\/div>\n\t\t<div class=\"elementor-element elementor-element-648456d e-con-full e-flex e-con e-child\" data-id=\"648456d\" data-element_type=\"container\" data-e-type=\"container\">\n\t\t\t\t<div class=\"elementor-element elementor-element-6f4d78b elementor-widget elementor-widget-text-editor\" data-id=\"6f4d78b\" data-element_type=\"widget\" data-e-type=\"widget\" data-widget_type=\"text-editor.default\">\n\t\t\t\t<div class=\"elementor-widget-container\">\n\t\t\t\t\t\t\t\t\t<p>Le rayonnement est r\u00e9fl\u00e9chi sur la surface et \u00e0 l&#8217;int\u00e9rieur des microsph\u00e8res contenues dans nos peintures. La r\u00e9flectivit\u00e9 du rev\u00eatement, qui est d\u00e9termin\u00e9e par la r\u00e9flectance solaire totale (TSR), atteint 90 %. <\/p><p>Le ph\u00e9nom\u00e8ne des \u00ab \u00eelots de chaleur urbains \u00bb, les greniers surchauff\u00e9s et les b\u00e2timents qui chauffent \u00e0 des temp\u00e9ratures tr\u00e8s \u00e9lev\u00e9es sont autant d&#8217;effets caus\u00e9s par le rayonnement solaire. Cet effet n\u00e9gatif peut \u00eatre r\u00e9duit en utilisant une peinture d&#8217;isolation thermique, qui agit comme un bouclier et r\u00e9fl\u00e9chit le rayonnement. <\/p>\t\t\t\t\t\t\t\t<\/div>\n\t\t\t\t<\/div>\n\t\t\t\t<\/div>\n\t\t\t\t<\/div>\n\t\t<div class=\"elementor-element elementor-element-d4176be e-con-full e-flex e-con e-child\" data-id=\"d4176be\" data-element_type=\"container\" data-e-type=\"container\">\n\t\t<div class=\"elementor-element elementor-element-f74b9ea e-con-full e-flex e-con e-child\" data-id=\"f74b9ea\" data-element_type=\"container\" data-e-type=\"container\">\n\t\t\t\t<div class=\"elementor-element elementor-element-ba4dbec elementor-widget elementor-widget-html\" data-id=\"ba4dbec\" data-element_type=\"widget\" data-e-type=\"widget\" data-widget_type=\"html.default\">\n\t\t\t\t<div class=\"elementor-widget-container\">\n\t\t\t\t\t<lottie-player autoplay=\"\" loop=\"\" mode=\"normal\" src=\"https:\/\/fcom.pro\/wp-content\/uploads\/2023\/05\/reflection.json\" class=\"alignleft\">\r\n<\/lottie-player>\t\t\t\t<\/div>\n\t\t\t\t<\/div>\n\t\t\t\t<div class=\"elementor-element elementor-element-2119a75 figcaption elementor-widget elementor-widget-text-editor\" data-id=\"2119a75\" data-element_type=\"widget\" data-e-type=\"widget\" data-widget_type=\"text-editor.default\">\n\t\t\t\t<div class=\"elementor-widget-container\">\n\t\t\t\t\t\t\t\t\t<p>R\u00e9flexion du rayonnement thermique sur la surface du rev\u00eatement d&#8217;isolation thermique<\/p>\t\t\t\t\t\t\t\t<\/div>\n\t\t\t\t<\/div>\n\t\t\t\t<\/div>\n\t\t<div class=\"elementor-element elementor-element-bfae95d e-con-full e-flex e-con e-child\" data-id=\"bfae95d\" data-element_type=\"container\" data-e-type=\"container\">\n\t\t\t\t<div class=\"elementor-element elementor-element-09abdc2 elementor-widget elementor-widget-text-editor\" data-id=\"09abdc2\" data-element_type=\"widget\" data-e-type=\"widget\" data-widget_type=\"text-editor.default\">\n\t\t\t\t<div class=\"elementor-widget-container\">\n\t\t\t\t\t\t\t\t\t<p>Dans les pays o\u00f9 les temp\u00e9ratures moyennes sont \u00e9lev\u00e9es, il est courant de peindre les couvertures de toit en blanc.<\/p><p>Nos peintures sont blanches en standard, mais elles peuvent \u00eatre teint\u00e9es \u00e0 volont\u00e9 et, ce qui est tr\u00e8s important, il a \u00e9t\u00e9 possible de maintenir le TSR \u00e0 un niveau \u00e9lev\u00e9 gr\u00e2ce \u00e0 l&#8217;utilisation de solutions innovantes.<\/p><p>Une application tr\u00e8s connue d&#8217;un isolant agissant sur le principe de la r\u00e9flexion est celle des \u00ab \u00e9crans \u00bb en aluminium, autrefois tr\u00e8s r\u00e9pandus, ins\u00e9r\u00e9s derri\u00e8re le radiateur. Cela permettait d&#8217;utiliser plus efficacement la chaleur \u00e9mise par le radiateur. Notre produit permet d&#8217;obtenir le m\u00eame effet et, en outre, de l&#8217;assortir \u00e0 la couleur de l&#8217;ensemble de la pi\u00e8ce.  <\/p>\t\t\t\t\t\t\t\t<\/div>\n\t\t\t\t<\/div>\n\t\t\t\t<div class=\"elementor-element elementor-element-8462023 elementor-widget elementor-widget-text-editor\" data-id=\"8462023\" data-element_type=\"widget\" data-e-type=\"widget\" data-widget_type=\"text-editor.default\">\n\t\t\t\t<div class=\"elementor-widget-container\">\n\t\t\t\t\t\t\t\t\t<p>La combinaison de ces propri\u00e9t\u00e9s uniques produit un effet impossible \u00e0 obtenir avec les mat\u00e9riaux d&#8217;isolation actuels.<\/p>\t\t\t\t\t\t\t\t<\/div>\n\t\t\t\t<\/div>\n\t\t\t\t<\/div>\n\t\t\t\t<\/div>\n\t\t\t\t\t<\/div>\n\t\t\t\t<\/div>\n\t\t<div class=\"elementor-element elementor-element-ce9be55 e-flex e-con-boxed e-con e-child\" data-id=\"ce9be55\" data-element_type=\"container\" data-e-type=\"container\">\n\t\t\t\t\t<div class=\"e-con-inner\">\n\t\t\t\t<div class=\"elementor-element elementor-element-79f9ffa elementor-align-center elementor-widget elementor-widget-button\" data-id=\"79f9ffa\" data-element_type=\"widget\" data-e-type=\"widget\" data-widget_type=\"button.default\">\n\t\t\t\t<div class=\"elementor-widget-container\">\n\t\t\t\t\t\t\t\t\t<div class=\"elementor-button-wrapper\">\n\t\t\t\t\t<a class=\"elementor-button elementor-button-link elementor-size-sm\" href=\"https:\/\/fcom.pro\/fr\/produits\/\">\n\t\t\t\t\t\t<span class=\"elementor-button-content-wrapper\">\n\t\t\t\t\t\t\t\t\t<span class=\"elementor-button-text\">Retour aux produits<\/span>\n\t\t\t\t\t<\/span>\n\t\t\t\t\t<\/a>\n\t\t\t\t<\/div>\n\t\t\t\t\t\t\t\t<\/div>\n\t\t\t\t<\/div>\n\t\t\t\t\t<\/div>\n\t\t\t\t<\/div>\n\t\t\t\t<\/div>\n\t\t\t\t\t<\/div>\n\t\t\t\t<\/section>\n\t\t\t\t<\/div>\n\t\t","protected":false},"excerpt":{"rendered":"<p>Retour Comment cela fonctionne-t-il ? Rev\u00eatement d&#8217;isolation thermique Dans la nature, il existe trois m\u00e9canismes de transfert de chaleur : la conduction, le rayonnement et la convection. Les propri\u00e9t\u00e9s d&#8217;isolation thermique des mat\u00e9riaux traditionnels, tels que le polystyr\u00e8ne ou la laine, reposent uniquement sur la conduction de la chaleur, les deux autres m\u00e9canismes \u00e9tant ignor\u00e9s. [&hellip;]<\/p>\n","protected":false},"author":1,"featured_media":0,"parent":57476,"menu_order":0,"comment_status":"closed","ping_status":"closed","template":"","meta":{"footnotes":""},"class_list":["post-57443","page","type-page","status-publish","hentry"],"_links":{"self":[{"href":"https:\/\/fcom.pro\/fr\/wp-json\/wp\/v2\/pages\/57443","targetHints":{"allow":["GET"]}}],"collection":[{"href":"https:\/\/fcom.pro\/fr\/wp-json\/wp\/v2\/pages"}],"about":[{"href":"https:\/\/fcom.pro\/fr\/wp-json\/wp\/v2\/types\/page"}],"author":[{"embeddable":true,"href":"https:\/\/fcom.pro\/fr\/wp-json\/wp\/v2\/users\/1"}],"replies":[{"embeddable":true,"href":"https:\/\/fcom.pro\/fr\/wp-json\/wp\/v2\/comments?post=57443"}],"version-history":[{"count":0,"href":"https:\/\/fcom.pro\/fr\/wp-json\/wp\/v2\/pages\/57443\/revisions"}],"up":[{"embeddable":true,"href":"https:\/\/fcom.pro\/fr\/wp-json\/wp\/v2\/pages\/57476"}],"wp:attachment":[{"href":"https:\/\/fcom.pro\/fr\/wp-json\/wp\/v2\/media?parent=57443"}],"curies":[{"name":"wp","href":"https:\/\/api.w.org\/{rel}","templated":true}]}}