{"id":57419,"date":"2023-05-24T01:44:22","date_gmt":"2023-05-23T23:44:22","guid":{"rendered":"https:\/\/fcom.pro\/calculatrice\/"},"modified":"2025-06-04T14:30:23","modified_gmt":"2025-06-04T12:30:23","slug":"calculatrice","status":"publish","type":"page","link":"https:\/\/fcom.pro\/fr\/produits\/calculatrice\/","title":{"rendered":"Calculatrice"},"content":{"rendered":"\t\t<div data-elementor-type=\"wp-page\" data-elementor-id=\"57419\" class=\"elementor elementor-57419 elementor-19508\" data-elementor-post-type=\"page\">\n\t\t\t\t<div class=\"elementor-element elementor-element-7a43963 e-con-full e-flex e-con e-parent\" data-id=\"7a43963\" data-element_type=\"container\" data-e-type=\"container\" id=\"particles-js\" data-settings=\"{&quot;background_background&quot;:&quot;classic&quot;}\">\n\t\t<div class=\"elementor-element elementor-element-16d403c e-con-full e-flex e-con e-child\" data-id=\"16d403c\" data-element_type=\"container\" data-e-type=\"container\">\n\t\t<div class=\"elementor-element elementor-element-9eddcde e-con-full e-flex e-con e-child\" data-id=\"9eddcde\" data-element_type=\"container\" data-e-type=\"container\">\n\t\t<div class=\"elementor-element elementor-element-757fb27 e-con-full elementor-hidden-mobile e-flex e-con e-child\" data-id=\"757fb27\" data-element_type=\"container\" data-e-type=\"container\">\n\t\t\t\t<div class=\"elementor-element elementor-element-2505b80 elementor-align-justify elementor-mobile-align-left return-button elementor-widget elementor-widget-button\" data-id=\"2505b80\" data-element_type=\"widget\" data-e-type=\"widget\" data-widget_type=\"button.default\">\n\t\t\t\t<div class=\"elementor-widget-container\">\n\t\t\t\t\t\t\t\t\t<div class=\"elementor-button-wrapper\">\n\t\t\t\t\t<a class=\"elementor-button elementor-button-link elementor-size-sm\" href=\"https:\/\/fcom.pro\/fr\/produits\/\">\n\t\t\t\t\t\t<span class=\"elementor-button-content-wrapper\">\n\t\t\t\t\t\t<span class=\"elementor-button-icon\">\n\t\t\t\t<svg aria-hidden=\"true\" class=\"e-font-icon-svg e-fas-arrow-left\" viewBox=\"0 0 448 512\" xmlns=\"http:\/\/www.w3.org\/2000\/svg\"><path d=\"M257.5 445.1l-22.2 22.2c-9.4 9.4-24.6 9.4-33.9 0L7 273c-9.4-9.4-9.4-24.6 0-33.9L201.4 44.7c9.4-9.4 24.6-9.4 33.9 0l22.2 22.2c9.5 9.5 9.3 25-.4 34.3L136.6 216H424c13.3 0 24 10.7 24 24v32c0 13.3-10.7 24-24 24H136.6l120.5 114.8c9.8 9.3 10 24.8.4 34.3z\"><\/path><\/svg>\t\t\t<\/span>\n\t\t\t\t\t\t\t\t\t<span class=\"elementor-button-text\">  Retour<\/span>\n\t\t\t\t\t<\/span>\n\t\t\t\t\t<\/a>\n\t\t\t\t<\/div>\n\t\t\t\t\t\t\t\t<\/div>\n\t\t\t\t<\/div>\n\t\t\t\t<\/div>\n\t\t<div class=\"elementor-element elementor-element-1cb501f e-con-full e-flex e-con e-child\" data-id=\"1cb501f\" data-element_type=\"container\" data-e-type=\"container\">\n\t\t\t\t<div class=\"elementor-element elementor-element-9367c5e elementor-invisible elementor-widget elementor-widget-heading\" data-id=\"9367c5e\" data-element_type=\"widget\" data-e-type=\"widget\" data-settings=\"{&quot;_animation&quot;:&quot;fadeInUp&quot;}\" data-widget_type=\"heading.default\">\n\t\t\t\t<div class=\"elementor-widget-container\">\n\t\t\t\t\t<h1 class=\"elementor-heading-title elementor-size-default\">Calculatrice<\/h1>\t\t\t\t<\/div>\n\t\t\t\t<\/div>\n\t\t\t\t<\/div>\n\t\t\t\t<\/div>\n\t\t\t\t<div class=\"elementor-element elementor-element-91603c3 elementor-absolute elementor-invisible elementor-widget elementor-widget-html\" data-id=\"91603c3\" data-element_type=\"widget\" data-e-type=\"widget\" data-settings=\"{&quot;motion_fx_motion_fx_scrolling&quot;:&quot;yes&quot;,&quot;motion_fx_opacity_effect&quot;:&quot;yes&quot;,&quot;motion_fx_opacity_direction&quot;:&quot;in-out&quot;,&quot;_position&quot;:&quot;absolute&quot;,&quot;motion_fx_opacity_range&quot;:{&quot;unit&quot;:&quot;%&quot;,&quot;size&quot;:&quot;&quot;,&quot;sizes&quot;:{&quot;start&quot;:0,&quot;end&quot;:30}},&quot;_animation&quot;:&quot;fadeInUp&quot;,&quot;motion_fx_opacity_level&quot;:{&quot;unit&quot;:&quot;px&quot;,&quot;size&quot;:10,&quot;sizes&quot;:[]},&quot;motion_fx_devices&quot;:[&quot;desktop&quot;,&quot;tablet&quot;,&quot;mobile&quot;]}\" data-widget_type=\"html.default\">\n\t\t\t\t<div class=\"elementor-widget-container\">\n\t\t\t\t\t<a href=\"#scroll\">\r\n    <lottie-player autoplay=\"\" loop=\"\" mode=\"normal\" src=\"https:\/\/fcom.pro\/wp-content\/uploads\/2023\/05\/arrow_scroll.json\" style=\"width: 80px;\">\r\n    <\/lottie-player>\r\n<\/a>\t\t\t\t<\/div>\n\t\t\t\t<\/div>\n\t\t\t\t<\/div>\n\t\t\t\t<\/div>\n\t\t<section class=\"elementor-element elementor-element-25a3da8 section--bg section--bright e-flex e-con-boxed e-con e-parent\" data-id=\"25a3da8\" data-element_type=\"container\" data-e-type=\"container\">\n\t\t\t\t\t<div class=\"e-con-inner\">\n\t\t<div class=\"elementor-element elementor-element-7107d31 e-con-full oval-wrapper e-flex e-con e-child\" data-id=\"7107d31\" data-element_type=\"container\" data-e-type=\"container\" data-settings=\"{&quot;background_background&quot;:&quot;classic&quot;,&quot;motion_fx_motion_fx_scrolling&quot;:&quot;yes&quot;,&quot;motion_fx_scale_effect&quot;:&quot;yes&quot;,&quot;motion_fx_scale_speed&quot;:{&quot;unit&quot;:&quot;px&quot;,&quot;size&quot;:15,&quot;sizes&quot;:[]},&quot;motion_fx_scale_range&quot;:{&quot;unit&quot;:&quot;%&quot;,&quot;size&quot;:&quot;&quot;,&quot;sizes&quot;:{&quot;start&quot;:0,&quot;end&quot;:11}},&quot;position&quot;:&quot;absolute&quot;,&quot;motion_fx_scale_direction&quot;:&quot;out-in&quot;,&quot;motion_fx_devices&quot;:[&quot;desktop&quot;,&quot;tablet&quot;,&quot;mobile&quot;]}\">\n\t\t\t\t<\/div>\n\t\t<div class=\"elementor-element elementor-element-43c4e42 e-con-full content-wrapper e-flex e-con e-child\" data-id=\"43c4e42\" data-element_type=\"container\" data-e-type=\"container\">\n\t\t<div class=\"elementor-element elementor-element-2058a82 e-con-full e-flex e-con e-child\" data-id=\"2058a82\" data-element_type=\"container\" data-e-type=\"container\">\n\t\t<div class=\"elementor-element elementor-element-751d5a2 e-con-full e-flex e-con e-child\" data-id=\"751d5a2\" data-element_type=\"container\" data-e-type=\"container\">\n\t\t\t\t<div class=\"elementor-element elementor-element-9cdc7f9 elementor-widget elementor-widget-html\" data-id=\"9cdc7f9\" data-element_type=\"widget\" data-e-type=\"widget\" data-widget_type=\"html.default\">\n\t\t\t\t<div class=\"elementor-widget-container\">\n\t\t\t\t\t<section style=\"min-height: 289px; color:black;\">\r\n\t\t<div class=\"box-content\">\r\n\t\t\t<div id=\"kalkulator_text\" class=\"post-text\">\r\n\t\t\t\t<p>Le calculateur ci-dessous vous permet d'estimer <strong>imm\u00e9diatement <\/strong>la quantit\u00e9 de produit dont vous avez besoin en fonction de <strong>vos besoins<\/strong>. Vous recevrez \u00e9galement des <strong>conseils<\/strong> suppl\u00e9mentaires <strong>sur votre probl\u00e8me sp\u00e9cifique<\/strong>. <\/p>\r\n\t\t\t<\/div>\r\n\t\t\t<form id=\"kalkulator\">\r\n\t\t\t\t<h3>Calculatrice<\/h3>\r\n\t\t\t\t<p class=\"kalk-row\">\r\n\t\t\t\t\t<label for=\"problem\">Quel probl\u00e8me voulez-vous r\u00e9soudre ?<\/label>\r\n\t\t\t\t\t<select id=\"problem\" required=\"\">\r\n\t\t\t\t\t\t<option disabled selected value=\"\">S\u00e9lectionnez<\/option>\r\n\t\t\t\t\t\t<option value=\"plesn\">\u00c9limination de la condensation et des moisissures<\/option>\r\n\t\t\t\t\t\t<option value=\"termoizolacja\">Isolation thermique renforc\u00e9e<\/option>\r\n\t\t\t\t\t\t<option value=\"odbicie\">Protection contre l'\u00e9chauffement d\u00fb au soleil<\/option>\r\n\t\t\t\t\t\t<option value=\"zabezpieczenie\">Protection contre les br\u00fblures sur une surface chaude<\/option>\r\n\t\t\t\t\t<\/select>\r\n\t\t\t\t<\/p>\r\n\t\t\t\t<p class=\"kalk-row\" style=\"display:none;margin-bottom: 0;\">\r\n\t\t\t\t\t<label for=\"grubosc\">Epaisseur du rev\u00eatement (pour le probl\u00e8me choisi, nous recommandons <span id=\"zakres\"><\/span>)<\/label>\r\n\t\t\t\t\t<input type=\"range\" style=\"margin-top: 1rem; width: calc( 100% - 124px);\" id=\"grubosc\" min=\"0.5\" max=\"3\" step=\"0.5\">\r\n\t\t\t\t\t<span id=\"grubosc_cont\"><span id=\"grubosc_wartosc\">1<\/span> mm<\/span>\r\n\t\t\t\t<\/p>\r\n\t\t\t\t<p class=\"kalk-row\" style=\"display:none;\">\r\n\t\t\t\t\t<label for=\"aplikacja\">Quel outil utiliserez-vous pour d\u00e9poser votre candidature ?<\/label>\r\n\t\t\t\t\t<select id=\"aplikacja\" required=\"\">\r\n\t\t\t\t\t\t<option disabled selected value=\"\">S\u00e9lectionnez<\/option>\r\n\t\t\t\t\t\t<option value=\"walek\">Rouleau de peinture<\/option>\r\n\t\t\t\t\t\t<option value=\"agregat\">Unit\u00e9 de peinture<\/option>\r\n\t\t\t\t\t\t<option value=\"pedzel\">Pinceau<\/option>\r\n\t\t\t\t\t\t<option value=\"szpachla\">Mastic<\/option>\r\n\t\t\t\t\t<\/select>\r\n\t\t\t\t<\/p>\r\n\t\t\t\t<p class=\"kalk-row\" style=\"display:none;\">\r\n\t\t\t\t\t<label for=\"material_powierzchni\">Sur quelles surfaces mat\u00e9rielles le produit sera-t-il appliqu\u00e9 ?<\/label>\r\n\t\t\t\t\t<select id=\"material_powierzchni\">\r\n\t\t\t\t\t\t<option disabled selected value=\"\">S\u00e9lectionnez<\/option>\r\n\t\t\t\t\t\t<option value=\"budowlany\">Mat\u00e9riaux de construction (par exemple, pl\u00e2tre, b\u00e9ton, brique, etc.).<\/option>\r\n\t\t\t\t\t\t<option value=\"metal\">M\u00e9tal<\/option>\r\n\t\t\t\t\t\t<option value=\"tworzywo\">Plastique<\/option>\r\n\t\t\t\t\t\t<option value=\"drewno\">Bois<\/option>\r\n\t\t\t\t\t<\/select>\r\n\t\t\t\t<\/p>\r\n\t\t\t\t<p class=\"kalk-row\" style=\"display:none;\">\r\n\t\t\t\t\t<label for=\"rodzaj_powierzchni\">Sur quelle forme de surface le produit sera-t-il appliqu\u00e9 ?<\/label>\r\n\t\t\t\t\t<select id=\"rodzaj_powierzchni\">\r\n\t\t\t\t\t\t<option disabled selected value=\"\">S\u00e9lectionnez<\/option>\r\n\t\t\t\t\t\t<option value=\"plaska\">Surface plane (par exemple, mur, plafond).<\/option>\r\n\t\t\t\t\t\t<option value=\"okragla\">Surface circulaire (p. ex. tuyau)<\/option>\r\n\t\t\t\t\t\t<option value=\"inna\">Autre r\u00e9gion (je connais la r\u00e9gion)<\/option>\r\n\t\t\t\t\t<\/select>\r\n\t\t\t\t<\/p>\r\n\t\t\t\t<p class=\"kalk-row half-row-left\" style=\"display:none;\">\r\n\t\t\t\t\t<label for=\"fi_rury\">Diam\u00e8tre du tube (cm)<\/label>\r\n\t\t\t\t\t<input autocomplete=\"off\" type=\"number\" step=\"any\" pattern=\"[0-9]\" id=\"fi_rury\">\r\n\t\t\t\t<\/p>\r\n\t\t\t\t<p class=\"kalk-row half-row-right\" style=\"display:none;\">\r\n\t\t\t\t\t<label for=\"dlugosc_rury\">Longueur du tuyau (m.b.)<\/label>\r\n\t\t\t\t\t<input autocomplete=\"off\" type=\"number\" step=\"any\" pattern=\"[0-9]\" id=\"dlugosc_rury\">\r\n\t\t\t\t<\/p>\r\n\t\t\t\t<p class=\"kalk-row half-row-left\" style=\"display:none;\">\r\n\t\t\t\t\t<label for=\"szerokosc_sciany\">Largeur (m.b.)<\/label>\r\n\t\t\t\t\t<input autocomplete=\"off\" type=\"number\" step=\"any\" pattern=\"[0-9]\" id=\"szerokosc_sciany\">\r\n\t\t\t\t<\/p>\r\n\t\t\t\t<p class=\"kalk-row half-row-right\" style=\"display:none;\">\r\n\t\t\t\t\t<label for=\"wysokosc_sciany\">Hauteur (m.b.)<\/label>\r\n\t\t\t\t\t<input autocomplete=\"off\" type=\"number\" step=\"any\" pattern=\"[0-9]\" id=\"wysokosc_sciany\">\r\n\t\t\t\t<\/p>\r\n\t\t\t\t<p class=\"kalk-row\" style=\"display:none;\">\r\n\t\t\t\t\t<label for=\"metraz\">Combien de m\u00e8tres carr\u00e9s devez-vous couvrir ? (m\u00b2) <\/label>\r\n\t\t\t\t\t<input autocomplete=\"off\" type=\"number\" step=\"any\" pattern=\"[0-9]\" id=\"metraz\">\r\n\t\t\t\t<\/p>\r\n\t\t\t\t<input id=\"oblicz\" type=\"submit\" value=\"Calculer\" style=\"display:none;\">\r\n\t\t\t<\/form>\r\n\t\t\t<div id=\"wynik\" style=\"display:none;\">\r\n\t\t\t\t<h3>R\u00e9sultat<\/h3>\r\n\t\t\t\t<p id=\"rezultat\">R\u00e9sultat<\/p>\r\n\t\t\t\t<h3>Orientations<\/h3>\r\n\t\t\t\t<p id=\"wskazowki\">Orientations<\/p>\r\n\t\t\t\t<div style=\"display: flex;justify-content: space-around;\">\r\n    \t\t\t\t<div id=\"_reset_\">Recalculer<\/div>\r\n    \t\t\t\t<a id=\"ponownie\" style=\"display:none;\" href=\"#wycena\">Aller au devis<\/a>\r\n\t\t\t    <\/div>\r\n\t\t\t<\/div>\r\n\t\t\t<div id=\"wycena\" style=\"display:none;\">\r\n\t\t\t\t<h3>\u00c9valuation<\/h3>\r\n\t\t\t\t<p id=\"zestawienie\">\u00c9valuation<\/p>\r\n\t\t\t\t<p id=\"cena\" style=\"display:none;text-align: right; padding-right: 20px\">Le co\u00fbt total est de  <nobr><span><\/span><\/nobr><\/p>\r\n\t\t\t\t<button id=\"add_all_to_cart\" class=\"gradient-btn\" style=\"max-width: unset;display:none;\">Ajouter au panier<\/button>\r\n\t\t\t<\/div>\r\n\t\t\t<div class=\"ajaxLoad-container\">\r\n\t\t\t\t<div class=\"lds-dual-ring\"><\/div>\r\n\t\t\t<\/div>\r\n\t\t<\/div>\r\n<\/section>\t\t\t\t<\/div>\n\t\t\t\t<\/div>\n\t\t\t\t<\/div>\n\t\t\t\t<\/div>\n\t\t\t\t<\/div>\n\t\t\t\t\t<\/div>\n\t\t\t\t<\/section>\n\t\t\t\t<\/div>\n\t\t","protected":false},"excerpt":{"rendered":"<p>Retour Calculatrice Le calculateur ci-dessous vous permet d&#8217;estimer imm\u00e9diatement la quantit\u00e9 de produit dont vous avez besoin en fonction de vos besoins. Vous recevrez \u00e9galement des conseils suppl\u00e9mentaires sur votre probl\u00e8me sp\u00e9cifique. Calculatrice Quel probl\u00e8me voulez-vous r\u00e9soudre ? S\u00e9lectionnez\u00c9limination de la condensation et des moisissuresIsolation thermique renforc\u00e9eProtection contre l&#8217;\u00e9chauffement d\u00fb au soleilProtection contre les br\u00fblures [&hellip;]<\/p>\n","protected":false},"author":1,"featured_media":0,"parent":57476,"menu_order":0,"comment_status":"closed","ping_status":"closed","template":"","meta":{"footnotes":""},"class_list":["post-57419","page","type-page","status-publish","hentry"],"_links":{"self":[{"href":"https:\/\/fcom.pro\/fr\/wp-json\/wp\/v2\/pages\/57419","targetHints":{"allow":["GET"]}}],"collection":[{"href":"https:\/\/fcom.pro\/fr\/wp-json\/wp\/v2\/pages"}],"about":[{"href":"https:\/\/fcom.pro\/fr\/wp-json\/wp\/v2\/types\/page"}],"author":[{"embeddable":true,"href":"https:\/\/fcom.pro\/fr\/wp-json\/wp\/v2\/users\/1"}],"replies":[{"embeddable":true,"href":"https:\/\/fcom.pro\/fr\/wp-json\/wp\/v2\/comments?post=57419"}],"version-history":[{"count":0,"href":"https:\/\/fcom.pro\/fr\/wp-json\/wp\/v2\/pages\/57419\/revisions"}],"up":[{"embeddable":true,"href":"https:\/\/fcom.pro\/fr\/wp-json\/wp\/v2\/pages\/57476"}],"wp:attachment":[{"href":"https:\/\/fcom.pro\/fr\/wp-json\/wp\/v2\/media?parent=57419"}],"curies":[{"name":"wp","href":"https:\/\/api.w.org\/{rel}","templated":true}]}}