{"id":57374,"date":"2022-11-16T22:19:16","date_gmt":"2022-11-16T21:19:16","guid":{"rendered":"https:\/\/fcom.pro\/conditions-dutilisation\/"},"modified":"2025-06-04T12:57:42","modified_gmt":"2025-06-04T10:57:42","slug":"conditions-dutilisation","status":"publish","type":"page","link":"https:\/\/fcom.pro\/fr\/conditions-dutilisation\/","title":{"rendered":"Conditions d&#8217;utilisation"},"content":{"rendered":"\t\t<div data-elementor-type=\"wp-page\" data-elementor-id=\"57374\" class=\"elementor elementor-57374 elementor-9701\" data-elementor-post-type=\"page\">\n\t\t\t\t\t\t<section class=\"elementor-section elementor-top-section elementor-element elementor-element-21bdc414 elementor-section-boxed elementor-section-height-default elementor-section-height-default\" data-id=\"21bdc414\" data-element_type=\"section\" data-e-type=\"section\">\n\t\t\t\t\t\t<div class=\"elementor-container elementor-column-gap-default\">\n\t\t\t\t\t<div class=\"elementor-column elementor-col-100 elementor-top-column elementor-element elementor-element-2eb31e1b\" data-id=\"2eb31e1b\" data-element_type=\"column\" data-e-type=\"column\">\n\t\t\t<div class=\"elementor-widget-wrap elementor-element-populated\">\n\t\t\t\t\t\t<div class=\"elementor-element elementor-element-6eab382f elementor-widget elementor-widget-text-editor\" data-id=\"6eab382f\" data-element_type=\"widget\" data-e-type=\"widget\" data-widget_type=\"text-editor.default\">\n\t\t\t\t<div class=\"elementor-widget-container\">\n\t\t\t\t\t\t\t\t\t<p><\/p>\n<p>FCOM Sp. z o.o. (&#8220;la soci\u00e9t\u00e9&#8221;) propose le site web www.fcom.pro et ses sous-domaines (y compris les sites web accessibles via des appareils mobiles) (collectivement, le &#8220;site web&#8221;) afin de soutenir la mission de la soci\u00e9t\u00e9 qui consiste \u00e0 faire conna\u00eetre les marques et les produits de la soci\u00e9t\u00e9 et \u00e0 familiariser les utilisateurs avec le produit. En acc\u00e9dant au site web, les utilisateurs acceptent d&#8217;\u00eatre li\u00e9s par les conditions g\u00e9n\u00e9rales suivantes, que la soci\u00e9t\u00e9 peut modifier \u00e0 tout moment. Les utilisateurs sont encourag\u00e9s \u00e0 visiter ce site de temps \u00e0 autre pour consulter les conditions g\u00e9n\u00e9rales en vigueur.   <\/p>\n<p>Droits d&#8217;auteur et droits de propri\u00e9t\u00e9<\/p>\n<p>Le texte, les images, les marques, les donn\u00e9es, les fichiers audio, les fichiers et les clips vid\u00e9o, les logiciels, la documentation ou les autres informations qu&#8217;ils contiennent, ainsi que tout autre contenu du site web (collectivement, le \u00ab mat\u00e9riel \u00bb) sont la propri\u00e9t\u00e9 de la soci\u00e9t\u00e9.<\/p>\n<p>Marques<\/p>\n<p>Un grand nombre de marques commerciales, de marques de service et de logos (collectivement les \u00ab marques commerciales \u00bb) affich\u00e9s sur le site web sont des marques d\u00e9pos\u00e9es et\/ou non d\u00e9pos\u00e9es de FCOM Sp. z o.o. . Des marques de tiers peuvent \u00e9galement figurer sur le site web. Rien de ce qui est contenu sur le site web ne doit \u00eatre interpr\u00e9t\u00e9 comme accordant, par implication, exclusion ou autre, une licence ou un droit d&#8217;utilisation des marques affich\u00e9es sur le site web sans le consentement \u00e9crit expr\u00e8s de la soci\u00e9t\u00e9. Les marques ne peuvent pas \u00eatre utilis\u00e9es dans les URL. Toute utilisation non autoris\u00e9e des marques ou de tout autre mat\u00e9riel, \u00e0 l&#8217;exception de ce qui est autoris\u00e9 dans les pr\u00e9sentes conditions, est strictement interdite.     <\/p>\n<p>Applications autoris\u00e9es<\/p>\n<p>En t\u00e9l\u00e9chargeant, en imprimant ou en utilisant d&#8217;une autre mani\u00e8re le mat\u00e9riel auquel il est possible d&#8217;acc\u00e9der directement \u00e0 partir du site web ou par l&#8217;interm\u00e9diaire d&#8217;autres sites ou m\u00e9canismes, les utilisateurs acceptent de limiter l&#8217;utilisation de ces fichiers \u00e0 un usage non commercial, \u00e9ducatif et personnel et de ne pas enfreindre les droits de propri\u00e9t\u00e9 de la soci\u00e9t\u00e9. Les utilisateurs peuvent fournir des documents sous forme de citations, \u00e0 condition que l&#8217;auteur (la soci\u00e9t\u00e9) et l&#8217;URL \u00ab www.fcom.pro \u00bb soient indiqu\u00e9s de mani\u00e8re \u00e9vidente, claire et sans ambigu\u00eft\u00e9. Les utilisateurs ne peuvent supprimer aucun avis de droit d&#8217;auteur, de marque ou d&#8217;autres droits de propri\u00e9t\u00e9, y compris, mais sans s&#8217;y limiter, les avis de droit d&#8217;auteur, les avis d&#8217;auteur et les avis de droit d&#8217;auteur, qui ont \u00e9t\u00e9 plac\u00e9s sur ou \u00e0 proximit\u00e9 du mat\u00e9riel. Il est express\u00e9ment interdit de t\u00e9l\u00e9charger, d&#8217;imprimer, de copier, de distribuer ou d&#8217;utiliser de toute autre mani\u00e8re le mat\u00e9riel \u00e0 des fins commerciales, y compris des publications commerciales ou \u00e0 des fins personnelles.   <\/p>\n<p>Tous les droits qui ne sont pas express\u00e9ment accord\u00e9s aux pr\u00e9sentes par la Soci\u00e9t\u00e9 sont express\u00e9ment et enti\u00e8rement r\u00e9serv\u00e9s.<\/p>\n<p><\/p>\t\t\t\t\t\t\t\t<\/div>\n\t\t\t\t<\/div>\n\t\t\t\t\t<\/div>\n\t\t<\/div>\n\t\t\t\t\t<\/div>\n\t\t<\/section>\n\t\t\t\t<\/div>\n\t\t","protected":false},"excerpt":{"rendered":"<p>FCOM Sp. z o.o. (&#8220;la soci\u00e9t\u00e9&#8221;) propose le site web www.fcom.pro et ses sous-domaines (y compris les sites web accessibles via des appareils mobiles) (collectivement, le &#8220;site web&#8221;) afin de soutenir la mission de la soci\u00e9t\u00e9 qui consiste \u00e0 faire conna\u00eetre les marques et les produits de la soci\u00e9t\u00e9 et \u00e0 familiariser les utilisateurs avec [&hellip;]<\/p>\n","protected":false},"author":1,"featured_media":0,"parent":0,"menu_order":0,"comment_status":"closed","ping_status":"closed","template":"","meta":{"footnotes":""},"class_list":["post-57374","page","type-page","status-publish","hentry"],"_links":{"self":[{"href":"https:\/\/fcom.pro\/fr\/wp-json\/wp\/v2\/pages\/57374","targetHints":{"allow":["GET"]}}],"collection":[{"href":"https:\/\/fcom.pro\/fr\/wp-json\/wp\/v2\/pages"}],"about":[{"href":"https:\/\/fcom.pro\/fr\/wp-json\/wp\/v2\/types\/page"}],"author":[{"embeddable":true,"href":"https:\/\/fcom.pro\/fr\/wp-json\/wp\/v2\/users\/1"}],"replies":[{"embeddable":true,"href":"https:\/\/fcom.pro\/fr\/wp-json\/wp\/v2\/comments?post=57374"}],"version-history":[{"count":0,"href":"https:\/\/fcom.pro\/fr\/wp-json\/wp\/v2\/pages\/57374\/revisions"}],"wp:attachment":[{"href":"https:\/\/fcom.pro\/fr\/wp-json\/wp\/v2\/media?parent=57374"}],"curies":[{"name":"wp","href":"https:\/\/api.w.org\/{rel}","templated":true}]}}