{"id":57368,"date":"2022-11-16T22:19:15","date_gmt":"2022-11-16T21:19:15","guid":{"rendered":"https:\/\/fcom.pro\/politique-en-matiere-de-cookies\/"},"modified":"2025-06-04T12:55:54","modified_gmt":"2025-06-04T10:55:54","slug":"politique-en-matiere-de-cookies","status":"publish","type":"page","link":"https:\/\/fcom.pro\/fr\/politique-en-matiere-de-cookies\/","title":{"rendered":"Politique en mati\u00e8re de cookies"},"content":{"rendered":"\t\t<div data-elementor-type=\"wp-page\" data-elementor-id=\"57368\" class=\"elementor elementor-57368 elementor-9683\" data-elementor-post-type=\"page\">\n\t\t\t\t\t\t<section class=\"elementor-section elementor-top-section elementor-element elementor-element-73fd4daf elementor-section-boxed elementor-section-height-default elementor-section-height-default\" data-id=\"73fd4daf\" data-element_type=\"section\" data-e-type=\"section\">\n\t\t\t\t\t\t<div class=\"elementor-container elementor-column-gap-default\">\n\t\t\t\t\t<div class=\"elementor-column elementor-col-100 elementor-top-column elementor-element elementor-element-1793ef9e\" data-id=\"1793ef9e\" data-element_type=\"column\" data-e-type=\"column\">\n\t\t\t<div class=\"elementor-widget-wrap elementor-element-populated\">\n\t\t\t\t\t\t<div class=\"elementor-element elementor-element-3f1e4569 elementor-widget elementor-widget-heading\" data-id=\"3f1e4569\" data-element_type=\"widget\" data-e-type=\"widget\" data-widget_type=\"heading.default\">\n\t\t\t\t<div class=\"elementor-widget-container\">\n\t\t\t\t\t<h2 class=\"elementor-heading-title elementor-size-default\">Politique en mati\u00e8re de cookies<\/h2>\t\t\t\t<\/div>\n\t\t\t\t<\/div>\n\t\t\t\t<div class=\"elementor-element elementor-element-3c5576c8 elementor-widget elementor-widget-text-editor\" data-id=\"3c5576c8\" data-element_type=\"widget\" data-e-type=\"widget\" data-widget_type=\"text-editor.default\">\n\t\t\t\t<div class=\"elementor-widget-container\">\n\t\t\t\t\t\t\t\t\t<p>Le site ne collecte aucune information de mani\u00e8re automatique, \u00e0 l&#8217;exception des informations contenues dans les cookies.<\/p>\n\n<p>Les cookies (appel\u00e9s \u00ab t\u00e9moins de connexion \u00bb) sont des donn\u00e9es informatiques, en particulier des fichiers texte, qui sont stock\u00e9s dans l \u00ab \u00e9quipement terminal de l&#8217;utilisateur du service et qui sont destin\u00e9s \u00e0 \u00eatre utilis\u00e9s sur le site web. Les cookies contiennent g\u00e9n\u00e9ralement le nom du site web dont ils proviennent, la dur\u00e9e de leur stockage sur l \u00bb \u00e9quipement terminal et un num\u00e9ro unique. <\/p>\n\n<p>L&#8217;entit\u00e9 qui place les cookies sur l&#8217;appareil final de l&#8217;utilisateur du service et qui y a acc\u00e8s est l&#8217;administrateur du service FCOM Sp. z o.o., dont le si\u00e8ge social est situ\u00e9 \u00e0 43-502 Czechowice-Dziedzice, ul. W\u0119glowa 14. KRS 0000813044, NIP 6381839670, REGON 384892624.   <\/p>\n\n\n<p>Les cookies sont utilis\u00e9s pour :<\/p>\n\n<p>a) adapter le contenu des pages du site web aux pr\u00e9f\u00e9rences de l&#8217;utilisateur et optimiser l&#8217;utilisation des sites web ; en particulier, ces fichiers permettent de reconna\u00eetre l&#8217;appareil de l&#8217;utilisateur du site web et d&#8217;afficher correctement le site web, en l&#8217;adaptant \u00e0 ses besoins individuels ;<\/p>\n\n<p>(b) \u00e9tablir des statistiques qui nous aident \u00e0 comprendre comment les utilisateurs des sites Web utilisent ces derniers afin d&#8217;en am\u00e9liorer la structure et le contenu ;<\/p>\n\n\n<p>c) le maintien d&#8217;une session de l&#8217;utilisateur du service (apr\u00e8s connexion), gr\u00e2ce \u00e0 laquelle l&#8217;utilisateur n&#8217;a pas \u00e0 saisir \u00e0 nouveau son nom d&#8217;utilisateur et son mot de passe sur chaque sous-page du service.<\/p>\n\n\n<p>Le site Web utilise deux principaux types de cookies : les \u00ab cookies de session \u00bb et les \u00ab cookies permanents \u00bb (cookies persistants). Les cookies de \u00ab session \u00bb sont des fichiers temporaires qui sont stock\u00e9s sur l \u00ab \u00e9quipement terminal de l&#8217;utilisateur jusqu \u00bb \u00e0 ce que l&#8217;utilisateur se d\u00e9connecte, quitte le site web ou \u00e9teigne le logiciel (navigateur web). Les cookies \u00ab permanents \u00bb sont stock\u00e9s sur l \u00ab \u00e9quipement terminal de l&#8217;utilisateur pour la dur\u00e9e sp\u00e9cifi\u00e9e dans les param\u00e8tres des cookies ou jusqu \u00bb \u00e0 ce qu&#8217;ils soient supprim\u00e9s par l&#8217;utilisateur.<br>Les types de cookies suivants sont utilis\u00e9s dans le cadre du service :<\/p>\n\n\n<p>a) les cookies \u00ab n\u00e9cessaires \u00bb pour permettre l&#8217;utilisation des services disponibles sur le site web, par exemple les cookies d&#8217;authentification utilis\u00e9s pour les services n\u00e9cessitant une authentification sur le site web ;<\/p>\n\n\n<p>(b) les cookies utilis\u00e9s \u00e0 des fins de s\u00e9curit\u00e9, par exemple pour d\u00e9tecter les abus d&#8217;authentification sur le site web ;<\/p>\n\n\n<p>(c) les cookies de \u00ab performance \u00bb, qui permettent de collecter des informations sur la mani\u00e8re dont les pages du site Web sont utilis\u00e9es ;<\/p>\n\n\n<p>(d) les cookies \u00ab publicitaires \u00bb, qui permettent de fournir aux utilisateurs un contenu publicitaire mieux adapt\u00e9 \u00e0 leurs int\u00e9r\u00eats.<\/p>\n\n\n<p>Dans de nombreux cas, le logiciel de navigation sur le web (navigateur web) permet par d\u00e9faut de stocker des cookies sur le terminal de l&#8217;utilisateur. Les utilisateurs du site web peuvent \u00e0 tout moment modifier leurs param\u00e8tres concernant les cookies. Ces param\u00e8tres peuvent notamment \u00eatre modifi\u00e9s de mani\u00e8re \u00e0 bloquer la gestion automatique des cookies dans les param\u00e8tres d&#8217;un navigateur web ou \u00e0 informer de leur placement \u00e0 chaque fois dans l&#8217;\u00e9quipement d&#8217;un utilisateur du service. Des informations d\u00e9taill\u00e9es sur la possibilit\u00e9 et les m\u00e9thodes d&#8217;utilisation des cookies sont disponibles dans les param\u00e8tres de votre logiciel (navigateur web).   <\/p>\n\n\n<p>L&#8217;administrateur du site Web pr\u00e9vient que la d\u00e9sactivation des cookies n\u00e9cessaires aux processus d&#8217;authentification, \u00e0 la s\u00e9curit\u00e9 et \u00e0 la gestion des pr\u00e9f\u00e9rences de l&#8217;utilisateur peut entraver et, dans des cas extr\u00eames, rendre impossible l&#8217;utilisation des sites Web.<\/p>\n\n\n<p>Les cookies sont plac\u00e9s dans l&#8217;\u00e9quipement terminal de l&#8217;utilisateur du service et peuvent \u00e9galement \u00eatre utilis\u00e9s par les annonceurs et les partenaires qui coop\u00e8rent avec l&#8217;op\u00e9rateur du service.<\/p>\n\n\n<hr>\n\n\n<p>Le document ci-dessus relatif \u00e0 la politique en mati\u00e8re de cookies est prot\u00e9g\u00e9 par des droits d&#8217;auteur d\u00e9tenus par l&#8217;IAB Pologne et est extrait du site web : <a href=\"http:\/\/wszystkoociasteczkach.pl\/\" target=\"_blank\" rel=\"noreferrer noopener nofollow\"><strong>http:\/\/wszystkoociasteczkach.pl\/<\/strong><\/a><\/p>\t\t\t\t\t\t\t\t<\/div>\n\t\t\t\t<\/div>\n\t\t\t\t\t<\/div>\n\t\t<\/div>\n\t\t\t\t\t<\/div>\n\t\t<\/section>\n\t\t\t\t<\/div>\n\t\t","protected":false},"excerpt":{"rendered":"<p>Politique en mati\u00e8re de cookies Le site ne collecte aucune information de mani\u00e8re automatique, \u00e0 l&#8217;exception des informations contenues dans les cookies. Les cookies (appel\u00e9s \u00ab t\u00e9moins de connexion \u00bb) sont des donn\u00e9es informatiques, en particulier des fichiers texte, qui sont stock\u00e9s dans l \u00ab \u00e9quipement terminal de l&#8217;utilisateur du service et qui sont destin\u00e9s [&hellip;]<\/p>\n","protected":false},"author":1,"featured_media":0,"parent":0,"menu_order":0,"comment_status":"closed","ping_status":"closed","template":"","meta":{"footnotes":""},"class_list":["post-57368","page","type-page","status-publish","hentry"],"_links":{"self":[{"href":"https:\/\/fcom.pro\/fr\/wp-json\/wp\/v2\/pages\/57368","targetHints":{"allow":["GET"]}}],"collection":[{"href":"https:\/\/fcom.pro\/fr\/wp-json\/wp\/v2\/pages"}],"about":[{"href":"https:\/\/fcom.pro\/fr\/wp-json\/wp\/v2\/types\/page"}],"author":[{"embeddable":true,"href":"https:\/\/fcom.pro\/fr\/wp-json\/wp\/v2\/users\/1"}],"replies":[{"embeddable":true,"href":"https:\/\/fcom.pro\/fr\/wp-json\/wp\/v2\/comments?post=57368"}],"version-history":[{"count":0,"href":"https:\/\/fcom.pro\/fr\/wp-json\/wp\/v2\/pages\/57368\/revisions"}],"wp:attachment":[{"href":"https:\/\/fcom.pro\/fr\/wp-json\/wp\/v2\/media?parent=57368"}],"curies":[{"name":"wp","href":"https:\/\/api.w.org\/{rel}","templated":true}]}}