{"id":57356,"date":"2022-04-14T14:44:02","date_gmt":"2022-04-14T12:44:02","guid":{"rendered":"https:\/\/fcom.pro\/reductions-et-promotions-sur-le-shop\/"},"modified":"2025-06-04T12:50:38","modified_gmt":"2025-06-04T10:50:38","slug":"reductions-et-promotions-sur-le-shop","status":"publish","type":"page","link":"https:\/\/fcom.pro\/fr\/reductions-et-promotions-sur-le-shop\/","title":{"rendered":"R\u00e9ductions et promotions sur l&#8217;e-shop"},"content":{"rendered":"\t\t<div data-elementor-type=\"wp-page\" data-elementor-id=\"57356\" class=\"elementor elementor-57356 elementor-5219\" data-elementor-post-type=\"page\">\n\t\t\t\t<div class=\"elementor-element elementor-element-f1a9587 e-flex e-con-boxed e-con e-parent\" data-id=\"f1a9587\" data-element_type=\"container\" data-e-type=\"container\">\n\t\t\t\t\t<div class=\"e-con-inner\">\n\t\t\t\t<div class=\"elementor-element elementor-element-b80efff elementor-widget elementor-widget-heading\" data-id=\"b80efff\" data-element_type=\"widget\" data-e-type=\"widget\" data-widget_type=\"heading.default\">\n\t\t\t\t<div class=\"elementor-widget-container\">\n\t\t\t\t\t<h2 class=\"elementor-heading-title elementor-size-default\">R\u00e9ductions et promotions sur l&#8217;e-shop<\/h2>\t\t\t\t<\/div>\n\t\t\t\t<\/div>\n\t\t\t\t\t<\/div>\n\t\t\t\t<\/div>\n\t\t<div class=\"elementor-element elementor-element-a7da7a5 e-flex e-con-boxed e-con e-parent\" data-id=\"a7da7a5\" data-element_type=\"container\" data-e-type=\"container\">\n\t\t\t\t\t<div class=\"e-con-inner\">\n\t\t<div class=\"elementor-element elementor-element-796c95d e-flex e-con-boxed e-con e-child\" data-id=\"796c95d\" data-element_type=\"container\" data-e-type=\"container\">\n\t\t\t\t\t<div class=\"e-con-inner\">\n\t\t\t\t<div class=\"elementor-element elementor-element-31dec0f elementor-widget elementor-widget-heading\" data-id=\"31dec0f\" data-element_type=\"widget\" data-e-type=\"widget\" data-widget_type=\"heading.default\">\n\t\t\t\t<div class=\"elementor-widget-container\">\n\t\t\t\t\t<h3 class=\"elementor-heading-title elementor-size-default\">R\u00e9duction pour l'inscription \u00e0 la lettre d'information<\/h3>\t\t\t\t<\/div>\n\t\t\t\t<\/div>\n\t\t\t\t<div class=\"elementor-element elementor-element-20eee2d elementor-widget elementor-widget-text-editor\" data-id=\"20eee2d\" data-element_type=\"widget\" data-e-type=\"widget\" data-widget_type=\"text-editor.default\">\n\t\t\t\t<div class=\"elementor-widget-container\">\n\t\t\t\t\t\t\t\t\t<p>Inscrivez-vous \u00e0 notre lettre d&#8217;information et recevez un bon de r\u00e9duction de 10 \u00a3 pour votre prochain achat dans notre e-shop, d&#8217;une valeur minimum de 100 \u00a3 !<\/p>\t\t\t\t\t\t\t\t<\/div>\n\t\t\t\t<\/div>\n\t\t\t\t<div class=\"elementor-element elementor-element-ecef6bf klaviyo_form_trigger elementor-widget elementor-widget-button\" data-id=\"ecef6bf\" data-element_type=\"widget\" data-e-type=\"widget\" data-widget_type=\"button.default\">\n\t\t\t\t<div class=\"elementor-widget-container\">\n\t\t\t\t\t\t\t\t\t<div class=\"elementor-button-wrapper\">\n\t\t\t\t\t<a class=\"elementor-button elementor-button-link elementor-size-sm\" href=\"https:\/\/manage.kmail-lists.com\/subscriptions\/subscribe?a=UWR4dY&#038;g=VsYAjf\" rel=\"nofollow noopener\" target=\"_blank\">\n\t\t\t\t\t\t<span class=\"elementor-button-content-wrapper\">\n\t\t\t\t\t\t\t\t\t<span class=\"elementor-button-text\">Inscrivez-vous ici<\/span>\n\t\t\t\t\t<\/span>\n\t\t\t\t\t<\/a>\n\t\t\t\t<\/div>\n\t\t\t\t\t\t\t\t<\/div>\n\t\t\t\t<\/div>\n\t\t\t\t\t<\/div>\n\t\t\t\t<\/div>\n\t\t<div class=\"elementor-element elementor-element-51b1285 e-flex e-con-boxed e-con e-child\" data-id=\"51b1285\" data-element_type=\"container\" data-e-type=\"container\">\n\t\t\t\t\t<div class=\"e-con-inner\">\n\t\t\t\t<div class=\"elementor-element elementor-element-61acad4 elementor-widget elementor-widget-heading\" data-id=\"61acad4\" data-element_type=\"widget\" data-e-type=\"widget\" data-widget_type=\"heading.default\">\n\t\t\t\t<div class=\"elementor-widget-container\">\n\t\t\t\t\t<h3 class=\"elementor-heading-title elementor-size-default\">Remises pour le retour d'information<\/h3>\t\t\t\t<\/div>\n\t\t\t\t<\/div>\n\t\t\t\t<div class=\"elementor-element elementor-element-f647d38 elementor-widget elementor-widget-text-editor\" data-id=\"f647d38\" data-element_type=\"widget\" data-e-type=\"widget\" data-widget_type=\"text-editor.default\">\n\t\t\t\t<div class=\"elementor-widget-container\">\n\t\t\t\t\t\t\t\t\t<p>Partagez vos commentaires sur votre achat avec d&#8217;autres utilisateurs et b\u00e9n\u00e9ficiez d&#8217;une r\u00e9duction. Comment obtenir un bon de r\u00e9duction ? <\/p>\n<p><\/p>\n<ol>\n<li>Achetez n&#8217;importe quel produit sur notre <a href=\"https:\/\/fcom.pro\/sklep\/\" data-type=\"page\" data-id=\"632\">e-shop.<\/a><\/li>\n\n<li>Constatez par vous-m\u00eame l&#8217;efficacit\u00e9 de nos produits.<\/li>\n\n<li>7 jours apr\u00e8s l&#8217;achat, vous recevrez un rappel avec le formulaire \u00e0 l&#8217;adresse \u00e9lectronique indiqu\u00e9e dans votre commande.<\/li>\n\n<li>Remplissez un formulaire tr\u00e8s court et recevez un bon de r\u00e9duction de 30 \u00a3 (pour une commande minimale de 100 \u00a3).<\/li>\n\n<li>Apr\u00e8s avoir rempli le formulaire, vous recevrez automatiquement un bon de r\u00e9duction \u00e0 votre adresse \u00e9lectronique.<\/li>\n<\/ol>\n<p><\/p>\t\t\t\t\t\t\t\t<\/div>\n\t\t\t\t<\/div>\n\t\t\t\t\t<\/div>\n\t\t\t\t<\/div>\n\t\t\t\t\t<\/div>\n\t\t\t\t<\/div>\n\t\t\t\t<\/div>\n\t\t","protected":false},"excerpt":{"rendered":"<p>R\u00e9duction pour l&#8217;inscription \u00e0 la lettre d&#8217;information Inscrivez-vous \u00e0 notre lettre d&#8217;information et recevez un bon de r\u00e9duction de 10 \u00a3 pour votre prochain achat dans notre e-shop, d&#8217;une valeur minimum de 100 \u00a3 ! Inscrivez-vous ici Remises pour le retour d&#8217;information Partagez vos commentaires sur votre achat avec d&#8217;autres utilisateurs et b\u00e9n\u00e9ficiez d&#8217;une r\u00e9duction. [&hellip;]<\/p>\n","protected":false},"author":1,"featured_media":0,"parent":0,"menu_order":0,"comment_status":"closed","ping_status":"closed","template":"","meta":{"footnotes":""},"class_list":["post-57356","page","type-page","status-publish","hentry"],"_links":{"self":[{"href":"https:\/\/fcom.pro\/fr\/wp-json\/wp\/v2\/pages\/57356","targetHints":{"allow":["GET"]}}],"collection":[{"href":"https:\/\/fcom.pro\/fr\/wp-json\/wp\/v2\/pages"}],"about":[{"href":"https:\/\/fcom.pro\/fr\/wp-json\/wp\/v2\/types\/page"}],"author":[{"embeddable":true,"href":"https:\/\/fcom.pro\/fr\/wp-json\/wp\/v2\/users\/1"}],"replies":[{"embeddable":true,"href":"https:\/\/fcom.pro\/fr\/wp-json\/wp\/v2\/comments?post=57356"}],"version-history":[{"count":0,"href":"https:\/\/fcom.pro\/fr\/wp-json\/wp\/v2\/pages\/57356\/revisions"}],"wp:attachment":[{"href":"https:\/\/fcom.pro\/fr\/wp-json\/wp\/v2\/media?parent=57356"}],"curies":[{"name":"wp","href":"https:\/\/api.w.org\/{rel}","templated":true}]}}