{"id":59035,"date":"2023-05-11T00:44:07","date_gmt":"2023-05-10T22:44:07","guid":{"rendered":"https:\/\/fcom.pro\/sklep\/at-termo-waermedaemmschicht\/"},"modified":"2026-02-10T18:29:06","modified_gmt":"2026-02-10T17:29:06","slug":"at-termo-waermedaemmschicht","status":"publish","type":"product","link":"https:\/\/fcom.pro\/de\/shop\/at-termo-waermedaemmschicht\/","title":{"rendered":"AT Termo\u00ae W\u00e4rmed\u00e4mmschicht"},"content":{"rendered":"\t\t<div data-elementor-type=\"product-post\" data-elementor-id=\"59035\" class=\"elementor elementor-59035 elementor-18049\" data-elementor-post-type=\"product\">\n\t\t\t\t<section class=\"elementor-element elementor-element-9068d84 section-indicator  e-con-full e-flex e-con e-parent\" data-id=\"9068d84\" data-element_type=\"container\" data-e-type=\"container\">\n\t\t<div class=\"elementor-element elementor-element-6e69a3b e-flex e-con-boxed e-con e-child\" data-id=\"6e69a3b\" data-element_type=\"container\" data-e-type=\"container\" data-settings=\"{&quot;background_background&quot;:&quot;classic&quot;}\">\n\t\t\t\t\t<div class=\"e-con-inner\">\n\t\t<div class=\"elementor-element elementor-element-c0dc9a7 e-con-full e-flex e-con e-child\" data-id=\"c0dc9a7\" data-element_type=\"container\" data-e-type=\"container\">\n\t\t<div class=\"elementor-element elementor-element-defe38e e-con-full e-flex e-con e-child\" data-id=\"defe38e\" data-element_type=\"container\" data-e-type=\"container\">\n\t\t\t\t<div class=\"elementor-element elementor-element-5d670c8 elementor-invisible elementor-widget elementor-widget-text-editor\" data-id=\"5d670c8\" data-element_type=\"widget\" data-e-type=\"widget\" data-settings=\"{&quot;_animation&quot;:&quot;fadeInUp&quot;,&quot;motion_fx_motion_fx_scrolling&quot;:&quot;yes&quot;,&quot;motion_fx_opacity_effect&quot;:&quot;yes&quot;,&quot;motion_fx_opacity_direction&quot;:&quot;in-out&quot;,&quot;motion_fx_opacity_range&quot;:{&quot;unit&quot;:&quot;%&quot;,&quot;size&quot;:&quot;&quot;,&quot;sizes&quot;:{&quot;start&quot;:70,&quot;end&quot;:90}},&quot;motion_fx_opacity_level&quot;:{&quot;unit&quot;:&quot;px&quot;,&quot;size&quot;:10,&quot;sizes&quot;:[]},&quot;motion_fx_devices&quot;:[&quot;desktop&quot;,&quot;tablet&quot;,&quot;mobile&quot;]}\" data-widget_type=\"text-editor.default\">\n\t\t\t\t<div class=\"elementor-widget-container\">\n\t\t\t\t\t\t\t\t\t<p>Ein einzigartiges Produkt unter den Isolier- und Schutzmaterialien, das sowohl im Bausektor als auch in der Industrie gut funktioniert.<\/p><p>Die AT Termo\u00ae-W\u00e4rmed\u00e4mmschicht vereint das Beste aus allen Welten:<\/p><ul><li><strong>einfache Anwendung<\/strong> &#8211; Rolle, Pinsel oder Farbger\u00e4t.<\/li><li><strong>sehr gute W\u00e4rmed\u00e4mmeigenschaften &#8211;<\/strong> 1 mm Schicht entspricht 10 cm Polystyrolschaum<\/li><li><strong>Umweltfreundlich <\/strong>&#8211; Beschichtung auf Wasserbasis, niedriger VOC-Gehalt<\/li><\/ul>\t\t\t\t\t\t\t\t<\/div>\n\t\t\t\t<\/div>\n\t\t\t\t<\/div>\n\t\t<div class=\"elementor-element elementor-element-96ca0c2 e-con-full e-flex e-con e-child\" data-id=\"96ca0c2\" data-element_type=\"container\" data-e-type=\"container\">\n\t\t\t\t<div class=\"elementor-element elementor-element-1629abb elementor-widget elementor-widget-image\" data-id=\"1629abb\" data-element_type=\"widget\" data-e-type=\"widget\" data-widget_type=\"image.default\">\n\t\t\t\t<div class=\"elementor-widget-container\">\n\t\t\t\t\t\t\t\t\t\t\t\t\t\t\t<img loading=\"lazy\" decoding=\"async\" width=\"800\" height=\"800\" src=\"https:\/\/fcom.pro\/wp-content\/uploads\/2023\/05\/kanister_20L_attermo.png\" class=\"attachment-large size-large wp-image-55425\" alt=\"AT Termo W\u00e4rmed\u00e4mmschicht\" srcset=\"https:\/\/fcom.pro\/wp-content\/uploads\/2023\/05\/kanister_20L_attermo.png 1000w, https:\/\/fcom.pro\/wp-content\/uploads\/2023\/05\/kanister_20L_attermo-300x300.png 300w, https:\/\/fcom.pro\/wp-content\/uploads\/2023\/05\/kanister_20L_attermo-150x150.png 150w, https:\/\/fcom.pro\/wp-content\/uploads\/2023\/05\/kanister_20L_attermo-768x768.png 768w\" sizes=\"auto, (max-width: 800px) 100vw, 800px\" title=\"\">\t\t\t\t\t\t\t\t\t\t\t\t\t\t\t<\/div>\n\t\t\t\t<\/div>\n\t\t\t\t<\/div>\n\t\t\t\t<\/div>\n\t\t\t\t\t<\/div>\n\t\t\t\t<\/div>\n\t\t<div class=\"elementor-element elementor-element-cad8dc9 e-con-full e-flex e-con e-child\" data-id=\"cad8dc9\" data-element_type=\"container\" data-e-type=\"container\">\n\t\t<div class=\"elementor-element elementor-element-c57b6e3 e-con-full e-flex e-con e-child\" data-id=\"c57b6e3\" data-element_type=\"container\" data-e-type=\"container\">\n\t\t\t\t<div class=\"elementor-element elementor-element-a045055 elementor-invisible elementor-widget elementor-widget-heading\" data-id=\"a045055\" data-element_type=\"widget\" data-e-type=\"widget\" data-settings=\"{&quot;_animation&quot;:&quot;fadeInUp&quot;}\" data-widget_type=\"heading.default\">\n\t\t\t\t<div class=\"elementor-widget-container\">\n\t\t\t\t\t<h1 class=\"elementor-heading-title elementor-size-default\">AT Termo<sup>\u00ae<\/sup><\/h1>\t\t\t\t<\/div>\n\t\t\t\t<\/div>\n\t\t\t\t<div class=\"elementor-element elementor-element-0689c8c elementor-invisible elementor-widget elementor-widget-heading\" data-id=\"0689c8c\" data-element_type=\"widget\" data-e-type=\"widget\" data-settings=\"{&quot;_animation&quot;:&quot;fadeInUp&quot;}\" data-widget_type=\"heading.default\">\n\t\t\t\t<div class=\"elementor-widget-container\">\n\t\t\t\t\t<h2 class=\"elementor-heading-title elementor-size-default\">im Baugewerbe<\/h2>\t\t\t\t<\/div>\n\t\t\t\t<\/div>\n\t\t\t\t<\/div>\n\t\t<div class=\"elementor-element elementor-element-3ea4793 e-flex e-con-boxed e-con e-child\" data-id=\"3ea4793\" data-element_type=\"container\" data-e-type=\"container\">\n\t\t\t\t\t<div class=\"e-con-inner\">\n\t\t\t\t<div class=\"elementor-element elementor-element-edea6fa elementor-widget elementor-widget-image\" data-id=\"edea6fa\" data-element_type=\"widget\" data-e-type=\"widget\" data-widget_type=\"image.default\">\n\t\t\t\t<div class=\"elementor-widget-container\">\n\t\t\t\t\t\t\t\t\t\t\t\t\t\t\t<img decoding=\"async\" src=\"https:\/\/fcom.pro\/wp-content\/uploads\/2023\/10\/61924050487eb7da3af71272e3a4.jpg\" title=\"\" alt=\"\" loading=\"lazy\">\t\t\t\t\t\t\t\t\t\t\t\t\t\t\t<\/div>\n\t\t\t\t<\/div>\n\t\t\t\t<div class=\"elementor-element elementor-element-8c7956b elementor-invisible elementor-widget elementor-widget-text-editor\" data-id=\"8c7956b\" data-element_type=\"widget\" data-e-type=\"widget\" data-settings=\"{&quot;motion_fx_motion_fx_scrolling&quot;:&quot;yes&quot;,&quot;motion_fx_opacity_effect&quot;:&quot;yes&quot;,&quot;motion_fx_opacity_direction&quot;:&quot;in-out&quot;,&quot;motion_fx_opacity_range&quot;:{&quot;unit&quot;:&quot;%&quot;,&quot;size&quot;:&quot;&quot;,&quot;sizes&quot;:{&quot;start&quot;:70,&quot;end&quot;:90}},&quot;_animation&quot;:&quot;fadeInUp&quot;,&quot;motion_fx_opacity_level&quot;:{&quot;unit&quot;:&quot;px&quot;,&quot;size&quot;:10,&quot;sizes&quot;:[]},&quot;motion_fx_devices&quot;:[&quot;desktop&quot;,&quot;tablet&quot;,&quot;mobile&quot;]}\" data-widget_type=\"text-editor.default\">\n\t\t\t\t<div class=\"elementor-widget-container\">\n\t\t\t\t\t\t\t\t\t<p>AT Termo<sup>\u00ae<\/sup> wird sowohl f\u00fcr die \u00e4u\u00dfere als auch f\u00fcr die innere W\u00e4rmed\u00e4mmung und Schutzbeschichtung von Geb\u00e4uden verwendet, wie z.B:<\/p>\n<ul>\n<li><b>R\u00e4ume mit hoher Luftfeuchtigkeit<\/b> und dem Risiko von Schimmel und Mehltau,<\/li>\n<li><b>\u00f6ffentliche Einrichtungen<\/b>, Krankenh\u00e4user, medizinische Kliniken und verschiedene Arten von B\u00fcros,<\/li>\n<li><b>historische Geb\u00e4ude<\/b>, bei denen Wolle oder Polystyrol aufgrund der komplexen Form der Fassade nicht verwendet werden k\u00f6nnen,<\/li>\n<li><b>jede Trennwand <\/b>aus Ziegeln, Gips oder Beton<\/li>\n<\/ul>\n<p>Das Produkt ist <b>umweltfreundlich und gesundheitlich unbedenklich<\/b> und erm\u00f6glicht die Arbeit nicht nur im Freien, sondern auch in Innenr\u00e4umen unter Einhaltung grundlegender Gesundheits- und Sicherheitsvorschriften.<\/p>\n<p>Es ist wetterfest und schafft ein freundliches Mikroklima in Innenr\u00e4umen.<\/p>\n<p>Es kann direkt in jede beliebige Farbe eingef\u00e4rbt oder mit anderen Dispersionsprodukten auf Wasserbasis versehen werden. Die Verwendung von AT Termo<sup>\u00ae<\/sup>&nbsp;auf der Au\u00dfen- und Innenseite eines Geb\u00e4udes erm\u00f6glicht es, das kubische Volumen eines Raumes zu erhalten, Fassaden mit komplexer r\u00e4umlicher Architektur zu isolieren, den thermischen Komfort in R\u00e4umen zu verbessern und den Zeitaufwand f\u00fcr Bauarbeiten zu reduzieren. <\/p>\n<p>Die Anwendung der Beschichtung in Freizeiteinrichtungen, die Feuchtigkeit ausgesetzt sind, wie z.B. Schwimmb\u00e4der oder Saunen, beseitigt wirksam das Ph\u00e4nomen der Schimmel- und Mehltauausbl\u00fchungen. Au\u00dferdem verhindern die gestrichenen Oberfl\u00e4chen die Vermehrung von sch\u00e4dlichen Bakterien wie Staphylococcus aureus, E. coli oder Lungenentz\u00fcndungsbazillen. <\/p>\n<p>AT Termo<sup>\u00ae<\/sup>&nbsp;wird auch bei der W\u00e4rmed\u00e4mmung von W\u00e4nden und verschiedenen Geb\u00e4udetrennw\u00e4nden eingesetzt, bei denen eine fehlende oder unzureichende W\u00e4rmed\u00e4mmung zu W\u00e4rmebr\u00fccken und damit zu W\u00e4rmeverlusten und h\u00e4ufig zu Problemen mit Kondensation an solchen Trennw\u00e4nden f\u00fchrt.<\/p>\t\t\t\t\t\t\t\t<\/div>\n\t\t\t\t<\/div>\n\t\t\t\t\t<\/div>\n\t\t\t\t<\/div>\n\t\t\t\t<\/div>\n\t\t<div class=\"elementor-element elementor-element-e4ba370 e-con-full e-flex e-con e-child\" data-id=\"e4ba370\" data-element_type=\"container\" data-e-type=\"container\">\n\t\t<div class=\"elementor-element elementor-element-df1eff6 e-con-full e-flex e-con e-child\" data-id=\"df1eff6\" data-element_type=\"container\" data-e-type=\"container\">\n\t\t\t\t<div class=\"elementor-element elementor-element-3ee2be0 elementor-invisible elementor-widget elementor-widget-heading\" data-id=\"3ee2be0\" data-element_type=\"widget\" data-e-type=\"widget\" data-settings=\"{&quot;_animation&quot;:&quot;fadeInUp&quot;}\" data-widget_type=\"heading.default\">\n\t\t\t\t<div class=\"elementor-widget-container\">\n\t\t\t\t\t<h1 class=\"elementor-heading-title elementor-size-default\">AT Termo<sup>\u00ae<\/sup><\/h1>\t\t\t\t<\/div>\n\t\t\t\t<\/div>\n\t\t\t\t<div class=\"elementor-element elementor-element-dd06027 elementor-invisible elementor-widget elementor-widget-heading\" data-id=\"dd06027\" data-element_type=\"widget\" data-e-type=\"widget\" data-settings=\"{&quot;_animation&quot;:&quot;fadeInUp&quot;}\" data-widget_type=\"heading.default\">\n\t\t\t\t<div class=\"elementor-widget-container\">\n\t\t\t\t\t<h2 class=\"elementor-heading-title elementor-size-default\">in der Industrie<\/h2>\t\t\t\t<\/div>\n\t\t\t\t<\/div>\n\t\t\t\t<\/div>\n\t\t<div class=\"elementor-element elementor-element-e77cb80 e-flex e-con-boxed e-con e-child\" data-id=\"e77cb80\" data-element_type=\"container\" data-e-type=\"container\">\n\t\t\t\t\t<div class=\"e-con-inner\">\n\t\t\t\t<div class=\"elementor-element elementor-element-a0c8eb3 elementor-widget elementor-widget-image\" data-id=\"a0c8eb3\" data-element_type=\"widget\" data-e-type=\"widget\" data-widget_type=\"image.default\">\n\t\t\t\t<div class=\"elementor-widget-container\">\n\t\t\t\t\t\t\t\t\t\t\t\t\t\t\t<img loading=\"lazy\" decoding=\"async\" width=\"800\" height=\"450\" src=\"https:\/\/fcom.pro\/wp-content\/uploads\/2024\/03\/20181016_122844-1024x576.jpg\" class=\"attachment-large size-large wp-image-54927\" alt=\"\" srcset=\"https:\/\/fcom.pro\/wp-content\/uploads\/2024\/03\/20181016_122844-1024x576.jpg 1024w, https:\/\/fcom.pro\/wp-content\/uploads\/2024\/03\/20181016_122844-300x169.jpg 300w, https:\/\/fcom.pro\/wp-content\/uploads\/2024\/03\/20181016_122844-768x432.jpg 768w, https:\/\/fcom.pro\/wp-content\/uploads\/2024\/03\/20181016_122844.jpg 1500w\" sizes=\"auto, (max-width: 800px) 100vw, 800px\" title=\"\">\t\t\t\t\t\t\t\t\t\t\t\t\t\t\t<\/div>\n\t\t\t\t<\/div>\n\t\t\t\t<div class=\"elementor-element elementor-element-27b3eba elementor-invisible elementor-widget elementor-widget-text-editor\" data-id=\"27b3eba\" data-element_type=\"widget\" data-e-type=\"widget\" data-settings=\"{&quot;motion_fx_motion_fx_scrolling&quot;:&quot;yes&quot;,&quot;motion_fx_opacity_effect&quot;:&quot;yes&quot;,&quot;motion_fx_opacity_direction&quot;:&quot;in-out&quot;,&quot;motion_fx_opacity_range&quot;:{&quot;unit&quot;:&quot;%&quot;,&quot;size&quot;:&quot;&quot;,&quot;sizes&quot;:{&quot;start&quot;:70,&quot;end&quot;:90}},&quot;_animation&quot;:&quot;fadeInUp&quot;,&quot;motion_fx_opacity_level&quot;:{&quot;unit&quot;:&quot;px&quot;,&quot;size&quot;:10,&quot;sizes&quot;:[]},&quot;motion_fx_devices&quot;:[&quot;desktop&quot;,&quot;tablet&quot;,&quot;mobile&quot;]}\" data-widget_type=\"text-editor.default\">\n\t\t\t\t<div class=\"elementor-widget-container\">\n\t\t\t\t\t\t\t\t\t<p>AT Termo<sup>\u00ae<\/sup> ist eine Beschichtung, die einen wirksamen Schutz gegen das Eindringen von Frost und Oberfl\u00e4chenkondensation bietet und das Problem der W\u00e4rmebr\u00fccken l\u00f6st. Empfohlen f\u00fcr die Isolierung und den Schutz von Stahlbauteilen wie z.B.: <\/p><ul><li>Warm- und Kaltwasserleitungen,<\/li><li>Sanit\u00e4rarmaturen, Ventile<\/li><li>Rohre, Formst\u00fccke und Leitungen f\u00fcr L\u00fcftung und Klimaanlagen,<\/li><li>\u00dcberdachung,<\/li><li>Blechgaragen,<\/li><li>Container,<\/li><li>Industrieanlagen, etc&#8230;<\/li><\/ul><p>AT Termo<sup>\u00ae<\/sup> hat eine hohe Haftkraft auf Metallen ohne Oberfl\u00e4chenkorrosion und auf den meisten Baumaterialien. Es ist umweltfreundlich und sicher f\u00fcr den Einsatz im Au\u00dfen- und Innenbereich. <\/p><p>Unsere W\u00e4rmed\u00e4mmbeschichtung erh\u00f6ht nicht die Belastung der isolierten Struktur und bewahrt deren urspr\u00fcngliche Dimension. Die AT Termo<sup>\u00ae<\/sup>-Beschichtung wird u.a. als W\u00e4rmeschutz f\u00fcr Elektronik in Spezialger\u00e4ten eingesetzt, wo die Verwendung herk\u00f6mmlicher W\u00e4rmed\u00e4mmstoffe aufgrund des geringen Platzangebots nicht m\u00f6glich ist.  <\/p>\t\t\t\t\t\t\t\t<\/div>\n\t\t\t\t<\/div>\n\t\t\t\t\t<\/div>\n\t\t\t\t<\/div>\n\t\t\t\t<\/div>\n\t\t\t\t<\/section>\n\t\t\t\t<\/div>\n\t\t","protected":false},"excerpt":{"rendered":"<p>Das Produkt ist gef\u00e4rbt und kann nicht zur\u00fcckgegeben werden.<\/p>\n","protected":false},"featured_media":55425,"comment_status":"open","ping_status":"closed","template":"","meta":[],"product_brand":[],"product_cat":[2745,2763],"product_tag":[2747,2746],"class_list":{"0":"post-59035","1":"product","2":"type-product","3":"status-publish","4":"has-post-thumbnail","6":"product_cat-at-termo-de","7":"product_cat-farba-termoizolacyjna-de","8":"product_tag-produkt-z-kalkulatorem-de","9":"product_tag-produkt-z-kolorem-de","11":"first","12":"instock","13":"taxable","14":"shipping-taxable","15":"purchasable","16":"product-type-variable","17":"has-default-attributes"},"_links":{"self":[{"href":"https:\/\/fcom.pro\/de\/wp-json\/wp\/v2\/product\/59035","targetHints":{"allow":["GET"]}}],"collection":[{"href":"https:\/\/fcom.pro\/de\/wp-json\/wp\/v2\/product"}],"about":[{"href":"https:\/\/fcom.pro\/de\/wp-json\/wp\/v2\/types\/product"}],"replies":[{"embeddable":true,"href":"https:\/\/fcom.pro\/de\/wp-json\/wp\/v2\/comments?post=59035"}],"version-history":[{"count":0,"href":"https:\/\/fcom.pro\/de\/wp-json\/wp\/v2\/product\/59035\/revisions"}],"wp:featuredmedia":[{"embeddable":true,"href":"https:\/\/fcom.pro\/de\/wp-json\/wp\/v2\/media\/55425"}],"wp:attachment":[{"href":"https:\/\/fcom.pro\/de\/wp-json\/wp\/v2\/media?parent=59035"}],"wp:term":[{"taxonomy":"product_brand","embeddable":true,"href":"https:\/\/fcom.pro\/de\/wp-json\/wp\/v2\/product_brand?post=59035"},{"taxonomy":"product_cat","embeddable":true,"href":"https:\/\/fcom.pro\/de\/wp-json\/wp\/v2\/product_cat?post=59035"},{"taxonomy":"product_tag","embeddable":true,"href":"https:\/\/fcom.pro\/de\/wp-json\/wp\/v2\/product_tag?post=59035"}],"curies":[{"name":"wp","href":"https:\/\/api.w.org\/{rel}","templated":true}]}}