{"id":58624,"date":"2021-09-23T10:30:55","date_gmt":"2021-09-23T08:30:55","guid":{"rendered":"https:\/\/fcom.pro\/sklep\/gotherm-waermedaemmmasse\/"},"modified":"2026-02-10T18:29:04","modified_gmt":"2026-02-10T17:29:04","slug":"gotherm-waermedaemmmasse","status":"publish","type":"product","link":"https:\/\/fcom.pro\/de\/shop\/gotherm-waermedaemmmasse\/","title":{"rendered":"GoTherm\u00ae W\u00e4rmed\u00e4mmmasse"},"content":{"rendered":"\t\t<div data-elementor-type=\"product-post\" data-elementor-id=\"58624\" class=\"elementor elementor-58624 elementor-4220\" data-elementor-post-type=\"product\">\n\t\t\t\t<div class=\"elementor-element elementor-element-be8a4e9 e-con-full content-wrapper e-flex e-con e-parent\" data-id=\"be8a4e9\" data-element_type=\"container\" data-e-type=\"container\">\n\t\t<div class=\"elementor-element elementor-element-b5f48ca e-con-full content-wrapper e-flex e-con e-child\" data-id=\"b5f48ca\" data-element_type=\"container\" data-e-type=\"container\">\n\t\t<div class=\"elementor-element elementor-element-16a10e3 e-con-full e-flex e-con e-child\" data-id=\"16a10e3\" data-element_type=\"container\" data-e-type=\"container\">\n\t\t\t\t<div class=\"elementor-element elementor-element-ae59001 elementor-widget elementor-widget-image\" data-id=\"ae59001\" data-element_type=\"widget\" data-e-type=\"widget\" data-widget_type=\"image.default\">\n\t\t\t\t<div class=\"elementor-widget-container\">\n\t\t\t\t\t\t\t\t\t\t\t\t\t\t\t<img loading=\"lazy\" decoding=\"async\" width=\"768\" height=\"768\" src=\"https:\/\/fcom.pro\/wp-content\/uploads\/2021\/09\/gotherm_masa_5l_min-768x768.png\" class=\"attachment-medium_large size-medium_large wp-image-55263\" alt=\"GoTherm W\u00e4rmed\u00e4mmstoff\" srcset=\"https:\/\/fcom.pro\/wp-content\/uploads\/2021\/09\/gotherm_masa_5l_min-768x768.png 768w, https:\/\/fcom.pro\/wp-content\/uploads\/2021\/09\/gotherm_masa_5l_min-300x300.png 300w, https:\/\/fcom.pro\/wp-content\/uploads\/2021\/09\/gotherm_masa_5l_min-150x150.png 150w, https:\/\/fcom.pro\/wp-content\/uploads\/2021\/09\/gotherm_masa_5l_min.png 1000w\" sizes=\"auto, (max-width: 768px) 100vw, 768px\" title=\"\">\t\t\t\t\t\t\t\t\t\t\t\t\t\t\t<\/div>\n\t\t\t\t<\/div>\n\t\t\t\t<\/div>\n\t\t<div class=\"elementor-element elementor-element-1dae354 e-con-full e-flex e-con e-child\" data-id=\"1dae354\" data-element_type=\"container\" data-e-type=\"container\">\n\t\t\t\t<div class=\"elementor-element elementor-element-3522750 elementor-invisible elementor-widget elementor-widget-text-editor\" data-id=\"3522750\" data-element_type=\"widget\" data-e-type=\"widget\" data-settings=\"{&quot;_animation&quot;:&quot;fadeInUp&quot;,&quot;motion_fx_motion_fx_scrolling&quot;:&quot;yes&quot;,&quot;motion_fx_opacity_effect&quot;:&quot;yes&quot;,&quot;motion_fx_opacity_direction&quot;:&quot;in-out&quot;,&quot;motion_fx_opacity_range&quot;:{&quot;unit&quot;:&quot;%&quot;,&quot;size&quot;:&quot;&quot;,&quot;sizes&quot;:{&quot;start&quot;:70,&quot;end&quot;:90}},&quot;motion_fx_opacity_level&quot;:{&quot;unit&quot;:&quot;px&quot;,&quot;size&quot;:10,&quot;sizes&quot;:[]},&quot;motion_fx_devices&quot;:[&quot;desktop&quot;,&quot;tablet&quot;,&quot;mobile&quot;]}\" data-widget_type=\"text-editor.default\">\n\t\t\t\t<div class=\"elementor-widget-container\">\n\t\t\t\t\t\t\t\t\t<p>Die von uns hergestellten GoTherm<sup>\u00ae<\/sup>-W\u00e4rmed\u00e4mmschichten auf Wasserbasis sind vielseitige Produkte, die <strong>aus Komponenten f\u00fchrender polnischer Hersteller<\/strong> hergestellt werden.<\/p>\n<p>Die GoTherm<sup>\u00ae<\/sup>-Beschichtung gibt es in zwei Versionen, die gemeinhin als <strong>W\u00e4rmed\u00e4mmpaste<\/strong> und <strong>W\u00e4rmed\u00e4mmfarbe<\/strong> bezeichnet werden. Die Masseversion (dichtes Produkt) hat eine spachtel\u00e4hnliche Konsistenz und sollte mit einer Spachtel\/Kelle aufgetragen werden, w\u00e4hrend die Farbversion (fl\u00fcssiges Produkt) eine emulsionsfarben\u00e4hnliche Konsistenz hat und daher mit einem Pinsel, einer Rolle oder einem Farbger\u00e4t aufgetragen werden kann. &nbsp;<\/p>\t\t\t\t\t\t\t\t<\/div>\n\t\t\t\t<\/div>\n\t\t\t\t<\/div>\n\t\t\t\t<\/div>\n\t\t<div class=\"elementor-element elementor-element-bc53a72 e-con-full e-flex e-con e-child\" data-id=\"bc53a72\" data-element_type=\"container\" data-e-type=\"container\">\n\t\t<div class=\"elementor-element elementor-element-994f642 e-con-full e-flex e-con e-child\" data-id=\"994f642\" data-element_type=\"container\" data-e-type=\"container\">\n\t\t\t\t<div class=\"elementor-element elementor-element-53f0d4e elementor-widget elementor-widget-image\" data-id=\"53f0d4e\" data-element_type=\"widget\" data-e-type=\"widget\" data-widget_type=\"image.default\">\n\t\t\t\t<div class=\"elementor-widget-container\">\n\t\t\t\t\t\t\t\t\t\t\t\t<figure class=\"wp-caption\">\n\t\t\t\t\t\t\t\t\t\t<img loading=\"lazy\" decoding=\"async\" width=\"800\" height=\"498\" src=\"https:\/\/fcom.pro\/wp-content\/uploads\/2023\/06\/Reflection-outside.gif\" class=\"attachment-large size-large wp-image-53691\" alt=\"\" title=\"\">\t\t\t\t\t\t\t\t\t\t\t<figcaption class=\"widget-image-caption wp-caption-text\">Isolierung des Geb\u00e4udes von au\u00dfen<\/figcaption>\n\t\t\t\t\t\t\t\t\t\t<\/figure>\n\t\t\t\t\t\t\t\t\t<\/div>\n\t\t\t\t<\/div>\n\t\t\t\t<div class=\"elementor-element elementor-element-7e93996 elementor-widget elementor-widget-image\" data-id=\"7e93996\" data-element_type=\"widget\" data-e-type=\"widget\" data-widget_type=\"image.default\">\n\t\t\t\t<div class=\"elementor-widget-container\">\n\t\t\t\t\t\t\t\t\t\t\t\t<figure class=\"wp-caption\">\n\t\t\t\t\t\t\t\t\t\t<img loading=\"lazy\" decoding=\"async\" width=\"800\" height=\"498\" src=\"https:\/\/fcom.pro\/wp-content\/uploads\/2023\/06\/Reflection-inside.gif\" class=\"attachment-large size-large wp-image-53688\" alt=\"\" title=\"\">\t\t\t\t\t\t\t\t\t\t\t<figcaption class=\"widget-image-caption wp-caption-text\">Isolierung des Geb\u00e4udes von innen<\/figcaption>\n\t\t\t\t\t\t\t\t\t\t<\/figure>\n\t\t\t\t\t\t\t\t\t<\/div>\n\t\t\t\t<\/div>\n\t\t\t\t<div class=\"elementor-element elementor-element-8e7b6b4 elementor-widget elementor-widget-image\" data-id=\"8e7b6b4\" data-element_type=\"widget\" data-e-type=\"widget\" data-widget_type=\"image.default\">\n\t\t\t\t<div class=\"elementor-widget-container\">\n\t\t\t\t\t\t\t\t\t\t\t\t<figure class=\"wp-caption\">\n\t\t\t\t\t\t\t\t\t\t<img loading=\"lazy\" decoding=\"async\" width=\"800\" height=\"498\" src=\"https:\/\/fcom.pro\/wp-content\/uploads\/2023\/06\/Mold.gif\" class=\"attachment-large size-large wp-image-53685\" alt=\"\" title=\"\">\t\t\t\t\t\t\t\t\t\t\t<figcaption class=\"widget-image-caption wp-caption-text\">Schutz vor Kondenswasser, Schimmelbildung und bakterieller Vermehrung. Reinigen Sie einfach die Oberfl\u00e4che und tragen Sie dann die Beschichtung auf.  <\/figcaption>\n\t\t\t\t\t\t\t\t\t\t<\/figure>\n\t\t\t\t\t\t\t\t\t<\/div>\n\t\t\t\t<\/div>\n\t\t\t\t<\/div>\n\t\t<div class=\"elementor-element elementor-element-0f98c5f e-con-full e-flex e-con e-child\" data-id=\"0f98c5f\" data-element_type=\"container\" data-e-type=\"container\">\n\t\t<div class=\"elementor-element elementor-element-56255ba e-con-full e-flex e-con e-child\" data-id=\"56255ba\" data-element_type=\"container\" data-e-type=\"container\">\n\t\t<div class=\"elementor-element elementor-element-d8e9c50 e-con-full e-flex e-con e-child\" data-id=\"d8e9c50\" data-element_type=\"container\" data-e-type=\"container\">\n\t\t\t\t<div class=\"elementor-element elementor-element-b0d25c7 elementor-invisible elementor-widget elementor-widget-text-editor\" data-id=\"b0d25c7\" data-element_type=\"widget\" data-e-type=\"widget\" data-settings=\"{&quot;_animation&quot;:&quot;fadeInUp&quot;,&quot;motion_fx_motion_fx_scrolling&quot;:&quot;yes&quot;,&quot;motion_fx_opacity_effect&quot;:&quot;yes&quot;,&quot;motion_fx_opacity_direction&quot;:&quot;in-out&quot;,&quot;motion_fx_opacity_range&quot;:{&quot;unit&quot;:&quot;%&quot;,&quot;size&quot;:&quot;&quot;,&quot;sizes&quot;:{&quot;start&quot;:70,&quot;end&quot;:90}},&quot;motion_fx_opacity_level&quot;:{&quot;unit&quot;:&quot;px&quot;,&quot;size&quot;:10,&quot;sizes&quot;:[]},&quot;motion_fx_devices&quot;:[&quot;desktop&quot;,&quot;tablet&quot;,&quot;mobile&quot;]}\" data-widget_type=\"text-editor.default\">\n\t\t\t\t<div class=\"elementor-widget-container\">\n\t\t\t\t\t\t\t\t\t<p>GoTherm<sup>\u00ae<\/sup> wird sowohl f\u00fcr die <b>\u00e4u\u00dfere und innere W\u00e4rmed\u00e4mmung<\/b> als auch f\u00fcr die Schutzbeschichtung von Geb\u00e4udetrennw\u00e4nden und zum <b>Schutz vor Verbrennungen durch hei\u00dfe Oberfl\u00e4chen<\/b> verwendet. Es hat <b>fungizide und bakterizide Eigenschaften<\/b> und <b>verhindert Kondensatausf\u00e4llung<\/b> bei hohen Temperaturunterschieden. <\/p>\t\t\t\t\t\t\t\t<\/div>\n\t\t\t\t<\/div>\n\t\t\t\t<\/div>\n\t\t\t\t<\/div>\n\t\t<div class=\"elementor-element elementor-element-ea54870 e-con-full e-flex e-con e-child\" data-id=\"ea54870\" data-element_type=\"container\" data-e-type=\"container\">\n\t\t<div class=\"elementor-element elementor-element-ee91896 e-con-full e-flex e-con e-child\" data-id=\"ee91896\" data-element_type=\"container\" data-e-type=\"container\">\n\t\t\t\t<div class=\"elementor-element elementor-element-a3b1e54 elementor-invisible elementor-widget elementor-widget-heading\" data-id=\"a3b1e54\" data-element_type=\"widget\" data-e-type=\"widget\" data-settings=\"{&quot;_animation&quot;:&quot;fadeInUp&quot;}\" data-widget_type=\"heading.default\">\n\t\t\t\t<div class=\"elementor-widget-container\">\n\t\t\t\t\t<h2 class=\"elementor-heading-title elementor-size-default\">Beispiele f\u00fcr Anwendungen<\/h2>\t\t\t\t<\/div>\n\t\t\t\t<\/div>\n\t\t\t\t<div class=\"elementor-element elementor-element-9e06c7a elementor-invisible elementor-widget elementor-widget-text-editor\" data-id=\"9e06c7a\" data-element_type=\"widget\" data-e-type=\"widget\" data-settings=\"{&quot;_animation&quot;:&quot;fadeInUp&quot;,&quot;motion_fx_motion_fx_scrolling&quot;:&quot;yes&quot;,&quot;motion_fx_opacity_effect&quot;:&quot;yes&quot;,&quot;motion_fx_opacity_direction&quot;:&quot;in-out&quot;,&quot;motion_fx_opacity_range&quot;:{&quot;unit&quot;:&quot;%&quot;,&quot;size&quot;:&quot;&quot;,&quot;sizes&quot;:{&quot;start&quot;:70,&quot;end&quot;:90}},&quot;motion_fx_opacity_level&quot;:{&quot;unit&quot;:&quot;px&quot;,&quot;size&quot;:10,&quot;sizes&quot;:[]},&quot;motion_fx_devices&quot;:[&quot;desktop&quot;,&quot;tablet&quot;,&quot;mobile&quot;]}\" data-widget_type=\"text-editor.default\">\n\t\t\t\t<div class=\"elementor-widget-container\">\n\t\t\t\t\t\t\t\t\t<ul><li>R\u00e4ume mit unzureichender Isolierung.<\/li><li>R\u00e4ume mit hoher Luftfeuchtigkeit und dem Risiko von Schimmel und Mehltau,<\/li><li>\u00f6ffentliche Einrichtungen wie Krankenh\u00e4user, Arztpraxen und verschiedene Arten von B\u00fcros,<\/li><li>historische Geb\u00e4ude, bei denen Wolle oder Polystyrol aufgrund der komplexen Form der Fassade nicht verwendet werden k\u00f6nnen,<\/li><li>Trennw\u00e4nde aus Ziegeln, Gips, Beton und Elemente aus Holz,<\/li><li>industrielle Anlagenkomponenten.<\/li><\/ul>\t\t\t\t\t\t\t\t<\/div>\n\t\t\t\t<\/div>\n\t\t\t\t<\/div>\n\t\t\t\t<\/div>\n\t\t<div class=\"elementor-element elementor-element-fb5c058 e-con-full e-flex e-con e-child\" data-id=\"fb5c058\" data-element_type=\"container\" data-e-type=\"container\">\n\t\t<div class=\"elementor-element elementor-element-378c2aa e-con-full e-flex e-con e-child\" data-id=\"378c2aa\" data-element_type=\"container\" data-e-type=\"container\">\n\t\t\t\t<div class=\"elementor-element elementor-element-b5a3bcf elementor-invisible elementor-widget elementor-widget-heading\" data-id=\"b5a3bcf\" data-element_type=\"widget\" data-e-type=\"widget\" data-settings=\"{&quot;_animation&quot;:&quot;fadeInUp&quot;}\" data-widget_type=\"heading.default\">\n\t\t\t\t<div class=\"elementor-widget-container\">\n\t\t\t\t\t<h2 class=\"elementor-heading-title elementor-size-default\">\u00d6kologisch und unbedenklich<\/h2>\t\t\t\t<\/div>\n\t\t\t\t<\/div>\n\t\t\t\t<div class=\"elementor-element elementor-element-93a4d42 elementor-invisible elementor-widget elementor-widget-text-editor\" data-id=\"93a4d42\" data-element_type=\"widget\" data-e-type=\"widget\" data-settings=\"{&quot;_animation&quot;:&quot;fadeInUp&quot;,&quot;motion_fx_motion_fx_scrolling&quot;:&quot;yes&quot;,&quot;motion_fx_opacity_effect&quot;:&quot;yes&quot;,&quot;motion_fx_opacity_direction&quot;:&quot;in-out&quot;,&quot;motion_fx_opacity_range&quot;:{&quot;unit&quot;:&quot;%&quot;,&quot;size&quot;:&quot;&quot;,&quot;sizes&quot;:{&quot;start&quot;:70,&quot;end&quot;:90}},&quot;motion_fx_opacity_level&quot;:{&quot;unit&quot;:&quot;px&quot;,&quot;size&quot;:10,&quot;sizes&quot;:[]},&quot;motion_fx_devices&quot;:[&quot;desktop&quot;,&quot;tablet&quot;,&quot;mobile&quot;]}\" data-widget_type=\"text-editor.default\">\n\t\t\t\t<div class=\"elementor-widget-container\">\n\t\t\t\t\t\t\t\t\t<p>Unser Produkt ist auf Wasserbasis hergestellt und daher menschen- und umweltfreundlich!<\/p><p>W\u00e4hrend die Normen einen maximalen VOC-Gehalt (fl\u00fcchtige organische Verbindungen) von 30 g\/l (f\u00fcr den Innenbereich) bzw. 130 g\/l (f\u00fcr den Au\u00dfenbereich) in Farben und Lacken zulassen, <strong>enth\u00e4lt GoTherm nur geringe Mengen &#8211; 0,6 g\/l !<\/strong><\/p>\t\t\t\t\t\t\t\t<\/div>\n\t\t\t\t<\/div>\n\t\t\t\t<\/div>\n\t\t\t\t<\/div>\n\t\t\t\t<\/div>\n\t\t\t\t<\/div>\n\t\t<div class=\"elementor-element elementor-element-52a498e e-con-full e-flex e-con e-child\" data-id=\"52a498e\" data-element_type=\"container\" data-e-type=\"container\">\n\t\t<div class=\"elementor-element elementor-element-75cb536 e-con-full e-flex e-con e-child\" data-id=\"75cb536\" data-element_type=\"container\" data-e-type=\"container\">\n\t\t\t\t<div class=\"elementor-element elementor-element-aff2691 elementor-widget elementor-widget-image\" data-id=\"aff2691\" data-element_type=\"widget\" data-e-type=\"widget\" data-widget_type=\"image.default\">\n\t\t\t\t<div class=\"elementor-widget-container\">\n\t\t\t\t\t\t\t\t\t\t\t\t\t\t\t<img loading=\"lazy\" decoding=\"async\" width=\"692\" height=\"537\" src=\"https:\/\/fcom.pro\/wp-content\/uploads\/2023\/05\/9029ac494de0afe08afd31d582c5.jpg\" class=\"attachment-large size-large wp-image-53637\" alt=\"\" srcset=\"https:\/\/fcom.pro\/wp-content\/uploads\/2023\/05\/9029ac494de0afe08afd31d582c5.jpg 692w, https:\/\/fcom.pro\/wp-content\/uploads\/2023\/05\/9029ac494de0afe08afd31d582c5-300x233.jpg 300w, https:\/\/fcom.pro\/wp-content\/uploads\/2023\/05\/9029ac494de0afe08afd31d582c5-600x466.jpg 600w\" sizes=\"auto, (max-width: 692px) 100vw, 692px\" title=\"\">\t\t\t\t\t\t\t\t\t\t\t\t\t\t\t<\/div>\n\t\t\t\t<\/div>\n\t\t\t\t<\/div>\n\t\t<div class=\"elementor-element elementor-element-d9c1c00 e-con-full e-flex e-con e-child\" data-id=\"d9c1c00\" data-element_type=\"container\" data-e-type=\"container\">\n\t\t\t\t<div class=\"elementor-element elementor-element-7aca021 elementor-invisible elementor-widget elementor-widget-heading\" data-id=\"7aca021\" data-element_type=\"widget\" data-e-type=\"widget\" data-settings=\"{&quot;_animation&quot;:&quot;fadeInUp&quot;}\" data-widget_type=\"heading.default\">\n\t\t\t\t<div class=\"elementor-widget-container\">\n\t\t\t\t\t<h2 class=\"elementor-heading-title elementor-size-default\">Oberfl\u00e4chenbehandlung<\/h2>\t\t\t\t<\/div>\n\t\t\t\t<\/div>\n\t\t\t\t<div class=\"elementor-element elementor-element-5d5735f elementor-invisible elementor-widget elementor-widget-text-editor\" data-id=\"5d5735f\" data-element_type=\"widget\" data-e-type=\"widget\" data-settings=\"{&quot;_animation&quot;:&quot;fadeInUp&quot;,&quot;motion_fx_motion_fx_scrolling&quot;:&quot;yes&quot;,&quot;motion_fx_opacity_effect&quot;:&quot;yes&quot;,&quot;motion_fx_opacity_direction&quot;:&quot;in-out&quot;,&quot;motion_fx_opacity_range&quot;:{&quot;unit&quot;:&quot;%&quot;,&quot;size&quot;:&quot;&quot;,&quot;sizes&quot;:{&quot;start&quot;:70,&quot;end&quot;:90}},&quot;motion_fx_opacity_level&quot;:{&quot;unit&quot;:&quot;px&quot;,&quot;size&quot;:10,&quot;sizes&quot;:[]},&quot;motion_fx_devices&quot;:[&quot;desktop&quot;,&quot;tablet&quot;,&quot;mobile&quot;]}\" data-widget_type=\"text-editor.default\">\n\t\t\t\t<div class=\"elementor-widget-container\">\n\t\t\t\t\t\t\t\t\t<p>Beim Streichen <strong>mit W\u00e4rmed\u00e4mmfarbe<\/strong> (mit einer Rolle oder einer Farbpistole) entsteht eine <strong>Textur<\/strong>, die auf den hohen Gehalt an Glasmikrokugeln im Produkt zur\u00fcckzuf\u00fchren ist.<\/p>\n<p><strong>Eine glatte Oberfl\u00e4che<\/strong> kann nur durch das Auftragen <strong>der W\u00e4rmeleitpaste<\/strong> (mit einer Kelle oder einem Spachtel) erreicht werden, was jedoch Erfahrung und Geschick beim Auftragen des Putzes erfordert.<\/p>\t\t\t\t\t\t\t\t<\/div>\n\t\t\t\t<\/div>\n\t\t\t\t<\/div>\n\t\t\t\t<\/div>\n\t\t\t\t<\/div>\n\t\t\t\t<\/div>\n\t\t","protected":false},"excerpt":{"rendered":"<p>Das Produkt ist gef\u00e4rbt und kann nicht zur\u00fcckgegeben werden.<\/p>\n","protected":false},"featured_media":55263,"comment_status":"open","ping_status":"closed","template":"","meta":[],"product_brand":[],"product_cat":[2764,2744],"product_tag":[2747],"class_list":{"0":"post-58624","1":"product","2":"type-product","3":"status-publish","4":"has-post-thumbnail","6":"product_cat-gotherm-de","7":"product_cat-masa-termoizolacyjna-de","8":"product_tag-produkt-z-kalkulatorem-de","9":"product_shipping_class-masa-de","11":"first","12":"instock","13":"taxable","14":"shipping-taxable","15":"purchasable","16":"product-type-variable","17":"has-default-attributes"},"_links":{"self":[{"href":"https:\/\/fcom.pro\/de\/wp-json\/wp\/v2\/product\/58624","targetHints":{"allow":["GET"]}}],"collection":[{"href":"https:\/\/fcom.pro\/de\/wp-json\/wp\/v2\/product"}],"about":[{"href":"https:\/\/fcom.pro\/de\/wp-json\/wp\/v2\/types\/product"}],"replies":[{"embeddable":true,"href":"https:\/\/fcom.pro\/de\/wp-json\/wp\/v2\/comments?post=58624"}],"version-history":[{"count":0,"href":"https:\/\/fcom.pro\/de\/wp-json\/wp\/v2\/product\/58624\/revisions"}],"wp:featuredmedia":[{"embeddable":true,"href":"https:\/\/fcom.pro\/de\/wp-json\/wp\/v2\/media\/55263"}],"wp:attachment":[{"href":"https:\/\/fcom.pro\/de\/wp-json\/wp\/v2\/media?parent=58624"}],"wp:term":[{"taxonomy":"product_brand","embeddable":true,"href":"https:\/\/fcom.pro\/de\/wp-json\/wp\/v2\/product_brand?post=58624"},{"taxonomy":"product_cat","embeddable":true,"href":"https:\/\/fcom.pro\/de\/wp-json\/wp\/v2\/product_cat?post=58624"},{"taxonomy":"product_tag","embeddable":true,"href":"https:\/\/fcom.pro\/de\/wp-json\/wp\/v2\/product_tag?post=58624"}],"curies":[{"name":"wp","href":"https:\/\/api.w.org\/{rel}","templated":true}]}}