{"id":58593,"date":"2021-09-23T10:16:14","date_gmt":"2021-09-23T08:16:14","guid":{"rendered":"https:\/\/fcom.pro\/sklep\/gotherm-waermedaemmfarbe\/"},"modified":"2026-01-27T12:46:57","modified_gmt":"2026-01-27T11:46:57","slug":"gotherm-waermedaemmfarbe","status":"publish","type":"product","link":"https:\/\/fcom.pro\/de\/shop\/gotherm-waermedaemmfarbe\/","title":{"rendered":"GoTherm\u00ae W\u00e4rmed\u00e4mmfarbe"},"content":{"rendered":"\t\t<div data-elementor-type=\"product-post\" data-elementor-id=\"58593\" class=\"elementor elementor-58593 elementor-4194\" data-elementor-post-type=\"product\">\n\t\t\t\t<div class=\"elementor-element elementor-element-91b24c2 e-con-full content-wrapper e-flex e-con e-parent\" data-id=\"91b24c2\" data-element_type=\"container\" data-e-type=\"container\">\n\t\t<div class=\"elementor-element elementor-element-3808857 e-con-full content-wrapper e-flex e-con e-child\" data-id=\"3808857\" data-element_type=\"container\" data-e-type=\"container\">\n\t\t<div class=\"elementor-element elementor-element-072da75 e-con-full e-flex e-con e-child\" data-id=\"072da75\" data-element_type=\"container\" data-e-type=\"container\">\n\t\t\t\t<div class=\"elementor-element elementor-element-fbfbf38 elementor-widget elementor-widget-image\" data-id=\"fbfbf38\" data-element_type=\"widget\" data-e-type=\"widget\" data-widget_type=\"image.default\">\n\t\t\t\t<div class=\"elementor-widget-container\">\n\t\t\t\t\t\t\t\t\t\t\t\t\t\t\t<img loading=\"lazy\" decoding=\"async\" width=\"768\" height=\"768\" src=\"https:\/\/fcom.pro\/wp-content\/uploads\/2021\/09\/gotherm_10l_png_min-768x768.png\" class=\"attachment-medium_large size-medium_large wp-image-53682\" alt=\"GoTherm W\u00e4rmed\u00e4mmschicht\" srcset=\"https:\/\/fcom.pro\/wp-content\/uploads\/2021\/09\/gotherm_10l_png_min-768x768.png 768w, https:\/\/fcom.pro\/wp-content\/uploads\/2021\/09\/gotherm_10l_png_min-300x300.png 300w, https:\/\/fcom.pro\/wp-content\/uploads\/2021\/09\/gotherm_10l_png_min-150x150.png 150w, https:\/\/fcom.pro\/wp-content\/uploads\/2021\/09\/gotherm_10l_png_min.png 1000w\" sizes=\"auto, (max-width: 768px) 100vw, 768px\" title=\"\">\t\t\t\t\t\t\t\t\t\t\t\t\t\t\t<\/div>\n\t\t\t\t<\/div>\n\t\t\t\t<\/div>\n\t\t<div class=\"elementor-element elementor-element-da32404 e-con-full e-flex e-con e-child\" data-id=\"da32404\" data-element_type=\"container\" data-e-type=\"container\">\n\t\t\t\t<div class=\"elementor-element elementor-element-14624a6 elementor-invisible elementor-widget elementor-widget-text-editor\" data-id=\"14624a6\" data-element_type=\"widget\" data-e-type=\"widget\" data-settings=\"{&quot;_animation&quot;:&quot;fadeInUp&quot;,&quot;motion_fx_motion_fx_scrolling&quot;:&quot;yes&quot;,&quot;motion_fx_opacity_effect&quot;:&quot;yes&quot;,&quot;motion_fx_opacity_direction&quot;:&quot;in-out&quot;,&quot;motion_fx_opacity_range&quot;:{&quot;unit&quot;:&quot;%&quot;,&quot;size&quot;:&quot;&quot;,&quot;sizes&quot;:{&quot;start&quot;:70,&quot;end&quot;:90}},&quot;motion_fx_opacity_level&quot;:{&quot;unit&quot;:&quot;px&quot;,&quot;size&quot;:10,&quot;sizes&quot;:[]},&quot;motion_fx_devices&quot;:[&quot;desktop&quot;,&quot;tablet&quot;,&quot;mobile&quot;]}\" data-widget_type=\"text-editor.default\">\n\t\t\t\t<div class=\"elementor-widget-container\">\n\t\t\t\t\t\t\t\t\t<p>Die von uns hergestellten GoTherm<sup>\u00ae<\/sup>-W\u00e4rmed\u00e4mmschichten auf Wasserbasis sind vielseitige Produkte, die <strong>aus Komponenten f\u00fchrender polnischer Hersteller<\/strong> hergestellt werden.<\/p>\n<p>Die GoTherm<sup>\u00ae<\/sup>-Beschichtung gibt es in zwei Versionen, die gemeinhin als <strong>W\u00e4rmed\u00e4mmpaste<\/strong> und <strong>W\u00e4rmed\u00e4mmfarbe<\/strong> bezeichnet werden. Die Masseversion (dichtes Produkt) hat eine spachtel\u00e4hnliche Konsistenz und sollte mit einer Spachtel\/Kelle aufgetragen werden, w\u00e4hrend die Farbversion (fl\u00fcssiges Produkt) eine emulsionsfarben\u00e4hnliche Konsistenz hat und daher mit einem Pinsel, einer Rolle oder einem Farbger\u00e4t aufgetragen werden kann. &nbsp;<\/p>\t\t\t\t\t\t\t\t<\/div>\n\t\t\t\t<\/div>\n\t\t\t\t<\/div>\n\t\t\t\t<\/div>\n\t\t<div class=\"elementor-element elementor-element-43f8251 e-con-full e-flex e-con e-child\" data-id=\"43f8251\" data-element_type=\"container\" data-e-type=\"container\">\n\t\t<div class=\"elementor-element elementor-element-5d6e4a1 e-con-full e-flex e-con e-child\" data-id=\"5d6e4a1\" data-element_type=\"container\" data-e-type=\"container\">\n\t\t\t\t<div class=\"elementor-element elementor-element-98aefb0 elementor-widget elementor-widget-image\" data-id=\"98aefb0\" data-element_type=\"widget\" data-e-type=\"widget\" data-widget_type=\"image.default\">\n\t\t\t\t<div class=\"elementor-widget-container\">\n\t\t\t\t\t\t\t\t\t\t\t\t<figure class=\"wp-caption\">\n\t\t\t\t\t\t\t\t\t\t<img loading=\"lazy\" decoding=\"async\" width=\"800\" height=\"498\" src=\"https:\/\/fcom.pro\/wp-content\/uploads\/2023\/06\/Reflection-outside.gif\" class=\"attachment-large size-large wp-image-53691\" alt=\"\" title=\"\">\t\t\t\t\t\t\t\t\t\t\t<figcaption class=\"widget-image-caption wp-caption-text\">Isolierung des Geb\u00e4udes von au\u00dfen<\/figcaption>\n\t\t\t\t\t\t\t\t\t\t<\/figure>\n\t\t\t\t\t\t\t\t\t<\/div>\n\t\t\t\t<\/div>\n\t\t\t\t<div class=\"elementor-element elementor-element-92cdaea elementor-widget elementor-widget-image\" data-id=\"92cdaea\" data-element_type=\"widget\" data-e-type=\"widget\" data-widget_type=\"image.default\">\n\t\t\t\t<div class=\"elementor-widget-container\">\n\t\t\t\t\t\t\t\t\t\t\t\t<figure class=\"wp-caption\">\n\t\t\t\t\t\t\t\t\t\t<img loading=\"lazy\" decoding=\"async\" width=\"800\" height=\"498\" src=\"https:\/\/fcom.pro\/wp-content\/uploads\/2023\/06\/Reflection-inside.gif\" class=\"attachment-large size-large wp-image-53688\" alt=\"\" title=\"\">\t\t\t\t\t\t\t\t\t\t\t<figcaption class=\"widget-image-caption wp-caption-text\">Isolierung des Geb\u00e4udes von innen<\/figcaption>\n\t\t\t\t\t\t\t\t\t\t<\/figure>\n\t\t\t\t\t\t\t\t\t<\/div>\n\t\t\t\t<\/div>\n\t\t\t\t<div class=\"elementor-element elementor-element-4294ee9 elementor-widget elementor-widget-image\" data-id=\"4294ee9\" data-element_type=\"widget\" data-e-type=\"widget\" data-widget_type=\"image.default\">\n\t\t\t\t<div class=\"elementor-widget-container\">\n\t\t\t\t\t\t\t\t\t\t\t\t<figure class=\"wp-caption\">\n\t\t\t\t\t\t\t\t\t\t<img loading=\"lazy\" decoding=\"async\" width=\"800\" height=\"498\" src=\"https:\/\/fcom.pro\/wp-content\/uploads\/2023\/06\/Mold.gif\" class=\"attachment-large size-large wp-image-53685\" alt=\"\" title=\"\">\t\t\t\t\t\t\t\t\t\t\t<figcaption class=\"widget-image-caption wp-caption-text\">Schutz vor Kondenswasser, Schimmelbildung und bakterieller Vermehrung. Reinigen Sie einfach die Oberfl\u00e4che und tragen Sie dann die Beschichtung auf.  <\/figcaption>\n\t\t\t\t\t\t\t\t\t\t<\/figure>\n\t\t\t\t\t\t\t\t\t<\/div>\n\t\t\t\t<\/div>\n\t\t\t\t<\/div>\n\t\t<div class=\"elementor-element elementor-element-eb9d367 e-con-full e-flex e-con e-child\" data-id=\"eb9d367\" data-element_type=\"container\" data-e-type=\"container\">\n\t\t<div class=\"elementor-element elementor-element-c3ff9cd e-con-full e-flex e-con e-child\" data-id=\"c3ff9cd\" data-element_type=\"container\" data-e-type=\"container\">\n\t\t<div class=\"elementor-element elementor-element-b0b82b3 e-con-full e-flex e-con e-child\" data-id=\"b0b82b3\" data-element_type=\"container\" data-e-type=\"container\">\n\t\t\t\t<div class=\"elementor-element elementor-element-0c6f94f elementor-invisible elementor-widget elementor-widget-text-editor\" data-id=\"0c6f94f\" data-element_type=\"widget\" data-e-type=\"widget\" data-settings=\"{&quot;_animation&quot;:&quot;fadeInUp&quot;,&quot;motion_fx_motion_fx_scrolling&quot;:&quot;yes&quot;,&quot;motion_fx_opacity_effect&quot;:&quot;yes&quot;,&quot;motion_fx_opacity_direction&quot;:&quot;in-out&quot;,&quot;motion_fx_opacity_range&quot;:{&quot;unit&quot;:&quot;%&quot;,&quot;size&quot;:&quot;&quot;,&quot;sizes&quot;:{&quot;start&quot;:70,&quot;end&quot;:90}},&quot;motion_fx_opacity_level&quot;:{&quot;unit&quot;:&quot;px&quot;,&quot;size&quot;:10,&quot;sizes&quot;:[]},&quot;motion_fx_devices&quot;:[&quot;desktop&quot;,&quot;tablet&quot;,&quot;mobile&quot;]}\" data-widget_type=\"text-editor.default\">\n\t\t\t\t<div class=\"elementor-widget-container\">\n\t\t\t\t\t\t\t\t\t<p>GoTherm<sup>\u00ae<\/sup> wird sowohl f\u00fcr die <b>\u00e4u\u00dfere und innere W\u00e4rmed\u00e4mmung<\/b> als auch f\u00fcr die Schutzbeschichtung von Geb\u00e4udetrennw\u00e4nden und zum <b>Schutz vor Verbrennungen durch hei\u00dfe Oberfl\u00e4chen<\/b> verwendet. Es hat <b>fungizide und bakterizide Eigenschaften<\/b> und <b>verhindert Kondensatausf\u00e4llung<\/b> bei hohen Temperaturunterschieden. <\/p>\t\t\t\t\t\t\t\t<\/div>\n\t\t\t\t<\/div>\n\t\t\t\t<\/div>\n\t\t\t\t<\/div>\n\t\t<div class=\"elementor-element elementor-element-42b835f e-con-full e-flex e-con e-child\" data-id=\"42b835f\" data-element_type=\"container\" data-e-type=\"container\">\n\t\t<div class=\"elementor-element elementor-element-76a6507 e-con-full e-flex e-con e-child\" data-id=\"76a6507\" data-element_type=\"container\" data-e-type=\"container\">\n\t\t\t\t<div class=\"elementor-element elementor-element-0066d06 elementor-invisible elementor-widget elementor-widget-heading\" data-id=\"0066d06\" data-element_type=\"widget\" data-e-type=\"widget\" data-settings=\"{&quot;_animation&quot;:&quot;fadeInUp&quot;}\" data-widget_type=\"heading.default\">\n\t\t\t\t<div class=\"elementor-widget-container\">\n\t\t\t\t\t<h2 class=\"elementor-heading-title elementor-size-default\">Beispiele f\u00fcr Anwendungen<\/h2>\t\t\t\t<\/div>\n\t\t\t\t<\/div>\n\t\t\t\t<div class=\"elementor-element elementor-element-3916869 elementor-invisible elementor-widget elementor-widget-text-editor\" data-id=\"3916869\" data-element_type=\"widget\" data-e-type=\"widget\" data-settings=\"{&quot;_animation&quot;:&quot;fadeInUp&quot;,&quot;motion_fx_motion_fx_scrolling&quot;:&quot;yes&quot;,&quot;motion_fx_opacity_effect&quot;:&quot;yes&quot;,&quot;motion_fx_opacity_direction&quot;:&quot;in-out&quot;,&quot;motion_fx_opacity_range&quot;:{&quot;unit&quot;:&quot;%&quot;,&quot;size&quot;:&quot;&quot;,&quot;sizes&quot;:{&quot;start&quot;:70,&quot;end&quot;:90}},&quot;motion_fx_opacity_level&quot;:{&quot;unit&quot;:&quot;px&quot;,&quot;size&quot;:10,&quot;sizes&quot;:[]},&quot;motion_fx_devices&quot;:[&quot;desktop&quot;,&quot;tablet&quot;,&quot;mobile&quot;]}\" data-widget_type=\"text-editor.default\">\n\t\t\t\t<div class=\"elementor-widget-container\">\n\t\t\t\t\t\t\t\t\t<ul><li>R\u00e4ume mit unzureichender Isolierung.<\/li><li>R\u00e4ume mit hoher Luftfeuchtigkeit und dem Risiko von Schimmel und Mehltau,<\/li><li>\u00f6ffentliche Einrichtungen wie Krankenh\u00e4user, Arztpraxen und verschiedene Arten von B\u00fcros,<\/li><li>historische Geb\u00e4ude, bei denen Wolle oder Polystyrol aufgrund der komplexen Form der Fassade nicht verwendet werden k\u00f6nnen,<\/li><li>Trennw\u00e4nde aus Ziegeln, Gips, Beton und Elemente aus Holz,<\/li><li>industrielle Anlagenkomponenten.<\/li><\/ul>\t\t\t\t\t\t\t\t<\/div>\n\t\t\t\t<\/div>\n\t\t\t\t<\/div>\n\t\t\t\t<\/div>\n\t\t<div class=\"elementor-element elementor-element-5f7018c e-con-full e-flex e-con e-child\" data-id=\"5f7018c\" data-element_type=\"container\" data-e-type=\"container\">\n\t\t<div class=\"elementor-element elementor-element-009a1cc e-con-full e-flex e-con e-child\" data-id=\"009a1cc\" data-element_type=\"container\" data-e-type=\"container\">\n\t\t\t\t<div class=\"elementor-element elementor-element-6bf6b66 elementor-invisible elementor-widget elementor-widget-heading\" data-id=\"6bf6b66\" data-element_type=\"widget\" data-e-type=\"widget\" data-settings=\"{&quot;_animation&quot;:&quot;fadeInUp&quot;}\" data-widget_type=\"heading.default\">\n\t\t\t\t<div class=\"elementor-widget-container\">\n\t\t\t\t\t<h2 class=\"elementor-heading-title elementor-size-default\">\u00d6kologisch und unbedenklich<\/h2>\t\t\t\t<\/div>\n\t\t\t\t<\/div>\n\t\t\t\t<div class=\"elementor-element elementor-element-b40e67b elementor-invisible elementor-widget elementor-widget-text-editor\" data-id=\"b40e67b\" data-element_type=\"widget\" data-e-type=\"widget\" data-settings=\"{&quot;_animation&quot;:&quot;fadeInUp&quot;,&quot;motion_fx_motion_fx_scrolling&quot;:&quot;yes&quot;,&quot;motion_fx_opacity_effect&quot;:&quot;yes&quot;,&quot;motion_fx_opacity_direction&quot;:&quot;in-out&quot;,&quot;motion_fx_opacity_range&quot;:{&quot;unit&quot;:&quot;%&quot;,&quot;size&quot;:&quot;&quot;,&quot;sizes&quot;:{&quot;start&quot;:70,&quot;end&quot;:90}},&quot;motion_fx_opacity_level&quot;:{&quot;unit&quot;:&quot;px&quot;,&quot;size&quot;:10,&quot;sizes&quot;:[]},&quot;motion_fx_devices&quot;:[&quot;desktop&quot;,&quot;tablet&quot;,&quot;mobile&quot;]}\" data-widget_type=\"text-editor.default\">\n\t\t\t\t<div class=\"elementor-widget-container\">\n\t\t\t\t\t\t\t\t\t<p>Unser Produkt ist auf Wasserbasis hergestellt und daher menschen- und umweltfreundlich!<\/p><p>W\u00e4hrend die Normen einen maximalen VOC-Gehalt (fl\u00fcchtige organische Verbindungen) von 30 g\/l (f\u00fcr den Innenbereich) bzw. 130 g\/l (f\u00fcr den Au\u00dfenbereich) in Farben und Lacken zulassen, <strong>enth\u00e4lt GoTherm nur geringe Mengen &#8211; 0,6 g\/l !<\/strong><\/p>\t\t\t\t\t\t\t\t<\/div>\n\t\t\t\t<\/div>\n\t\t\t\t<\/div>\n\t\t\t\t<\/div>\n\t\t\t\t<\/div>\n\t\t\t\t<\/div>\n\t\t<div class=\"elementor-element elementor-element-c66cd63 e-con-full e-flex e-con e-child\" data-id=\"c66cd63\" data-element_type=\"container\" data-e-type=\"container\">\n\t\t<div class=\"elementor-element elementor-element-b01ce18 e-con-full e-flex e-con e-child\" data-id=\"b01ce18\" data-element_type=\"container\" data-e-type=\"container\">\n\t\t\t\t<div class=\"elementor-element elementor-element-dbdb395 elementor-widget elementor-widget-image\" data-id=\"dbdb395\" data-element_type=\"widget\" data-e-type=\"widget\" data-widget_type=\"image.default\">\n\t\t\t\t<div class=\"elementor-widget-container\">\n\t\t\t\t\t\t\t\t\t\t\t\t\t\t\t<img loading=\"lazy\" decoding=\"async\" width=\"692\" height=\"537\" src=\"https:\/\/fcom.pro\/wp-content\/uploads\/2023\/05\/9029ac494de0afe08afd31d582c5.jpg\" class=\"attachment-large size-large wp-image-53637\" alt=\"\" srcset=\"https:\/\/fcom.pro\/wp-content\/uploads\/2023\/05\/9029ac494de0afe08afd31d582c5.jpg 692w, https:\/\/fcom.pro\/wp-content\/uploads\/2023\/05\/9029ac494de0afe08afd31d582c5-300x233.jpg 300w, https:\/\/fcom.pro\/wp-content\/uploads\/2023\/05\/9029ac494de0afe08afd31d582c5-600x466.jpg 600w\" sizes=\"auto, (max-width: 692px) 100vw, 692px\" title=\"\">\t\t\t\t\t\t\t\t\t\t\t\t\t\t\t<\/div>\n\t\t\t\t<\/div>\n\t\t\t\t<\/div>\n\t\t<div class=\"elementor-element elementor-element-56df547 e-con-full e-flex e-con e-child\" data-id=\"56df547\" data-element_type=\"container\" data-e-type=\"container\">\n\t\t\t\t<div class=\"elementor-element elementor-element-8d6b200 elementor-invisible elementor-widget elementor-widget-heading\" data-id=\"8d6b200\" data-element_type=\"widget\" data-e-type=\"widget\" data-settings=\"{&quot;_animation&quot;:&quot;fadeInUp&quot;}\" data-widget_type=\"heading.default\">\n\t\t\t\t<div class=\"elementor-widget-container\">\n\t\t\t\t\t<h2 class=\"elementor-heading-title elementor-size-default\">Oberfl\u00e4chenbehandlung<\/h2>\t\t\t\t<\/div>\n\t\t\t\t<\/div>\n\t\t\t\t<div class=\"elementor-element elementor-element-0e08afa elementor-invisible elementor-widget elementor-widget-text-editor\" data-id=\"0e08afa\" data-element_type=\"widget\" data-e-type=\"widget\" data-settings=\"{&quot;_animation&quot;:&quot;fadeInUp&quot;,&quot;motion_fx_motion_fx_scrolling&quot;:&quot;yes&quot;,&quot;motion_fx_opacity_effect&quot;:&quot;yes&quot;,&quot;motion_fx_opacity_direction&quot;:&quot;in-out&quot;,&quot;motion_fx_opacity_range&quot;:{&quot;unit&quot;:&quot;%&quot;,&quot;size&quot;:&quot;&quot;,&quot;sizes&quot;:{&quot;start&quot;:70,&quot;end&quot;:90}},&quot;motion_fx_opacity_level&quot;:{&quot;unit&quot;:&quot;px&quot;,&quot;size&quot;:10,&quot;sizes&quot;:[]},&quot;motion_fx_devices&quot;:[&quot;desktop&quot;,&quot;tablet&quot;,&quot;mobile&quot;]}\" data-widget_type=\"text-editor.default\">\n\t\t\t\t<div class=\"elementor-widget-container\">\n\t\t\t\t\t\t\t\t\t<p>Beim Streichen <strong>mit W\u00e4rmed\u00e4mmfarbe<\/strong> (mit einer Rolle oder einer Farbpistole) entsteht eine <strong>Textur<\/strong>, die auf den hohen Gehalt an Glasmikrokugeln im Produkt zur\u00fcckzuf\u00fchren ist.<\/p>\n<p><strong>Eine glatte Oberfl\u00e4che<\/strong> kann nur durch das Auftragen <strong>der W\u00e4rmeleitpaste<\/strong> (mit einer Kelle oder einem Spachtel) erreicht werden, was jedoch Erfahrung und Geschick beim Auftragen des Putzes erfordert.<\/p>\t\t\t\t\t\t\t\t<\/div>\n\t\t\t\t<\/div>\n\t\t\t\t<\/div>\n\t\t\t\t<\/div>\n\t\t<div class=\"elementor-element elementor-element-8213600 e-con-full e-flex elementor-invisible e-con e-child\" data-id=\"8213600\" data-element_type=\"container\" data-e-type=\"container\" data-settings=\"{&quot;animation&quot;:&quot;fadeInUp&quot;}\">\n\t\t<div class=\"elementor-element elementor-element-ccad5c8 e-con-full e-flex e-con e-child\" data-id=\"ccad5c8\" data-element_type=\"container\" data-e-type=\"container\">\n\t\t\t\t<div class=\"elementor-element elementor-element-0b7c708 elementor-invisible elementor-widget elementor-widget-heading\" data-id=\"0b7c708\" data-element_type=\"widget\" data-e-type=\"widget\" data-settings=\"{&quot;_animation&quot;:&quot;fadeInUp&quot;}\" data-widget_type=\"heading.default\">\n\t\t\t\t<div class=\"elementor-widget-container\">\n\t\t\t\t\t<h2 class=\"elementor-heading-title elementor-size-default\">Farbe<\/h2>\t\t\t\t<\/div>\n\t\t\t\t<\/div>\n\t\t\t\t<div class=\"elementor-element elementor-element-1dde47b elementor-widget__width-initial elementor-invisible elementor-widget elementor-widget-text-editor\" data-id=\"1dde47b\" data-element_type=\"widget\" data-e-type=\"widget\" data-settings=\"{&quot;_animation&quot;:&quot;fadeInUp&quot;}\" data-widget_type=\"text-editor.default\">\n\t\t\t\t<div class=\"elementor-widget-container\">\n\t\t\t\t\t\t\t\t\t<p>Beide Versionen von GoTherm<sup>\u00ae<\/sup> werden standardm\u00e4\u00dfig in Wei\u00df geliefert, w\u00e4hrend das fl\u00fcssige Produkt zus\u00e4tzlich gem\u00e4\u00df unserer <a href=\"https:\/\/fcom.pro\/wp-content\/uploads\/2024\/10\/Paleta_de.pdf\" target=\"_blank\" rel=\"noopener\">Basisfarbpalette<\/a> eingef\u00e4rbt werden kann. Wir k\u00f6nnen das Produkt auch in anderen Farben f\u00e4rben.<\/p>\t\t\t\t\t\t\t\t<\/div>\n\t\t\t\t<\/div>\n\t\t\t\t<\/div>\n\t\t\t\t<div class=\"elementor-element elementor-element-5e5a464 elementor-align-justify elementor-widget elementor-widget-button\" data-id=\"5e5a464\" data-element_type=\"widget\" data-e-type=\"widget\" data-widget_type=\"button.default\">\n\t\t\t\t<div class=\"elementor-widget-container\">\n\t\t\t\t\t\t\t\t\t<div class=\"elementor-button-wrapper\">\n\t\t\t\t\t<a class=\"elementor-button elementor-button-link elementor-size-sm\" href=\"#elementor-action%3Aaction%3Dpopup%3Aopen%26settings%3DeyJpZCI6NjAxODksInRvZ2dsZSI6ZmFsc2V9\">\n\t\t\t\t\t\t<span class=\"elementor-button-content-wrapper\">\n\t\t\t\t\t\t\t\t\t<span class=\"elementor-button-text\">Sind Sie an einer anderen Farbe interessiert? Schreiben Sie uns! <\/span>\n\t\t\t\t\t<\/span>\n\t\t\t\t\t<\/a>\n\t\t\t\t<\/div>\n\t\t\t\t\t\t\t\t<\/div>\n\t\t\t\t<\/div>\n\t\t\t\t<\/div>\n\t\t\t\t<\/div>\n\t\t\t\t<\/div>\n\t\t","protected":false},"excerpt":{"rendered":"<p>Das Produkt ist gef\u00e4rbt und kann nicht zur\u00fcckgegeben werden.<\/p>\n","protected":false},"featured_media":53682,"comment_status":"open","ping_status":"closed","template":"","meta":[],"product_brand":[],"product_cat":[2764,2763],"product_tag":[2747,2746],"class_list":{"0":"post-58593","1":"product","2":"type-product","3":"status-publish","4":"has-post-thumbnail","6":"product_cat-gotherm-de","7":"product_cat-farba-termoizolacyjna-de","8":"product_tag-produkt-z-kalkulatorem-de","9":"product_tag-produkt-z-kolorem-de","11":"first","12":"instock","13":"taxable","14":"shipping-taxable","15":"purchasable","16":"product-type-variable"},"_links":{"self":[{"href":"https:\/\/fcom.pro\/de\/wp-json\/wp\/v2\/product\/58593","targetHints":{"allow":["GET"]}}],"collection":[{"href":"https:\/\/fcom.pro\/de\/wp-json\/wp\/v2\/product"}],"about":[{"href":"https:\/\/fcom.pro\/de\/wp-json\/wp\/v2\/types\/product"}],"replies":[{"embeddable":true,"href":"https:\/\/fcom.pro\/de\/wp-json\/wp\/v2\/comments?post=58593"}],"version-history":[{"count":0,"href":"https:\/\/fcom.pro\/de\/wp-json\/wp\/v2\/product\/58593\/revisions"}],"wp:featuredmedia":[{"embeddable":true,"href":"https:\/\/fcom.pro\/de\/wp-json\/wp\/v2\/media\/53682"}],"wp:attachment":[{"href":"https:\/\/fcom.pro\/de\/wp-json\/wp\/v2\/media?parent=58593"}],"wp:term":[{"taxonomy":"product_brand","embeddable":true,"href":"https:\/\/fcom.pro\/de\/wp-json\/wp\/v2\/product_brand?post=58593"},{"taxonomy":"product_cat","embeddable":true,"href":"https:\/\/fcom.pro\/de\/wp-json\/wp\/v2\/product_cat?post=58593"},{"taxonomy":"product_tag","embeddable":true,"href":"https:\/\/fcom.pro\/de\/wp-json\/wp\/v2\/product_tag?post=58593"}],"curies":[{"name":"wp","href":"https:\/\/api.w.org\/{rel}","templated":true}]}}