{"id":58584,"date":"2023-10-19T16:19:29","date_gmt":"2023-10-19T14:19:29","guid":{"rendered":"https:\/\/fcom.pro\/sklep\/farbroller-aus-nylon\/"},"modified":"2025-06-25T14:14:22","modified_gmt":"2025-06-25T12:14:22","slug":"farbroller-aus-nylon","status":"publish","type":"product","link":"https:\/\/fcom.pro\/de\/shop\/farbroller-aus-nylon\/","title":{"rendered":"Farbroller aus Nylon"},"content":{"rendered":"\t\t<div data-elementor-type=\"product-post\" data-elementor-id=\"58584\" class=\"elementor elementor-58584 elementor-27573\" data-elementor-post-type=\"product\">\n\t\t\t\t<div class=\"elementor-element elementor-element-b96b3e0 e-flex e-con-boxed e-con e-parent\" data-id=\"b96b3e0\" data-element_type=\"container\" data-e-type=\"container\">\n\t\t\t\t\t<div class=\"e-con-inner\">\n\t\t\t\t<div class=\"elementor-element elementor-element-d56e193 elementor-invisible elementor-widget elementor-widget-text-editor\" data-id=\"d56e193\" data-element_type=\"widget\" data-e-type=\"widget\" data-settings=\"{&quot;_animation&quot;:&quot;fadeInUp&quot;,&quot;motion_fx_motion_fx_scrolling&quot;:&quot;yes&quot;,&quot;motion_fx_opacity_effect&quot;:&quot;yes&quot;,&quot;motion_fx_opacity_direction&quot;:&quot;in-out&quot;,&quot;motion_fx_opacity_range&quot;:{&quot;unit&quot;:&quot;%&quot;,&quot;size&quot;:&quot;&quot;,&quot;sizes&quot;:{&quot;start&quot;:70,&quot;end&quot;:90}},&quot;motion_fx_opacity_level&quot;:{&quot;unit&quot;:&quot;px&quot;,&quot;size&quot;:10,&quot;sizes&quot;:[]},&quot;motion_fx_devices&quot;:[&quot;desktop&quot;,&quot;tablet&quot;,&quot;mobile&quot;]}\" data-widget_type=\"text-editor.default\">\n\t\t\t\t<div class=\"elementor-widget-container\">\n\t\t\t\t\t\t\t\t\t<p><strong>Nylonrolle mit kurzen Borsten<\/strong> (6 mm), geeignet f\u00fcr das Auftragen von Farben und thermischen Beschichtungen auf Oberfl\u00e4chen mit <strong>geringer Rauheit.<\/strong><\/p><p>F\u00fcr raue Oberfl\u00e4chen (wie z.B. Fassaden) empfehlen wir die Verwendung einer <a href=\"https:\/\/fcom.pro\/de\/sklep\/string-farbroller\/\"><strong>Polyacryl-Walze mit langen Borsten<\/strong><\/a>.<\/p>\t\t\t\t\t\t\t\t<\/div>\n\t\t\t\t<\/div>\n\t\t\t\t\t<\/div>\n\t\t\t\t<\/div>\n\t\t<div class=\"elementor-element elementor-element-b336c6d e-flex e-con-boxed e-con e-parent\" data-id=\"b336c6d\" data-element_type=\"container\" data-e-type=\"container\">\n\t\t\t\t\t<div class=\"e-con-inner\">\n\t\t\t\t\t<\/div>\n\t\t\t\t<\/div>\n\t\t\t\t<\/div>\n\t\t","protected":false},"excerpt":{"rendered":"<p>Nylonrolle mit kurzen Borsten (6 mm), geeignet f\u00fcr das Auftragen von Farben und thermischen Beschichtungen auf Oberfl\u00e4chen mit geringer Rauheit. F\u00fcr raue Oberfl\u00e4chen (wie z.B. Fassaden) empfehlen wir die Verwendung einer Polyacryl-Walze mit langen Borsten.<\/p>\n","protected":false},"featured_media":54825,"comment_status":"closed","ping_status":"closed","template":"","meta":[],"product_brand":[],"product_cat":[2772],"product_tag":[],"class_list":{"0":"post-58584","1":"product","2":"type-product","3":"status-publish","4":"has-post-thumbnail","6":"product_cat-narzedzia-de","7":"product_shipping_class-walek-de","9":"first","10":"instock","11":"taxable","12":"shipping-taxable","13":"purchasable","14":"product-type-simple"},"_links":{"self":[{"href":"https:\/\/fcom.pro\/de\/wp-json\/wp\/v2\/product\/58584","targetHints":{"allow":["GET"]}}],"collection":[{"href":"https:\/\/fcom.pro\/de\/wp-json\/wp\/v2\/product"}],"about":[{"href":"https:\/\/fcom.pro\/de\/wp-json\/wp\/v2\/types\/product"}],"replies":[{"embeddable":true,"href":"https:\/\/fcom.pro\/de\/wp-json\/wp\/v2\/comments?post=58584"}],"version-history":[{"count":0,"href":"https:\/\/fcom.pro\/de\/wp-json\/wp\/v2\/product\/58584\/revisions"}],"wp:featuredmedia":[{"embeddable":true,"href":"https:\/\/fcom.pro\/de\/wp-json\/wp\/v2\/media\/54825"}],"wp:attachment":[{"href":"https:\/\/fcom.pro\/de\/wp-json\/wp\/v2\/media?parent=58584"}],"wp:term":[{"taxonomy":"product_brand","embeddable":true,"href":"https:\/\/fcom.pro\/de\/wp-json\/wp\/v2\/product_brand?post=58584"},{"taxonomy":"product_cat","embeddable":true,"href":"https:\/\/fcom.pro\/de\/wp-json\/wp\/v2\/product_cat?post=58584"},{"taxonomy":"product_tag","embeddable":true,"href":"https:\/\/fcom.pro\/de\/wp-json\/wp\/v2\/product_tag?post=58584"}],"curies":[{"name":"wp","href":"https:\/\/api.w.org\/{rel}","templated":true}]}}