{"id":58580,"date":"2021-02-28T11:59:15","date_gmt":"2021-02-28T10:59:15","guid":{"rendered":"https:\/\/fcom.pro\/sklep\/gotherm-seal\/"},"modified":"2026-01-21T10:18:56","modified_gmt":"2026-01-21T09:18:56","slug":"gotherm-seal","status":"publish","type":"product","link":"https:\/\/fcom.pro\/de\/shop\/gotherm-seal\/","title":{"rendered":"GoTherm Seal"},"content":{"rendered":"\t\t<div data-elementor-type=\"product-post\" data-elementor-id=\"58580\" class=\"elementor elementor-58580 elementor-1212\" data-elementor-post-type=\"product\">\n\t\t\t\t<div class=\"elementor-element elementor-element-9e0bd76 e-con-full e-flex e-con e-parent\" data-id=\"9e0bd76\" data-element_type=\"container\" data-e-type=\"container\">\n\t\t<div class=\"elementor-element elementor-element-49cf12a e-con-full e-flex e-con e-child\" data-id=\"49cf12a\" data-element_type=\"container\" data-e-type=\"container\">\n\t\t\t\t<div class=\"elementor-element elementor-element-80eac4a elementor-widget elementor-widget-image\" data-id=\"80eac4a\" data-element_type=\"widget\" data-e-type=\"widget\" data-widget_type=\"image.default\">\n\t\t\t\t<div class=\"elementor-widget-container\">\n\t\t\t\t\t\t\t\t\t\t\t\t\t\t\t<img loading=\"lazy\" decoding=\"async\" width=\"800\" height=\"438\" src=\"https:\/\/fcom.pro\/wp-content\/uploads\/2024\/03\/seal-1024x561.jpg\" class=\"attachment-large size-large wp-image-54909\" alt=\"\" srcset=\"https:\/\/fcom.pro\/wp-content\/uploads\/2024\/03\/seal-1024x561.jpg 1024w, https:\/\/fcom.pro\/wp-content\/uploads\/2024\/03\/seal-300x164.jpg 300w, https:\/\/fcom.pro\/wp-content\/uploads\/2024\/03\/seal-768x421.jpg 768w\" sizes=\"auto, (max-width: 800px) 100vw, 800px\" title=\"\">\t\t\t\t\t\t\t\t\t\t\t\t\t\t\t<\/div>\n\t\t\t\t<\/div>\n\t\t\t\t<\/div>\n\t\t<div class=\"elementor-element elementor-element-78439b6 e-con-full e-flex e-con e-child\" data-id=\"78439b6\" data-element_type=\"container\" data-e-type=\"container\">\n\t\t\t\t<div class=\"elementor-element elementor-element-22461d6 elementor-widget elementor-widget-text-editor\" data-id=\"22461d6\" data-element_type=\"widget\" data-e-type=\"widget\" data-widget_type=\"text-editor.default\">\n\t\t\t\t<div class=\"elementor-widget-container\">\n\t\t\t\t\t\t\t\t\t<p>GoTherm\u00ae Seal ist eine mineralische Dichtungsmasse in einer Kartusche, die speziell f\u00fcr den Bausektor entwickelt wurde. Sie zeichnet sich durch ihre hervorragenden W\u00e4rmed\u00e4mm- und Schutzeigenschaften aus. Sie ist witterungsbest\u00e4ndig, <b>isoliert W\u00e4rmebr\u00fccken<\/b> und <b>verhindert<\/b> effektiv <b>Kondensation<\/b> und <b>Schimmelbildung<\/b>. GoTherm Seal in der Tube zeichnet sich auch durch seine hohe Elastizit\u00e4t und seinen langsamen Alterungsprozess aus.   <\/p><p>Im Gegensatz zu herk\u00f6mmlichen Acryl- und Silikonmassen <b>l\u00e4sst sich<\/b> GoTherm Seal <b>leicht mit Dekorationsfarbe \u00fcberstreichen<\/b>, so dass <b>es sich nicht von der gestrichenen Wand abhebt.<\/b><\/p><ul><li>Verhindern Sie W\u00e4rmebr\u00fccken &#8211; dank seiner W\u00e4rmed\u00e4mmeigenschaften eliminiert GoTherm Seal effektiv alle W\u00e4rmebr\u00fccken.<\/li><li>Beseitigen Sie Fugen und Risse &#8211; GoTherm Versiegelung erm\u00f6glicht es Ihnen dank seiner hohen Flexibilit\u00e4t, Fugen zu f\u00fcllen und bestehende Risse zu \u00fcberdecken.<\/li><\/ul>\t\t\t\t\t\t\t\t<\/div>\n\t\t\t\t<\/div>\n\t\t\t\t<\/div>\n\t\t\t\t<\/div>\n\t\t<div class=\"elementor-element elementor-element-0f71838 e-con-full e-flex e-con e-parent\" data-id=\"0f71838\" data-element_type=\"container\" data-e-type=\"container\">\n\t\t<div class=\"elementor-element elementor-element-0ab9d04 e-con-full e-flex e-con e-child\" data-id=\"0ab9d04\" data-element_type=\"container\" data-e-type=\"container\">\n\t\t\t\t<div class=\"elementor-element elementor-element-008a720 elementor-widget elementor-widget-image\" data-id=\"008a720\" data-element_type=\"widget\" data-e-type=\"widget\" data-widget_type=\"image.default\">\n\t\t\t\t<div class=\"elementor-widget-container\">\n\t\t\t\t\t\t\t\t\t\t\t\t\t\t\t<img loading=\"lazy\" decoding=\"async\" width=\"800\" height=\"534\" src=\"https:\/\/fcom.pro\/wp-content\/uploads\/2024\/03\/MG_41671-1024x683.jpg\" class=\"attachment-large size-large wp-image-54915\" alt=\"\" srcset=\"https:\/\/fcom.pro\/wp-content\/uploads\/2024\/03\/MG_41671-1024x683.jpg 1024w, https:\/\/fcom.pro\/wp-content\/uploads\/2024\/03\/MG_41671-300x200.jpg 300w, https:\/\/fcom.pro\/wp-content\/uploads\/2024\/03\/MG_41671-768x512.jpg 768w\" sizes=\"auto, (max-width: 800px) 100vw, 800px\" title=\"\">\t\t\t\t\t\t\t\t\t\t\t\t\t\t\t<\/div>\n\t\t\t\t<\/div>\n\t\t\t\t<\/div>\n\t\t<div class=\"elementor-element elementor-element-867c451 e-con-full e-flex e-con e-child\" data-id=\"867c451\" data-element_type=\"container\" data-e-type=\"container\">\n\t\t\t\t<div class=\"elementor-element elementor-element-55d6afa elementor-widget elementor-widget-heading\" data-id=\"55d6afa\" data-element_type=\"widget\" data-e-type=\"widget\" data-widget_type=\"heading.default\">\n\t\t\t\t<div class=\"elementor-widget-container\">\n\t\t\t\t\t<h2 class=\"elementor-heading-title elementor-size-default\">Beispiele f\u00fcr Anwendungen<\/h2>\t\t\t\t<\/div>\n\t\t\t\t<\/div>\n\t\t\t\t<div class=\"elementor-element elementor-element-9ef3f09 elementor-widget elementor-widget-text-editor\" data-id=\"9ef3f09\" data-element_type=\"widget\" data-e-type=\"widget\" data-widget_type=\"text-editor.default\">\n\t\t\t\t<div class=\"elementor-widget-container\">\n\t\t\t\t\t\t\t\t\t<ul><li>W\u00e4rmed\u00e4mmung F\u00fcllung von Dehnungsfugen,<\/li><li>W\u00e4rmed\u00e4mmungsdichtung um Fenster und T\u00fcren,<\/li><li>F\u00fcllen von L\u00fccken und Hohlr\u00e4umen in Polystyrolplatten,<\/li><li>W\u00e4rmed\u00e4mmung und Abdecken der Montagebolzen mit Polystyrolschaum,<\/li><li>Beseitigung von W\u00e4rmebr\u00fccken,<\/li><li>Abdichtung von L\u00fcftungs- und Klimakan\u00e4len.<\/li><\/ul>\t\t\t\t\t\t\t\t<\/div>\n\t\t\t\t<\/div>\n\t\t\t\t<\/div>\n\t\t\t\t<\/div>\n\t\t<div class=\"elementor-element elementor-element-b9698ee e-con-full e-flex e-con e-parent\" data-id=\"b9698ee\" data-element_type=\"container\" data-e-type=\"container\">\n\t\t<div class=\"elementor-element elementor-element-6b1dbc9 e-con-full e-flex e-con e-child\" data-id=\"6b1dbc9\" data-element_type=\"container\" data-e-type=\"container\">\n\t\t\t\t<div class=\"elementor-element elementor-element-ae5a5ef elementor-widget elementor-widget-gallery\" data-id=\"ae5a5ef\" data-element_type=\"widget\" data-e-type=\"widget\" data-settings=\"{&quot;columns&quot;:3,&quot;overlay_description&quot;:&quot;caption&quot;,&quot;lazyload&quot;:&quot;yes&quot;,&quot;gallery_layout&quot;:&quot;grid&quot;,&quot;columns_tablet&quot;:2,&quot;columns_mobile&quot;:1,&quot;gap&quot;:{&quot;unit&quot;:&quot;px&quot;,&quot;size&quot;:10,&quot;sizes&quot;:[]},&quot;gap_tablet&quot;:{&quot;unit&quot;:&quot;px&quot;,&quot;size&quot;:10,&quot;sizes&quot;:[]},&quot;gap_mobile&quot;:{&quot;unit&quot;:&quot;px&quot;,&quot;size&quot;:10,&quot;sizes&quot;:[]},&quot;aspect_ratio&quot;:&quot;3:2&quot;,&quot;content_hover_animation&quot;:&quot;fade-in&quot;}\" data-widget_type=\"gallery.default\">\n\t\t\t\t<div class=\"elementor-widget-container\">\n\t\t\t\t\t\t\t<div class=\"elementor-gallery__container\">\n\t\t\t\t\t<\/div>\n\t\t\t\t\t<\/div>\n\t\t\t\t<\/div>\n\t\t\t\t<\/div>\n\t\t\t\t<\/div>\n\t\t<div class=\"elementor-element elementor-element-2e5de5d e-con-full e-flex e-con e-parent\" data-id=\"2e5de5d\" data-element_type=\"container\" data-e-type=\"container\">\n\t\t<div class=\"elementor-element elementor-element-c3282e8 e-con-full e-flex e-con e-child\" data-id=\"c3282e8\" data-element_type=\"container\" data-e-type=\"container\">\n\t\t\t\t<div class=\"elementor-element elementor-element-e8697e0 elementor-widget elementor-widget-video\" data-id=\"e8697e0\" data-element_type=\"widget\" data-e-type=\"widget\" data-settings=\"{&quot;youtube_url&quot;:&quot;https:\\\/\\\/youtu.be\\\/XVXSRGH8ttw&quot;,&quot;video_type&quot;:&quot;youtube&quot;,&quot;controls&quot;:&quot;yes&quot;}\" data-widget_type=\"video.default\">\n\t\t\t\t<div class=\"elementor-widget-container\">\n\t\t\t\t\t\t\t<div class=\"elementor-wrapper elementor-open-inline\">\n\t\t\t<div class=\"elementor-video\"><\/div>\t\t<\/div>\n\t\t\t\t\t\t<\/div>\n\t\t\t\t<\/div>\n\t\t\t\t<\/div>\n\t\t<div class=\"elementor-element elementor-element-a35f791 e-con-full e-flex e-con e-child\" data-id=\"a35f791\" data-element_type=\"container\" data-e-type=\"container\">\n\t\t\t\t<div class=\"elementor-element elementor-element-5de8982 elementor-widget elementor-widget-heading\" data-id=\"5de8982\" data-element_type=\"widget\" data-e-type=\"widget\" data-widget_type=\"heading.default\">\n\t\t\t\t<div class=\"elementor-widget-container\">\n\t\t\t\t\t<h3 class=\"elementor-heading-title elementor-size-default\">W\u00e4rmebr\u00fccken zu isolieren ist trivial!<\/h3>\t\t\t\t<\/div>\n\t\t\t\t<\/div>\n\t\t\t\t<div class=\"elementor-element elementor-element-233a57b elementor-widget elementor-widget-text-editor\" data-id=\"233a57b\" data-element_type=\"widget\" data-e-type=\"widget\" data-widget_type=\"text-editor.default\">\n\t\t\t\t<div class=\"elementor-widget-container\">\n\t\t\t\t\t\t\t\t\t<div class=\"is-layout-flex wp-container-5 wp-block-columns\"><div class=\"is-layout-flow wp-block-column is-vertically-aligned-center\"><p>Die Abdichtung von W\u00e4rmebr\u00fccken, Spalten und Rissen mit GoTherm Seal W\u00e4rmed\u00e4mmstoff in der Tube ist extrem einfach und bequem!<\/p><\/div><\/div>\t\t\t\t\t\t\t\t<\/div>\n\t\t\t\t<\/div>\n\t\t\t\t<\/div>\n\t\t\t\t<\/div>\n\t\t\t\t<\/div>\n\t\t","protected":false},"excerpt":{"rendered":"<p>GoTherm\u00ae Seal ist eine mineralische Dichtungsmasse in einer Kartusche, die speziell f\u00fcr den Bausektor entwickelt wurde. Sie zeichnet sich durch ihre hervorragenden W\u00e4rmed\u00e4mm- und Schutzeigenschaften aus. Sie ist witterungsbest\u00e4ndig, isoliert W\u00e4rmebr\u00fccken und verhindert effektiv Kondensation und Schimmelbildung. GoTherm Seal in der Tube zeichnet sich auch durch seine hohe Elastizit\u00e4t und seinen langsamen Alterungsprozess aus. Im [&hellip;]<\/p>\n","protected":false},"featured_media":54951,"comment_status":"open","ping_status":"closed","template":"","meta":[],"product_brand":[],"product_cat":[2754],"product_tag":[2756],"class_list":{"0":"post-58580","1":"product","2":"type-product","3":"status-publish","4":"has-post-thumbnail","6":"product_cat-termoizolacyjny-uszczelniacz-de","7":"product_tag-gotherm-de-2","8":"product_shipping_class-seal-de","10":"first","11":"instock","12":"taxable","13":"shipping-taxable","14":"purchasable","15":"product-type-simple"},"_links":{"self":[{"href":"https:\/\/fcom.pro\/de\/wp-json\/wp\/v2\/product\/58580","targetHints":{"allow":["GET"]}}],"collection":[{"href":"https:\/\/fcom.pro\/de\/wp-json\/wp\/v2\/product"}],"about":[{"href":"https:\/\/fcom.pro\/de\/wp-json\/wp\/v2\/types\/product"}],"replies":[{"embeddable":true,"href":"https:\/\/fcom.pro\/de\/wp-json\/wp\/v2\/comments?post=58580"}],"version-history":[{"count":0,"href":"https:\/\/fcom.pro\/de\/wp-json\/wp\/v2\/product\/58580\/revisions"}],"wp:featuredmedia":[{"embeddable":true,"href":"https:\/\/fcom.pro\/de\/wp-json\/wp\/v2\/media\/54951"}],"wp:attachment":[{"href":"https:\/\/fcom.pro\/de\/wp-json\/wp\/v2\/media?parent=58580"}],"wp:term":[{"taxonomy":"product_brand","embeddable":true,"href":"https:\/\/fcom.pro\/de\/wp-json\/wp\/v2\/product_brand?post=58580"},{"taxonomy":"product_cat","embeddable":true,"href":"https:\/\/fcom.pro\/de\/wp-json\/wp\/v2\/product_cat?post=58580"},{"taxonomy":"product_tag","embeddable":true,"href":"https:\/\/fcom.pro\/de\/wp-json\/wp\/v2\/product_tag?post=58580"}],"curies":[{"name":"wp","href":"https:\/\/api.w.org\/{rel}","templated":true}]}}