{"id":58460,"date":"2024-03-28T13:01:54","date_gmt":"2024-03-28T12:01:54","guid":{"rendered":"https:\/\/fcom.pro\/sklep\/at-termo-waermedaemmmasse\/"},"modified":"2026-03-27T15:25:32","modified_gmt":"2026-03-27T14:25:32","slug":"at-termo-waermedaemmmasse","status":"publish","type":"product","link":"https:\/\/fcom.pro\/de\/shop\/at-termo-waermedaemmmasse\/","title":{"rendered":"AT Termo\u00ae W\u00e4rmed\u00e4mmmasse"},"content":{"rendered":"\t\t<div data-elementor-type=\"product-post\" data-elementor-id=\"58460\" class=\"elementor elementor-58460 elementor-43670\" data-elementor-post-type=\"product\">\n\t\t\t\t<section class=\"elementor-element elementor-element-39cd856 section-indicator  e-con-full e-flex e-con e-parent\" data-id=\"39cd856\" data-element_type=\"container\" data-e-type=\"container\">\n\t\t<div class=\"elementor-element elementor-element-e24e022 e-con-full e-flex e-con e-child\" data-id=\"e24e022\" data-element_type=\"container\" data-e-type=\"container\" data-settings=\"{&quot;background_background&quot;:&quot;classic&quot;}\">\n\t\t<div class=\"elementor-element elementor-element-7dd9774 e-con-full e-flex e-con e-child\" data-id=\"7dd9774\" data-element_type=\"container\" data-e-type=\"container\">\n\t\t<div class=\"elementor-element elementor-element-8c8a902 e-con-full e-flex e-con e-child\" data-id=\"8c8a902\" data-element_type=\"container\" data-e-type=\"container\">\n\t\t\t\t<div class=\"elementor-element elementor-element-bb9b829 elementor-invisible elementor-widget elementor-widget-text-editor\" data-id=\"bb9b829\" data-element_type=\"widget\" data-e-type=\"widget\" data-settings=\"{&quot;_animation&quot;:&quot;fadeInUp&quot;,&quot;motion_fx_motion_fx_scrolling&quot;:&quot;yes&quot;,&quot;motion_fx_opacity_effect&quot;:&quot;yes&quot;,&quot;motion_fx_opacity_direction&quot;:&quot;in-out&quot;,&quot;motion_fx_opacity_range&quot;:{&quot;unit&quot;:&quot;%&quot;,&quot;size&quot;:&quot;&quot;,&quot;sizes&quot;:{&quot;start&quot;:70,&quot;end&quot;:90}},&quot;motion_fx_opacity_level&quot;:{&quot;unit&quot;:&quot;px&quot;,&quot;size&quot;:10,&quot;sizes&quot;:[]},&quot;motion_fx_devices&quot;:[&quot;desktop&quot;,&quot;tablet&quot;,&quot;mobile&quot;]}\" data-widget_type=\"text-editor.default\">\n\t\t\t\t<div class=\"elementor-widget-container\">\n\t\t\t\t\t\t\t\t\t<p>Ein einzigartiges Produkt unter den Isolier- und Schutzmaterialien, das sowohl im Bausektor als auch in der Industrie gut funktioniert.<\/p>\n<p>Die AT Termo\u00ae-W\u00e4rmed\u00e4mmschicht vereint das Beste aus allen Welten:<\/p><ul>\n<li><strong>sehr gute W\u00e4rmed\u00e4mmeigenschaften &#8211;<\/strong> 1 mm Schicht entspricht 10 cm Polystyrolschaum<\/li>\n<li><strong>Umweltfreundlichkeit&nbsp;<\/strong>&#8211; wasserbasierte, VOC-arme Beschichtung<\/li>\n<\/ul>\t\t\t\t\t\t\t\t<\/div>\n\t\t\t\t<\/div>\n\t\t\t\t<\/div>\n\t\t<div class=\"elementor-element elementor-element-d9f98bd e-con-full e-flex e-con e-child\" data-id=\"d9f98bd\" data-element_type=\"container\" data-e-type=\"container\">\n\t\t\t\t<div class=\"elementor-element elementor-element-c2b4454 elementor-widget elementor-widget-image\" data-id=\"c2b4454\" data-element_type=\"widget\" data-e-type=\"widget\" data-widget_type=\"image.default\">\n\t\t\t\t<div class=\"elementor-widget-container\">\n\t\t\t\t\t\t\t\t\t\t\t\t\t\t\t<img loading=\"lazy\" decoding=\"async\" width=\"800\" height=\"800\" src=\"https:\/\/fcom.pro\/wp-content\/uploads\/2024\/03\/attermo_masa_5L.png\" class=\"attachment-large size-large wp-image-55113\" alt=\"W\u00e4rmed\u00e4mmstoff AT Termo\" srcset=\"https:\/\/fcom.pro\/wp-content\/uploads\/2024\/03\/attermo_masa_5L.png 1000w, https:\/\/fcom.pro\/wp-content\/uploads\/2024\/03\/attermo_masa_5L-300x300.png 300w, https:\/\/fcom.pro\/wp-content\/uploads\/2024\/03\/attermo_masa_5L-150x150.png 150w, https:\/\/fcom.pro\/wp-content\/uploads\/2024\/03\/attermo_masa_5L-768x768.png 768w\" sizes=\"auto, (max-width: 800px) 100vw, 800px\" title=\"\">\t\t\t\t\t\t\t\t\t\t\t\t\t\t\t<\/div>\n\t\t\t\t<\/div>\n\t\t\t\t<\/div>\n\t\t\t\t<\/div>\n\t\t\t\t<\/div>\n\t\t<div class=\"elementor-element elementor-element-6f2936e e-con-full e-flex e-con e-child\" data-id=\"6f2936e\" data-element_type=\"container\" data-e-type=\"container\">\n\t\t<div class=\"elementor-element elementor-element-8c88944 e-con-full e-flex e-con e-child\" data-id=\"8c88944\" data-element_type=\"container\" data-e-type=\"container\">\n\t\t\t\t<div class=\"elementor-element elementor-element-4040d34 elementor-invisible elementor-widget elementor-widget-heading\" data-id=\"4040d34\" data-element_type=\"widget\" data-e-type=\"widget\" data-settings=\"{&quot;_animation&quot;:&quot;fadeInUp&quot;}\" data-widget_type=\"heading.default\">\n\t\t\t\t<div class=\"elementor-widget-container\">\n\t\t\t\t\t<h1 class=\"elementor-heading-title elementor-size-default\">AT Termo<sup>\u00ae<\/sup><\/h1>\t\t\t\t<\/div>\n\t\t\t\t<\/div>\n\t\t\t\t<div class=\"elementor-element elementor-element-ed03d64 elementor-invisible elementor-widget elementor-widget-heading\" data-id=\"ed03d64\" data-element_type=\"widget\" data-e-type=\"widget\" data-settings=\"{&quot;_animation&quot;:&quot;fadeInUp&quot;}\" data-widget_type=\"heading.default\">\n\t\t\t\t<div class=\"elementor-widget-container\">\n\t\t\t\t\t<h2 class=\"elementor-heading-title elementor-size-default\">im Baugewerbe<\/h2>\t\t\t\t<\/div>\n\t\t\t\t<\/div>\n\t\t\t\t<\/div>\n\t\t<div class=\"elementor-element elementor-element-47f479d e-flex e-con-boxed e-con e-child\" data-id=\"47f479d\" data-element_type=\"container\" data-e-type=\"container\">\n\t\t\t\t\t<div class=\"e-con-inner\">\n\t\t\t\t<div class=\"elementor-element elementor-element-6a30d78 elementor-widget elementor-widget-image\" data-id=\"6a30d78\" data-element_type=\"widget\" data-e-type=\"widget\" data-widget_type=\"image.default\">\n\t\t\t\t<div class=\"elementor-widget-container\">\n\t\t\t\t\t\t\t\t\t\t\t\t\t\t\t<img decoding=\"async\" src=\"https:\/\/fcom.pro\/wp-content\/uploads\/2023\/10\/61924050487eb7da3af71272e3a4.jpg\" title=\"\" alt=\"\" loading=\"lazy\">\t\t\t\t\t\t\t\t\t\t\t\t\t\t\t<\/div>\n\t\t\t\t<\/div>\n\t\t\t\t<div class=\"elementor-element elementor-element-1e9b4e6 elementor-invisible elementor-widget elementor-widget-text-editor\" data-id=\"1e9b4e6\" data-element_type=\"widget\" data-e-type=\"widget\" data-settings=\"{&quot;motion_fx_motion_fx_scrolling&quot;:&quot;yes&quot;,&quot;motion_fx_opacity_effect&quot;:&quot;yes&quot;,&quot;motion_fx_opacity_direction&quot;:&quot;in-out&quot;,&quot;motion_fx_opacity_range&quot;:{&quot;unit&quot;:&quot;%&quot;,&quot;size&quot;:&quot;&quot;,&quot;sizes&quot;:{&quot;start&quot;:70,&quot;end&quot;:90}},&quot;_animation&quot;:&quot;fadeInUp&quot;,&quot;motion_fx_opacity_level&quot;:{&quot;unit&quot;:&quot;px&quot;,&quot;size&quot;:10,&quot;sizes&quot;:[]},&quot;motion_fx_devices&quot;:[&quot;desktop&quot;,&quot;tablet&quot;,&quot;mobile&quot;]}\" data-widget_type=\"text-editor.default\">\n\t\t\t\t<div class=\"elementor-widget-container\">\n\t\t\t\t\t\t\t\t\t<p>AT Termo<sup>\u00ae<\/sup> wird sowohl f\u00fcr die \u00e4u\u00dfere als auch f\u00fcr die innere W\u00e4rmed\u00e4mmung und Schutzbeschichtung von Geb\u00e4uden verwendet, wie z.B:<\/p><ul><li><b>R\u00e4ume mit hoher Luftfeuchtigkeit<\/b> und dem Risiko von Schimmel und Mehltau,<\/li><li><b>\u00f6ffentliche Einrichtungen<\/b>, Krankenh\u00e4user, medizinische Kliniken und verschiedene Arten von B\u00fcros,<\/li><li><b>historische Geb\u00e4ude<\/b>, bei denen Wolle oder Polystyrol aufgrund der komplexen Form der Fassade nicht verwendet werden k\u00f6nnen,<\/li><li><b>jede Trennwand <\/b>aus Ziegeln, Gips oder Beton<\/li><\/ul><p>Das Produkt ist <b>umweltfreundlich und gesundheitlich unbedenklich<\/b> und erm\u00f6glicht die Arbeit nicht nur im Freien, sondern auch in Innenr\u00e4umen unter Einhaltung grundlegender Gesundheits- und Sicherheitsvorschriften.<\/p><p>Es ist wetterfest und schafft ein freundliches Mikroklima in Innenr\u00e4umen.<\/p><p>Es kann direkt in jede beliebige Farbe eingef\u00e4rbt oder mit anderen Dispersionsprodukten auf Wasserbasis versehen werden. Die Verwendung von AT Termo<sup>\u00ae<\/sup> im Au\u00dfen- und Innenbereich eines Geb\u00e4udes bewahrt das kubische Volumen des Raumes, erm\u00f6glicht die D\u00e4mmung von Fassaden mit komplexer Raumarchitektur, verbessert den thermischen Komfort in Innenr\u00e4umen und reduziert den Aufwand f\u00fcr die Bauzeit. <\/p><p>Die Anwendung der Beschichtung in Freizeiteinrichtungen, die Feuchtigkeit ausgesetzt sind, wie z.B. Schwimmb\u00e4der oder Saunen, beseitigt wirksam das Ph\u00e4nomen der Schimmel- und Mehltauausbl\u00fchungen. Au\u00dferdem verhindern die gestrichenen Oberfl\u00e4chen die Vermehrung von sch\u00e4dlichen Bakterien wie Staphylococcus aureus, E. coli oder Lungenentz\u00fcndungsbazillen. <\/p><p>AT Termo<sup>\u00ae<\/sup> wird auch bei der W\u00e4rmed\u00e4mmung von W\u00e4nden und verschiedenen Geb\u00e4udetrennw\u00e4nden eingesetzt, bei denen eine fehlende oder unzureichende W\u00e4rmed\u00e4mmung zu W\u00e4rmebr\u00fccken und damit zu W\u00e4rmeverlusten und h\u00e4ufig zu Problemen mit Kondensation an solchen Trennw\u00e4nden f\u00fchrt.<\/p>\t\t\t\t\t\t\t\t<\/div>\n\t\t\t\t<\/div>\n\t\t\t\t\t<\/div>\n\t\t\t\t<\/div>\n\t\t\t\t<\/div>\n\t\t<div class=\"elementor-element elementor-element-3b48fc9 e-con-full e-flex e-con e-child\" data-id=\"3b48fc9\" data-element_type=\"container\" data-e-type=\"container\">\n\t\t<div class=\"elementor-element elementor-element-dc79d1f e-con-full e-flex e-con e-child\" data-id=\"dc79d1f\" data-element_type=\"container\" data-e-type=\"container\">\n\t\t\t\t<div class=\"elementor-element elementor-element-9e2b7af elementor-invisible elementor-widget elementor-widget-heading\" data-id=\"9e2b7af\" data-element_type=\"widget\" data-e-type=\"widget\" data-settings=\"{&quot;_animation&quot;:&quot;fadeInUp&quot;}\" data-widget_type=\"heading.default\">\n\t\t\t\t<div class=\"elementor-widget-container\">\n\t\t\t\t\t<h1 class=\"elementor-heading-title elementor-size-default\">AT Termo<sup>\u00ae<\/sup><\/h1>\t\t\t\t<\/div>\n\t\t\t\t<\/div>\n\t\t\t\t<div class=\"elementor-element elementor-element-f154736 elementor-invisible elementor-widget elementor-widget-heading\" data-id=\"f154736\" data-element_type=\"widget\" data-e-type=\"widget\" data-settings=\"{&quot;_animation&quot;:&quot;fadeInUp&quot;}\" data-widget_type=\"heading.default\">\n\t\t\t\t<div class=\"elementor-widget-container\">\n\t\t\t\t\t<h2 class=\"elementor-heading-title elementor-size-default\">in der Industrie<\/h2>\t\t\t\t<\/div>\n\t\t\t\t<\/div>\n\t\t\t\t<\/div>\n\t\t<div class=\"elementor-element elementor-element-00c968d e-flex e-con-boxed e-con e-child\" data-id=\"00c968d\" data-element_type=\"container\" data-e-type=\"container\">\n\t\t\t\t\t<div class=\"e-con-inner\">\n\t\t\t\t<div class=\"elementor-element elementor-element-eb53fc3 elementor-widget elementor-widget-image\" data-id=\"eb53fc3\" data-element_type=\"widget\" data-e-type=\"widget\" data-widget_type=\"image.default\">\n\t\t\t\t<div class=\"elementor-widget-container\">\n\t\t\t\t\t\t\t\t\t\t\t\t\t\t\t<img loading=\"lazy\" decoding=\"async\" width=\"800\" height=\"450\" src=\"https:\/\/fcom.pro\/wp-content\/uploads\/2024\/03\/20181016_122844-1024x576.jpg\" class=\"attachment-large size-large wp-image-54927\" alt=\"\" srcset=\"https:\/\/fcom.pro\/wp-content\/uploads\/2024\/03\/20181016_122844-1024x576.jpg 1024w, https:\/\/fcom.pro\/wp-content\/uploads\/2024\/03\/20181016_122844-300x169.jpg 300w, https:\/\/fcom.pro\/wp-content\/uploads\/2024\/03\/20181016_122844-768x432.jpg 768w, https:\/\/fcom.pro\/wp-content\/uploads\/2024\/03\/20181016_122844.jpg 1500w\" sizes=\"auto, (max-width: 800px) 100vw, 800px\" title=\"\">\t\t\t\t\t\t\t\t\t\t\t\t\t\t\t<\/div>\n\t\t\t\t<\/div>\n\t\t\t\t<div class=\"elementor-element elementor-element-c9a5d04 elementor-invisible elementor-widget elementor-widget-text-editor\" data-id=\"c9a5d04\" data-element_type=\"widget\" data-e-type=\"widget\" data-settings=\"{&quot;motion_fx_motion_fx_scrolling&quot;:&quot;yes&quot;,&quot;motion_fx_opacity_effect&quot;:&quot;yes&quot;,&quot;motion_fx_opacity_direction&quot;:&quot;in-out&quot;,&quot;motion_fx_opacity_range&quot;:{&quot;unit&quot;:&quot;%&quot;,&quot;size&quot;:&quot;&quot;,&quot;sizes&quot;:{&quot;start&quot;:70,&quot;end&quot;:90}},&quot;_animation&quot;:&quot;fadeInUp&quot;,&quot;motion_fx_opacity_level&quot;:{&quot;unit&quot;:&quot;px&quot;,&quot;size&quot;:10,&quot;sizes&quot;:[]},&quot;motion_fx_devices&quot;:[&quot;desktop&quot;,&quot;tablet&quot;,&quot;mobile&quot;]}\" data-widget_type=\"text-editor.default\">\n\t\t\t\t<div class=\"elementor-widget-container\">\n\t\t\t\t\t\t\t\t\t<p>AT Termo<sup>\u00ae<\/sup> ist eine Beschichtung, die einen wirksamen Schutz gegen das Eindringen von Frost und Oberfl\u00e4chenkondensation bietet und das Problem der W\u00e4rmebr\u00fccken l\u00f6st. Empfohlen f\u00fcr die Isolierung und den Schutz von Stahlbauteilen wie z.B.: <\/p><ul><li>Warm- und Kaltwasserleitungen,<\/li><li>Sanit\u00e4rarmaturen, Ventile<\/li><li>Rohre, Formst\u00fccke und Leitungen f\u00fcr L\u00fcftung und Klimaanlagen,<\/li><li>\u00dcberdachung,<\/li><li>Blechgaragen,<\/li><li>Container,<\/li><li>Industrieanlagen, etc&#8230;<\/li><\/ul><p>AT Termo<sup>\u00ae<\/sup> hat eine hohe Haftkraft auf Metallen ohne Oberfl\u00e4chenkorrosion und auf den meisten Baumaterialien. Es ist umweltfreundlich und sicher f\u00fcr den Einsatz im Au\u00dfen- und Innenbereich. <\/p><p>Unsere W\u00e4rmed\u00e4mmbeschichtung erh\u00f6ht nicht die Belastung der isolierten Struktur und bewahrt deren urspr\u00fcngliche Dimension. Die AT Termo<sup>\u00ae<\/sup>-Beschichtung wird u.a. als W\u00e4rmeschutz f\u00fcr Elektronik in Spezialger\u00e4ten eingesetzt, wo die Verwendung herk\u00f6mmlicher W\u00e4rmed\u00e4mmstoffe aufgrund des geringen Platzangebots nicht m\u00f6glich ist.  <\/p>\t\t\t\t\t\t\t\t<\/div>\n\t\t\t\t<\/div>\n\t\t\t\t\t<\/div>\n\t\t\t\t<\/div>\n\t\t\t\t<\/div>\n\t\t\t\t<\/section>\n\t\t\t\t<\/div>\n\t\t","protected":false},"excerpt":{"rendered":"<p>Ein einzigartiges Produkt unter den Isolier- und Schutzmaterialien, das sowohl im Bausektor als auch in der Industrie gut funktioniert. Die AT Termo\u00ae-W\u00e4rmed\u00e4mmschicht vereint das Beste aus allen Welten: sehr gute W\u00e4rmed\u00e4mmeigenschaften &#8211; 1 mm Schicht entspricht 10 cm Polystyrolschaum Umweltfreundlichkeit&nbsp;&#8211; wasserbasierte, VOC-arme Beschichtung AT Termo\u00ae im Baugewerbe AT Termo\u00ae wird sowohl f\u00fcr die \u00e4u\u00dfere als [&hellip;]<\/p>\n","protected":false},"featured_media":55113,"comment_status":"open","ping_status":"closed","template":"","meta":[],"product_brand":[],"product_cat":[2745,2744],"product_tag":[2747,2746],"class_list":{"0":"post-58460","1":"product","2":"type-product","3":"status-publish","4":"has-post-thumbnail","6":"product_cat-at-termo-de","7":"product_cat-masa-termoizolacyjna-de","8":"product_tag-produkt-z-kalkulatorem-de","9":"product_tag-produkt-z-kolorem-de","11":"first","12":"instock","13":"taxable","14":"shipping-taxable","15":"purchasable","16":"product-type-variable","17":"has-default-attributes"},"_links":{"self":[{"href":"https:\/\/fcom.pro\/de\/wp-json\/wp\/v2\/product\/58460","targetHints":{"allow":["GET"]}}],"collection":[{"href":"https:\/\/fcom.pro\/de\/wp-json\/wp\/v2\/product"}],"about":[{"href":"https:\/\/fcom.pro\/de\/wp-json\/wp\/v2\/types\/product"}],"replies":[{"embeddable":true,"href":"https:\/\/fcom.pro\/de\/wp-json\/wp\/v2\/comments?post=58460"}],"version-history":[{"count":0,"href":"https:\/\/fcom.pro\/de\/wp-json\/wp\/v2\/product\/58460\/revisions"}],"wp:featuredmedia":[{"embeddable":true,"href":"https:\/\/fcom.pro\/de\/wp-json\/wp\/v2\/media\/55113"}],"wp:attachment":[{"href":"https:\/\/fcom.pro\/de\/wp-json\/wp\/v2\/media?parent=58460"}],"wp:term":[{"taxonomy":"product_brand","embeddable":true,"href":"https:\/\/fcom.pro\/de\/wp-json\/wp\/v2\/product_brand?post=58460"},{"taxonomy":"product_cat","embeddable":true,"href":"https:\/\/fcom.pro\/de\/wp-json\/wp\/v2\/product_cat?post=58460"},{"taxonomy":"product_tag","embeddable":true,"href":"https:\/\/fcom.pro\/de\/wp-json\/wp\/v2\/product_tag?post=58460"}],"curies":[{"name":"wp","href":"https:\/\/api.w.org\/{rel}","templated":true}]}}