{"id":58454,"date":"2023-10-20T10:56:06","date_gmt":"2023-10-20T08:56:06","guid":{"rendered":"https:\/\/fcom.pro\/sklep\/string-farbroller\/"},"modified":"2025-06-25T14:14:23","modified_gmt":"2025-06-25T12:14:23","slug":"string-farbroller","status":"publish","type":"product","link":"https:\/\/fcom.pro\/de\/shop\/string-farbroller\/","title":{"rendered":"String Farbroller"},"content":{"rendered":"\t\t<div data-elementor-type=\"product-post\" data-elementor-id=\"58454\" class=\"elementor elementor-58454 elementor-27592\" data-elementor-post-type=\"product\">\n\t\t\t\t<div class=\"elementor-element elementor-element-35eb50d e-flex e-con-boxed e-con e-parent\" data-id=\"35eb50d\" data-element_type=\"container\" data-e-type=\"container\">\n\t\t\t\t\t<div class=\"e-con-inner\">\n\t\t\t\t<div class=\"elementor-element elementor-element-bd7fa5b elementor-widget elementor-widget-text-editor\" data-id=\"bd7fa5b\" data-element_type=\"widget\" data-e-type=\"widget\" data-widget_type=\"text-editor.default\">\n\t\t\t\t<div class=\"elementor-widget-container\">\n\t\t\t\t\t\t\t\t\t<p><strong>Polyacryl-Strangwalze mit langen Borsten<\/strong>, geeignet f\u00fcr das Auftragen von W\u00e4rmed\u00e4mmfarben auf <strong>rauen<\/strong> Oberfl\u00e4chen (z.B. Fassade)<\/p><p>F\u00fcr leicht raue Oberfl\u00e4chen (z.B. Innenw\u00e4nde) empfehlen wir die Verwendung einer <a href=\"https:\/\/fcom.pro\/de\/sklep\/farbroller-aus-nylon\/\"><strong>einer Nylonrolle mit kurzen Borsten<\/strong><\/a>.<\/p>\t\t\t\t\t\t\t\t<\/div>\n\t\t\t\t<\/div>\n\t\t\t\t\t<\/div>\n\t\t\t\t<\/div>\n\t\t<div class=\"elementor-element elementor-element-b459abf e-flex e-con-boxed e-con e-parent\" data-id=\"b459abf\" data-element_type=\"container\" data-e-type=\"container\">\n\t\t\t\t\t<div class=\"e-con-inner\">\n\t\t\t\t\t<\/div>\n\t\t\t\t<\/div>\n\t\t\t\t<\/div>\n\t\t","protected":false},"excerpt":{"rendered":"<p>Polyacryl-Strangwalze mit langen Borsten, geeignet f\u00fcr das Auftragen von W\u00e4rmed\u00e4mmfarben auf rauen Oberfl\u00e4chen (z.B. Fassade) F\u00fcr leicht raue Oberfl\u00e4chen (z.B. Innenw\u00e4nde) empfehlen wir die Verwendung einer einer Nylonrolle mit kurzen Borsten.<\/p>\n","protected":false},"featured_media":54831,"comment_status":"closed","ping_status":"closed","template":"","meta":[],"product_brand":[],"product_cat":[2772],"product_tag":[],"class_list":{"0":"post-58454","1":"product","2":"type-product","3":"status-publish","4":"has-post-thumbnail","6":"product_cat-narzedzia-de","7":"product_shipping_class-walek-de","9":"first","10":"instock","11":"taxable","12":"shipping-taxable","13":"purchasable","14":"product-type-simple"},"_links":{"self":[{"href":"https:\/\/fcom.pro\/de\/wp-json\/wp\/v2\/product\/58454","targetHints":{"allow":["GET"]}}],"collection":[{"href":"https:\/\/fcom.pro\/de\/wp-json\/wp\/v2\/product"}],"about":[{"href":"https:\/\/fcom.pro\/de\/wp-json\/wp\/v2\/types\/product"}],"replies":[{"embeddable":true,"href":"https:\/\/fcom.pro\/de\/wp-json\/wp\/v2\/comments?post=58454"}],"version-history":[{"count":0,"href":"https:\/\/fcom.pro\/de\/wp-json\/wp\/v2\/product\/58454\/revisions"}],"wp:featuredmedia":[{"embeddable":true,"href":"https:\/\/fcom.pro\/de\/wp-json\/wp\/v2\/media\/54831"}],"wp:attachment":[{"href":"https:\/\/fcom.pro\/de\/wp-json\/wp\/v2\/media?parent=58454"}],"wp:term":[{"taxonomy":"product_brand","embeddable":true,"href":"https:\/\/fcom.pro\/de\/wp-json\/wp\/v2\/product_brand?post=58454"},{"taxonomy":"product_cat","embeddable":true,"href":"https:\/\/fcom.pro\/de\/wp-json\/wp\/v2\/product_cat?post=58454"},{"taxonomy":"product_tag","embeddable":true,"href":"https:\/\/fcom.pro\/de\/wp-json\/wp\/v2\/product_tag?post=58454"}],"curies":[{"name":"wp","href":"https:\/\/api.w.org\/{rel}","templated":true}]}}