{"id":58444,"date":"2024-03-14T12:44:44","date_gmt":"2024-03-14T11:44:44","guid":{"rendered":"https:\/\/fcom.pro\/sklep\/grundierung-mit-nanosilber\/"},"modified":"2025-12-02T11:29:06","modified_gmt":"2025-12-02T10:29:06","slug":"grundierung-mit-nanosilber","status":"publish","type":"product","link":"https:\/\/fcom.pro\/de\/shop\/grundierung-mit-nanosilber\/","title":{"rendered":"Grundierung mit Nanosilber"},"content":{"rendered":"\t\t<div data-elementor-type=\"product-post\" data-elementor-id=\"58444\" class=\"elementor elementor-58444 elementor-33052\" data-elementor-post-type=\"product\">\n\t\t\t\t<div class=\"elementor-element elementor-element-1da2843 e-con-full content-wrapper e-flex e-con e-child\" data-id=\"1da2843\" data-element_type=\"container\" data-e-type=\"container\">\n\t\t<div class=\"elementor-element elementor-element-9435e66 e-con-full e-flex e-con e-child\" data-id=\"9435e66\" data-element_type=\"container\" data-e-type=\"container\">\n\t\t\t\t<div class=\"elementor-element elementor-element-cc028a8 elementor-widget elementor-widget-text-editor\" data-id=\"cc028a8\" data-element_type=\"widget\" data-e-type=\"widget\" data-widget_type=\"text-editor.default\">\n\t\t\t\t<div class=\"elementor-widget-container\">\n\t\t\t\t\t\t\t\t\tProfessionelle Grundierung <span style=\"font-weight: bolder; text-align: start;\">empfohlen f\u00fcr die Verwendung vor dem Auftragen von W\u00e4rmed\u00e4mmbeschichtungen<\/span> aus der GoTherm\u00ae- und AT Termo\u00ae-Reihe zu verwenden, wurde speziell entwickelt, um hervorragende Ergebnisse zu erzielen.\t\t\t\t\t\t\t\t<\/div>\n\t\t\t\t<\/div>\n\t\t\t\t<\/div>\n\t\t<div class=\"elementor-element elementor-element-587df40 e-flex e-con-boxed e-con e-child\" data-id=\"587df40\" data-element_type=\"container\" data-e-type=\"container\">\n\t\t\t\t\t<div class=\"e-con-inner\">\n\t\t\t\t<div class=\"elementor-element elementor-element-b855fa5 elementor-widget elementor-widget-heading\" data-id=\"b855fa5\" data-element_type=\"widget\" data-e-type=\"widget\" data-widget_type=\"heading.default\">\n\t\t\t\t<div class=\"elementor-widget-container\">\n\t\t\t\t\t<h2 class=\"elementor-heading-title elementor-size-default\">Anwendung<\/h2>\t\t\t\t<\/div>\n\t\t\t\t<\/div>\n\t\t<div class=\"elementor-element elementor-element-ac64851 e-con-full e-flex e-con e-child\" data-id=\"ac64851\" data-element_type=\"container\" data-e-type=\"container\">\n\t\t<div class=\"elementor-element elementor-element-f3f1faa e-con-full e-flex e-con e-child\" data-id=\"f3f1faa\" data-element_type=\"container\" data-e-type=\"container\">\n\t\t\t\t<div class=\"elementor-element elementor-element-362d23a elementor-widget elementor-widget-image\" data-id=\"362d23a\" data-element_type=\"widget\" data-e-type=\"widget\" data-widget_type=\"image.default\">\n\t\t\t\t<div class=\"elementor-widget-container\">\n\t\t\t\t\t\t\t\t\t\t\t\t\t\t\t<img loading=\"lazy\" decoding=\"async\" width=\"800\" height=\"800\" src=\"https:\/\/fcom.pro\/wp-content\/uploads\/2024\/03\/podklad-2L-1024x1024.jpg\" class=\"attachment-large size-large wp-image-55035\" alt=\"\" srcset=\"https:\/\/fcom.pro\/wp-content\/uploads\/2024\/03\/podklad-2L-1024x1024.jpg 1024w, https:\/\/fcom.pro\/wp-content\/uploads\/2024\/03\/podklad-2L-300x300.jpg 300w, https:\/\/fcom.pro\/wp-content\/uploads\/2024\/03\/podklad-2L-150x150.jpg 150w, https:\/\/fcom.pro\/wp-content\/uploads\/2024\/03\/podklad-2L-768x768.jpg 768w\" sizes=\"auto, (max-width: 800px) 100vw, 800px\" title=\"\">\t\t\t\t\t\t\t\t\t\t\t\t\t\t\t<\/div>\n\t\t\t\t<\/div>\n\t\t\t\t<\/div>\n\t\t<div class=\"elementor-element elementor-element-90946e5 e-con-full e-flex e-con e-child\" data-id=\"90946e5\" data-element_type=\"container\" data-e-type=\"container\">\n\t\t\t\t<div class=\"elementor-element elementor-element-ff5358e elementor-widget elementor-widget-text-editor\" data-id=\"ff5358e\" data-element_type=\"widget\" data-e-type=\"widget\" data-widget_type=\"text-editor.default\">\n\t\t\t\t<div class=\"elementor-widget-container\">\n\t\t\t\t\t\t\t\t\t<p>Dank seiner einzigartigen Formel, die mit Silbernanopartikeln angereichert ist, dieses Produkt <strong>verbessert nicht nur die Deckkraft intensiver Farben<\/strong>, sondern <strong>erh\u00f6ht auch die Widerstandsf\u00e4higkeit von Oberfl\u00e4chen gegen\u00fcber sch\u00e4dlichen Bakterien und Pilzen<\/strong>.<\/p><p>Diese Grundierung dient auch als <strong>Schutz f\u00fcr schwache und instabile Untergr\u00fcnde<\/strong> und <strong>erh\u00f6ht gleichzeitig die Haftung<\/strong> von Farben und W\u00e4rmed\u00e4mmstoffen. Sie ist ideal f\u00fcr Anwendungen <strong>im Innen- und Au\u00dfenbereich<\/strong>, da sie auf einer <strong>Vielzahl von Untergr\u00fcnden<\/strong> wie Zement, Zementkalk, Gips, Gipskarton und anderen angewendet werden kann. <\/p><p>Mit dieser Formulierung wird die Arbeit des Auftragens von W\u00e4rmed\u00e4mmungsbeschichtungen effizienter und langlebiger und bietet Schutz und W\u00e4rmed\u00e4mmung f\u00fcr viele Jahre.<\/p>\t\t\t\t\t\t\t\t<\/div>\n\t\t\t\t<\/div>\n\t\t\t\t<\/div>\n\t\t\t\t<\/div>\n\t\t\t\t\t<\/div>\n\t\t\t\t<\/div>\n\t\t<div class=\"elementor-element elementor-element-844edc9 e-con-full e-flex e-con e-child\" data-id=\"844edc9\" data-element_type=\"container\" data-e-type=\"container\">\n\t\t\t\t<div class=\"elementor-element elementor-element-1ff852c elementor-widget elementor-widget-heading\" data-id=\"1ff852c\" data-element_type=\"widget\" data-e-type=\"widget\" data-widget_type=\"heading.default\">\n\t\t\t\t<div class=\"elementor-widget-container\">\n\t\t\t\t\t<h2 class=\"elementor-heading-title elementor-size-default\">Anwendung<\/h2>\t\t\t\t<\/div>\n\t\t\t\t<\/div>\n\t\t\t\t<div class=\"elementor-element elementor-element-b36a425 elementor-widget elementor-widget-text-editor\" data-id=\"b36a425\" data-element_type=\"widget\" data-e-type=\"widget\" data-widget_type=\"text-editor.default\">\n\t\t\t\t<div class=\"elementor-widget-container\">\n\t\t\t\t\t\t\t\t\t<p>Die Anwendung sollte bei einer Umgebungs- und Untergrundtemperatur von mindestens +5\u00b0C erfolgen. Die Grundierung wird mit einer Rolle oder einem Pinsel auf <strong>einen trockenen, staub-, fett- und schmutzfreien Untergrund<\/strong> aufgetragen. Es wird empfohlen, das Produkt zweimal aufzutragen, ohne es zu verd\u00fcnnen, mit einer Trockenzeit von 2 Stunden zwischen den Anstrichen.  <\/p>\t\t\t\t\t\t\t\t<\/div>\n\t\t\t\t<\/div>\n\t\t\t\t<\/div>\n\t\t\t\t<\/div>\n\t\t\t\t<\/div>\n\t\t","protected":false},"excerpt":{"rendered":"<p>Professionelle Grundierung empfohlen f\u00fcr die Verwendung vor dem Auftragen von W\u00e4rmed\u00e4mmbeschichtungen aus der GoTherm\u00ae- und AT Termo\u00ae-Reihe zu verwenden, wurde speziell entwickelt, um hervorragende Ergebnisse zu erzielen. Anwendung Dank seiner einzigartigen Formel, die mit Silbernanopartikeln angereichert ist, dieses Produkt verbessert nicht nur die Deckkraft intensiver Farben, sondern erh\u00f6ht auch die Widerstandsf\u00e4higkeit von Oberfl\u00e4chen gegen\u00fcber sch\u00e4dlichen [&hellip;]<\/p>\n","protected":false},"featured_media":57168,"comment_status":"open","ping_status":"closed","template":"","meta":[],"product_brand":[],"product_cat":[2752],"product_tag":[],"class_list":{"0":"post-58444","1":"product","2":"type-product","3":"status-publish","4":"has-post-thumbnail","6":"product_cat-podklad-de","7":"product_shipping_class-2l-de","9":"first","10":"instock","11":"taxable","12":"shipping-taxable","13":"purchasable","14":"product-type-variable","15":"has-default-attributes"},"_links":{"self":[{"href":"https:\/\/fcom.pro\/de\/wp-json\/wp\/v2\/product\/58444","targetHints":{"allow":["GET"]}}],"collection":[{"href":"https:\/\/fcom.pro\/de\/wp-json\/wp\/v2\/product"}],"about":[{"href":"https:\/\/fcom.pro\/de\/wp-json\/wp\/v2\/types\/product"}],"replies":[{"embeddable":true,"href":"https:\/\/fcom.pro\/de\/wp-json\/wp\/v2\/comments?post=58444"}],"version-history":[{"count":0,"href":"https:\/\/fcom.pro\/de\/wp-json\/wp\/v2\/product\/58444\/revisions"}],"wp:featuredmedia":[{"embeddable":true,"href":"https:\/\/fcom.pro\/de\/wp-json\/wp\/v2\/media\/57168"}],"wp:attachment":[{"href":"https:\/\/fcom.pro\/de\/wp-json\/wp\/v2\/media?parent=58444"}],"wp:term":[{"taxonomy":"product_brand","embeddable":true,"href":"https:\/\/fcom.pro\/de\/wp-json\/wp\/v2\/product_brand?post=58444"},{"taxonomy":"product_cat","embeddable":true,"href":"https:\/\/fcom.pro\/de\/wp-json\/wp\/v2\/product_cat?post=58444"},{"taxonomy":"product_tag","embeddable":true,"href":"https:\/\/fcom.pro\/de\/wp-json\/wp\/v2\/product_tag?post=58444"}],"curies":[{"name":"wp","href":"https:\/\/api.w.org\/{rel}","templated":true}]}}