{"id":57496,"date":"2024-03-15T11:57:12","date_gmt":"2024-03-15T10:57:12","guid":{"rendered":"https:\/\/fcom.pro\/produkte\/grundierung-mit-nanosilber\/"},"modified":"2025-09-10T15:36:24","modified_gmt":"2025-09-10T13:36:24","slug":"grundierung-mit-nanosilber","status":"publish","type":"page","link":"https:\/\/fcom.pro\/de\/produkte\/grundierung-mit-nanosilber\/","title":{"rendered":"Grundierung mit Nanosilber"},"content":{"rendered":"\t\t<div data-elementor-type=\"wp-page\" data-elementor-id=\"57496\" class=\"elementor elementor-57496 elementor-33116\" data-elementor-post-type=\"page\">\n\t\t\t\t<div class=\"elementor-element elementor-element-732de99 e-con-full e-flex e-con e-parent\" data-id=\"732de99\" data-element_type=\"container\" data-e-type=\"container\" id=\"particles-js\" data-settings=\"{&quot;background_background&quot;:&quot;classic&quot;}\">\n\t\t<div class=\"elementor-element elementor-element-e80895c e-con-full e-flex e-con e-child\" data-id=\"e80895c\" data-element_type=\"container\" data-e-type=\"container\" id=\"particles-js\">\n\t\t<div class=\"elementor-element elementor-element-663341f e-con-full e-flex e-con e-child\" data-id=\"663341f\" data-element_type=\"container\" data-e-type=\"container\">\n\t\t<div class=\"elementor-element elementor-element-5482a1b e-con-full elementor-hidden-mobile e-flex e-con e-child\" data-id=\"5482a1b\" data-element_type=\"container\" data-e-type=\"container\">\n\t\t\t\t<div class=\"elementor-element elementor-element-bc952f1 elementor-align-justify elementor-mobile-align-left return-button elementor-widget elementor-widget-button\" data-id=\"bc952f1\" data-element_type=\"widget\" data-e-type=\"widget\" data-widget_type=\"button.default\">\n\t\t\t\t<div class=\"elementor-widget-container\">\n\t\t\t\t\t\t\t\t\t<div class=\"elementor-button-wrapper\">\n\t\t\t\t\t<a class=\"elementor-button elementor-button-link elementor-size-sm\" href=\"https:\/\/fcom.pro\/de\/produkte\/\">\n\t\t\t\t\t\t<span class=\"elementor-button-content-wrapper\">\n\t\t\t\t\t\t<span class=\"elementor-button-icon\">\n\t\t\t\t<svg aria-hidden=\"true\" class=\"e-font-icon-svg e-fas-arrow-left\" viewBox=\"0 0 448 512\" xmlns=\"http:\/\/www.w3.org\/2000\/svg\"><path d=\"M257.5 445.1l-22.2 22.2c-9.4 9.4-24.6 9.4-33.9 0L7 273c-9.4-9.4-9.4-24.6 0-33.9L201.4 44.7c9.4-9.4 24.6-9.4 33.9 0l22.2 22.2c9.5 9.5 9.3 25-.4 34.3L136.6 216H424c13.3 0 24 10.7 24 24v32c0 13.3-10.7 24-24 24H136.6l120.5 114.8c9.8 9.3 10 24.8.4 34.3z\"><\/path><\/svg>\t\t\t<\/span>\n\t\t\t\t\t\t\t\t\t<span class=\"elementor-button-text\"> Zur\u00fcck<\/span>\n\t\t\t\t\t<\/span>\n\t\t\t\t\t<\/a>\n\t\t\t\t<\/div>\n\t\t\t\t\t\t\t\t<\/div>\n\t\t\t\t<\/div>\n\t\t\t\t<\/div>\n\t\t<div class=\"elementor-element elementor-element-ad94588 e-con-full e-flex e-con e-child\" data-id=\"ad94588\" data-element_type=\"container\" data-e-type=\"container\">\n\t\t\t\t<div class=\"elementor-element elementor-element-9960cf1 elementor-invisible elementor-widget elementor-widget-heading\" data-id=\"9960cf1\" data-element_type=\"widget\" data-e-type=\"widget\" data-settings=\"{&quot;_animation&quot;:&quot;fadeInUp&quot;}\" data-widget_type=\"heading.default\">\n\t\t\t\t<div class=\"elementor-widget-container\">\n\t\t\t\t\t<h1 class=\"elementor-heading-title elementor-size-default\">Grundierung<\/h1>\t\t\t\t<\/div>\n\t\t\t\t<\/div>\n\t\t\t\t<div class=\"elementor-element elementor-element-c812b7f elementor-invisible elementor-widget elementor-widget-heading\" data-id=\"c812b7f\" data-element_type=\"widget\" data-e-type=\"widget\" data-settings=\"{&quot;_animation&quot;:&quot;fadeInUp&quot;}\" data-widget_type=\"heading.default\">\n\t\t\t\t<div class=\"elementor-widget-container\">\n\t\t\t\t\t<h2 class=\"elementor-heading-title elementor-size-default\">mit Nanosilber<\/h2>\t\t\t\t<\/div>\n\t\t\t\t<\/div>\n\t\t\t\t<\/div>\n\t\t\t\t<\/div>\n\t\t\t\t<div class=\"elementor-element elementor-element-52ae940 elementor-absolute elementor-invisible elementor-widget elementor-widget-html\" data-id=\"52ae940\" data-element_type=\"widget\" data-e-type=\"widget\" data-settings=\"{&quot;motion_fx_motion_fx_scrolling&quot;:&quot;yes&quot;,&quot;motion_fx_opacity_effect&quot;:&quot;yes&quot;,&quot;motion_fx_opacity_direction&quot;:&quot;in-out&quot;,&quot;_position&quot;:&quot;absolute&quot;,&quot;motion_fx_opacity_range&quot;:{&quot;unit&quot;:&quot;%&quot;,&quot;size&quot;:&quot;&quot;,&quot;sizes&quot;:{&quot;start&quot;:0,&quot;end&quot;:30}},&quot;_animation&quot;:&quot;fadeInUp&quot;,&quot;motion_fx_opacity_level&quot;:{&quot;unit&quot;:&quot;px&quot;,&quot;size&quot;:10,&quot;sizes&quot;:[]},&quot;motion_fx_devices&quot;:[&quot;desktop&quot;,&quot;tablet&quot;,&quot;mobile&quot;]}\" data-widget_type=\"html.default\">\n\t\t\t\t<div class=\"elementor-widget-container\">\n\t\t\t\t\t<a href=\"#scroll\">\r\n    <lottie-player autoplay=\"\" loop=\"\" mode=\"normal\" src=\"https:\/\/fcom.pro\/wp-content\/uploads\/2023\/05\/arrow_scroll.json\" style=\"width: 80px;\">\r\n    <\/lottie-player>\r\n<\/a>\t\t\t\t<\/div>\n\t\t\t\t<\/div>\n\t\t\t\t<\/div>\n\t\t\t\t<\/div>\n\t\t<section class=\"elementor-element elementor-element-649477d section-indicator section--bg section--bright e-flex e-con-boxed e-con e-parent\" data-id=\"649477d\" data-element_type=\"container\" data-e-type=\"container\">\n\t\t\t\t\t<div class=\"e-con-inner\">\n\t\t<div class=\"elementor-element elementor-element-cc27a6e e-con-full oval-wrapper e-flex e-con e-child\" data-id=\"cc27a6e\" data-element_type=\"container\" data-e-type=\"container\" data-settings=\"{&quot;background_background&quot;:&quot;classic&quot;,&quot;motion_fx_motion_fx_scrolling&quot;:&quot;yes&quot;,&quot;motion_fx_scale_effect&quot;:&quot;yes&quot;,&quot;motion_fx_scale_speed&quot;:{&quot;unit&quot;:&quot;px&quot;,&quot;size&quot;:15,&quot;sizes&quot;:[]},&quot;motion_fx_scale_range&quot;:{&quot;unit&quot;:&quot;%&quot;,&quot;size&quot;:&quot;&quot;,&quot;sizes&quot;:{&quot;start&quot;:0,&quot;end&quot;:11}},&quot;position&quot;:&quot;absolute&quot;,&quot;motion_fx_scale_direction&quot;:&quot;out-in&quot;,&quot;motion_fx_devices&quot;:[&quot;desktop&quot;,&quot;tablet&quot;,&quot;mobile&quot;]}\">\n\t\t\t\t<\/div>\n\t\t<div class=\"elementor-element elementor-element-9243567 e-con-full content-wrapper e-flex e-con e-child\" data-id=\"9243567\" data-element_type=\"container\" data-e-type=\"container\">\n\t\t<div class=\"elementor-element elementor-element-26327c5 e-con-full e-flex e-con e-child\" data-id=\"26327c5\" data-element_type=\"container\" data-e-type=\"container\">\n\t\t\t\t<div class=\"elementor-element elementor-element-8898aa3 elementor-widget elementor-widget-text-editor\" data-id=\"8898aa3\" data-element_type=\"widget\" data-e-type=\"widget\" data-widget_type=\"text-editor.default\">\n\t\t\t\t<div class=\"elementor-widget-container\">\n\t\t\t\t\t\t\t\t\t<p><span style=\"text-align: start;\">Professionelle Grundierung <\/span><span style=\"font-weight: bolder; text-align: start;\">empfohlen f\u00fcr die Verwendung vor dem Auftragen von W\u00e4rmed\u00e4mmbeschichtungen<\/span><span style=\"text-align: start;\"> aus der GoTherm\u00ae- und AT Termo\u00ae-Reihe zu verwenden, wurde speziell entwickelt, um hervorragende Ergebnisse zu erzielen.<\/span><\/p>\t\t\t\t\t\t\t\t<\/div>\n\t\t\t\t<\/div>\n\t\t\t\t<\/div>\n\t\t<div class=\"elementor-element elementor-element-2f73a55 e-flex e-con-boxed e-con e-child\" data-id=\"2f73a55\" data-element_type=\"container\" data-e-type=\"container\">\n\t\t\t\t\t<div class=\"e-con-inner\">\n\t\t\t\t<div class=\"elementor-element elementor-element-66f0c5f elementor-widget elementor-widget-heading\" data-id=\"66f0c5f\" data-element_type=\"widget\" data-e-type=\"widget\" data-widget_type=\"heading.default\">\n\t\t\t\t<div class=\"elementor-widget-container\">\n\t\t\t\t\t<h2 class=\"elementor-heading-title elementor-size-default\">Anwendung<\/h2>\t\t\t\t<\/div>\n\t\t\t\t<\/div>\n\t\t\t\t<div class=\"elementor-element elementor-element-da28624 elementor-widget elementor-widget-image\" data-id=\"da28624\" data-element_type=\"widget\" data-e-type=\"widget\" data-widget_type=\"image.default\">\n\t\t\t\t<div class=\"elementor-widget-container\">\n\t\t\t\t\t\t\t\t\t\t\t\t\t\t\t<img loading=\"lazy\" decoding=\"async\" width=\"800\" height=\"800\" src=\"https:\/\/fcom.pro\/wp-content\/uploads\/2024\/03\/podklad-2L-1024x1024.jpg\" class=\"attachment-large size-large wp-image-55035\" alt=\"\" srcset=\"https:\/\/fcom.pro\/wp-content\/uploads\/2024\/03\/podklad-2L-1024x1024.jpg 1024w, https:\/\/fcom.pro\/wp-content\/uploads\/2024\/03\/podklad-2L-300x300.jpg 300w, https:\/\/fcom.pro\/wp-content\/uploads\/2024\/03\/podklad-2L-150x150.jpg 150w, https:\/\/fcom.pro\/wp-content\/uploads\/2024\/03\/podklad-2L-768x768.jpg 768w\" sizes=\"auto, (max-width: 800px) 100vw, 800px\" title=\"\">\t\t\t\t\t\t\t\t\t\t\t\t\t\t\t<\/div>\n\t\t\t\t<\/div>\n\t\t\t\t<div class=\"elementor-element elementor-element-16d507c elementor-widget elementor-widget-text-editor\" data-id=\"16d507c\" data-element_type=\"widget\" data-e-type=\"widget\" data-widget_type=\"text-editor.default\">\n\t\t\t\t<div class=\"elementor-widget-container\">\n\t\t\t\t\t\t\t\t\t<p>Dank seiner einzigartigen Formel, die mit Silbernanopartikeln angereichert ist, dieses Produkt <strong>verbessert nicht nur die Deckkraft intensiver Farben<\/strong>, sondern <strong>erh\u00f6ht auch die Widerstandsf\u00e4higkeit von Oberfl\u00e4chen gegen\u00fcber sch\u00e4dlichen Bakterien und Pilzen<\/strong>.<\/p><p>Diese Grundierung dient auch als <strong>Schutz f\u00fcr schwache und instabile Untergr\u00fcnde<\/strong> und <strong>erh\u00f6ht gleichzeitig die Haftung<\/strong> von Farben und W\u00e4rmed\u00e4mmstoffen. Sie ist ideal f\u00fcr Anwendungen <strong>im Innen- und Au\u00dfenbereich<\/strong>, da sie auf einer <strong>Vielzahl von Untergr\u00fcnden<\/strong> wie Zement, Zementkalk, Gips, Gipskarton und anderen angewendet werden kann. <\/p><p>Mit dieser Formulierung wird die Arbeit des Auftragens von W\u00e4rmed\u00e4mmungsbeschichtungen effizienter und langlebiger und bietet Schutz und W\u00e4rmed\u00e4mmung f\u00fcr viele Jahre.<\/p>\t\t\t\t\t\t\t\t<\/div>\n\t\t\t\t<\/div>\n\t\t\t\t\t<\/div>\n\t\t\t\t<\/div>\n\t\t<div class=\"elementor-element elementor-element-77227b4 e-con-full e-flex e-con e-child\" data-id=\"77227b4\" data-element_type=\"container\" data-e-type=\"container\">\n\t\t\t\t<div class=\"elementor-element elementor-element-861ca17 elementor-widget elementor-widget-heading\" data-id=\"861ca17\" data-element_type=\"widget\" data-e-type=\"widget\" data-widget_type=\"heading.default\">\n\t\t\t\t<div class=\"elementor-widget-container\">\n\t\t\t\t\t<h2 class=\"elementor-heading-title elementor-size-default\">Anwendung<\/h2>\t\t\t\t<\/div>\n\t\t\t\t<\/div>\n\t\t\t\t<div class=\"elementor-element elementor-element-3511b18 elementor-widget elementor-widget-text-editor\" data-id=\"3511b18\" data-element_type=\"widget\" data-e-type=\"widget\" data-widget_type=\"text-editor.default\">\n\t\t\t\t<div class=\"elementor-widget-container\">\n\t\t\t\t\t\t\t\t\t<p>Die Anwendung sollte bei einer Umgebungs- und Untergrundtemperatur von mindestens +5\u00b0C erfolgen. Die Grundierung wird mit einer Rolle oder einem Pinsel auf <strong>einen trockenen, staub-, fett- und schmutzfreien Untergrund<\/strong> aufgetragen. Es wird empfohlen, das Produkt zweimal aufzutragen, ohne es zu verd\u00fcnnen, mit einer Trockenzeit von 2 Stunden zwischen den Anstrichen.  <\/p>\t\t\t\t\t\t\t\t<\/div>\n\t\t\t\t<\/div>\n\t\t\t\t<\/div>\n\t\t<div class=\"elementor-element elementor-element-e73c80a e-con-full e-flex e-con e-child\" data-id=\"e73c80a\" data-element_type=\"container\" data-e-type=\"container\">\n\t\t<div class=\"elementor-element elementor-element-5b73511 e-con-full e-flex e-con e-child\" data-id=\"5b73511\" data-element_type=\"container\" data-e-type=\"container\">\n\t\t\t\t<div class=\"elementor-element elementor-element-75b1479 elementor-align-center elementor-widget elementor-widget-button\" data-id=\"75b1479\" data-element_type=\"widget\" data-e-type=\"widget\" data-widget_type=\"button.default\">\n\t\t\t\t<div class=\"elementor-widget-container\">\n\t\t\t\t\t\t\t\t\t<div class=\"elementor-button-wrapper\">\n\t\t\t\t\t<a class=\"elementor-button elementor-button-link elementor-size-sm\" href=\"https:\/\/fcom.pro\/de\/shop\/\">\n\t\t\t\t\t\t<span class=\"elementor-button-content-wrapper\">\n\t\t\t\t\t\t<span class=\"elementor-button-icon\">\n\t\t\t\t<i aria-hidden=\"true\" class=\"icon icon-shopping-cart-2\"><\/i>\t\t\t<\/span>\n\t\t\t\t\t\t\t\t\t<span class=\"elementor-button-text\">Im e-shop kaufen<\/span>\n\t\t\t\t\t<\/span>\n\t\t\t\t\t<\/a>\n\t\t\t\t<\/div>\n\t\t\t\t\t\t\t\t<\/div>\n\t\t\t\t<\/div>\n\t\t\t\t<\/div>\n\t\t\t\t<\/div>\n\t\t\t\t<div class=\"elementor-element elementor-element-1e2a143 elementor-widget elementor-widget-template\" data-id=\"1e2a143\" data-element_type=\"widget\" data-e-type=\"widget\" data-widget_type=\"template.default\">\n\t\t\t\t<div class=\"elementor-widget-container\">\n\t\t\t\t\t\t\t<div class=\"elementor-template\">\n\t\t\t\t\t<div data-elementor-type=\"container\" data-elementor-id=\"60875\" class=\"elementor elementor-60875 elementor-60798\" data-elementor-post-type=\"elementor_library\">\n\t\t\t\t<div class=\"elementor-element elementor-element-c2e2974 e-con-full e-flex e-con e-child\" data-id=\"c2e2974\" data-element_type=\"container\" data-e-type=\"container\">\n\t\t\t\t<div class=\"elementor-element elementor-element-3f2057a elementor-invisible elementor-widget elementor-widget-heading\" data-id=\"3f2057a\" data-element_type=\"widget\" data-e-type=\"widget\" data-settings=\"{&quot;_animation&quot;:&quot;fadeInUp&quot;}\" data-widget_type=\"heading.default\">\n\t\t\t\t<div class=\"elementor-widget-container\">\n\t\t\t\t\t<h2 class=\"elementor-heading-title elementor-size-default\">Technische Daten<\/h2>\t\t\t\t<\/div>\n\t\t\t\t<\/div>\n\t\t<div class=\"elementor-element elementor-element-d239485 e-con-full e-flex e-con e-child\" data-id=\"d239485\" data-element_type=\"container\" data-e-type=\"container\">\n\t\t\t\t<div class=\"elementor-element elementor-element-3bdc5ba elementor-invisible elementor-widget elementor-widget-text-editor\" data-id=\"3bdc5ba\" data-element_type=\"widget\" data-e-type=\"widget\" data-settings=\"{&quot;_animation&quot;:&quot;fadeInUp&quot;,&quot;motion_fx_motion_fx_scrolling&quot;:&quot;yes&quot;,&quot;motion_fx_opacity_effect&quot;:&quot;yes&quot;,&quot;motion_fx_opacity_direction&quot;:&quot;in-out&quot;,&quot;motion_fx_opacity_range&quot;:{&quot;unit&quot;:&quot;%&quot;,&quot;size&quot;:&quot;&quot;,&quot;sizes&quot;:{&quot;start&quot;:70,&quot;end&quot;:90}},&quot;motion_fx_opacity_level&quot;:{&quot;unit&quot;:&quot;px&quot;,&quot;size&quot;:10,&quot;sizes&quot;:[]},&quot;motion_fx_devices&quot;:[&quot;desktop&quot;,&quot;tablet&quot;,&quot;mobile&quot;]}\" data-widget_type=\"text-editor.default\">\n\t\t\t\t<div class=\"elementor-widget-container\">\n\t\t\t\t\t\t\t\t\t<table class=\"mobile-table\">\n<tbody>\n<tr>\n<td style=\"text-align: left;\"><strong>Verpackung<\/strong><\/td>\n<td>2L, 5L<\/td>\n<\/tr>\n<tr>\n<td style=\"text-align: left;\"><strong>Leistung<\/strong><\/td>\n<td>10m<sup>2<\/sup>\/L(abh\u00e4ngig von der Oberfl\u00e4chenabsorption)<\/td>\n<\/tr>\n<tr>\n<td style=\"text-align: left;\"><strong>Trocknungszeit<\/strong><\/td>\n<td>2 Stunden<\/td>\n<\/tr>\n<tr>\n<td style=\"text-align: left;\"><strong>Anwendung<\/strong><\/td>\n<td>Verbessert die Deckkraft von intensiven Farben,\nerh\u00f6ht die Widerstandsf\u00e4higkeit von Oberfl\u00e4chen gegen\u00fcber Bakterien und Pilzen<\/td>\n<\/tr>\n<tr>\n<td style=\"text-align: left;\"><strong>Methode der Anwendung<\/strong><\/td>\n<td>Pinsel, Rolle<\/td>\n<\/tr>\n<\/tbody>\n<\/table>\n<table class=\"pc-table\">\n<tbody>\n<tr>\n<td style=\"text-align: left;\"><strong>Verpackung<\/strong><\/td>\n<td>2L, 5L<\/td>\n<\/tr>\n<tr>\n<td style=\"text-align: left;\"><strong>Leistung<\/strong><\/td>\n<td>10m<sup>2<\/sup>\/L(abh\u00e4ngig von der Oberfl\u00e4chenabsorption)<\/td>\n<\/tr>\n<tr>\n<td style=\"text-align: left;\"><strong>Trocknungszeit<\/strong><\/td>\n<td>2 Stunden<\/td>\n<\/tr>\n<tr>\n<td style=\"text-align: left;\"><strong>Anwendung<\/strong><\/td>\n<td>Verbessert die Deckkraft von intensiven Farben,\nerh\u00f6ht die Widerstandsf\u00e4higkeit von Oberfl\u00e4chen gegen\u00fcber Bakterien und Pilzen<\/td>\n<\/tr>\n<tr>\n<td style=\"text-align: left;\"><strong>Methode der Anwendung<\/strong><\/td>\n<td>Pinsel, Rolle<\/td>\n<\/tr>\n<\/tbody>\n<\/table>\t\t\t\t\t\t\t\t<\/div>\n\t\t\t\t<\/div>\n\t\t\t\t<\/div>\n\t\t\t\t<\/div>\n\t\t\t\t<\/div>\n\t\t\t\t<\/div>\n\t\t\t\t\t\t<\/div>\n\t\t\t\t<\/div>\n\t\t\t\t<div class=\"elementor-element elementor-element-1235900 elementor-widget elementor-widget-template\" data-id=\"1235900\" data-element_type=\"widget\" data-e-type=\"widget\" data-widget_type=\"template.default\">\n\t\t\t\t<div class=\"elementor-widget-container\">\n\t\t\t\t\t\t\t<div class=\"elementor-template\">\n\t\t\t\t\t<div data-elementor-type=\"container\" data-elementor-id=\"60778\" class=\"elementor elementor-60778 elementor-60768\" data-elementor-post-type=\"elementor_library\">\n\t\t\t\t<div class=\"elementor-element elementor-element-a7c4505 e-con-full e-flex e-con e-child\" data-id=\"a7c4505\" data-element_type=\"container\" data-e-type=\"container\">\n\t\t\t\t<div class=\"elementor-element elementor-element-3ae4c39 elementor-invisible elementor-widget elementor-widget-heading\" data-id=\"3ae4c39\" data-element_type=\"widget\" data-e-type=\"widget\" data-settings=\"{&quot;_animation&quot;:&quot;fadeInUp&quot;}\" data-widget_type=\"heading.default\">\n\t\t\t\t<div class=\"elementor-widget-container\">\n\t\t\t\t\t<h2 class=\"elementor-heading-title elementor-size-default\">Dokumente<\/h2>\t\t\t\t<\/div>\n\t\t\t\t<\/div>\n\t\t\t\t<div class=\"elementor-element elementor-element-b291412 elementor-widget elementor-widget-button\" data-id=\"b291412\" data-element_type=\"widget\" data-e-type=\"widget\" data-widget_type=\"button.default\">\n\t\t\t\t<div class=\"elementor-widget-container\">\n\t\t\t\t\t\t\t\t\t<div class=\"elementor-button-wrapper\">\n\t\t\t\t\t<a class=\"elementor-button elementor-button-link elementor-size-sm\" href=\"https:\/\/fcom.pro\/wp-content\/uploads\/2025\/09\/SDB-Base-DE.pdf\" target=\"_blank\">\n\t\t\t\t\t\t<span class=\"elementor-button-content-wrapper\">\n\t\t\t\t\t\t\t\t\t<span class=\"elementor-button-text\">Sicherheitsdatenblatt<\/span>\n\t\t\t\t\t<\/span>\n\t\t\t\t\t<\/a>\n\t\t\t\t<\/div>\n\t\t\t\t\t\t\t\t<\/div>\n\t\t\t\t<\/div>\n\t\t\t\t<\/div>\n\t\t\t\t<\/div>\n\t\t\t\t<\/div>\n\t\t\t\t\t\t<\/div>\n\t\t\t\t<\/div>\n\t\t\t\t<\/div>\n\t\t\t\t\t<\/div>\n\t\t\t\t<\/section>\n\t\t<div class=\"elementor-element elementor-element-20b7005 e-flex e-con-boxed e-con e-parent\" data-id=\"20b7005\" data-element_type=\"container\" data-e-type=\"container\">\n\t\t\t\t\t<div class=\"e-con-inner\">\n\t\t\t\t<div class=\"elementor-element elementor-element-2d5c3ed elementor-align-center elementor-widget elementor-widget-button\" data-id=\"2d5c3ed\" data-element_type=\"widget\" data-e-type=\"widget\" data-widget_type=\"button.default\">\n\t\t\t\t<div class=\"elementor-widget-container\">\n\t\t\t\t\t\t\t\t\t<div class=\"elementor-button-wrapper\">\n\t\t\t\t\t<a class=\"elementor-button elementor-button-link elementor-size-sm\" href=\"https:\/\/fcom.pro\/de\/produkte\/\">\n\t\t\t\t\t\t<span class=\"elementor-button-content-wrapper\">\n\t\t\t\t\t\t\t\t\t<span class=\"elementor-button-text\">Zur\u00fcck zu den Produkten<\/span>\n\t\t\t\t\t<\/span>\n\t\t\t\t\t<\/a>\n\t\t\t\t<\/div>\n\t\t\t\t\t\t\t\t<\/div>\n\t\t\t\t<\/div>\n\t\t\t\t\t<\/div>\n\t\t\t\t<\/div>\n\t\t\t\t<\/div>\n\t\t","protected":false},"excerpt":{"rendered":"<p>Zur\u00fcck Grundierung mit Nanosilber Professionelle Grundierung empfohlen f\u00fcr die Verwendung vor dem Auftragen von W\u00e4rmed\u00e4mmbeschichtungen aus der GoTherm\u00ae- und AT Termo\u00ae-Reihe zu verwenden, wurde speziell entwickelt, um hervorragende Ergebnisse zu erzielen. Anwendung Dank seiner einzigartigen Formel, die mit Silbernanopartikeln angereichert ist, dieses Produkt verbessert nicht nur die Deckkraft intensiver Farben, sondern erh\u00f6ht auch die Widerstandsf\u00e4higkeit [&hellip;]<\/p>\n","protected":false},"author":1,"featured_media":0,"parent":57474,"menu_order":0,"comment_status":"closed","ping_status":"closed","template":"","meta":{"footnotes":""},"class_list":["post-57496","page","type-page","status-publish","hentry"],"_links":{"self":[{"href":"https:\/\/fcom.pro\/de\/wp-json\/wp\/v2\/pages\/57496","targetHints":{"allow":["GET"]}}],"collection":[{"href":"https:\/\/fcom.pro\/de\/wp-json\/wp\/v2\/pages"}],"about":[{"href":"https:\/\/fcom.pro\/de\/wp-json\/wp\/v2\/types\/page"}],"author":[{"embeddable":true,"href":"https:\/\/fcom.pro\/de\/wp-json\/wp\/v2\/users\/1"}],"replies":[{"embeddable":true,"href":"https:\/\/fcom.pro\/de\/wp-json\/wp\/v2\/comments?post=57496"}],"version-history":[{"count":0,"href":"https:\/\/fcom.pro\/de\/wp-json\/wp\/v2\/pages\/57496\/revisions"}],"up":[{"embeddable":true,"href":"https:\/\/fcom.pro\/de\/wp-json\/wp\/v2\/pages\/57474"}],"wp:attachment":[{"href":"https:\/\/fcom.pro\/de\/wp-json\/wp\/v2\/media?parent=57496"}],"curies":[{"name":"wp","href":"https:\/\/api.w.org\/{rel}","templated":true}]}}