{"id":57441,"date":"2023-06-01T21:30:57","date_gmt":"2023-06-01T19:30:57","guid":{"rendered":"https:\/\/fcom.pro\/wie-funktioniert-das\/"},"modified":"2025-06-04T14:30:00","modified_gmt":"2025-06-04T12:30:00","slug":"wie-funktioniert-das","status":"publish","type":"page","link":"https:\/\/fcom.pro\/de\/produkte\/wie-funktioniert-das\/","title":{"rendered":"Wie funktioniert das?"},"content":{"rendered":"\t\t<div data-elementor-type=\"wp-page\" data-elementor-id=\"57441\" class=\"elementor elementor-57441 elementor-19331\" data-elementor-post-type=\"page\">\n\t\t\t\t<div class=\"elementor-element elementor-element-f17f66c e-con-full e-flex e-con e-parent\" data-id=\"f17f66c\" data-element_type=\"container\" data-e-type=\"container\" id=\"particles-js\" data-settings=\"{&quot;background_background&quot;:&quot;classic&quot;}\">\n\t\t<div class=\"elementor-element elementor-element-6c02cd2 e-con-full e-flex e-con e-child\" data-id=\"6c02cd2\" data-element_type=\"container\" data-e-type=\"container\">\n\t\t<div class=\"elementor-element elementor-element-02797d3 e-con-full e-flex e-con e-child\" data-id=\"02797d3\" data-element_type=\"container\" data-e-type=\"container\">\n\t\t<div class=\"elementor-element elementor-element-3def7fb e-con-full elementor-hidden-mobile e-flex e-con e-child\" data-id=\"3def7fb\" data-element_type=\"container\" data-e-type=\"container\">\n\t\t\t\t<div class=\"elementor-element elementor-element-8cba09b elementor-align-justify elementor-mobile-align-left return-button elementor-widget elementor-widget-button\" data-id=\"8cba09b\" data-element_type=\"widget\" data-e-type=\"widget\" data-widget_type=\"button.default\">\n\t\t\t\t<div class=\"elementor-widget-container\">\n\t\t\t\t\t\t\t\t\t<div class=\"elementor-button-wrapper\">\n\t\t\t\t\t<a class=\"elementor-button elementor-button-link elementor-size-sm\" href=\"https:\/\/fcom.pro\/de\/produkte\/\">\n\t\t\t\t\t\t<span class=\"elementor-button-content-wrapper\">\n\t\t\t\t\t\t<span class=\"elementor-button-icon\">\n\t\t\t\t<svg aria-hidden=\"true\" class=\"e-font-icon-svg e-fas-arrow-left\" viewBox=\"0 0 448 512\" xmlns=\"http:\/\/www.w3.org\/2000\/svg\"><path d=\"M257.5 445.1l-22.2 22.2c-9.4 9.4-24.6 9.4-33.9 0L7 273c-9.4-9.4-9.4-24.6 0-33.9L201.4 44.7c9.4-9.4 24.6-9.4 33.9 0l22.2 22.2c9.5 9.5 9.3 25-.4 34.3L136.6 216H424c13.3 0 24 10.7 24 24v32c0 13.3-10.7 24-24 24H136.6l120.5 114.8c9.8 9.3 10 24.8.4 34.3z\"><\/path><\/svg>\t\t\t<\/span>\n\t\t\t\t\t\t\t\t\t<span class=\"elementor-button-text\"> Zur\u00fcck<\/span>\n\t\t\t\t\t<\/span>\n\t\t\t\t\t<\/a>\n\t\t\t\t<\/div>\n\t\t\t\t\t\t\t\t<\/div>\n\t\t\t\t<\/div>\n\t\t\t\t<\/div>\n\t\t<div class=\"elementor-element elementor-element-e0360ef e-con-full e-flex e-con e-child\" data-id=\"e0360ef\" data-element_type=\"container\" data-e-type=\"container\">\n\t\t\t\t<div class=\"elementor-element elementor-element-a559805 elementor-invisible elementor-widget elementor-widget-heading\" data-id=\"a559805\" data-element_type=\"widget\" data-e-type=\"widget\" data-settings=\"{&quot;_animation&quot;:&quot;fadeInUp&quot;}\" data-widget_type=\"heading.default\">\n\t\t\t\t<div class=\"elementor-widget-container\">\n\t\t\t\t\t<h1 class=\"elementor-heading-title elementor-size-default\">Wie funktioniert das?<\/h1>\t\t\t\t<\/div>\n\t\t\t\t<\/div>\n\t\t\t\t<div class=\"elementor-element elementor-element-8f84ff9 elementor-invisible elementor-widget elementor-widget-heading\" data-id=\"8f84ff9\" data-element_type=\"widget\" data-e-type=\"widget\" data-settings=\"{&quot;_animation&quot;:&quot;fadeInUp&quot;}\" data-widget_type=\"heading.default\">\n\t\t\t\t<div class=\"elementor-widget-container\">\n\t\t\t\t\t<h2 class=\"elementor-heading-title elementor-size-default\">W\u00e4rmed\u00e4mmende Beschichtung<\/h2>\t\t\t\t<\/div>\n\t\t\t\t<\/div>\n\t\t\t\t<\/div>\n\t\t\t\t<\/div>\n\t\t\t\t<div class=\"elementor-element elementor-element-de9c41e elementor-absolute elementor-invisible elementor-widget elementor-widget-html\" data-id=\"de9c41e\" data-element_type=\"widget\" data-e-type=\"widget\" data-settings=\"{&quot;motion_fx_motion_fx_scrolling&quot;:&quot;yes&quot;,&quot;motion_fx_opacity_effect&quot;:&quot;yes&quot;,&quot;motion_fx_opacity_direction&quot;:&quot;in-out&quot;,&quot;_position&quot;:&quot;absolute&quot;,&quot;motion_fx_opacity_range&quot;:{&quot;unit&quot;:&quot;%&quot;,&quot;size&quot;:&quot;&quot;,&quot;sizes&quot;:{&quot;start&quot;:0,&quot;end&quot;:30}},&quot;_animation&quot;:&quot;fadeInUp&quot;,&quot;motion_fx_opacity_level&quot;:{&quot;unit&quot;:&quot;px&quot;,&quot;size&quot;:10,&quot;sizes&quot;:[]},&quot;motion_fx_devices&quot;:[&quot;desktop&quot;,&quot;tablet&quot;,&quot;mobile&quot;]}\" data-widget_type=\"html.default\">\n\t\t\t\t<div class=\"elementor-widget-container\">\n\t\t\t\t\t<a href=\"#scroll\">\r\n    <lottie-player autoplay=\"\" loop=\"\" mode=\"normal\" src=\"https:\/\/fcom.pro\/wp-content\/uploads\/2023\/05\/arrow_scroll.json\" style=\"width: 80px;\">\r\n    <\/lottie-player>\r\n<\/a>\t\t\t\t<\/div>\n\t\t\t\t<\/div>\n\t\t\t\t<\/div>\n\t\t\t\t<\/div>\n\t\t<section class=\"elementor-element elementor-element-222eb6c section--bg section--bright e-flex e-con-boxed e-con e-parent\" data-id=\"222eb6c\" data-element_type=\"container\" data-e-type=\"container\">\n\t\t\t\t\t<div class=\"e-con-inner\">\n\t\t<div class=\"elementor-element elementor-element-e3621eb e-con-full oval-wrapper e-flex e-con e-child\" data-id=\"e3621eb\" data-element_type=\"container\" data-e-type=\"container\" data-settings=\"{&quot;background_background&quot;:&quot;classic&quot;,&quot;motion_fx_motion_fx_scrolling&quot;:&quot;yes&quot;,&quot;motion_fx_scale_effect&quot;:&quot;yes&quot;,&quot;motion_fx_scale_speed&quot;:{&quot;unit&quot;:&quot;px&quot;,&quot;size&quot;:15,&quot;sizes&quot;:[]},&quot;motion_fx_scale_range&quot;:{&quot;unit&quot;:&quot;%&quot;,&quot;size&quot;:&quot;&quot;,&quot;sizes&quot;:{&quot;start&quot;:0,&quot;end&quot;:11}},&quot;position&quot;:&quot;absolute&quot;,&quot;motion_fx_scale_direction&quot;:&quot;out-in&quot;,&quot;motion_fx_devices&quot;:[&quot;desktop&quot;,&quot;tablet&quot;,&quot;mobile&quot;]}\">\n\t\t\t\t<\/div>\n\t\t<div class=\"elementor-element elementor-element-6505d34 e-con-full content-wrapper e-flex e-con e-child\" data-id=\"6505d34\" data-element_type=\"container\" data-e-type=\"container\">\n\t\t<div class=\"elementor-element elementor-element-f0e5b2f e-flex e-con-boxed e-con e-child\" data-id=\"f0e5b2f\" data-element_type=\"container\" data-e-type=\"container\">\n\t\t\t\t\t<div class=\"e-con-inner\">\n\t\t<div class=\"elementor-element elementor-element-2ab7147 e-con-full e-flex e-con e-child\" data-id=\"2ab7147\" data-element_type=\"container\" data-e-type=\"container\">\n\t\t\t\t<div class=\"elementor-element elementor-element-b2f0ccd elementor-widget elementor-widget-text-editor\" data-id=\"b2f0ccd\" data-element_type=\"widget\" data-e-type=\"widget\" data-widget_type=\"text-editor.default\">\n\t\t\t\t<div class=\"elementor-widget-container\">\n\t\t\t\t\t\t\t\t\t<p>In der Natur gibt es 3 Mechanismen der W\u00e4rme\u00fcbertragung &#8211; Leitung, Strahlung und Konvektion. Die w\u00e4rmeisolierenden Eigenschaften herk\u00f6mmlicher Materialien wie Polystyrol oder Wolle beruhen ausschlie\u00dflich auf der W\u00e4rmeleitung, w\u00e4hrend die beiden anderen Mechanismen ignoriert werden. <\/p><p>Bei unseren W\u00e4rmed\u00e4mmfarben ist das anders, denn sie nutzen nicht einen, sondern zwei Mechanismen &#8211; Leitf\u00e4higkeit und Strahlung. Das macht sie in der Lage, den W\u00e4rmetransport noch effizienter und effektiver zu reduzieren. <\/p>\t\t\t\t\t\t\t\t<\/div>\n\t\t\t\t<\/div>\n\t\t\t\t<\/div>\n\t\t\t\t\t<\/div>\n\t\t\t\t<\/div>\n\t\t\t\t<div class=\"elementor-element elementor-element-a1fe80c elementor-widget elementor-widget-heading\" data-id=\"a1fe80c\" data-element_type=\"widget\" data-e-type=\"widget\" data-widget_type=\"heading.default\">\n\t\t\t\t<div class=\"elementor-widget-container\">\n\t\t\t\t\t<h1 class=\"elementor-heading-title elementor-size-default\">Leitf\u00e4higkeit<\/h1>\t\t\t\t<\/div>\n\t\t\t\t<\/div>\n\t\t<div class=\"elementor-element elementor-element-f6b5de8 e-con-full e-flex e-con e-child\" data-id=\"f6b5de8\" data-element_type=\"container\" data-e-type=\"container\">\n\t\t<div class=\"elementor-element elementor-element-725e792 e-con-full e-flex e-con e-child\" data-id=\"725e792\" data-element_type=\"container\" data-e-type=\"container\">\n\t\t\t\t<div class=\"elementor-element elementor-element-8a1c47a elementor-widget elementor-widget-image\" data-id=\"8a1c47a\" data-element_type=\"widget\" data-e-type=\"widget\" data-widget_type=\"image.default\">\n\t\t\t\t<div class=\"elementor-widget-container\">\n\t\t\t\t\t\t\t\t\t\t\t\t<figure class=\"wp-caption\">\n\t\t\t\t\t\t\t\t\t\t<img loading=\"lazy\" decoding=\"async\" width=\"700\" height=\"489\" src=\"https:\/\/fcom.pro\/wp-content\/uploads\/2023\/05\/ms12312g2.jpg\" class=\"attachment-large size-large wp-image-53670\" alt=\"Mikrokugeln\" srcset=\"https:\/\/fcom.pro\/wp-content\/uploads\/2023\/05\/ms12312g2.jpg 700w, https:\/\/fcom.pro\/wp-content\/uploads\/2023\/05\/ms12312g2-300x210.jpg 300w, https:\/\/fcom.pro\/wp-content\/uploads\/2023\/05\/ms12312g2-600x419.jpg 600w\" sizes=\"auto, (max-width: 700px) 100vw, 700px\" title=\"\">\t\t\t\t\t\t\t\t\t\t\t<figcaption class=\"widget-image-caption wp-caption-text\">Mikroskopische Aufnahme von Glasmikrosph\u00e4ren<\/figcaption>\n\t\t\t\t\t\t\t\t\t\t<\/figure>\n\t\t\t\t\t\t\t\t\t<\/div>\n\t\t\t\t<\/div>\n\t\t\t\t<\/div>\n\t\t<div class=\"elementor-element elementor-element-b14e13b e-con-full e-flex e-con e-child\" data-id=\"b14e13b\" data-element_type=\"container\" data-e-type=\"container\">\n\t\t\t\t<div class=\"elementor-element elementor-element-e2372f5 elementor-widget elementor-widget-text-editor\" data-id=\"e2372f5\" data-element_type=\"widget\" data-e-type=\"widget\" data-widget_type=\"text-editor.default\">\n\t\t\t\t<div class=\"elementor-widget-container\">\n\t\t\t\t\t\t\t\t\t<p>W\u00e4rmed\u00e4mmfarbe ist ein Verbundmaterial mit einer Acrylharzmatrix <strong>, die mit keramischen Mikrokugeln verst\u00e4rkt ist<\/strong>, in denen sich ein vakuum\u00e4hnliches Vakuum befindet. Das Vakuum in den Mikrokugeln erh\u00f6ht den <strong>W\u00e4rmewiderstand<\/strong> und die Zugabe von Mikrokugeln mit unterschiedlichen Durchmessern f\u00fchrt zu einer besseren F\u00fcllung der Farbe. Auf eine 1 mm dicke Schicht kommen Dutzende von Mikrokugeln, was zu einem erh\u00f6hten W\u00e4rmewiderstand an der \u00dcbergangsgrenze von einer Phase zur anderen f\u00fchrt.  <\/p><p>Ein \u00e4hnliches Ph\u00e4nomen hat man sich bei der Konstruktion von doppelt verglasten Fenstern zunutze gemacht, wo bereits dreifach verglaste L\u00f6sungen im Einsatz sind. Wenn wir eine 5 cm dicke Glasscheibe f\u00fcnf 1 cm dicken Scheiben gegen\u00fcberstellen, wird eine deutlich gr\u00f6\u00dfere W\u00e4rmed\u00e4mmwirkung mit einer geschichteten Trennwand beobachtet. <\/p>\t\t\t\t\t\t\t\t<\/div>\n\t\t\t\t<\/div>\n\t\t\t\t<\/div>\n\t\t\t\t<\/div>\n\t\t<div class=\"elementor-element elementor-element-6dbb372 e-con-full e-flex e-con e-child\" data-id=\"6dbb372\" data-element_type=\"container\" data-e-type=\"container\">\n\t\t<div class=\"elementor-element elementor-element-d44ed28 e-con-full e-flex e-con e-child\" data-id=\"d44ed28\" data-element_type=\"container\" data-e-type=\"container\">\n\t\t\t\t<div class=\"elementor-element elementor-element-d7fdfbc elementor-widget elementor-widget-html\" data-id=\"d7fdfbc\" data-element_type=\"widget\" data-e-type=\"widget\" data-widget_type=\"html.default\">\n\t\t\t\t<div class=\"elementor-widget-container\">\n\t\t\t\t\t<lottie-player autoplay=\"\" loop=\"\" mode=\"normal\" src=\"https:\/\/fcom.pro\/wp-content\/uploads\/2023\/05\/conductivity.json\" class=\"alignleft\">\r\n<\/lottie-player>\t\t\t\t<\/div>\n\t\t\t\t<\/div>\n\t\t\t\t<div class=\"elementor-element elementor-element-86c4d2b figcaption elementor-widget elementor-widget-text-editor\" data-id=\"86c4d2b\" data-element_type=\"widget\" data-e-type=\"widget\" data-widget_type=\"text-editor.default\">\n\t\t\t\t<div class=\"elementor-widget-container\">\n\t\t\t\t\t\t\t\t\t<p>Reduzierung der W\u00e4rme\u00fcbertragung an der Oberfl\u00e4che der W\u00e4rmed\u00e4mmschicht<\/p>\t\t\t\t\t\t\t\t<\/div>\n\t\t\t\t<\/div>\n\t\t\t\t<\/div>\n\t\t<div class=\"elementor-element elementor-element-0ff71f3 e-con-full e-flex e-con e-child\" data-id=\"0ff71f3\" data-element_type=\"container\" data-e-type=\"container\">\n\t\t\t\t<div class=\"elementor-element elementor-element-7743038 elementor-widget elementor-widget-text-editor\" data-id=\"7743038\" data-element_type=\"widget\" data-e-type=\"widget\" data-widget_type=\"text-editor.default\">\n\t\t\t\t<div class=\"elementor-widget-container\">\n\t\t\t\t\t\t\t\t\t<p><span style=\"color: var( --e-global-color-text ); background-color: var(--e-global-color-primary); font-family: var( --e-global-typography-primary-font-family ), Sans-serif; font-size: var( --e-global-typography-primary-font-size ); font-weight: var( --e-global-typography-primary-font-weight );\">Von den bekannten D\u00e4mmstoffen haben Polystyrolplatten, die aus vielen gesch\u00e4umten Polystyrolgranulaten bestehen und eine zellul\u00e4re Struktur bilden, einen \u00e4hnlichen Aufbau und ein \u00e4hnliches Funktionsprinzip. In W\u00e4rmed\u00e4mmfarbe wird die Funktion der Polystyrolgranulate von Glasmikrokugeln mit sehr kleinem Durchmesser \u00fcbernommen. <\/span><\/p><p>Mit ihnen konnte der D\u00e4mmquerschnitt von Zentimetern auf Millimeter reduziert werden, was neue M\u00f6glichkeiten f\u00fcr die W\u00e4rmed\u00e4mmung von alten und neu errichteten Geb\u00e4uden und Strukturen bietet.<\/p>\t\t\t\t\t\t\t\t<\/div>\n\t\t\t\t<\/div>\n\t\t\t\t<div class=\"elementor-element elementor-element-d1687b2 elementor-widget elementor-widget-text-editor\" data-id=\"d1687b2\" data-element_type=\"widget\" data-e-type=\"widget\" data-widget_type=\"text-editor.default\">\n\t\t\t\t<div class=\"elementor-widget-container\">\n\t\t\t\t\t\t\t\t\t<p>Lambda, ein vom Baumarkt verwendeter Parameter, ist der W\u00e4rmeleitf\u00e4higkeitskoeffizient. F\u00fcr Polystyrol betr\u00e4gt er einen Wert von ca. 0,030 bis 0,045 W\/(m*K) und f\u00fcr Wolle liegt der Koeffizient zwischen 0,032 und 0,038 W\/(m*K). <\/p><p>Unsere Produkte zeichnen sich durch berechnete W\u00e4rmeleitf\u00e4higkeitskoeffizienten mit folgenden Werten aus:<\/p><ul><li><sup>GoTherm\u00ae<\/sup> &#8211; 0,00053 W\/(m*K)<\/li><li>AT <sup>Termo\u00ae<\/sup> &#8211; 0,00032 W(m*K)<\/li><\/ul>\t\t\t\t\t\t\t\t<\/div>\n\t\t\t\t<\/div>\n\t\t\t\t<\/div>\n\t\t\t\t<\/div>\n\t\t<div class=\"elementor-element elementor-element-791a839 e-con-full e-flex e-con e-child\" data-id=\"791a839\" data-element_type=\"container\" data-e-type=\"container\">\n\t\t\t\t<\/div>\n\t\t\t\t<div class=\"elementor-element elementor-element-6c8cdd0 elementor-widget elementor-widget-heading\" data-id=\"6c8cdd0\" data-element_type=\"widget\" data-e-type=\"widget\" data-widget_type=\"heading.default\">\n\t\t\t\t<div class=\"elementor-widget-container\">\n\t\t\t\t\t<h1 class=\"elementor-heading-title elementor-size-default\">Strahlung<\/h1>\t\t\t\t<\/div>\n\t\t\t\t<\/div>\n\t\t<div class=\"elementor-element elementor-element-0e22000 e-flex e-con-boxed e-con e-child\" data-id=\"0e22000\" data-element_type=\"container\" data-e-type=\"container\">\n\t\t\t\t\t<div class=\"e-con-inner\">\n\t\t<div class=\"elementor-element elementor-element-38e1f2a e-con-full e-flex e-con e-child\" data-id=\"38e1f2a\" data-element_type=\"container\" data-e-type=\"container\">\n\t\t<div class=\"elementor-element elementor-element-1a6337a e-con-full e-flex e-con e-child\" data-id=\"1a6337a\" data-element_type=\"container\" data-e-type=\"container\">\n\t\t\t\t<div class=\"elementor-element elementor-element-c5898fb elementor-widget elementor-widget-image\" data-id=\"c5898fb\" data-element_type=\"widget\" data-e-type=\"widget\" data-widget_type=\"image.default\">\n\t\t\t\t<div class=\"elementor-widget-container\">\n\t\t\t\t\t\t\t\t\t\t\t\t\t\t\t<img loading=\"lazy\" decoding=\"async\" width=\"800\" height=\"376\" src=\"https:\/\/fcom.pro\/wp-content\/uploads\/2024\/03\/TSR-1024x481.jpg\" class=\"attachment-large size-large wp-image-54957\" alt=\"\" srcset=\"https:\/\/fcom.pro\/wp-content\/uploads\/2024\/03\/TSR-1024x481.jpg 1024w, https:\/\/fcom.pro\/wp-content\/uploads\/2024\/03\/TSR-300x141.jpg 300w, https:\/\/fcom.pro\/wp-content\/uploads\/2024\/03\/TSR-768x361.jpg 768w, https:\/\/fcom.pro\/wp-content\/uploads\/2024\/03\/TSR.jpg 1921w\" sizes=\"auto, (max-width: 800px) 100vw, 800px\" title=\"\">\t\t\t\t\t\t\t\t\t\t\t\t\t\t\t<\/div>\n\t\t\t\t<\/div>\n\t\t\t\t<\/div>\n\t\t<div class=\"elementor-element elementor-element-648456d e-con-full e-flex e-con e-child\" data-id=\"648456d\" data-element_type=\"container\" data-e-type=\"container\">\n\t\t\t\t<div class=\"elementor-element elementor-element-6f4d78b elementor-widget elementor-widget-text-editor\" data-id=\"6f4d78b\" data-element_type=\"widget\" data-e-type=\"widget\" data-widget_type=\"text-editor.default\">\n\t\t\t\t<div class=\"elementor-widget-container\">\n\t\t\t\t\t\t\t\t\t<p>Die Strahlung wird auf der Oberfl\u00e4che und im Inneren der in unseren Lacken enthaltenen Mikrokugeln reflektiert. Der Reflexionsgrad der Beschichtung, der durch die Total Solar Reflectance (TSR) bestimmt wird, liegt bei bis zu 90 Prozent. <\/p><p>Das Ph\u00e4nomen der &#8216;st\u00e4dtischen W\u00e4rmeinseln&#8217;, \u00fcberhitzte Dachb\u00f6den und Geb\u00e4ude, die sich auf sehr hohe Temperaturen aufheizen, sind alles Effekte, die durch Sonneneinstrahlung verursacht werden. Diese negativen Auswirkungen k\u00f6nnen durch die Verwendung von W\u00e4rmed\u00e4mmfarben reduziert werden, die wie ein Schutzschild wirken und die Strahlung reflektieren. <\/p>\t\t\t\t\t\t\t\t<\/div>\n\t\t\t\t<\/div>\n\t\t\t\t<\/div>\n\t\t\t\t<\/div>\n\t\t<div class=\"elementor-element elementor-element-d4176be e-con-full e-flex e-con e-child\" data-id=\"d4176be\" data-element_type=\"container\" data-e-type=\"container\">\n\t\t<div class=\"elementor-element elementor-element-f74b9ea e-con-full e-flex e-con e-child\" data-id=\"f74b9ea\" data-element_type=\"container\" data-e-type=\"container\">\n\t\t\t\t<div class=\"elementor-element elementor-element-ba4dbec elementor-widget elementor-widget-html\" data-id=\"ba4dbec\" data-element_type=\"widget\" data-e-type=\"widget\" data-widget_type=\"html.default\">\n\t\t\t\t<div class=\"elementor-widget-container\">\n\t\t\t\t\t<lottie-player autoplay=\"\" loop=\"\" mode=\"normal\" src=\"https:\/\/fcom.pro\/wp-content\/uploads\/2023\/05\/reflection.json\" class=\"alignleft\">\r\n<\/lottie-player>\t\t\t\t<\/div>\n\t\t\t\t<\/div>\n\t\t\t\t<div class=\"elementor-element elementor-element-2119a75 figcaption elementor-widget elementor-widget-text-editor\" data-id=\"2119a75\" data-element_type=\"widget\" data-e-type=\"widget\" data-widget_type=\"text-editor.default\">\n\t\t\t\t<div class=\"elementor-widget-container\">\n\t\t\t\t\t\t\t\t\t<p>Reflexion der W\u00e4rmestrahlung von der Oberfl\u00e4che der W\u00e4rmed\u00e4mmschicht<\/p>\t\t\t\t\t\t\t\t<\/div>\n\t\t\t\t<\/div>\n\t\t\t\t<\/div>\n\t\t<div class=\"elementor-element elementor-element-bfae95d e-con-full e-flex e-con e-child\" data-id=\"bfae95d\" data-element_type=\"container\" data-e-type=\"container\">\n\t\t\t\t<div class=\"elementor-element elementor-element-09abdc2 elementor-widget elementor-widget-text-editor\" data-id=\"09abdc2\" data-element_type=\"widget\" data-e-type=\"widget\" data-widget_type=\"text-editor.default\">\n\t\t\t\t<div class=\"elementor-widget-container\">\n\t\t\t\t\t\t\t\t\t<p>In L\u00e4ndern mit hohen Durchschnittstemperaturen ist es beliebt, Dacheindeckungen wei\u00df zu streichen.<\/p><p>Unsere Farben sind standardm\u00e4\u00dfig wei\u00df, k\u00f6nnen aber nach Belieben abget\u00f6nt werden. Und, was sehr wichtig ist, durch den Einsatz innovativer L\u00f6sungen konnte die TSR auf einem hohen Niveau gehalten werden.<\/p><p>Eine sehr bekannte Anwendung eines Isolators, der nach dem Prinzip der Reflexion arbeitet, sind die einst beliebten Aluminium-&#8216;Schirme&#8217;, die hinter dem Heizk\u00f6rper angebracht wurden. Dadurch konnte die vom Heizk\u00f6rper abgegebene W\u00e4rme effizienter genutzt werden. Mit unserem Produkt l\u00e4sst sich derselbe Effekt erzielen, und dar\u00fcber hinaus k\u00f6nnen wir es an die Farbgebung des gesamten Raums anpassen.  <\/p>\t\t\t\t\t\t\t\t<\/div>\n\t\t\t\t<\/div>\n\t\t\t\t<div class=\"elementor-element elementor-element-8462023 elementor-widget elementor-widget-text-editor\" data-id=\"8462023\" data-element_type=\"widget\" data-e-type=\"widget\" data-widget_type=\"text-editor.default\">\n\t\t\t\t<div class=\"elementor-widget-container\">\n\t\t\t\t\t\t\t\t\t<p>Die Kombination dieser einzigartigen Eigenschaften f\u00fchrt zu einem Effekt, der mit herk\u00f6mmlichen Isoliermaterialien nicht zu erreichen ist.<\/p>\t\t\t\t\t\t\t\t<\/div>\n\t\t\t\t<\/div>\n\t\t\t\t<\/div>\n\t\t\t\t<\/div>\n\t\t\t\t\t<\/div>\n\t\t\t\t<\/div>\n\t\t<div class=\"elementor-element elementor-element-ce9be55 e-flex e-con-boxed e-con e-child\" data-id=\"ce9be55\" data-element_type=\"container\" data-e-type=\"container\">\n\t\t\t\t\t<div class=\"e-con-inner\">\n\t\t\t\t<div class=\"elementor-element elementor-element-79f9ffa elementor-align-center elementor-widget elementor-widget-button\" data-id=\"79f9ffa\" data-element_type=\"widget\" data-e-type=\"widget\" data-widget_type=\"button.default\">\n\t\t\t\t<div class=\"elementor-widget-container\">\n\t\t\t\t\t\t\t\t\t<div class=\"elementor-button-wrapper\">\n\t\t\t\t\t<a class=\"elementor-button elementor-button-link elementor-size-sm\" href=\"https:\/\/fcom.pro\/de\/produkte\/\">\n\t\t\t\t\t\t<span class=\"elementor-button-content-wrapper\">\n\t\t\t\t\t\t\t\t\t<span class=\"elementor-button-text\">Zur\u00fcck zu den Produkten<\/span>\n\t\t\t\t\t<\/span>\n\t\t\t\t\t<\/a>\n\t\t\t\t<\/div>\n\t\t\t\t\t\t\t\t<\/div>\n\t\t\t\t<\/div>\n\t\t\t\t\t<\/div>\n\t\t\t\t<\/div>\n\t\t\t\t<\/div>\n\t\t\t\t\t<\/div>\n\t\t\t\t<\/section>\n\t\t\t\t<\/div>\n\t\t","protected":false},"excerpt":{"rendered":"<p>Zur\u00fcck Wie funktioniert das? W\u00e4rmed\u00e4mmende Beschichtung In der Natur gibt es 3 Mechanismen der W\u00e4rme\u00fcbertragung &#8211; Leitung, Strahlung und Konvektion. Die w\u00e4rmeisolierenden Eigenschaften herk\u00f6mmlicher Materialien wie Polystyrol oder Wolle beruhen ausschlie\u00dflich auf der W\u00e4rmeleitung, w\u00e4hrend die beiden anderen Mechanismen ignoriert werden. Bei unseren W\u00e4rmed\u00e4mmfarben ist das anders, denn sie nutzen nicht einen, sondern zwei Mechanismen [&hellip;]<\/p>\n","protected":false},"author":1,"featured_media":0,"parent":57474,"menu_order":0,"comment_status":"closed","ping_status":"closed","template":"","meta":{"footnotes":""},"class_list":["post-57441","page","type-page","status-publish","hentry"],"_links":{"self":[{"href":"https:\/\/fcom.pro\/de\/wp-json\/wp\/v2\/pages\/57441","targetHints":{"allow":["GET"]}}],"collection":[{"href":"https:\/\/fcom.pro\/de\/wp-json\/wp\/v2\/pages"}],"about":[{"href":"https:\/\/fcom.pro\/de\/wp-json\/wp\/v2\/types\/page"}],"author":[{"embeddable":true,"href":"https:\/\/fcom.pro\/de\/wp-json\/wp\/v2\/users\/1"}],"replies":[{"embeddable":true,"href":"https:\/\/fcom.pro\/de\/wp-json\/wp\/v2\/comments?post=57441"}],"version-history":[{"count":0,"href":"https:\/\/fcom.pro\/de\/wp-json\/wp\/v2\/pages\/57441\/revisions"}],"up":[{"embeddable":true,"href":"https:\/\/fcom.pro\/de\/wp-json\/wp\/v2\/pages\/57474"}],"wp:attachment":[{"href":"https:\/\/fcom.pro\/de\/wp-json\/wp\/v2\/media?parent=57441"}],"curies":[{"name":"wp","href":"https:\/\/api.w.org\/{rel}","templated":true}]}}