{"id":57417,"date":"2023-05-24T01:44:22","date_gmt":"2023-05-23T23:44:22","guid":{"rendered":"https:\/\/fcom.pro\/taschenrechner\/"},"modified":"2025-06-04T14:30:00","modified_gmt":"2025-06-04T12:30:00","slug":"taschenrechner","status":"publish","type":"page","link":"https:\/\/fcom.pro\/de\/produkte\/taschenrechner\/","title":{"rendered":"Taschenrechner"},"content":{"rendered":"\t\t<div data-elementor-type=\"wp-page\" data-elementor-id=\"57417\" class=\"elementor elementor-57417 elementor-19508\" data-elementor-post-type=\"page\">\n\t\t\t\t<div class=\"elementor-element elementor-element-7a43963 e-con-full e-flex e-con e-parent\" data-id=\"7a43963\" data-element_type=\"container\" data-e-type=\"container\" id=\"particles-js\" data-settings=\"{&quot;background_background&quot;:&quot;classic&quot;}\">\n\t\t<div class=\"elementor-element elementor-element-16d403c e-con-full e-flex e-con e-child\" data-id=\"16d403c\" data-element_type=\"container\" data-e-type=\"container\">\n\t\t<div class=\"elementor-element elementor-element-9eddcde e-con-full e-flex e-con e-child\" data-id=\"9eddcde\" data-element_type=\"container\" data-e-type=\"container\">\n\t\t<div class=\"elementor-element elementor-element-757fb27 e-con-full elementor-hidden-mobile e-flex e-con e-child\" data-id=\"757fb27\" data-element_type=\"container\" data-e-type=\"container\">\n\t\t\t\t<div class=\"elementor-element elementor-element-2505b80 elementor-align-justify elementor-mobile-align-left return-button elementor-widget elementor-widget-button\" data-id=\"2505b80\" data-element_type=\"widget\" data-e-type=\"widget\" data-widget_type=\"button.default\">\n\t\t\t\t<div class=\"elementor-widget-container\">\n\t\t\t\t\t\t\t\t\t<div class=\"elementor-button-wrapper\">\n\t\t\t\t\t<a class=\"elementor-button elementor-button-link elementor-size-sm\" href=\"https:\/\/fcom.pro\/de\/produkte\/\">\n\t\t\t\t\t\t<span class=\"elementor-button-content-wrapper\">\n\t\t\t\t\t\t<span class=\"elementor-button-icon\">\n\t\t\t\t<svg aria-hidden=\"true\" class=\"e-font-icon-svg e-fas-arrow-left\" viewBox=\"0 0 448 512\" xmlns=\"http:\/\/www.w3.org\/2000\/svg\"><path d=\"M257.5 445.1l-22.2 22.2c-9.4 9.4-24.6 9.4-33.9 0L7 273c-9.4-9.4-9.4-24.6 0-33.9L201.4 44.7c9.4-9.4 24.6-9.4 33.9 0l22.2 22.2c9.5 9.5 9.3 25-.4 34.3L136.6 216H424c13.3 0 24 10.7 24 24v32c0 13.3-10.7 24-24 24H136.6l120.5 114.8c9.8 9.3 10 24.8.4 34.3z\"><\/path><\/svg>\t\t\t<\/span>\n\t\t\t\t\t\t\t\t\t<span class=\"elementor-button-text\"> Zur\u00fcck<\/span>\n\t\t\t\t\t<\/span>\n\t\t\t\t\t<\/a>\n\t\t\t\t<\/div>\n\t\t\t\t\t\t\t\t<\/div>\n\t\t\t\t<\/div>\n\t\t\t\t<\/div>\n\t\t<div class=\"elementor-element elementor-element-1cb501f e-con-full e-flex e-con e-child\" data-id=\"1cb501f\" data-element_type=\"container\" data-e-type=\"container\">\n\t\t\t\t<div class=\"elementor-element elementor-element-9367c5e elementor-invisible elementor-widget elementor-widget-heading\" data-id=\"9367c5e\" data-element_type=\"widget\" data-e-type=\"widget\" data-settings=\"{&quot;_animation&quot;:&quot;fadeInUp&quot;}\" data-widget_type=\"heading.default\">\n\t\t\t\t<div class=\"elementor-widget-container\">\n\t\t\t\t\t<h1 class=\"elementor-heading-title elementor-size-default\">Taschenrechner<\/h1>\t\t\t\t<\/div>\n\t\t\t\t<\/div>\n\t\t\t\t<\/div>\n\t\t\t\t<\/div>\n\t\t\t\t<div class=\"elementor-element elementor-element-91603c3 elementor-absolute elementor-invisible elementor-widget elementor-widget-html\" data-id=\"91603c3\" data-element_type=\"widget\" data-e-type=\"widget\" data-settings=\"{&quot;motion_fx_motion_fx_scrolling&quot;:&quot;yes&quot;,&quot;motion_fx_opacity_effect&quot;:&quot;yes&quot;,&quot;motion_fx_opacity_direction&quot;:&quot;in-out&quot;,&quot;_position&quot;:&quot;absolute&quot;,&quot;motion_fx_opacity_range&quot;:{&quot;unit&quot;:&quot;%&quot;,&quot;size&quot;:&quot;&quot;,&quot;sizes&quot;:{&quot;start&quot;:0,&quot;end&quot;:30}},&quot;_animation&quot;:&quot;fadeInUp&quot;,&quot;motion_fx_opacity_level&quot;:{&quot;unit&quot;:&quot;px&quot;,&quot;size&quot;:10,&quot;sizes&quot;:[]},&quot;motion_fx_devices&quot;:[&quot;desktop&quot;,&quot;tablet&quot;,&quot;mobile&quot;]}\" data-widget_type=\"html.default\">\n\t\t\t\t<div class=\"elementor-widget-container\">\n\t\t\t\t\t<a href=\"#scroll\">\r\n    <lottie-player autoplay=\"\" loop=\"\" mode=\"normal\" src=\"https:\/\/fcom.pro\/wp-content\/uploads\/2023\/05\/arrow_scroll.json\" style=\"width: 80px;\">\r\n    <\/lottie-player>\r\n<\/a>\t\t\t\t<\/div>\n\t\t\t\t<\/div>\n\t\t\t\t<\/div>\n\t\t\t\t<\/div>\n\t\t<section class=\"elementor-element elementor-element-25a3da8 section--bg section--bright e-flex e-con-boxed e-con e-parent\" data-id=\"25a3da8\" data-element_type=\"container\" data-e-type=\"container\">\n\t\t\t\t\t<div class=\"e-con-inner\">\n\t\t<div class=\"elementor-element elementor-element-7107d31 e-con-full oval-wrapper e-flex e-con e-child\" data-id=\"7107d31\" data-element_type=\"container\" data-e-type=\"container\" data-settings=\"{&quot;background_background&quot;:&quot;classic&quot;,&quot;motion_fx_motion_fx_scrolling&quot;:&quot;yes&quot;,&quot;motion_fx_scale_effect&quot;:&quot;yes&quot;,&quot;motion_fx_scale_speed&quot;:{&quot;unit&quot;:&quot;px&quot;,&quot;size&quot;:15,&quot;sizes&quot;:[]},&quot;motion_fx_scale_range&quot;:{&quot;unit&quot;:&quot;%&quot;,&quot;size&quot;:&quot;&quot;,&quot;sizes&quot;:{&quot;start&quot;:0,&quot;end&quot;:11}},&quot;position&quot;:&quot;absolute&quot;,&quot;motion_fx_scale_direction&quot;:&quot;out-in&quot;,&quot;motion_fx_devices&quot;:[&quot;desktop&quot;,&quot;tablet&quot;,&quot;mobile&quot;]}\">\n\t\t\t\t<\/div>\n\t\t<div class=\"elementor-element elementor-element-43c4e42 e-con-full content-wrapper e-flex e-con e-child\" data-id=\"43c4e42\" data-element_type=\"container\" data-e-type=\"container\">\n\t\t<div class=\"elementor-element elementor-element-2058a82 e-con-full e-flex e-con e-child\" data-id=\"2058a82\" data-element_type=\"container\" data-e-type=\"container\">\n\t\t<div class=\"elementor-element elementor-element-751d5a2 e-con-full e-flex e-con e-child\" data-id=\"751d5a2\" data-element_type=\"container\" data-e-type=\"container\">\n\t\t\t\t<div class=\"elementor-element elementor-element-9cdc7f9 elementor-widget elementor-widget-html\" data-id=\"9cdc7f9\" data-element_type=\"widget\" data-e-type=\"widget\" data-widget_type=\"html.default\">\n\t\t\t\t<div class=\"elementor-widget-container\">\n\t\t\t\t\t<section style=\"min-height: 289px; color:black;\">\r\n\t\t<div class=\"box-content\">\r\n\t\t\t<div id=\"kalkulator_text\" class=\"post-text\">\r\n\t\t\t\t<p>Mit dem unten stehenden Rechner k\u00f6nnen Sie <strong>sofort <\/strong>die Menge des Produkts absch\u00e4tzen, die Sie je nach <strong>Ihren Anforderungen<\/strong> ben\u00f6tigen. Sie erhalten au\u00dferdem zus\u00e4tzliche <strong>Hinweise zu Ihrem speziellen Problem<\/strong>. <\/p>\r\n\t\t\t<\/div>\r\n\t\t\t<form id=\"kalkulator\">\r\n\t\t\t\t<h3>Taschenrechner<\/h3>\r\n\t\t\t\t<p class=\"kalk-row\">\r\n\t\t\t\t\t<label for=\"problem\">Welches Problem m\u00f6chten Sie l\u00f6sen?<\/label>\r\n\t\t\t\t\t<select id=\"problem\" required=\"\">\r\n\t\t\t\t\t\t<option disabled selected value=\"\">W\u00e4hlen Sie<\/option>\r\n\t\t\t\t\t\t<option value=\"plesn\">Beseitigung von Kondenswasser und Schimmel<\/option>\r\n\t\t\t\t\t\t<option value=\"termoizolacja\">Erh\u00f6hte W\u00e4rmed\u00e4mmung<\/option>\r\n\t\t\t\t\t\t<option value=\"odbicie\">Schutz vor Aufheizung durch die Sonne<\/option>\r\n\t\t\t\t\t\t<option value=\"zabezpieczenie\">Schutz vor Verbrennungen auf einer hei\u00dfen Oberfl\u00e4che<\/option>\r\n\t\t\t\t\t<\/select>\r\n\t\t\t\t<\/p>\r\n\t\t\t\t<p class=\"kalk-row\" style=\"display:none;margin-bottom: 0;\">\r\n\t\t\t\t\t<label for=\"grubosc\"><span id=\"zakres\"><\/span>Beschichtungsdicke (f\u00fcr das gew\u00e4hlte Problem empfehlen wir )<\/label>\r\n\t\t\t\t\t<input type=\"range\" style=\"margin-top: 1rem; width: calc( 100% - 124px);\" id=\"grubosc\" min=\"0.5\" max=\"3\" step=\"0.5\">\r\n\t\t\t\t\t<span id=\"grubosc_cont\"><span id=\"grubosc_wartosc\">1<\/span> mm<\/span>\r\n\t\t\t\t<\/p>\r\n\t\t\t\t<p class=\"kalk-row\" style=\"display:none;\">\r\n\t\t\t\t\t<label for=\"aplikacja\">Welches Tool werden Sie f\u00fcr die Bewerbung verwenden?<\/label>\r\n\t\t\t\t\t<select id=\"aplikacja\" required=\"\">\r\n\t\t\t\t\t\t<option disabled selected value=\"\">W\u00e4hlen Sie<\/option>\r\n\t\t\t\t\t\t<option value=\"walek\">Farbroller<\/option>\r\n\t\t\t\t\t\t<option value=\"agregat\">Lackieranlage<\/option>\r\n\t\t\t\t\t\t<option value=\"pedzel\">Pinsel<\/option>\r\n\t\t\t\t\t\t<option value=\"szpachla\">Kitt<\/option>\r\n\t\t\t\t\t<\/select>\r\n\t\t\t\t<\/p>\r\n\t\t\t\t<p class=\"kalk-row\" style=\"display:none;\">\r\n\t\t\t\t\t<label for=\"material_powierzchni\">Auf welche Materialoberfl\u00e4chen soll das Produkt aufgetragen werden?<\/label>\r\n\t\t\t\t\t<select id=\"material_powierzchni\">\r\n\t\t\t\t\t\t<option disabled selected value=\"\">W\u00e4hlen Sie<\/option>\r\n\t\t\t\t\t\t<option value=\"budowlany\">Baumaterial (z.B. Putz, Beton, Ziegel usw.).<\/option>\r\n\t\t\t\t\t\t<option value=\"metal\">Metall<\/option>\r\n\t\t\t\t\t\t<option value=\"tworzywo\">Plastik<\/option>\r\n\t\t\t\t\t\t<option value=\"drewno\">Holz<\/option>\r\n\t\t\t\t\t<\/select>\r\n\t\t\t\t<\/p>\r\n\t\t\t\t<p class=\"kalk-row\" style=\"display:none;\">\r\n\t\t\t\t\t<label for=\"rodzaj_powierzchni\">Auf welche Art von Oberfl\u00e4che soll das Produkt aufgetragen werden?<\/label>\r\n\t\t\t\t\t<select id=\"rodzaj_powierzchni\">\r\n\t\t\t\t\t\t<option disabled selected value=\"\">W\u00e4hlen Sie<\/option>\r\n\t\t\t\t\t\t<option value=\"plaska\">Flache Oberfl\u00e4che (z.B. Wand, Decke).<\/option>\r\n\t\t\t\t\t\t<option value=\"okragla\">Kreisf\u00f6rmige Oberfl\u00e4che (z.B. Rohr)<\/option>\r\n\t\t\t\t\t\t<option value=\"inna\">Anderes Gebiet (ich kenne das Gebiet)<\/option>\r\n\t\t\t\t\t<\/select>\r\n\t\t\t\t<\/p>\r\n\t\t\t\t<p class=\"kalk-row half-row-left\" style=\"display:none;\">\r\n\t\t\t\t\t<label for=\"fi_rury\">Rohrdurchmesser (cm)<\/label>\r\n\t\t\t\t\t<input autocomplete=\"off\" type=\"number\" step=\"any\" pattern=\"[0-9]\" id=\"fi_rury\">\r\n\t\t\t\t<\/p>\r\n\t\t\t\t<p class=\"kalk-row half-row-right\" style=\"display:none;\">\r\n\t\t\t\t\t<label for=\"dlugosc_rury\">L\u00e4nge des Rohrs (m.b.)<\/label>\r\n\t\t\t\t\t<input autocomplete=\"off\" type=\"number\" step=\"any\" pattern=\"[0-9]\" id=\"dlugosc_rury\">\r\n\t\t\t\t<\/p>\r\n\t\t\t\t<p class=\"kalk-row half-row-left\" style=\"display:none;\">\r\n\t\t\t\t\t<label for=\"szerokosc_sciany\">Breite (m.b.)<\/label>\r\n\t\t\t\t\t<input autocomplete=\"off\" type=\"number\" step=\"any\" pattern=\"[0-9]\" id=\"szerokosc_sciany\">\r\n\t\t\t\t<\/p>\r\n\t\t\t\t<p class=\"kalk-row half-row-right\" style=\"display:none;\">\r\n\t\t\t\t\t<label for=\"wysokosc_sciany\">H\u00f6he (m.b.)<\/label>\r\n\t\t\t\t\t<input autocomplete=\"off\" type=\"number\" step=\"any\" pattern=\"[0-9]\" id=\"wysokosc_sciany\">\r\n\t\t\t\t<\/p>\r\n\t\t\t\t<p class=\"kalk-row\" style=\"display:none;\">\r\n\t\t\t\t\t<label for=\"metraz\">Wie viele Quadratmeter m\u00fcssen Sie abdecken? (m\u00b2) <\/label>\r\n\t\t\t\t\t<input autocomplete=\"off\" type=\"number\" step=\"any\" pattern=\"[0-9]\" id=\"metraz\">\r\n\t\t\t\t<\/p>\r\n\t\t\t\t<input id=\"oblicz\" type=\"submit\" value=\"Berechnen Sie\" style=\"display:none;\">\r\n\t\t\t<\/form>\r\n\t\t\t<div id=\"wynik\" style=\"display:none;\">\r\n\t\t\t\t<h3>Ergebnis<\/h3>\r\n\t\t\t\t<p id=\"rezultat\">Ergebnis<\/p>\r\n\t\t\t\t<h3>Beratung<\/h3>\r\n\t\t\t\t<p id=\"wskazowki\">Beratung<\/p>\r\n\t\t\t\t<div style=\"display: flex;justify-content: space-around;\">\r\n    \t\t\t\t<div id=\"_reset_\">Neuberechnen<\/div>\r\n    \t\t\t\t<a id=\"ponownie\" style=\"display:none;\" href=\"#wycena\">Zum Zitat gehen<\/a>\r\n\t\t\t    <\/div>\r\n\t\t\t<\/div>\r\n\t\t\t<div id=\"wycena\" style=\"display:none;\">\r\n\t\t\t\t<h3>Bewertung<\/h3>\r\n\t\t\t\t<p id=\"zestawienie\">Bewertung<\/p>\r\n\t\t\t\t<p id=\"cena\" style=\"display:none;text-align: right; padding-right: 20px\">Die Gesamtkosten betragen:  <nobr><span><\/span><\/nobr><\/p>\r\n\t\t\t\t<button id=\"add_all_to_cart\" class=\"gradient-btn\" style=\"max-width: unset;display:none;\">In den Warenkorb legen<\/button>\r\n\t\t\t<\/div>\r\n\t\t\t<div class=\"ajaxLoad-container\">\r\n\t\t\t\t<div class=\"lds-dual-ring\"><\/div>\r\n\t\t\t<\/div>\r\n\t\t<\/div>\r\n<\/section>\t\t\t\t<\/div>\n\t\t\t\t<\/div>\n\t\t\t\t<\/div>\n\t\t\t\t<\/div>\n\t\t\t\t<\/div>\n\t\t\t\t\t<\/div>\n\t\t\t\t<\/section>\n\t\t\t\t<\/div>\n\t\t","protected":false},"excerpt":{"rendered":"<p>Zur\u00fcck Taschenrechner Mit dem unten stehenden Rechner k\u00f6nnen Sie sofort die Menge des Produkts absch\u00e4tzen, die Sie je nach Ihren Anforderungen ben\u00f6tigen. Sie erhalten au\u00dferdem zus\u00e4tzliche Hinweise zu Ihrem speziellen Problem. Taschenrechner Welches Problem m\u00f6chten Sie l\u00f6sen? W\u00e4hlen SieBeseitigung von Kondenswasser und SchimmelErh\u00f6hte W\u00e4rmed\u00e4mmungSchutz vor Aufheizung durch die SonneSchutz vor Verbrennungen auf einer hei\u00dfen Oberfl\u00e4che [&hellip;]<\/p>\n","protected":false},"author":1,"featured_media":0,"parent":57474,"menu_order":0,"comment_status":"closed","ping_status":"closed","template":"","meta":{"footnotes":""},"class_list":["post-57417","page","type-page","status-publish","hentry"],"_links":{"self":[{"href":"https:\/\/fcom.pro\/de\/wp-json\/wp\/v2\/pages\/57417","targetHints":{"allow":["GET"]}}],"collection":[{"href":"https:\/\/fcom.pro\/de\/wp-json\/wp\/v2\/pages"}],"about":[{"href":"https:\/\/fcom.pro\/de\/wp-json\/wp\/v2\/types\/page"}],"author":[{"embeddable":true,"href":"https:\/\/fcom.pro\/de\/wp-json\/wp\/v2\/users\/1"}],"replies":[{"embeddable":true,"href":"https:\/\/fcom.pro\/de\/wp-json\/wp\/v2\/comments?post=57417"}],"version-history":[{"count":0,"href":"https:\/\/fcom.pro\/de\/wp-json\/wp\/v2\/pages\/57417\/revisions"}],"up":[{"embeddable":true,"href":"https:\/\/fcom.pro\/de\/wp-json\/wp\/v2\/pages\/57474"}],"wp:attachment":[{"href":"https:\/\/fcom.pro\/de\/wp-json\/wp\/v2\/media?parent=57417"}],"curies":[{"name":"wp","href":"https:\/\/api.w.org\/{rel}","templated":true}]}}