{"id":57372,"date":"2022-11-16T22:19:16","date_gmt":"2022-11-16T21:19:16","guid":{"rendered":"https:\/\/fcom.pro\/bedingungen-und-konditionen\/"},"modified":"2025-06-04T12:57:13","modified_gmt":"2025-06-04T10:57:13","slug":"bedingungen-und-konditionen","status":"publish","type":"page","link":"https:\/\/fcom.pro\/de\/bedingungen-und-konditionen\/","title":{"rendered":"Bedingungen und Konditionen"},"content":{"rendered":"\t\t<div data-elementor-type=\"wp-page\" data-elementor-id=\"57372\" class=\"elementor elementor-57372 elementor-9701\" data-elementor-post-type=\"page\">\n\t\t\t\t\t\t<section class=\"elementor-section elementor-top-section elementor-element elementor-element-21bdc414 elementor-section-boxed elementor-section-height-default elementor-section-height-default\" data-id=\"21bdc414\" data-element_type=\"section\" data-e-type=\"section\">\n\t\t\t\t\t\t<div class=\"elementor-container elementor-column-gap-default\">\n\t\t\t\t\t<div class=\"elementor-column elementor-col-100 elementor-top-column elementor-element elementor-element-2eb31e1b\" data-id=\"2eb31e1b\" data-element_type=\"column\" data-e-type=\"column\">\n\t\t\t<div class=\"elementor-widget-wrap elementor-element-populated\">\n\t\t\t\t\t\t<div class=\"elementor-element elementor-element-6eab382f elementor-widget elementor-widget-text-editor\" data-id=\"6eab382f\" data-element_type=\"widget\" data-e-type=\"widget\" data-widget_type=\"text-editor.default\">\n\t\t\t\t<div class=\"elementor-widget-container\">\n\t\t\t\t\t\t\t\t\t<p><\/p>\n<p>FCOM Sp.\nLtd. (\u201eUnternehmen\u201c) stellt die Website www.fcom.pro und ihre Subdomains (einschlie\u00dflich der \u00fcber mobile Ger\u00e4te zug\u00e4nglichen Websites) (zusammen die \u201eWebsite\u201c) zur Verf\u00fcgung, um die Mission des Unternehmens zu unterst\u00fctzen, die Marken und Produkte des Unternehmens bekannt zu machen und die Nutzer mit dem Produkt vertraut zu machen.\nDurch den Zugriff auf die Website erkl\u00e4ren sich die Nutzer mit den folgenden Bedingungen einverstanden, die das Unternehmen jederzeit \u00e4ndern kann.\nWir empfehlen den Benutzern, diese Website von Zeit zu Zeit zu besuchen, um die aktuellen Bedingungen zu \u00fcberpr\u00fcfen.   <\/p>\n<p>Urheberrecht und Eigentumsrechte<\/p>\n<p>Die Texte, Bilder, Marken, Daten, Audiodateien, Videodateien und -clips, Software, Dokumentationen oder andere darin enthaltene Informationen sowie andere auf der Website enthaltene Inhalte (zusammenfassend als &#8220;Materialien&#8221; bezeichnet) sind das Eigentum des Unternehmens.<\/p>\n<p>Markenzeichen<\/p>\n<p>Viele der Marken, Dienstleistungsmarken und Logos (zusammen die &#8220;Marken&#8221;), die auf der Website angezeigt werden, sind eingetragene und\/oder nicht eingetragene Marken von FCOM Sp. z o.o. . Es k\u00f6nnen auch Marken Dritter auf der Website angezeigt werden. Nichts auf der Website ist so auszulegen, dass stillschweigend, durch Ausschluss oder anderweitig eine Lizenz oder ein Recht zur Nutzung der auf der Website angezeigten Marken ohne die ausdr\u00fcckliche schriftliche Zustimmung des Unternehmens gew\u00e4hrt wird. Die Markenzeichen d\u00fcrfen nicht in URLs verwendet werden. Jegliche unerlaubte Nutzung der Marken oder anderer Materialien, au\u00dfer wie in diesen Bedingungen gestattet, ist strengstens untersagt.     <\/p>\n<p>Zugelassene Anwendungen<\/p>\n<p>Durch das Herunterladen, Ausdrucken oder anderweitige Verwenden von Materialien, auf die direkt von der Website oder \u00fcber andere Websites oder Mechanismen zugegriffen wird, erkl\u00e4ren sich die Nutzer damit einverstanden, dass sie die Verwendung dieser Dateien auf nicht-kommerzielle, p\u00e4dagogische und pers\u00f6nliche Zwecke beschr\u00e4nken und die Eigentumsrechte des Unternehmens nicht verletzen. Nutzer d\u00fcrfen Materialien in Form von Zitaten zur Verf\u00fcgung stellen, vorausgesetzt, dass der Autor (das Unternehmen) und die URL &#8220;www.fcom.pro&#8221; deutlich, klar und unmissverst\u00e4ndlich angegeben werden. Nutzer d\u00fcrfen keine Hinweise auf Urheberrechte, Marken oder andere Eigentumsrechte entfernen, einschlie\u00dflich, aber nicht beschr\u00e4nkt auf Urheberrechtshinweise, Autorenhinweise und Copyright-Hinweise, die auf oder neben den Materialien angebracht wurden. Das Herunterladen, Drucken, Kopieren, Verteilen oder die anderweitige Nutzung der Materialien f\u00fcr kommerzielle Zwecke, einschlie\u00dflich kommerzieller Ver\u00f6ffentlichungen oder zum pers\u00f6nlichen Vorteil, ist ausdr\u00fccklich verboten.   <\/p>\n<p>Alle Rechte, die hier nicht ausdr\u00fccklich von der Gesellschaft gew\u00e4hrt werden, sind ausdr\u00fccklich und vollst\u00e4ndig vorbehalten.<\/p>\n<p><\/p>\t\t\t\t\t\t\t\t<\/div>\n\t\t\t\t<\/div>\n\t\t\t\t\t<\/div>\n\t\t<\/div>\n\t\t\t\t\t<\/div>\n\t\t<\/section>\n\t\t\t\t<\/div>\n\t\t","protected":false},"excerpt":{"rendered":"<p>FCOM Sp. Ltd. (\u201eUnternehmen\u201c) stellt die Website www.fcom.pro und ihre Subdomains (einschlie\u00dflich der \u00fcber mobile Ger\u00e4te zug\u00e4nglichen Websites) (zusammen die \u201eWebsite\u201c) zur Verf\u00fcgung, um die Mission des Unternehmens zu unterst\u00fctzen, die Marken und Produkte des Unternehmens bekannt zu machen und die Nutzer mit dem Produkt vertraut zu machen. Durch den Zugriff auf die Website erkl\u00e4ren [&hellip;]<\/p>\n","protected":false},"author":1,"featured_media":0,"parent":0,"menu_order":0,"comment_status":"closed","ping_status":"closed","template":"","meta":{"footnotes":""},"class_list":["post-57372","page","type-page","status-publish","hentry"],"_links":{"self":[{"href":"https:\/\/fcom.pro\/de\/wp-json\/wp\/v2\/pages\/57372","targetHints":{"allow":["GET"]}}],"collection":[{"href":"https:\/\/fcom.pro\/de\/wp-json\/wp\/v2\/pages"}],"about":[{"href":"https:\/\/fcom.pro\/de\/wp-json\/wp\/v2\/types\/page"}],"author":[{"embeddable":true,"href":"https:\/\/fcom.pro\/de\/wp-json\/wp\/v2\/users\/1"}],"replies":[{"embeddable":true,"href":"https:\/\/fcom.pro\/de\/wp-json\/wp\/v2\/comments?post=57372"}],"version-history":[{"count":0,"href":"https:\/\/fcom.pro\/de\/wp-json\/wp\/v2\/pages\/57372\/revisions"}],"wp:attachment":[{"href":"https:\/\/fcom.pro\/de\/wp-json\/wp\/v2\/media?parent=57372"}],"curies":[{"name":"wp","href":"https:\/\/api.w.org\/{rel}","templated":true}]}}