{"id":57366,"date":"2022-11-16T22:19:15","date_gmt":"2022-11-16T21:19:15","guid":{"rendered":"https:\/\/fcom.pro\/cookie-richtlinie\/"},"modified":"2025-06-04T12:55:29","modified_gmt":"2025-06-04T10:55:29","slug":"cookie-richtlinie","status":"publish","type":"page","link":"https:\/\/fcom.pro\/de\/cookie-richtlinie\/","title":{"rendered":"Cookie-Richtlinie"},"content":{"rendered":"\t\t<div data-elementor-type=\"wp-page\" data-elementor-id=\"57366\" class=\"elementor elementor-57366 elementor-9683\" data-elementor-post-type=\"page\">\n\t\t\t\t\t\t<section class=\"elementor-section elementor-top-section elementor-element elementor-element-73fd4daf elementor-section-boxed elementor-section-height-default elementor-section-height-default\" data-id=\"73fd4daf\" data-element_type=\"section\" data-e-type=\"section\">\n\t\t\t\t\t\t<div class=\"elementor-container elementor-column-gap-default\">\n\t\t\t\t\t<div class=\"elementor-column elementor-col-100 elementor-top-column elementor-element elementor-element-1793ef9e\" data-id=\"1793ef9e\" data-element_type=\"column\" data-e-type=\"column\">\n\t\t\t<div class=\"elementor-widget-wrap elementor-element-populated\">\n\t\t\t\t\t\t<div class=\"elementor-element elementor-element-3f1e4569 elementor-widget elementor-widget-heading\" data-id=\"3f1e4569\" data-element_type=\"widget\" data-e-type=\"widget\" data-widget_type=\"heading.default\">\n\t\t\t\t<div class=\"elementor-widget-container\">\n\t\t\t\t\t<h2 class=\"elementor-heading-title elementor-size-default\">Cookie-Richtlinie<\/h2>\t\t\t\t<\/div>\n\t\t\t\t<\/div>\n\t\t\t\t<div class=\"elementor-element elementor-element-3c5576c8 elementor-widget elementor-widget-text-editor\" data-id=\"3c5576c8\" data-element_type=\"widget\" data-e-type=\"widget\" data-widget_type=\"text-editor.default\">\n\t\t\t\t<div class=\"elementor-widget-container\">\n\t\t\t\t\t\t\t\t\t<p>Die Website sammelt keine Informationen automatisch, mit Ausnahme der in Cookies enthaltenen Informationen.<\/p>\n\n<p>Cookies (sog. &#8220;Cookies&#8221;) sind IT-Daten, insbesondere Textdateien, die im Endger\u00e4t des Servicenutzers gespeichert werden und f\u00fcr die Nutzung der Website bestimmt sind. Cookies enthalten in der Regel den Namen der Website, von der sie stammen, die Zeit, in der sie auf dem Endger\u00e4t gespeichert werden, und eine eindeutige Nummer. <\/p>\n\n<p>Die Instanz, die Cookies auf dem Endger\u00e4t des Website-Benutzers platziert und auf sie zugreift, ist der Website-Administrator FCOM Sp. z o.o. mit Sitz in: 43-502 Czechowice-Dziedzice, ul. W\u0119glowa 14. KRS 0000813044, NIP 6381839670, REGON 384892624.   <\/p>\n\n\n<p>Cookies werden verwendet f\u00fcr:<\/p>\n\n<p>a) Anpassung des Inhalts der Seiten der Website an die Pr\u00e4ferenzen des Benutzers und Optimierung der Nutzung der Websites; insbesondere erm\u00f6glichen diese Dateien die Erkennung des Ger\u00e4ts des Website-Benutzers und die angemessene Anzeige der Website, die an seine individuellen Bed\u00fcrfnisse angepasst ist;<\/p>\n\n<p>(b) um Statistiken zu erstellen, die uns helfen zu verstehen, wie die Website-Nutzer die Websites nutzen, um deren Struktur und Inhalt zu verbessern;<\/p>\n\n\n<p>c) Aufrechterhaltung einer Sitzung des Nutzers des Dienstes (nach dem Einloggen), dank derer der Nutzer sein Login und sein Passwort nicht auf jeder Unterseite des Dienstes erneut eingeben muss.<\/p>\n\n\n<p>Die Website verwendet zwei Haupttypen von Cookies: \u201eSession\u201c (Sitzungscookies) und \u201epermanente\u201c (dauerhafte Cookies).\n\u201eSession\u201c-Cookies sind tempor\u00e4re Dateien, die auf dem Endger\u00e4t des Benutzers gespeichert werden, bis er sich abmeldet, die Website verl\u00e4sst oder die Software (Webbrowser) ausschaltet.\n\u201ePermanente\u201c Cookies werden auf dem Endger\u00e4t des Nutzers f\u00fcr die in den Cookie-Parametern angegebene Dauer gespeichert oder bis sie vom Nutzer gel\u00f6scht werden.  <br>Die folgenden Arten von Cookies werden im Rahmen des Dienstes verwendet:<\/p>\n\n\n<p>a) &#8220;notwendige&#8221; Cookies, um die Nutzung der auf der Website verf\u00fcgbaren Dienste zu erm\u00f6glichen, z. B. Authentifizierungs-Cookies, die f\u00fcr Dienste verwendet werden, die eine Authentifizierung auf der Website erfordern;<\/p>\n\n\n<p>(b) Cookies, die f\u00fcr Sicherheitszwecke verwendet werden, z.B. um einen Missbrauch der Authentifizierung auf der Website zu erkennen;<\/p>\n\n\n<p>(c) &#8220;Performance&#8221;-Cookies, die es erm\u00f6glichen, Informationen dar\u00fcber zu sammeln, wie die Seiten der Website genutzt werden;<\/p>\n\n\n<p>(d) &#8220;Werbe&#8221;-Cookies, die es erm\u00f6glichen, Nutzern Werbeinhalte zu liefern, die besser auf ihre Interessen zugeschnitten sind.<\/p>\n\n\n<p>In vielen F\u00e4llen erlaubt die Webbrowsersoftware (Webbrowser) standardm\u00e4\u00dfig die Speicherung von Cookies auf dem Endger\u00e4t des Nutzers. Die Nutzer der Website k\u00f6nnen ihre Einstellungen in Bezug auf Cookies jederzeit \u00e4ndern. Diese Einstellungen k\u00f6nnen insbesondere dahingehend ge\u00e4ndert werden, dass die automatische Handhabung von Cookies in den Einstellungen eines Webbrowsers blockiert wird oder dass jedes Mal \u00fcber deren Platzierung auf dem Ger\u00e4t eines Nutzers des Dienstes informiert wird. Detaillierte Informationen \u00fcber die M\u00f6glichkeiten und Methoden der Verwendung von Cookies finden Sie in den Einstellungen Ihrer Software (Webbrowser).   <\/p>\n\n\n<p>Der Administrator der Website weist darauf hin, dass die Deaktivierung von Cookies, die f\u00fcr Authentifizierungsprozesse, Sicherheit und die Pflege von Benutzereinstellungen erforderlich sind, die Nutzung der Websites behindern und im Extremfall unm\u00f6glich machen kann.<\/p>\n\n\n<p>Cookies werden auf dem Endger\u00e4t des Service-Nutzers platziert und k\u00f6nnen auch von Werbetreibenden und Partnern, die mit dem Service-Betreiber zusammenarbeiten, verwendet werden.<\/p>\n\n\n<hr>\n\n\n<p>Das obige Dokument zur Cookie-Richtlinie ist urheberrechtlich gesch\u00fctzt und stammt von der Website des IAB Polen: <a href=\"http:\/\/wszystkoociasteczkach.pl\/\" target=\"_blank\" rel=\"noreferrer noopener nofollow\"><strong>http:\/\/wszystkoociasteczkach.pl\/<\/strong><\/a><\/p>\t\t\t\t\t\t\t\t<\/div>\n\t\t\t\t<\/div>\n\t\t\t\t\t<\/div>\n\t\t<\/div>\n\t\t\t\t\t<\/div>\n\t\t<\/section>\n\t\t\t\t<\/div>\n\t\t","protected":false},"excerpt":{"rendered":"<p>Cookie-Richtlinie Die Website sammelt keine Informationen automatisch, mit Ausnahme der in Cookies enthaltenen Informationen. Cookies (sog. &#8220;Cookies&#8221;) sind IT-Daten, insbesondere Textdateien, die im Endger\u00e4t des Servicenutzers gespeichert werden und f\u00fcr die Nutzung der Website bestimmt sind. Cookies enthalten in der Regel den Namen der Website, von der sie stammen, die Zeit, in der sie auf [&hellip;]<\/p>\n","protected":false},"author":1,"featured_media":0,"parent":0,"menu_order":0,"comment_status":"closed","ping_status":"closed","template":"","meta":{"footnotes":""},"class_list":["post-57366","page","type-page","status-publish","hentry"],"_links":{"self":[{"href":"https:\/\/fcom.pro\/de\/wp-json\/wp\/v2\/pages\/57366","targetHints":{"allow":["GET"]}}],"collection":[{"href":"https:\/\/fcom.pro\/de\/wp-json\/wp\/v2\/pages"}],"about":[{"href":"https:\/\/fcom.pro\/de\/wp-json\/wp\/v2\/types\/page"}],"author":[{"embeddable":true,"href":"https:\/\/fcom.pro\/de\/wp-json\/wp\/v2\/users\/1"}],"replies":[{"embeddable":true,"href":"https:\/\/fcom.pro\/de\/wp-json\/wp\/v2\/comments?post=57366"}],"version-history":[{"count":0,"href":"https:\/\/fcom.pro\/de\/wp-json\/wp\/v2\/pages\/57366\/revisions"}],"wp:attachment":[{"href":"https:\/\/fcom.pro\/de\/wp-json\/wp\/v2\/media?parent=57366"}],"curies":[{"name":"wp","href":"https:\/\/api.w.org\/{rel}","templated":true}]}}