{"id":57354,"date":"2022-04-14T14:44:02","date_gmt":"2022-04-14T12:44:02","guid":{"rendered":"https:\/\/fcom.pro\/rabatte-und-sonderangebote-im-e-shop\/"},"modified":"2025-09-12T11:18:38","modified_gmt":"2025-09-12T09:18:38","slug":"rabatte-und-sonderangebote-im-e-shop","status":"publish","type":"page","link":"https:\/\/fcom.pro\/de\/rabatte-und-sonderangebote-im-e-shop\/","title":{"rendered":"Rabatte und Sonderangebote im E-Shop"},"content":{"rendered":"\t\t<div data-elementor-type=\"wp-page\" data-elementor-id=\"57354\" class=\"elementor elementor-57354 elementor-5219\" data-elementor-post-type=\"page\">\n\t\t\t\t<div class=\"elementor-element elementor-element-f1a9587 e-flex e-con-boxed e-con e-parent\" data-id=\"f1a9587\" data-element_type=\"container\" data-e-type=\"container\">\n\t\t\t\t\t<div class=\"e-con-inner\">\n\t\t\t\t<div class=\"elementor-element elementor-element-b80efff elementor-widget elementor-widget-heading\" data-id=\"b80efff\" data-element_type=\"widget\" data-e-type=\"widget\" data-widget_type=\"heading.default\">\n\t\t\t\t<div class=\"elementor-widget-container\">\n\t\t\t\t\t<h2 class=\"elementor-heading-title elementor-size-default\">Rabatte und Sonderangebote im E-Shop<\/h2>\t\t\t\t<\/div>\n\t\t\t\t<\/div>\n\t\t\t\t\t<\/div>\n\t\t\t\t<\/div>\n\t\t<div class=\"elementor-element elementor-element-a7da7a5 e-flex e-con-boxed e-con e-parent\" data-id=\"a7da7a5\" data-element_type=\"container\" data-e-type=\"container\">\n\t\t\t\t\t<div class=\"e-con-inner\">\n\t\t<div class=\"elementor-element elementor-element-796c95d e-flex e-con-boxed e-con e-child\" data-id=\"796c95d\" data-element_type=\"container\" data-e-type=\"container\">\n\t\t\t\t\t<div class=\"e-con-inner\">\n\t\t\t\t<div class=\"elementor-element elementor-element-31dec0f elementor-widget elementor-widget-heading\" data-id=\"31dec0f\" data-element_type=\"widget\" data-e-type=\"widget\" data-widget_type=\"heading.default\">\n\t\t\t\t<div class=\"elementor-widget-container\">\n\t\t\t\t\t<h3 class=\"elementor-heading-title elementor-size-default\">Rabatt f\u00fcr das Abonnement des Newsletters<\/h3>\t\t\t\t<\/div>\n\t\t\t\t<\/div>\n\t\t\t\t<div class=\"elementor-element elementor-element-20eee2d elementor-widget elementor-widget-text-editor\" data-id=\"20eee2d\" data-element_type=\"widget\" data-e-type=\"widget\" data-widget_type=\"text-editor.default\">\n\t\t\t\t<div class=\"elementor-widget-container\">\n\t\t\t\t\t\t\t\t\t<p>Melden Sie sich f\u00fcr unseren Newsletter an und erhalten Sie einen 10 PLN Rabattgutschein f\u00fcr Ihren n\u00e4chsten Einkauf in unserem E-Shop mit einem Mindestwert von 100 PLN!<\/p>\t\t\t\t\t\t\t\t<\/div>\n\t\t\t\t<\/div>\n\t\t\t\t<div class=\"elementor-element elementor-element-ecef6bf klaviyo_form_trigger elementor-widget elementor-widget-button\" data-id=\"ecef6bf\" data-element_type=\"widget\" data-e-type=\"widget\" data-widget_type=\"button.default\">\n\t\t\t\t<div class=\"elementor-widget-container\">\n\t\t\t\t\t\t\t\t\t<div class=\"elementor-button-wrapper\">\n\t\t\t\t\t<a class=\"elementor-button elementor-button-link elementor-size-sm\" href=\"https:\/\/manage.kmail-lists.com\/subscriptions\/subscribe?a=UWR4dY&#038;g=VsYAjf\" rel=\"nofollow noopener\" target=\"_blank\">\n\t\t\t\t\t\t<span class=\"elementor-button-content-wrapper\">\n\t\t\t\t\t\t\t\t\t<span class=\"elementor-button-text\">Registrieren Sie sich hier<\/span>\n\t\t\t\t\t<\/span>\n\t\t\t\t\t<\/a>\n\t\t\t\t<\/div>\n\t\t\t\t\t\t\t\t<\/div>\n\t\t\t\t<\/div>\n\t\t\t\t\t<\/div>\n\t\t\t\t<\/div>\n\t\t\t\t\t<\/div>\n\t\t\t\t<\/div>\n\t\t<div class=\"elementor-element elementor-element-82fcf7d e-flex e-con-boxed e-con e-parent\" data-id=\"82fcf7d\" data-element_type=\"container\" data-e-type=\"container\">\n\t\t\t\t\t<div class=\"e-con-inner\">\n\t\t<div class=\"elementor-element elementor-element-f1b27b6 e-flex e-con-boxed e-con e-child\" data-id=\"f1b27b6\" data-element_type=\"container\" data-e-type=\"container\">\n\t\t\t\t\t<div class=\"e-con-inner\">\n\t\t\t\t<div class=\"elementor-element elementor-element-04710ee elementor-widget elementor-widget-heading\" data-id=\"04710ee\" data-element_type=\"widget\" data-e-type=\"widget\" data-widget_type=\"heading.default\">\n\t\t\t\t<div class=\"elementor-widget-container\">\n\t\t\t\t\t<h3 class=\"elementor-heading-title elementor-size-default\">Rabatt auf Tests<\/h3>\t\t\t\t<\/div>\n\t\t\t\t<\/div>\n\t\t\t\t<div class=\"elementor-element elementor-element-25c761a elementor-widget elementor-widget-text-editor\" data-id=\"25c761a\" data-element_type=\"widget\" data-e-type=\"widget\" data-widget_type=\"text-editor.default\">\n\t\t\t\t<div class=\"elementor-widget-container\">\n\t\t\t\t\t\t\t\t\t<p>Legen Sie eine <strong>2-Liter-Packung W\u00e4rmed\u00e4mmbeschichtung<\/strong> in Ihren Warenkorb und Sie erhalten automatisch <strong>50% Rabatt<\/strong>. Der Rabatt gilt f\u00fcr maximal eine Einheit desselben Produkts. Diese Aktion ist nur f\u00fcr den deutschen und \u00f6sterreichischen Markt g\u00fcltig.<\/p><p>Gilt f\u00fcr:<\/p><ul><li><a href=\"https:\/\/fcom.pro\/de\/shop\/at-termo-waermedaemmschicht\/?attribute_pa_pojemnosc=2l-de&amp;attribute_pa_kolor=weis\">GoTherm 2L W\u00e4rmed\u00e4mmfarbe<\/a><\/li><li><a href=\"https:\/\/fcom.pro\/de\/shop\/at-termo-waermedaemmschicht\/?attribute_pa_pojemnosc=2l-de&amp;attribute_pa_kolor=weis\">AT Termo 2L W\u00e4rmed\u00e4mmbeschichtung<\/a><\/li><li><a href=\"https:\/\/fcom.pro\/de\/shop\/gotherm-waermedaemmmasse\/?attribute_pa_pojemnosc=2l-de\">GoTherm 2L W\u00e4rmed\u00e4mmmasse<\/a><\/li><\/ul>\t\t\t\t\t\t\t\t<\/div>\n\t\t\t\t<\/div>\n\t\t\t\t\t<\/div>\n\t\t\t\t<\/div>\n\t\t\t\t\t<\/div>\n\t\t\t\t<\/div>\n\t\t\t\t<\/div>\n\t\t","protected":false},"excerpt":{"rendered":"<p>Rabatt f\u00fcr das Abonnement des Newsletters Melden Sie sich f\u00fcr unseren Newsletter an und erhalten Sie einen 10 PLN Rabattgutschein f\u00fcr Ihren n\u00e4chsten Einkauf in unserem E-Shop mit einem Mindestwert von 100 PLN! Registrieren Sie sich hier Rabatt auf Tests Legen Sie eine 2-Liter-Packung W\u00e4rmed\u00e4mmbeschichtung in Ihren Warenkorb und Sie erhalten automatisch 50% Rabatt. Der [&hellip;]<\/p>\n","protected":false},"author":1,"featured_media":0,"parent":0,"menu_order":0,"comment_status":"closed","ping_status":"closed","template":"","meta":{"footnotes":""},"class_list":["post-57354","page","type-page","status-publish","hentry"],"_links":{"self":[{"href":"https:\/\/fcom.pro\/de\/wp-json\/wp\/v2\/pages\/57354","targetHints":{"allow":["GET"]}}],"collection":[{"href":"https:\/\/fcom.pro\/de\/wp-json\/wp\/v2\/pages"}],"about":[{"href":"https:\/\/fcom.pro\/de\/wp-json\/wp\/v2\/types\/page"}],"author":[{"embeddable":true,"href":"https:\/\/fcom.pro\/de\/wp-json\/wp\/v2\/users\/1"}],"replies":[{"embeddable":true,"href":"https:\/\/fcom.pro\/de\/wp-json\/wp\/v2\/comments?post=57354"}],"version-history":[{"count":0,"href":"https:\/\/fcom.pro\/de\/wp-json\/wp\/v2\/pages\/57354\/revisions"}],"wp:attachment":[{"href":"https:\/\/fcom.pro\/de\/wp-json\/wp\/v2\/media?parent=57354"}],"curies":[{"name":"wp","href":"https:\/\/api.w.org\/{rel}","templated":true}]}}